{"id":1176,"date":"2024-05-13T12:28:59","date_gmt":"2024-05-13T10:28:59","guid":{"rendered":"https:\/\/mustadautoline.com\/pottadrattarvelar\/"},"modified":"2025-06-30T08:16:33","modified_gmt":"2025-06-30T06:16:33","slug":"pottadrattarvelar","status":"publish","type":"page","link":"https:\/\/mustadautoline.com\/is\/pottadrattarvelar\/","title":{"rendered":"Pottadr\u00e1ttarv\u00e9lar"},"content":{"rendered":"<div class=\"wpb-content-wrapper\"><p>[vc_row][vc_column width=&#8220;1\/1&#8243;][vc_custom_heading heading_semantic=&#8220;h1&#8243; text_size=&#8220;h1&#8243; uncode_shortcode_id=&#8220;918397&#8243;]Pottadr\u00e1ttarv\u00e9lar[\/vc_custom_heading][\/vc_column][\/vc_row][vc_row][vc_column width=&#8220;1\/2&#8243;][vc_gallery el_id=&#8220;gallery-103867-put&#8220; type=&#8220;carousel&#8220; medias=&#8220;388,387,386&#8243; carousel_lg=&#8220;1&#8243; carousel_md=&#8220;1&#8243; carousel_sm=&#8220;1&#8243; thumb_size=&#8220;four-three&#8220; gutter_size=&#8220;3&#8243; carousel_interval=&#8220;3000&#8243; carousel_navspeed=&#8220;400&#8243; carousel_loop=&#8220;yes&#8220; carousel_dots=&#8220;yes&#8220; stage_padding=&#8220;0&#8243; single_overlay_opacity=&#8220;50&#8243; single_padding=&#8220;2&#8243; uncode_shortcode_id=&#8220;973585&#8243;][\/vc_column][vc_column width=&#8220;1\/2&#8243;][vc_custom_heading text_size=&#8220;h4&#8243; uncode_shortcode_id=&#8220;132397&#8243;]Kraftmikli keradr\u00e1ttarv\u00e9lin okkar er h\u00f6nnu\u00f0 fyrir erfi\u00f0ar keravei\u00f0ar \u00ed \u00f6fgavatni[\/vc_custom_heading][vc_button button_color=&#8220;color-882395&#8243; border_width=&#8220;0&#8243; link=&#8220;url:https%3A%2F%2Fmustadautoline.com%2Fis%2Fvorur%2F%3Ftax_producttag%3Dpothauler%26unfilter%3D1|&#8220; button_color_type=&#8220;uncode-palette&#8220; uncode_shortcode_id=&#8220;127398&#8243;]V\u00f6rur okkar[\/vc_button][vc_column_text uncode_shortcode_id=&#8220;870070&#8243;]MA PH \u2013 Pot Hauler er b\u00fainn \u00f6flugum 800cc v\u00f6kvast\u00fdr\u00f0um stimplam\u00f3tor sem er s\u00e9rstaklega hanna\u00f0ur fyrir notkun \u00e1 sj\u00f3spilum me\u00f0 beinni drifi. \u00deetta er nett og hlj\u00f3\u00f0l\u00e1t lausn sem er tilvalin fyrir miki\u00f0 tog og sveigjanlegan hra\u00f0a. <\/p>\n<p>Dr\u00e1ttar\u00feyrlurnar eru \u00far steypuj\u00e1rni fyrir h\u00e1marks grip og endingu. A\u00f0rar byggingar eru \u00far sterku ry\u00f0fr\u00edu st\u00e1li til a\u00f0 \u00feola erfi\u00f0ar a\u00f0st\u00e6\u00f0ur \u00e1 sj\u00f3. <\/p>\n<p>Vel vi\u00f0urkennd \u00fer\u00fdstihj\u00f3lalausn kemur \u00ed veg fyrir a\u00f0 reipi\u00f0 renni \u00far hj\u00f3lunum og hj\u00e1lpar til vi\u00f0 a\u00f0 auka l\u00edft\u00edma b\u00e6\u00f0i hj\u00f3lanna og reipisins.<\/p>\n<p>Pot Hauler MA PH er \u00fer\u00f3a\u00f0ur og framleiddur af Mustad Autoline \u00ed Noregi.<\/p>\n<p>.[\/vc_column_text][\/vc_column][\/vc_row][vc_row row_height_percent=&#8220;0&#8243; overlay_alpha=&#8220;50&#8243; gutter_size=&#8220;3&#8243; column_width_percent=&#8220;100&#8243; shift_y=&#8220;0&#8243; z_index=&#8220;0&#8243; uncode_shortcode_id=&#8220;147959&#8243; row_name=&#8220;products&#8220;][vc_column column_width_percent=&#8220;100&#8243; gutter_size=&#8220;2&#8243; overlay_alpha=&#8220;50&#8243; shift_x=&#8220;0&#8243; shift_y=&#8220;0&#8243; shift_y_down=&#8220;0&#8243; z_index=&#8220;0&#8243; medium_width=&#8220;0&#8243; mobile_width=&#8220;0&#8243; width=&#8220;1\/1&#8243; uncode_shortcode_id=&#8220;736215&#8243;][vc_custom_heading uncode_shortcode_id=&#8220;137797&#8243;]V\u00f6rur[\/vc_custom_heading][uncode_index el_id=&#8220;index-361297-put&#8220; loop=&#8220;size:10|order_by:date|post_type:products|tax_query:33|taxonomy_count:10&#8243; screen_lg=&#8220;1000&#8243; screen_md=&#8220;600&#8243; screen_sm=&#8220;480&#8243; gutter_size=&#8220;3&#8243; products_items=&#8220;media|featured|onpost|original,title,text|excerpt|60&#8243; single_back_color=&#8220;color-lxmt&#8220; single_overlay_opacity=&#8220;50&#8243; single_padding=&#8220;2&#8243; single_title_family=&#8220;font-125558&#8243; single_title_dimension=&#8220;h4&#8243; uncode_shortcode_id=&#8220;442730&#8243;][\/vc_column][\/vc_row]<\/p>\n<\/div>","protected":false},"excerpt":{"rendered":"<p>[vc_row][vc_column width=&#8220;1\/1&#8243;][vc_custom_heading heading_semantic=&#8220;h1&#8243; text_size=&#8220;h1&#8243; uncode_shortcode_id=&#8220;918397&#8243;]Pottadr\u00e1ttarv\u00e9lar[\/vc_custom_heading][\/vc_column][\/vc_row][vc_row][vc_column width=&#8220;1\/2&#8243;][vc_gallery el_id=&#8220;gallery-103867-put&#8220; type=&#8220;carousel&#8220; medias=&#8220;388,387,386&#8243; carousel_lg=&#8220;1&#8243; carousel_md=&#8220;1&#8243; carousel_sm=&#8220;1&#8243; thumb_size=&#8220;four-three&#8220; gutter_size=&#8220;3&#8243; carousel_interval=&#8220;3000&#8243; carousel_navspeed=&#8220;400&#8243; carousel_loop=&#8220;yes&#8220; carousel_dots=&#8220;yes&#8220; stage_padding=&#8220;0&#8243; single_overlay_opacity=&#8220;50&#8243; [&hellip;]<\/p>\n","protected":false},"author":2,"featured_media":0,"parent":0,"menu_order":0,"comment_status":"closed","ping_status":"closed","template":"","meta":{"_acf_changed":false,"footnotes":""},"class_list":["post-1176","page","type-page","status-publish","hentry"],"acf":[],"_links":{"self":[{"href":"https:\/\/mustadautoline.com\/is\/wp-json\/wp\/v2\/pages\/1176","targetHints":{"allow":["GET"]}}],"collection":[{"href":"https:\/\/mustadautoline.com\/is\/wp-json\/wp\/v2\/pages"}],"about":[{"href":"https:\/\/mustadautoline.com\/is\/wp-json\/wp\/v2\/types\/page"}],"author":[{"embeddable":true,"href":"https:\/\/mustadautoline.com\/is\/wp-json\/wp\/v2\/users\/2"}],"replies":[{"embeddable":true,"href":"https:\/\/mustadautoline.com\/is\/wp-json\/wp\/v2\/comments?post=1176"}],"version-history":[{"count":0,"href":"https:\/\/mustadautoline.com\/is\/wp-json\/wp\/v2\/pages\/1176\/revisions"}],"wp:attachment":[{"href":"https:\/\/mustadautoline.com\/is\/wp-json\/wp\/v2\/media?parent=1176"}],"curies":[{"name":"wp","href":"https:\/\/api.w.org\/{rel}","templated":true}]}}