{"id":1182,"date":"2024-04-09T21:06:54","date_gmt":"2024-04-09T19:06:54","guid":{"rendered":"https:\/\/mustadautoline.com\/saga\/"},"modified":"2025-11-17T08:53:18","modified_gmt":"2025-11-17T07:53:18","slug":"saga","status":"publish","type":"page","link":"https:\/\/mustadautoline.com\/is\/saga\/","title":{"rendered":"Saga"},"content":{"rendered":"<div class=\"wpb-content-wrapper\"><p>[vc_row row_height_percent=&#8220;0&#8243; overlay_alpha=&#8220;50&#8243; gutter_size=&#8220;1&#8243; column_width_use_pixel=&#8220;yes&#8220; shift_y=&#8220;0&#8243; z_index=&#8220;0&#8243; uncode_shortcode_id=&#8220;488850&#8243; column_width_pixel=&#8220;900&#8243;][vc_column width=&#8220;1\/1&#8243;][vc_gallery el_id=&#8220;gallery-109904&#8243; medias=&#8220;1185&#8243; gutter_size=&#8220;3&#8243; screen_lg=&#8220;1800&#8243; screen_md=&#8220;600&#8243; screen_sm=&#8220;480&#8243; single_width=&#8220;12&#8243; single_overlay_opacity=&#8220;50&#8243; single_padding=&#8220;2&#8243; uncode_shortcode_id=&#8220;739512&#8243;][vc_custom_heading text_size=&#8220;h1&#8243; uncode_shortcode_id=&#8220;944184&#8243;]Saga[\/vc_custom_heading][vc_column_text text_lead=&#8220;yes&#8220; uncode_shortcode_id=&#8220;183480&#8243;]\u00cd upphafi n\u00edtj\u00e1ndu aldar var i\u00f0na\u00f0arlandslag Noregs sundurleitt og skorti nau\u00f0synlega innvi\u00f0i fyrir v\u00f6rus\u00e9rh\u00e6fingu. Skortur \u00e1 au\u00f0lindum kraf\u00f0ist sta\u00f0bundinnar framlei\u00f0slu \u00e1 \u00f6llu fr\u00e1 mat og fatna\u00f0i til verkf\u00e6ra, menntunar og heilsug\u00e6slu. \u00cd \u00feessu umhverfi fyrir i\u00f0nbyltingu, \u00ed litla \u00feorpinu Gj\u00f6vik, var verksmi\u00f0jan &#8222;Brusveen Spiger- og Staltradfabrikk&#8220; stofnu\u00f0 af Hans Skikkelstad \u00e1ri\u00f0 1832. S\u00ed\u00f0ar t\u00f3k vi\u00f0 <a href=\"https:\/\/eur02.safelinks.protection.outlook.com\/?url=https%3A%2F%2Fen.wikipedia.org%2Fwiki%2FOle_Hovelsen_Mustad&amp;data=05%7C02%7Cjosh.dunham%40mustadautoline.com%7C48f806441a984ac07fa908dc5863d6d7%7C8b93ec6c010a4c508a5a743f94aba26c%7C0%7C0%7C638482433031651741%7CUnknown%7CTWFpbGZsb3d8eyJWIjoiMC4wLjAwMDAiLCJQIjoiV2luMzIiLCJBTiI6Ik1haWwiLCJXVCI6Mn0%3D%7C0%7C%7C%7C&amp;sdata=F%2Fm65LSXDIIdA3SsHhD2UQCzfs9WCShO2XcrTMIKCSI%3D&amp;reserved=0\">Ole<\/a> <a href=\"https:\/\/eur02.safelinks.protection.outlook.com\/?url=https%3A%2F%2Fen.wikipedia.org%2Fwiki%2FOle_Hovelsen_Mustad&amp;data=05%7C02%7Cjosh.dunham%40mustadautoline.com%7C48f806441a984ac07fa908dc5863d6d7%7C8b93ec6c010a4c508a5a743f94aba26c%7C0%7C0%7C638482433031664080%7CUnknown%7CTWFpbGZsb3d8eyJWIjoiMC4wLjAwMDAiLCJQIjoiV2luMzIiLCJBTiI6Ik1haWwiLCJXVCI6Mn0%3D%7C0%7C%7C%7C&amp;sdata=qFFOtgeP8i3oWXuV0PZ2FxQ%2BqvyGRESBowK6bSNFSI0%3D&amp;reserved=0\">Hovelsen<\/a> <a href=\"https:\/\/eur02.safelinks.protection.outlook.com\/?url=https%3A%2F%2Fen.wikipedia.org%2Fwiki%2FOle_Hovelsen_Mustad&amp;data=05%7C02%7Cjosh.dunham%40mustadautoline.com%7C48f806441a984ac07fa908dc5863d6d7%7C8b93ec6c010a4c508a5a743f94aba26c%7C0%7C0%7C638482433031672728%7CUnknown%7CTWFpbGZsb3d8eyJWIjoiMC4wLjAwMDAiLCJQIjoiV2luMzIiLCJBTiI6Ik1haWwiLCJXVCI6Mn0%3D%7C0%7C%7C%7C&amp;sdata=HQVz%2F4q1PxpJ%2B8tgselgqvGF%2FSbKkgcsWBd1OefVr%2F8%3D&amp;reserved=0\">Mustad<\/a> , tengdasonur Skikkelstads (1810\u201384). f\u00e9lagi\u00f0 me\u00f0 syni s\u00ednum <a href=\"https:\/\/eur02.safelinks.protection.outlook.com\/?url=https%3A%2F%2Fen.wikipedia.org%2Fwiki%2FHans_Mustad&amp;data=05%7C02%7Cjosh.dunham%40mustadautoline.com%7C48f806441a984ac07fa908dc5863d6d7%7C8b93ec6c010a4c508a5a743f94aba26c%7C0%7C0%7C638482433031682528%7CUnknown%7CTWFpbGZsb3d8eyJWIjoiMC4wLjAwMDAiLCJQIjoiV2luMzIiLCJBTiI6Ik1haWwiLCJXVCI6Mn0%3D%7C0%7C%7C%7C&amp;sdata=62OGqKWR%2Fg6rboGQV8y357W6ZHYCUZDu2tLYtG0G3X4%3D&amp;reserved=0\">Hans Mustad<\/a> (1837\u20131918) og breytti nafninu \u00ed O. Mustad &amp; S\u00f8n.<br \/>\n O. Mustad &amp; S\u00f8n bl\u00f3mstra\u00f0i og var\u00f0 flj\u00f3tlega lei\u00f0andi birgir margs konar m\u00e1lmvara, svo sem st\u00e1lv\u00edra, nagla, nagla, hestask\u00f3nagla, fiskikr\u00f3ka, skipasm\u00ed\u00f0isbrodda, br\u00e9faklemmur og \u00fdmsar a\u00f0rar v\u00edrv\u00f6rur.[\/vc_column_text][\/vc_column][\/vc_row][vc_row row_height_percent=&#8220;0&#8243; back_color=&#8220;color-lxmt&#8220; overlay_alpha=&#8220;50&#8243; gutter_size=&#8220;3&#8243; column_width_use_pixel=&#8220;yes&#8220; shift_y=&#8220;0&#8243; z_index=&#8220;0&#8243; uncode_shortcode_id=&#8220;115612&#8243; back_color_type=&#8220;uncode-palette&#8220; column_width_pixel=&#8220;900&#8243;][vc_column column_width_percent=&#8220;100&#8243; position_vertical=&#8220;middle&#8220; gutter_size=&#8220;2&#8243; overlay_alpha=&#8220;50&#8243; shift_x=&#8220;0&#8243; shift_y=&#8220;0&#8243; shift_y_down=&#8220;0&#8243; z_index=&#8220;0&#8243; medium_width=&#8220;0&#8243; mobile_width=&#8220;0&#8243; width=&#8220;1\/2&#8243; uncode_shortcode_id=&#8220;124099&#8243;][vc_custom_heading text_size=&#8220;h3&#8243; uncode_shortcode_id=&#8220;318850&#8243;]Hr\u00f6\u00f0 st\u00e6kkun me\u00f0 v\u00e9lr\u00e6nni hugvitssemi[\/vc_custom_heading][vc_column_text text_lead=&#8220;yes&#8220; uncode_shortcode_id=&#8220;625927&#8243;]\u00c1 s\u00ed\u00f0ari hluta fyrri aldar var Mustad brautry\u00f0jandi h\u00e1\u00fer\u00f3a\u00f0ra v\u00e9la til sj\u00e1lfvirkrar framlei\u00f0slu \u00e1 hestask\u00f3n\u00f6glum. \u00deetta t\u00e6knist\u00f6kk skapa\u00f0i afgerandi samkeppnisforskot og leiddi til \u00f6rrar st\u00e6kkunar og vaxtar a\u00f0 miklu leyti me\u00f0 \u00fatflutningi til \u00fdmissa Evr\u00f3pulanda. \u00c1 sama t\u00edmabili j\u00f3kst kr\u00f3kaafl f\u00e9lagsins miki\u00f0. H\u00e1\u00fer\u00f3a\u00f0ar v\u00e9lar og n\u00fdjar framlei\u00f0slua\u00f0fer\u00f0ir \u00fer\u00f3a\u00f0ar af eigin verkfr\u00e6\u00f0ingum Mustad undir forystu t\u00e6knisnillingsins Mathias Topp, \u00e1samt kr\u00f3kager\u00f0arm\u00f6nnum fr\u00e1 lei\u00f0andi enskum framlei\u00f0endum, styrktu st\u00f6\u00f0u fyrirt\u00e6kisins \u00e1 kr\u00f3kamarka\u00f0inum.[\/vc_column_text][\/vc_column][vc_column column_width_percent=&#8220;100&#8243; position_vertical=&#8220;middle&#8220; gutter_size=&#8220;3&#8243; overlay_alpha=&#8220;50&#8243; shift_x=&#8220;0&#8243; shift_y=&#8220;0&#8243; shift_y_down=&#8220;0&#8243; z_index=&#8220;0&#8243; medium_width=&#8220;0&#8243; mobile_width=&#8220;0&#8243; width=&#8220;1\/2&#8243; uncode_shortcode_id=&#8220;185618&#8243;][vc_single_image media=&#8220;1289&#8243; media_width_percent=&#8220;100&#8243; uncode_shortcode_id=&#8220;136539&#8243;][\/vc_column][\/vc_row][vc_row row_height_percent=&#8220;0&#8243; override_padding=&#8220;yes&#8220; h_padding=&#8220;2&#8243; top_padding=&#8220;2&#8243; bottom_padding=&#8220;0&#8243; overlay_alpha=&#8220;50&#8243; gutter_size=&#8220;3&#8243; column_width_use_pixel=&#8220;yes&#8220; shift_y=&#8220;0&#8243; z_index=&#8220;0&#8243; uncode_shortcode_id=&#8220;119422&#8243; column_width_pixel=&#8220;900&#8243;][vc_column width=&#8220;1\/2&#8243;][vc_single_image media=&#8220;1183&#8243; media_width_percent=&#8220;50&#8243; uncode_shortcode_id=&#8220;162997&#8243;][\/vc_column][vc_column column_width_percent=&#8220;100&#8243; gutter_size=&#8220;2&#8243; overlay_alpha=&#8220;50&#8243; shift_x=&#8220;0&#8243; shift_y=&#8220;0&#8243; shift_y_down=&#8220;0&#8243; z_index=&#8220;0&#8243; medium_width=&#8220;0&#8243; mobile_width=&#8220;0&#8243; width=&#8220;1\/2&#8243; uncode_shortcode_id=&#8220;144359&#8243;][vc_custom_heading text_size=&#8220;h3&#8243; uncode_shortcode_id=&#8220;555154&#8243;]Dj\u00f6rf s\u00fdn Hans Mustad umbreytir fyrirt\u00e6kinu[\/vc_custom_heading][vc_column_text text_lead=&#8220;yes&#8220; uncode_shortcode_id=&#8220;109821&#8243;]\u00c1 n\u00edunda \u00e1ratugnum komu norskar vi\u00f0skiptah\u00f6mlur \u00ed veg fyrir \u00fatr\u00e1s Mustad, sem var\u00f0 til \u00feess a\u00f0 Hans Mustad, \u00feri\u00f0ju kynsl\u00f3\u00f0ar eigandi, st\u00fdr\u00f0i fyrirt\u00e6kinu \u00ed \u00e1tt a\u00f0 al\u00fej\u00f3\u00f0av\u00e6\u00f0ingu af \u00f3tr\u00falegu hugrekki og frams\u00fdni.[\/vc_column_text][\/vc_column][\/vc_row][vc_row row_height_percent=&#8220;0&#8243; overlay_alpha=&#8220;50&#8243; gutter_size=&#8220;3&#8243; column_width_use_pixel=&#8220;yes&#8220; shift_y=&#8220;0&#8243; z_index=&#8220;0&#8243; uncode_shortcode_id=&#8220;872228&#8243; column_width_pixel=&#8220;900&#8243;][vc_column column_width_percent=&#8220;100&#8243; gutter_size=&#8220;1&#8243; overlay_alpha=&#8220;50&#8243; shift_x=&#8220;0&#8243; shift_y=&#8220;0&#8243; shift_y_down=&#8220;0&#8243; z_index=&#8220;0&#8243; medium_width=&#8220;0&#8243; mobile_width=&#8220;0&#8243; width=&#8220;1\/1&#8243; uncode_shortcode_id=&#8220;167503&#8243;][vc_column_text text_lead=&#8220;yes&#8220; uncode_shortcode_id=&#8220;828082&#8243;]<\/p>\n<p data-start=\"143\" data-end=\"453\">\u00c1 \u00e1runum 1890 til 1920 st\u00e6kku\u00f0u Hans Mustad og synir hans fyrirt\u00e6ki\u00f0 til muna, keyptu meira en 300 fyrirt\u00e6ki v\u00ed\u00f0svegar um Evr\u00f3pu og stofnu\u00f0u fullkomnustu Mustad-verksmi\u00f0jur \u00e1 lykilm\u00f6rku\u00f0um. Um mi\u00f0jan \u00feri\u00f0ja \u00e1ratuginn var Mustad-samst\u00e6\u00f0an or\u00f0in r\u00e1\u00f0andi afl \u00ed evr\u00f3pskri hestask\u00f3naglai\u00f0na\u00f0i. <\/p>\n<p data-start=\"455\" data-end=\"908\">\u00c1 sama t\u00edmabili upplif\u00f0i fiskikr\u00f3kadeildin hra\u00f0an v\u00f6xt \u00e1 heimsv\u00edsu. N\u00fdjar ger\u00f0ir voru st\u00f6\u00f0ugt \u00fer\u00f3a\u00f0ar, n\u00fdir marka\u00f0ir opnu\u00f0ust og s\u00f6luteymi Mustad fer\u00f0u\u00f0ust um allan heim og bygg\u00f0u upp vi\u00f0skiptasamb\u00f6nd jafnvel \u00ed afskekktustu heimshornum. \u00deegar mest var innih\u00e9lt v\u00f6ru\u00farval Mustad yfir 105.000 mismunandi ger\u00f0ir og st\u00e6r\u00f0ir af kr\u00f3kum, sem trygg\u00f0i a\u00f0 jafnvel kr\u00f6fuhar\u00f0ustu vi\u00f0skiptavinir g\u00e6tu fundi\u00f0 n\u00e1kv\u00e6mlega \u00fea\u00f0 sem \u00feeir \u00feurftu.  <\/p>\n<p data-start=\"910\" data-end=\"1043\">Me\u00f0 allt a\u00f0 3.500 starfsmenn og starfsemi \u00ed 13 l\u00f6ndum var Mustad lei\u00f0andi \u00e1 heimsv\u00edsu \u00ed sj\u00e1lfvirkri framlei\u00f0slu \u00e1 b\u00e6\u00f0i hestask\u00f3rn\u00f6glum og fiskikr\u00f3kum.<\/p>\n<p>[\/vc_column_text][\/vc_column][\/vc_row][vc_row row_height_percent=&#8220;0&#8243; overlay_alpha=&#8220;50&#8243; gutter_size=&#8220;1&#8243; column_width_use_pixel=&#8220;yes&#8220; shift_y=&#8220;0&#8243; z_index=&#8220;0&#8243; uncode_shortcode_id=&#8220;141169&#8243; column_width_pixel=&#8220;900&#8243;][vc_column column_width_percent=&#8220;100&#8243; gutter_size=&#8220;2&#8243; overlay_alpha=&#8220;50&#8243; shift_x=&#8220;0&#8243; shift_y=&#8220;0&#8243; shift_y_down=&#8220;0&#8243; z_index=&#8220;0&#8243; medium_width=&#8220;0&#8243; mobile_width=&#8220;0&#8243; width=&#8220;1\/1&#8243; uncode_shortcode_id=&#8220;187126&#8243;][vc_custom_heading text_size=&#8220;h3&#8243; uncode_shortcode_id=&#8220;145967&#8243;]N\u00fdjungar og s\u00f6gur[\/vc_custom_heading][vc_column_text text_lead=&#8220;yes&#8220; uncode_shortcode_id=&#8220;559384&#8243;]\u00c1rangur Mustad var undirstrika\u00f0ur af t\u00e6kniframf\u00f6rum \u00ed m\u00e1lmvinnslu, s\u00e9rstaklega \u00ed st\u00e1lv\u00edrv\u00f6rum eins og hestask\u00f3nagl, papp\u00edrsklemmur, n\u00e1lar, h\u00e1rn\u00e1lar, kardingart\u00f3l og fiskikr\u00f3kar \u00e1samt \u00fdmsum v\u00f6rum eins og rennil\u00e1sum, hur\u00f0arh\u00fanum og \u00feakfestingum. \u00d6nnur \u00fer\u00f3unarverkefni, sem komu kannski meira \u00e1 \u00f3vart, voru vespur, b\u00edlar, sl\u00e1ttuv\u00e9lar, sj\u00e1lfvirkar dreifiv\u00e9lar fyrir sand, salt og \u00e1bur\u00f0. A\u00f0rar fars\u00e6lli v\u00f6rur voru vi\u00f0arofnar, steikarp\u00f6nnur, hamarar, \u00f6xi, v\u00f6ffluj\u00e1rn og annar heimilisb\u00fana\u00f0ur.[\/vc_column_text][vc_empty_space empty_h=&#8220;2&#8243;][vc_custom_heading text_size=&#8220;h3&#8243; uncode_shortcode_id=&#8220;991720&#8243;]Mustad Smj\u00f6rl\u00edki[\/vc_custom_heading][vc_column_text text_lead=&#8220;yes&#8220; uncode_shortcode_id=&#8220;787207&#8243;]Anna\u00f0 verkefni Mustad var \u00ed smj\u00f6rl\u00edkisframlei\u00f0slu, deild sem dafna\u00f0i \u00ed n\u00e6stum heila \u00f6ld \u00e1\u00f0ur en h\u00fan var seld \u00e1ri\u00f0 1996.<\/p>\n<p>[\/vc_column_text][vc_empty_space empty_h=&#8220;2&#8243;][vc_custom_heading text_size=&#8220;h3&#8243; uncode_shortcode_id=&#8220;121232&#8243;]Sigur og raunir[\/vc_custom_heading][vc_column_text text_lead=&#8220;yes&#8220; uncode_shortcode_id=&#8220;393398&#8243;]Fyrirt\u00e6ki\u00f0 Mustad hefur lifa\u00f0 af allar helstu efnahagslegar umbyltingarnar \u00ed str\u00ed\u00f0i og fri\u00f0i. Eftir s\u00ed\u00f0ari heimsstyrj\u00f6ldina missti fyrirt\u00e6ki\u00f0 allar verksmi\u00f0jur s\u00ednar handan j\u00e1rntjaldsins; um tvo \u00feri\u00f0ju hluta af starfsemi sinni og nokkur \u00fe\u00fasund starfsmenn. Dreif\u00f0 og sj\u00e1lfst\u00e6\u00f0 uppbygging fyrirt\u00e6kisins ger\u00f0i restinni af stofnuninni kleift a\u00f0 lifa af og vaxa. Jafnvel \u00e1 str\u00ed\u00f0st\u00edmum og efnahags\u00e1t\u00f6kum hefur Mustad st\u00f6\u00f0ugt fj\u00e1rfest \u00ed a\u00f0 b\u00e6ta g\u00e6\u00f0i v\u00f6ru sinna og reynt alltaf a\u00f0 vera \u00e1 undan al\u00fej\u00f3\u00f0legri samkeppni.[\/vc_column_text][vc_empty_space empty_h=&#8220;2&#8243;][vc_custom_heading text_size=&#8220;h3&#8243; uncode_shortcode_id=&#8220;107412&#8243;]Mustad Longline[\/vc_custom_heading][vc_column_text text_lead=&#8220;yes&#8220; uncode_shortcode_id=&#8220;167237&#8243;]Saga Mustad Automated Longline Systems h\u00f3fst \u00e1 sj\u00f6unda \u00e1ratugnum me\u00f0 vi\u00f0urkenningu \u00e1 m\u00f6guleika \u00e1 sj\u00e1lfvirkni \u00ed l\u00ednuvei\u00f0um \u00ed atvinnuskyni. Til a\u00f0 breg\u00f0ast vi\u00f0 vaxandi \u00fe\u00f6rfum sj\u00e1var\u00fatvegsins, lag\u00f0i Mustad sig \u00e1 a\u00f0 \u00fer\u00f3a h\u00e1\u00fer\u00f3a\u00f0a t\u00e6kni til a\u00f0 hagr\u00e6\u00f0a l\u00ednuvei\u00f0um. Me\u00f0 \u00fev\u00ed a\u00f0 gera sj\u00e1lfvirkan dreifingar-, endurheimt- og beitningarferla t\u00f3kst Mustad a\u00f0 auka skilvirkni, framlei\u00f0ni og sj\u00e1lfb\u00e6rni \u00ed l\u00ednuvei\u00f0um \u00ed atvinnuskyni. \u00cd gegnum \u00e1rin hefur Mustad Autoline kerfi\u00f0 gengi\u00f0 \u00ed gegnum st\u00f6\u00f0uga betrumb\u00f3t og n\u00fdsk\u00f6pun. H\u00e1\u00fer\u00f3u\u00f0 v\u00e9lf\u00e6rafr\u00e6\u00f0i, skynjarar og stj\u00f3rnkerfi eru sam\u00fe\u00e6tt \u00ed h\u00f6nnunina til a\u00f0 h\u00e1marka frammist\u00f6\u00f0u og \u00e1rei\u00f0anleika \u00ed krefjandi sj\u00e1varumhverfi. Mustad Autoline AS var stofna\u00f0 sem sj\u00e1lfst\u00e6tt fyrirt\u00e6ki \u00e1ri\u00f0 2004 og er \u00e1fram \u00ed eigu Mustad fj\u00f6lskyldunnar.[\/vc_column_text][vc_empty_space empty_h=&#8220;2&#8243;][vc_custom_heading text_size=&#8220;h3&#8243; uncode_shortcode_id=&#8220;811006&#8243;]Mustad Autoline \u00ed dag[\/vc_custom_heading][vc_column_text text_lead=&#8220;yes&#8220; uncode_shortcode_id=&#8220;959134&#8243;]<\/p>\n<p data-start=\"95\" data-end=\"405\">Allar v\u00f6rur fr\u00e1 Mustad Autoline eru framleiddar \u00ed Gj\u00f8vik \u00ed Noregi af vel menntu\u00f0u og hollustu teymi sem hefur \u00fea\u00f0 a\u00f0 markmi\u00f0i a\u00f0 skila fremstu lausnum \u00ed heimi fyrir sj\u00e1lfvirkar l\u00ednuvei\u00f0ar. Me\u00f0 n\u00fdrri t\u00e6kni f\u00e6rum vi\u00f0 l\u00ednuvei\u00f0ar inn \u00ed framt\u00ed\u00f0ina og setjum n\u00fd vi\u00f0mi\u00f0 fyrir afk\u00f6st, \u00f6ryggi og \u00e1rei\u00f0anleika. <\/p>\n<p data-start=\"407\" data-end=\"889\">Vi\u00f0 fj\u00e1rfestum allt a\u00f0 15% af veltu okkar \u00ed ranns\u00f3knum og \u00fer\u00f3un og h\u00f6fum n\u00e6stum 90% af heimsmarka\u00f0shlutdeild \u00ed botnfiskslei\u00f0slukerfum. \u00deessi velgengni er ekki a\u00f0eins vegna trausts vi\u00f0skiptavina Mustad Autoline, heldur einnig vegna sterkra samstarfsverkefna sem hafa myndast. \u00dearfir vi\u00f0skiptavina, r\u00e1\u00f0leggingar og raunveruleg reynsla eru teknar alvarlega, sem kn\u00fdr \u00e1fram st\u00f6\u00f0ugar umb\u00e6tur sem gera g\u00f3\u00f0ar v\u00f6rur enn betri.  <\/p>\n<p data-start=\"891\" data-end=\"1184\">Me\u00f0 \u00fev\u00ed a\u00f0 forgangsra\u00f0a aukinni skilvirkni, \u00f6ruggari vinnuskilyr\u00f0um og \u00e1byrgri umhverfisvernd sty\u00f0ur Mustad Autoline bl\u00f3mlega framt\u00ed\u00f0 l\u00ednuvei\u00f0a og tryggir a\u00f0 komandi kynsl\u00f3\u00f0ir geti noti\u00f0 g\u00f3\u00f0s af n\u00fat\u00edmalegri, sj\u00e1lfb\u00e6rri og \u00e1rei\u00f0anlegri l\u00ednut\u00e6kni.<\/p>\n<p>[\/vc_column_text][\/vc_column][\/vc_row][vc_row unlock_row_content=&#8220;yes&#8220; row_height_percent=&#8220;0&#8243; override_padding=&#8220;yes&#8220; h_padding=&#8220;1&#8243; top_padding=&#8220;0&#8243; bottom_padding=&#8220;1&#8243; back_color=&#8220;color-lxmt&#8220; overlay_alpha=&#8220;50&#8243; gutter_size=&#8220;3&#8243; column_width_percent=&#8220;100&#8243; shift_y=&#8220;0&#8243; z_index=&#8220;0&#8243; desktop_visibility=&#8220;yes&#8220; medium_visibility=&#8220;yes&#8220; uncode_shortcode_id=&#8220;164756&#8243; back_color_type=&#8220;uncode-palette&#8220;][vc_column column_width_percent=&#8220;100&#8243; position_vertical=&#8220;middle&#8220; align_horizontal=&#8220;align_right&#8220; gutter_size=&#8220;3&#8243; override_padding=&#8220;yes&#8220; column_padding=&#8220;1&#8243; overlay_alpha=&#8220;50&#8243; shift_x=&#8220;0&#8243; shift_y=&#8220;0&#8243; shift_y_down=&#8220;0&#8243; z_index=&#8220;0&#8243; medium_width=&#8220;0&#8243; mobile_width=&#8220;0&#8243; width=&#8220;1\/1&#8243; uncode_shortcode_id=&#8220;123457&#8243; css=&#8220;.vc_custom_1709632516034{padding-top: 10px !important;padding-right: 30px !important;padding-bottom: 10px !important;padding-left: 30px !important;}&#8220;][vc_wp_custommenu nav_menu=&#8220;10&#8243; nav_menu_horizontal=&#8220;1&#8243; el_class=&#8220;aboutmenu&#8220;][\/vc_column][\/vc_row]<\/p>\n<\/div>","protected":false},"excerpt":{"rendered":"<p>[vc_row row_height_percent=&#8220;0&#8243; overlay_alpha=&#8220;50&#8243; gutter_size=&#8220;1&#8243; column_width_use_pixel=&#8220;yes&#8220; shift_y=&#8220;0&#8243; z_index=&#8220;0&#8243; uncode_shortcode_id=&#8220;488850&#8243; column_width_pixel=&#8220;900&#8243;][vc_column width=&#8220;1\/1&#8243;][vc_gallery el_id=&#8220;gallery-109904&#8243; medias=&#8220;1185&#8243; gutter_size=&#8220;3&#8243; screen_lg=&#8220;1800&#8243; screen_md=&#8220;600&#8243; screen_sm=&#8220;480&#8243; single_width=&#8220;12&#8243; single_overlay_opacity=&#8220;50&#8243; single_padding=&#8220;2&#8243; uncode_shortcode_id=&#8220;739512&#8243;][vc_custom_heading [&hellip;]<\/p>\n","protected":false},"author":1,"featured_media":0,"parent":0,"menu_order":0,"comment_status":"closed","ping_status":"closed","template":"","meta":{"_acf_changed":false,"footnotes":""},"class_list":["post-1182","page","type-page","status-publish","hentry"],"acf":[],"_links":{"self":[{"href":"https:\/\/mustadautoline.com\/is\/wp-json\/wp\/v2\/pages\/1182","targetHints":{"allow":["GET"]}}],"collection":[{"href":"https:\/\/mustadautoline.com\/is\/wp-json\/wp\/v2\/pages"}],"about":[{"href":"https:\/\/mustadautoline.com\/is\/wp-json\/wp\/v2\/types\/page"}],"author":[{"embeddable":true,"href":"https:\/\/mustadautoline.com\/is\/wp-json\/wp\/v2\/users\/1"}],"replies":[{"embeddable":true,"href":"https:\/\/mustadautoline.com\/is\/wp-json\/wp\/v2\/comments?post=1182"}],"version-history":[{"count":0,"href":"https:\/\/mustadautoline.com\/is\/wp-json\/wp\/v2\/pages\/1182\/revisions"}],"wp:attachment":[{"href":"https:\/\/mustadautoline.com\/is\/wp-json\/wp\/v2\/media?parent=1182"}],"curies":[{"name":"wp","href":"https:\/\/api.w.org\/{rel}","templated":true}]}}