{"id":1188,"date":"2024-03-29T14:08:20","date_gmt":"2024-03-29T13:08:20","guid":{"rendered":"https:\/\/mustadautoline.com\/strandvokvakerfi\/"},"modified":"2025-03-06T10:54:01","modified_gmt":"2025-03-06T09:54:01","slug":"strandvokvakerfi","status":"publish","type":"page","link":"https:\/\/mustadautoline.com\/is\/strandvokvakerfi\/","title":{"rendered":"Strandv\u00f6kvakerfi"},"content":{"rendered":"<div class=\"wpb-content-wrapper\"><p>[vc_row][vc_column column_width_percent=&#8220;100&#8243; gutter_size=&#8220;2&#8243; overlay_alpha=&#8220;50&#8243; shift_x=&#8220;0&#8243; shift_y=&#8220;0&#8243; shift_y_down=&#8220;0&#8243; z_index=&#8220;0&#8243; medium_width=&#8220;0&#8243; mobile_width=&#8220;0&#8243; width=&#8220;1\/1&#8243; uncode_shortcode_id=&#8220;112227&#8243;][vc_custom_heading heading_semantic=&#8220;h1&#8243; text_size=&#8220;h1&#8243; uncode_shortcode_id=&#8220;527041&#8243;]Strandv\u00f6kvakerfi[\/vc_custom_heading][vc_custom_heading heading_semantic=&#8220;h3&#8243; text_size=&#8220;h3&#8243; text_weight=&#8220;400&#8243; uncode_shortcode_id=&#8220;169230&#8243;]H\u00e1g\u00e6\u00f0a sj\u00e1lfvirk l\u00ednukerfi sem henta fyrir skilvirkar strandvei\u00f0ar[\/vc_custom_heading][\/vc_column][\/vc_row][vc_row][vc_column width=&#8220;1\/2&#8243;][vc_gallery el_id=&#8220;gallery-394924-coastel&#8220; type=&#8220;carousel&#8220; medias=&#8220;408,407,412&#8243; carousel_lg=&#8220;1&#8243; carousel_md=&#8220;1&#8243; carousel_sm=&#8220;1&#8243; thumb_size=&#8220;three-two&#8220; gutter_size=&#8220;0&#8243; carousel_interval=&#8220;5000&#8243; carousel_navspeed=&#8220;400&#8243; carousel_dots=&#8220;yes&#8220; stage_padding=&#8220;0&#8243; single_overlay_opacity=&#8220;50&#8243; single_padding=&#8220;2&#8243; uncode_shortcode_id=&#8220;212748&#8243;][\/vc_column][vc_column width=&#8220;1\/2&#8243;][vc_column_text text_lead=&#8220;yes&#8220; uncode_shortcode_id=&#8220;164132&#8243;]<\/p>\n<p data-start=\"65\" data-end=\"501\">Mustad Autoline Coastal Systems eru fyrirfer\u00f0arl\u00edtil, afkastamikil l\u00ednulausn sem er h\u00f6nnu\u00f0 fyrir skip sem byrja \u00e1 33 fetum. \u00deessi kerfi geta stillt og dregi\u00f0 allt fr\u00e1 3.000 til yfir 50.000 kr\u00f3ka \u00e1 dag \u2014 allt eftir st\u00f6\u00f0ugleika skipa og \u00feilfarsr\u00fdmi, veita \u00feessi kerfi \u00f3vi\u00f0jafnanlega skilvirkni fyrir langl\u00ednuvei\u00f0ar. Hvert kerfi er s\u00e9rsni\u00f0i\u00f0 me\u00f0 bl\u00f6ndu af v\u00e9lum og b\u00fana\u00f0i sem er s\u00e9rsni\u00f0i\u00f0 a\u00f0 b\u00e1tnum \u00fe\u00ednum og s\u00e9rst\u00f6kum \u00fe\u00f6rfum.  <\/p>\n<p data-start=\"503\" data-end=\"661\" data-is-last-node=\"\" data-is-only-node=\"\">Hanna\u00f0 fyrir strand- og gr\u00fdttan hafsbotn sem mi\u00f0ar a\u00f0 botnfisktegundum og sameinast \u00f3a\u00f0finnanlega \u00f6\u00f0rum vei\u00f0arf\u00e6rum og a\u00f0lagar sig au\u00f0veldlega a\u00f0 \u00e1rst\u00ed\u00f0abundnum vei\u00f0um.<\/p>\n<p>[\/vc_column_text][\/vc_column][\/vc_row][vc_row][vc_column width=&#8220;1\/2&#8243;][vc_column_text uncode_shortcode_id=&#8220;148656&#8243;]<\/p>\n<h3 data-start=\"1135\" data-end=\"1171\"><b>Mustad Autoline Coastal System passar fyrir eftirfarandi kr\u00f3kager\u00f0ir:  <\/b><\/h3>\n<ul>\n<li>Mustad EZ Baiter (J-kr\u00f3kar): 11\/0 \u2013 14\/0<\/li>\n<li>Mustad #40 000 (h\u00e1lfhringur\/h\u00e1lfhringur\/h\u00e1lfhringur J-kr\u00f3kar)<\/li>\n<li>Mustad Circle Hooks: 12\/0 \u2013 15\/0 (\u00e1 m\u00f3ti og beint)<\/li>\n<\/ul>\n<p>[\/vc_column_text][\/vc_column][vc_column column_width_percent=&#8220;100&#8243; gutter_size=&#8220;3&#8243; back_color=&#8220;color-lxmt&#8220; overlay_alpha=&#8220;50&#8243; shift_x=&#8220;0&#8243; shift_y=&#8220;0&#8243; shift_y_down=&#8220;0&#8243; z_index=&#8220;0&#8243; medium_width=&#8220;0&#8243; mobile_width=&#8220;0&#8243; width=&#8220;1\/2&#8243; uncode_shortcode_id=&#8220;211747&#8243; back_color_type=&#8220;uncode-palette&#8220;][uncode_list larger=&#8220;yes&#8220; icon=&#8220;fa fa-check-circle&#8220; icon_color=&#8220;color-882395&#8243; uncode_shortcode_id=&#8220;550692&#8243; icon_color_type=&#8220;uncode-palette&#8220;]<\/p>\n<h3>Lykiluppl\u00fdsingar<\/h3>\n<ul>\n<li>N\u00e1\u00f0u h\u00e1um ar\u00f0semi af fj\u00e1rfestingu me\u00f0 aukinni framlei\u00f0ni<\/li>\n<li><i class=\"fa fa-check-circle-o\"><\/i>Trygg\u00f0u n\u00e1kv\u00e6mni beitingar og h\u00e1tt beitupr\u00f3sentu<\/li>\n<li><i class=\"fa fa-check-circle-o\"><\/i>Nota\u00f0u fleiri kr\u00f3ka me\u00f0 minni beitunotkun<\/li>\n<li><i class=\"fa fa-check-circle-o\"><\/i>Skilvirk flutningur er lykillinn a\u00f0 auknum hagna\u00f0i<\/li>\n<li><i class=\"fa fa-check-circle-o\"><\/i>Komdu me\u00f0 meiri g\u00e6\u00f0afisk \u00e1 marka\u00f0<\/li>\n<li>\u00ddmsar samsetningar v\u00e9la og b\u00fana\u00f0ar eru s\u00e9rsni\u00f0nar a\u00f0 b\u00e1tnum \u00fe\u00ednum og \u00fe\u00ednum \u00fe\u00f6rfum<\/li>\n<li>Minni vinnustyrkur<\/li>\n<li>Au\u00f0velt a\u00f0 laga a\u00f0 \u00e1rst\u00ed\u00f0abundnum fiskvei\u00f0um<\/li>\n<\/ul>\n<p>[\/uncode_list][\/vc_column][\/vc_row][vc_row][vc_column width=&#8220;1\/1&#8243;][vc_button button_color=&#8220;color-882395&#8243; border_width=&#8220;0&#8243; link=&#8220;url:https%3A%2F%2Fmustadautoline.com%2Fis%2Fstrandvokvakerfi%2F%23products|&#8220; button_color_type=&#8220;uncode-palette&#8220; uncode_shortcode_id=&#8220;193521&#8243;]V\u00f6rur okkar[\/vc_button][vc_single_image media=&#8220;1498&#8243; media_width_percent=&#8220;100&#8243; uncode_shortcode_id=&#8220;191348&#8243;][\/vc_column][\/vc_row][vc_row][vc_column column_width_percent=&#8220;100&#8243; gutter_size=&#8220;3&#8243; overlay_alpha=&#8220;50&#8243; shift_x=&#8220;0&#8243; shift_y=&#8220;0&#8243; shift_y_down=&#8220;0&#8243; z_index=&#8220;0&#8243; medium_width=&#8220;0&#8243; mobile_width=&#8220;0&#8243; width=&#8220;1\/1&#8243; uncode_shortcode_id=&#8220;187165&#8243;][vc_custom_heading text_size=&#8220;h4&#8243; uncode_shortcode_id=&#8220;529221&#8243;]<\/p>\n<h3>Strandkerfi me\u00f0 HandyMag geymslu<\/h3>\n<h4><\/h4>\n<p>[\/vc_custom_heading][vc_row_inner row_inner_height_percent=&#8220;0&#8243; overlay_alpha=&#8220;50&#8243; gutter_size=&#8220;3&#8243; shift_y=&#8220;0&#8243; z_index=&#8220;0&#8243; uncode_shortcode_id=&#8220;137710&#8243;][vc_column_inner column_width_percent=&#8220;100&#8243; gutter_size=&#8220;3&#8243; overlay_alpha=&#8220;50&#8243; shift_x=&#8220;0&#8243; shift_y=&#8220;0&#8243; shift_y_down=&#8220;0&#8243; z_index=&#8220;0&#8243; medium_width=&#8220;0&#8243; mobile_width=&#8220;0&#8243; width=&#8220;2\/3&#8243; uncode_shortcode_id=&#8220;109727&#8243;][vc_column_text text_lead=&#8220;yes&#8220; uncode_shortcode_id=&#8220;637886&#8243;]<\/p>\n<p data-start=\"290\" data-end=\"323\"><strong data-start=\"295\" data-end=\"321\">Geymsla og skipulag;<\/strong> Kr\u00f3kar og l\u00ednur eru geymdar \u00ed t\u00edmaritum, settar \u00ed tunnur, rekka e\u00f0a a\u00f0rar geymslulausnir. Geymslan er sveigjanleg og s\u00e9rhanna\u00f0ar til a\u00f0 passa laus pl\u00e1ss. Hvert t\u00edmarit hefur sta\u00f0la\u00f0a lengd 1 metra (40 tommur).  <\/p>\n<p data-start=\"549\" data-end=\"577\"><strong data-start=\"554\" data-end=\"575\">Beiting og dr\u00e1ttur;<\/strong> Til beitingar eru bl\u00f6\u00f0 s\u00f3tt handvirkt og fest sem framlengingar \u00e1 beitningarv\u00e9linni (Mynd 1: AutoBaiter me\u00f0 HandyMag umbreytingarteinum). \u00deegar \u00feau eru t\u00e6md er \u00feeim skipt \u00fat fyrir forhla\u00f0in bl\u00f6\u00f0 og \u00feau t\u00f3mu eru sett \u00ed geymslu. <\/p>\n<p data-start=\"831\" data-end=\"991\">Vi\u00f0 dr\u00e1tt eru t\u00f3m magasin sett upp sem framlenging \u00e1 dr\u00e1ttarmagasini\u00f0 \u00e1 kr\u00f3kaskiljunni (Mynd 2: HookSeparator me\u00f0 HandyMag milliteinum).<\/p>\n<p>[\/vc_column_text][\/vc_column_inner][vc_column_inner width=&#8220;1\/3&#8243;][vc_single_image media=&#8220;309&#8243; media_width_percent=&#8220;100&#8243; uncode_shortcode_id=&#8220;259786&#8243;][vc_single_image media=&#8220;254&#8243; media_width_percent=&#8220;100&#8243; alignment=&#8220;center&#8220; uncode_shortcode_id=&#8220;754204&#8243;][\/vc_column_inner][\/vc_row_inner][vc_column_text text_lead=&#8220;yes&#8220; uncode_shortcode_id=&#8220;743348&#8243;][\/vc_column_text][vc_separator sep_color=&#8220;&#8220; uncode_shortcode_id=&#8220;489190&#8243;][vc_column_text text_lead=&#8220;yes&#8220; uncode_shortcode_id=&#8220;140160&#8243;]<strong>ATH Fj\u00f6ldi kr\u00f3ka \u00e1 metra;<\/strong> Vinsamlegast athuga\u00f0u a\u00f0 magn kr\u00f3ka sem tilgreint er \u00ed g\u00e6sal\u00f6ppum er \u00e1\u00e6tla\u00f0. Magn \u00e1 metra fer alltaf eftir \u00feykkt, aldri og g\u00e6\u00f0um kr\u00f3ka og l\u00ednu. \u00deess vegna ber a\u00f0 taka \u00feessar t\u00f6lur eing\u00f6ngu sem lei\u00f0beiningar en ekki sem sta\u00f0reyndart\u00f6lur.[\/vc_column_text][\/vc_column][\/vc_row][vc_row row_height_percent=&#8220;0&#8243; override_padding=&#8220;yes&#8220; h_padding=&#8220;2&#8243; top_padding=&#8220;4&#8243; bottom_padding=&#8220;4&#8243; back_color=&#8220;color-xsdn&#8220; overlay_alpha=&#8220;100&#8243; gutter_size=&#8220;100&#8243; column_width_percent=&#8220;100&#8243; shift_y=&#8220;0&#8243; z_index=&#8220;0&#8243; style=&#8220;inherited&#8220; uncode_shortcode_id=&#8220;592452&#8243; back_color_type=&#8220;uncode-palette&#8220;][vc_column column_width_percent=&#8220;100&#8243; align_horizontal=&#8220;align_center&#8220; gutter_size=&#8220;3&#8243; overlay_alpha=&#8220;50&#8243; shift_x=&#8220;0&#8243; shift_y=&#8220;0&#8243; shift_y_down=&#8220;0&#8243; z_index=&#8220;0&#8243; medium_width=&#8220;0&#8243; mobile_width=&#8220;0&#8243; width=&#8220;1\/1&#8243; uncode_shortcode_id=&#8220;172588&#8243;][vc_custom_heading heading_semantic=&#8220;h1&#8243; text_font=&#8220;font-125558&#8243; text_size=&#8220;h1&#8243; text_weight=&#8220;800&#8243; uncode_shortcode_id=&#8220;112438&#8243;]Vitnisbur\u00f0ur[\/vc_custom_heading][uncode_index el_id=&#8220;index-155886559054-dshs&#8220; isotope_mode=&#8220;fitRows&#8220; loop=&#8220;size:all|order_by:date|post_type:post|categories:13|tags:16|taxonomy_count:10&#8243; screen_lg=&#8220;1000&#8243; screen_md=&#8220;900&#8243; screen_sm=&#8220;480&#8243; filtering=&#8220;ajax&#8220; ajax_filters_content_block_id=&#8220;173&#8243; ajax_filters_layout=&#8220;horizontal&#8220; filters_widgets=&#8220;hidden&#8220; filter_typography=&#8220;inherit&#8220; active_filters=&#8220;right&#8220; clear_all=&#8220;show&#8220; gutter_size=&#8220;2&#8243; post_items=&#8220;media|featured|onpost|poster,category|colorbg|topright|display-icon,date,title,text|excerpt|84&#8243; page_items=&#8220;title,media,text,category&#8220; product_items=&#8220;title,media,text,category,price&#8220; portfolio_items=&#8220;title,media,text,category&#8220; footer_full_width=&#8220;yes&#8220; images_size=&#8220;three-two&#8220; single_back_color=&#8220;color-xsdn&#8220; single_shape=&#8220;round&#8220; radius=&#8220;xs&#8220; single_overlay_opacity=&#8220;50&#8243; single_overlay_anim=&#8220;no&#8220; single_text_visible=&#8220;yes&#8220; single_text_anim=&#8220;no&#8220; single_padding=&#8220;2&#8243; single_title_dimension=&#8220;h5&#8243; single_border=&#8220;yes&#8220; single_css_animation=&#8220;bottom-t-top&#8220; single_animation_delay=&#8220;200&#8243; single_half_padding=&#8220;&#8220; single_title_bold=&#8220;yes&#8220; single_title_serif=&#8220;&#8220; single_title_divider=&#8220;&#8220; single_no_background=&#8220;&#8220; items=&#8220;e30=&#8220; footer_position=&#8220;left&#8220; carousel_rtl=&#8220;&#8220; single_icon=&#8220;fa fa-plus2&#8243; filtering_transform=&#8220;uppercase&#8220; uncode_shortcode_id=&#8220;191285&#8243;][\/vc_column][\/vc_row][vc_row row_height_percent=&#8220;0&#8243; overlay_alpha=&#8220;50&#8243; gutter_size=&#8220;3&#8243; column_width_percent=&#8220;100&#8243; shift_y=&#8220;0&#8243; z_index=&#8220;0&#8243; uncode_shortcode_id=&#8220;357292&#8243; row_name=&#8220;products&#8220;][vc_column width=&#8220;1\/1&#8243;][vc_custom_heading uncode_shortcode_id=&#8220;191165&#8243;]V\u00f6rur[\/vc_custom_heading][uncode_index el_id=&#8220;index-372201&#8243; loop=&#8220;size:30|order_by:date|post_type:products|tax_query:37|taxonomy_count:10&#8243; screen_lg=&#8220;1000&#8243; screen_md=&#8220;600&#8243; screen_sm=&#8220;480&#8243; gutter_size=&#8220;3&#8243; products_items=&#8220;media|featured|onpost|original,title,text|excerpt|60&#8243; single_back_color=&#8220;color-lxmt&#8220; single_overlay_opacity=&#8220;50&#8243; single_padding=&#8220;2&#8243; single_title_family=&#8220;font-125558&#8243; single_title_dimension=&#8220;h4&#8243; uncode_shortcode_id=&#8220;194493&#8243;][\/vc_column][\/vc_row]<\/p>\n<\/div>","protected":false},"excerpt":{"rendered":"<p>[vc_row][vc_column column_width_percent=&#8220;100&#8243; gutter_size=&#8220;2&#8243; overlay_alpha=&#8220;50&#8243; shift_x=&#8220;0&#8243; shift_y=&#8220;0&#8243; shift_y_down=&#8220;0&#8243; z_index=&#8220;0&#8243; medium_width=&#8220;0&#8243; mobile_width=&#8220;0&#8243; width=&#8220;1\/1&#8243; uncode_shortcode_id=&#8220;112227&#8243;][vc_custom_heading heading_semantic=&#8220;h1&#8243; text_size=&#8220;h1&#8243; uncode_shortcode_id=&#8220;527041&#8243;]Strandv\u00f6kvakerfi[\/vc_custom_heading][vc_custom_heading heading_semantic=&#8220;h3&#8243; text_size=&#8220;h3&#8243; text_weight=&#8220;400&#8243; uncode_shortcode_id=&#8220;169230&#8243;]H\u00e1g\u00e6\u00f0a sj\u00e1lfvirk [&hellip;]<\/p>\n","protected":false},"author":1,"featured_media":0,"parent":0,"menu_order":0,"comment_status":"closed","ping_status":"closed","template":"","meta":{"_acf_changed":false,"footnotes":""},"class_list":["post-1188","page","type-page","status-publish","hentry"],"acf":[],"_links":{"self":[{"href":"https:\/\/mustadautoline.com\/is\/wp-json\/wp\/v2\/pages\/1188","targetHints":{"allow":["GET"]}}],"collection":[{"href":"https:\/\/mustadautoline.com\/is\/wp-json\/wp\/v2\/pages"}],"about":[{"href":"https:\/\/mustadautoline.com\/is\/wp-json\/wp\/v2\/types\/page"}],"author":[{"embeddable":true,"href":"https:\/\/mustadautoline.com\/is\/wp-json\/wp\/v2\/users\/1"}],"replies":[{"embeddable":true,"href":"https:\/\/mustadautoline.com\/is\/wp-json\/wp\/v2\/comments?post=1188"}],"version-history":[{"count":0,"href":"https:\/\/mustadautoline.com\/is\/wp-json\/wp\/v2\/pages\/1188\/revisions"}],"wp:attachment":[{"href":"https:\/\/mustadautoline.com\/is\/wp-json\/wp\/v2\/media?parent=1188"}],"curies":[{"name":"wp","href":"https:\/\/api.w.org\/{rel}","templated":true}]}}