{"id":1189,"date":"2024-09-30T10:41:47","date_gmt":"2024-09-30T08:41:47","guid":{"rendered":"https:\/\/mustadautoline.com\/vinnsla-havfront\/"},"modified":"2026-05-11T13:37:53","modified_gmt":"2026-05-11T11:37:53","slug":"vinnsla-havfront","status":"publish","type":"page","link":"https:\/\/mustadautoline.com\/is\/vinnsla-havfront\/","title":{"rendered":"Vinnsla \u00e1 HAVFRONT haus og sl\u00e6gingu"},"content":{"rendered":"<div class=\"wpb-content-wrapper\"><p>[vc_row row_height_percent=&#8220;0&#8243; override_padding=&#8220;yes&#8220; h_padding=&#8220;0&#8243; top_padding=&#8220;2&#8243; bottom_padding=&#8220;0&#8243; back_color=&#8220;color-882395&#8243; back_image=&#8220;468&#8243; overlay_color=&#8220;color-882395&#8243; overlay_alpha=&#8220;30&#8243; gutter_size=&#8220;3&#8243; column_width_use_pixel=&#8220;yes&#8220; shift_y=&#8220;0&#8243; z_index=&#8220;0&#8243; uncode_shortcode_id=&#8220;191115&#8243; row_height_pixel=&#8220;300&#8243; overlay_color_type=&#8220;uncode-palette&#8220; back_color_type=&#8220;uncode-palette&#8220;][vc_column column_width_percent=&#8220;100&#8243; position_vertical=&#8220;middle&#8220; align_horizontal=&#8220;align_center&#8220; gutter_size=&#8220;1&#8243; override_padding=&#8220;yes&#8220; column_padding=&#8220;5&#8243; overlay_alpha=&#8220;50&#8243; shift_x=&#8220;0&#8243; shift_y=&#8220;0&#8243; shift_y_down=&#8220;0&#8243; z_index=&#8220;0&#8243; medium_width=&#8220;0&#8243; mobile_width=&#8220;0&#8243; width=&#8220;1\/1&#8243; uncode_shortcode_id=&#8220;210888&#8243;][vc_custom_heading text_color=&#8220;color-xsdn&#8220; heading_semantic=&#8220;div&#8220; text_font=&#8220;font-125558&#8243; text_size=&#8220;fontsize-133121&#8243; text_weight=&#8220;700&#8243; css_animation=&#8220;left-t-right&#8220; animation_speed=&#8220;500&#8243; animation_delay=&#8220;400&#8243; uncode_shortcode_id=&#8220;177987&#8243; text_color_type=&#8220;uncode-palette&#8220; el_class=&#8220;textshadow&#8220;]Sj\u00e1lfvirk fiskhausun og sl\u00e6ging[\/vc_custom_heading][vc_custom_heading text_color=&#8220;color-882395&#8243; heading_semantic=&#8220;div&#8220; text_font=&#8220;font-125558&#8243; text_size=&#8220;h1&#8243; text_weight=&#8220;500&#8243; css_animation=&#8220;top-t-bottom&#8220; animation_speed=&#8220;500&#8243; animation_delay=&#8220;700&#8243; uncode_shortcode_id=&#8220;469301&#8243; text_color_type=&#8220;uncode-palette&#8220;][\/vc_custom_heading][vc_empty_space empty_h=&#8220;2&#8243;][\/vc_column][\/vc_row][vc_row][vc_column width=&#8220;1\/4&#8243;][vc_single_image media=&#8220;2303&#8243; media_width_percent=&#8220;100&#8243; uncode_shortcode_id=&#8220;163364&#8243;][\/vc_column][vc_column width=&#8220;3\/4&#8243;][vc_custom_heading heading_semantic=&#8220;h1&#8243; text_size=&#8220;fontsize-167834&#8243; uncode_shortcode_id=&#8220;417769&#8243;]<\/p>\n<h2>Fr\u00e1 sm\u00e6kkustu hausunar- og sl\u00e6gingarv\u00e9lum heims til h\u00e1\u00fer\u00f3a\u00f0rar stafr\u00e6nnar sj\u00e1lfvirkni<\/h2>\n<p>[\/vc_custom_heading][vc_column_text uncode_shortcode_id=&#8220;145682&#8243;]<\/p>\n<ul>\n<li>A\u00f0lagast l\u00f6gun og st\u00e6r\u00f0 hvers fisks<\/li>\n<li>N\u00e1kv\u00e6mar og einsleitar skur\u00f0ir<\/li>\n<li>A\u00f0 var\u00f0veita hrogn og lifur \u00f3skemmdar<\/li>\n<li>Skilur vi\u00f0beini\u00f0 eftir \u00e1 b\u00faknum<\/li>\n<li>Minnkar verulega handvirkt \u00e1lag<\/li>\n<li>Fyrir vinnslu \u00e1 fiski \u00e1 landi e\u00f0a um bor\u00f0<\/li>\n<\/ul>\n<p>[\/vc_column_text][\/vc_column][\/vc_row][vc_row row_height_percent=&#8220;0&#8243; overlay_alpha=&#8220;50&#8243; gutter_size=&#8220;3&#8243; column_width_percent=&#8220;100&#8243; shift_y=&#8220;0&#8243; z_index=&#8220;0&#8243; uncode_shortcode_id=&#8220;251577&#8243;][vc_column column_width_percent=&#8220;100&#8243; gutter_size=&#8220;2&#8243; overlay_alpha=&#8220;50&#8243; shift_x=&#8220;0&#8243; shift_y=&#8220;0&#8243; shift_y_down=&#8220;0&#8243; z_index=&#8220;0&#8243; medium_width=&#8220;0&#8243; mobile_width=&#8220;0&#8243; width=&#8220;1\/1&#8243; uncode_shortcode_id=&#8220;189745&#8243;][vc_custom_heading text_size=&#8220;h3&#8243; text_weight=&#8220;400&#8243; uncode_shortcode_id=&#8220;194723&#8243;]<\/p>\n<h4><strong>Hagkv\u00e6m fj\u00e1rfesting  <\/strong><\/h4>\n<p>[\/vc_custom_heading][vc_column_text text_lead=&#8220;yes&#8220; uncode_shortcode_id=&#8220;126990&#8243;]\u00deessar v\u00e9lar skila mikilli afk\u00f6stum me\u00f0 l\u00e1gmarks vi\u00f0haldi, sem gerir \u00fe\u00e6r a\u00f0 fr\u00e1b\u00e6rum valkosti fyrir fiskiskip og fiskvinnslufyrirt\u00e6ki sem vilja auka framlei\u00f0ni og draga \u00far handavinnu og l\u00edkamlega krefjandi vinnu.[\/vc_column_text][\/vc_column][\/vc_row][vc_row row_height_percent=&#8220;0&#8243; overlay_alpha=&#8220;50&#8243; gutter_size=&#8220;3&#8243; column_width_percent=&#8220;100&#8243; shift_y=&#8220;0&#8243; z_index=&#8220;0&#8243; uncode_shortcode_id=&#8220;207513&#8243;][vc_column width=&#8220;1\/1&#8243;][vc_button button_color=&#8220;color-882395&#8243; border_width=&#8220;0&#8243; button_color_type=&#8220;uncode-palette&#8220; uncode_shortcode_id=&#8220;137623&#8243; link=&#8220;url:https%3A%2F%2Fmustadautoline.com%2Fis%2Fvorur%2F%3Ftax_producttag%3Dprocessing%26unfilter%3D1|&#8220;]V\u00f6rur okkar[\/vc_button][\/vc_column][\/vc_row][vc_row row_height_percent=&#8220;0&#8243; back_color=&#8220;color-159576&#8243; overlay_alpha=&#8220;50&#8243; gutter_size=&#8220;3&#8243; column_width_percent=&#8220;100&#8243; shift_y=&#8220;0&#8243; z_index=&#8220;0&#8243; uncode_shortcode_id=&#8220;585668&#8243; back_color_type=&#8220;uncode-palette&#8220;][vc_column width=&#8220;1\/2&#8243;][vc_column_text uncode_shortcode_id=&#8220;181198&#8243;]<\/p>\n<h4>Haf\u00f0u samband!<\/h4>\n<p>Ef \u00fe\u00fa hefur spurningar, \u00fearft a\u00f0sto\u00f0 e\u00f0a \u00fearft frekari uppl\u00fdsingar um v\u00f6runa, \u00fe\u00e1 erum vi\u00f0 bara skilabo\u00f0um \u00ed burtu og reynum a\u00f0 a\u00f0sto\u00f0a.<\/p>\n<h4>+47 70 10 75 80<\/h4>\n<p><a href=\"mailto:mail@mustadautoline.com\"><strong>mail@mustadautoline.com<\/strong><\/a>[\/vc_column_text][\/vc_column][vc_column width=&#8220;1\/2&#8243;][vc_single_image media=&#8220;1191&#8243; dynamic=&#8220;yes&#8220; media_width_percent=&#8220;100&#8243; alignment=&#8220;center&#8220; shape=&#8220;img-round&#8220; radius=&#8220;std&#8220; advanced_videos=&#8220;yes&#8220; mobile_videos=&#8220;autoplay&#8220; uncode_shortcode_id=&#8220;206104&#8243;][\/vc_column][\/vc_row][vc_row row_height_percent=&#8220;0&#8243; override_padding=&#8220;yes&#8220; h_padding=&#8220;2&#8243; top_padding=&#8220;4&#8243; bottom_padding=&#8220;4&#8243; back_color=&#8220;color-xsdn&#8220; overlay_alpha=&#8220;100&#8243; gutter_size=&#8220;100&#8243; column_width_percent=&#8220;100&#8243; shift_y=&#8220;0&#8243; z_index=&#8220;0&#8243; style=&#8220;inherited&#8220; uncode_shortcode_id=&#8220;592452&#8243; back_color_type=&#8220;uncode-palette&#8220;][vc_column column_width_percent=&#8220;100&#8243; align_horizontal=&#8220;align_center&#8220; gutter_size=&#8220;3&#8243; overlay_alpha=&#8220;50&#8243; shift_x=&#8220;0&#8243; shift_y=&#8220;0&#8243; shift_y_down=&#8220;0&#8243; z_index=&#8220;0&#8243; medium_width=&#8220;0&#8243; mobile_width=&#8220;0&#8243; width=&#8220;1\/1&#8243; uncode_shortcode_id=&#8220;172588&#8243;][vc_custom_heading heading_semantic=&#8220;h1&#8243; text_font=&#8220;font-125558&#8243; text_size=&#8220;h1&#8243; text_weight=&#8220;800&#8243; uncode_shortcode_id=&#8220;112438&#8243;]Vitnisbur\u00f0ur[\/vc_custom_heading][uncode_index el_id=&#8220;index-15588655905&#8243; isotope_mode=&#8220;fitRows&#8220; loop=&#8220;size:all|order_by:date|post_type:post|categories:13|tags:41|taxonomy_count:10&#8243; screen_lg=&#8220;1000&#8243; screen_md=&#8220;900&#8243; screen_sm=&#8220;480&#8243; filtering=&#8220;ajax&#8220; ajax_filters_content_block_id=&#8220;173&#8243; ajax_filters_layout=&#8220;horizontal&#8220; filters_widgets=&#8220;hidden&#8220; filter_typography=&#8220;inherit&#8220; active_filters=&#8220;right&#8220; clear_all=&#8220;show&#8220; gutter_size=&#8220;2&#8243; post_items=&#8220;media|featured|onpost|poster,category|colorbg|topright|display-icon,date,title,text|excerpt|84&#8243; page_items=&#8220;title,media,text,category&#8220; product_items=&#8220;title,media,text,category,price&#8220; portfolio_items=&#8220;title,media,text,category&#8220; footer_full_width=&#8220;yes&#8220; images_size=&#8220;three-two&#8220; single_back_color=&#8220;color-xsdn&#8220; single_shape=&#8220;round&#8220; radius=&#8220;xs&#8220; single_overlay_opacity=&#8220;50&#8243; single_overlay_anim=&#8220;no&#8220; single_text_visible=&#8220;yes&#8220; single_text_anim=&#8220;no&#8220; single_padding=&#8220;2&#8243; single_title_dimension=&#8220;h5&#8243; single_border=&#8220;yes&#8220; single_css_animation=&#8220;bottom-t-top&#8220; single_animation_delay=&#8220;200&#8243; single_half_padding=&#8220;&#8220; single_title_bold=&#8220;yes&#8220; single_title_serif=&#8220;&#8220; single_title_divider=&#8220;&#8220; single_no_background=&#8220;&#8220; items=&#8220;e30=&#8220; footer_position=&#8220;left&#8220; carousel_rtl=&#8220;&#8220; single_icon=&#8220;fa fa-plus2&#8243; filtering_transform=&#8220;uppercase&#8220; uncode_shortcode_id=&#8220;587779&#8243;][\/vc_column][\/vc_row]<\/p>\n<\/div>","protected":false},"excerpt":{"rendered":"<p>[vc_row row_height_percent=&#8220;0&#8243; override_padding=&#8220;yes&#8220; h_padding=&#8220;0&#8243; top_padding=&#8220;2&#8243; bottom_padding=&#8220;0&#8243; back_color=&#8220;color-882395&#8243; back_image=&#8220;468&#8243; overlay_color=&#8220;color-882395&#8243; overlay_alpha=&#8220;30&#8243; gutter_size=&#8220;3&#8243; column_width_use_pixel=&#8220;yes&#8220; shift_y=&#8220;0&#8243; z_index=&#8220;0&#8243; uncode_shortcode_id=&#8220;191115&#8243; row_height_pixel=&#8220;300&#8243; overlay_color_type=&#8220;uncode-palette&#8220; back_color_type=&#8220;uncode-palette&#8220;][vc_column column_width_percent=&#8220;100&#8243; position_vertical=&#8220;middle&#8220; [&hellip;]<\/p>\n","protected":false},"author":2,"featured_media":0,"parent":0,"menu_order":0,"comment_status":"closed","ping_status":"closed","template":"","meta":{"_acf_changed":false,"footnotes":""},"class_list":["post-1189","page","type-page","status-publish","hentry"],"acf":[],"_links":{"self":[{"href":"https:\/\/mustadautoline.com\/is\/wp-json\/wp\/v2\/pages\/1189","targetHints":{"allow":["GET"]}}],"collection":[{"href":"https:\/\/mustadautoline.com\/is\/wp-json\/wp\/v2\/pages"}],"about":[{"href":"https:\/\/mustadautoline.com\/is\/wp-json\/wp\/v2\/types\/page"}],"author":[{"embeddable":true,"href":"https:\/\/mustadautoline.com\/is\/wp-json\/wp\/v2\/users\/2"}],"replies":[{"embeddable":true,"href":"https:\/\/mustadautoline.com\/is\/wp-json\/wp\/v2\/comments?post=1189"}],"version-history":[{"count":0,"href":"https:\/\/mustadautoline.com\/is\/wp-json\/wp\/v2\/pages\/1189\/revisions"}],"wp:attachment":[{"href":"https:\/\/mustadautoline.com\/is\/wp-json\/wp\/v2\/media?parent=1189"}],"curies":[{"name":"wp","href":"https:\/\/api.w.org\/{rel}","templated":true}]}}