{"id":1205,"date":"2024-03-29T13:47:57","date_gmt":"2024-03-29T12:47:57","guid":{"rendered":"https:\/\/mustadautoline.com\/handy-mag-systems\/"},"modified":"2025-03-04T10:39:33","modified_gmt":"2025-03-04T09:39:33","slug":"handy-mag-systems","status":"publish","type":"page","link":"https:\/\/mustadautoline.com\/is\/handy-mag-systems\/","title":{"rendered":"Handy Mag Kerfi"},"content":{"rendered":"<div class=\"wpb-content-wrapper\"><p>[vc_row][vc_column width=&#8220;1\/1&#8243;][vc_custom_heading heading_semantic=&#8220;h1&#8243; text_size=&#8220;h1&#8243; uncode_shortcode_id=&#8220;155275&#8243;]Handy Mag Kerfi[\/vc_custom_heading][\/vc_column][\/vc_row][vc_row][vc_column width=&#8220;1\/2&#8243;][vc_gallery el_id=&#8220;gallery-103867&#8243; type=&#8220;carousel&#8220; medias=&#8220;412,251,250,248,247&#8243; carousel_lg=&#8220;1&#8243; carousel_md=&#8220;1&#8243; carousel_sm=&#8220;1&#8243; thumb_size=&#8220;four-three&#8220; gutter_size=&#8220;3&#8243; carousel_interval=&#8220;3000&#8243; carousel_navspeed=&#8220;400&#8243; carousel_loop=&#8220;yes&#8220; carousel_dots=&#8220;yes&#8220; stage_padding=&#8220;0&#8243; single_overlay_opacity=&#8220;50&#8243; single_padding=&#8220;2&#8243; uncode_shortcode_id=&#8220;253210&#8243;][\/vc_column][vc_column width=&#8220;1\/2&#8243;][vc_custom_heading text_size=&#8220;h4&#8243; uncode_shortcode_id=&#8220;343223&#8243;]Mustad Autoline HandyMag geymslukerfi\u00f0 er hanna\u00f0 til a\u00f0 passa \u00e1 sm\u00e6rri skip, fr\u00e1 u.\u00fe.b. 30 fet og yfir. Me\u00f0 \u00e1herslu \u00e1 virkni um bor\u00f0 er kerfi\u00f0 einfalt og au\u00f0velt \u00ed notkun og krefst l\u00e1gmarks pl\u00e1ss.[\/vc_custom_heading][\/vc_column][\/vc_row][vc_row][vc_column column_width_percent=&#8220;100&#8243; gutter_size=&#8220;3&#8243; overlay_alpha=&#8220;50&#8243; shift_x=&#8220;0&#8243; shift_y=&#8220;0&#8243; shift_y_down=&#8220;0&#8243; z_index=&#8220;0&#8243; medium_width=&#8220;0&#8243; mobile_width=&#8220;0&#8243; width=&#8220;1\/1&#8243; uncode_shortcode_id=&#8220;187165&#8243;][vc_custom_heading text_size=&#8220;h4&#8243; uncode_shortcode_id=&#8220;967193&#8243;]Rekstrara\u00f0ger\u00f0[\/vc_custom_heading][vc_row_inner row_inner_height_percent=&#8220;0&#8243; overlay_alpha=&#8220;50&#8243; gutter_size=&#8220;3&#8243; shift_y=&#8220;0&#8243; z_index=&#8220;0&#8243; uncode_shortcode_id=&#8220;137710&#8243;][vc_column_inner column_width_percent=&#8220;100&#8243; gutter_size=&#8220;3&#8243; overlay_alpha=&#8220;50&#8243; shift_x=&#8220;0&#8243; shift_y=&#8220;0&#8243; shift_y_down=&#8220;0&#8243; z_index=&#8220;0&#8243; medium_width=&#8220;0&#8243; mobile_width=&#8220;0&#8243; width=&#8220;1\/2&#8243; uncode_shortcode_id=&#8220;109727&#8243;][vc_column_text text_lead=&#8220;yes&#8220; uncode_shortcode_id=&#8220;936348&#8243;]Kr\u00f3karnir og l\u00ednan eru geymd \u00e1 bl\u00f6\u00f0um og bl\u00f6\u00f0in eru geymd \u00ed geymslum, \u00e1 rekkum e\u00f0a \u00e1l\u00edka.<\/p>\n<p>Til a\u00f0 stilla l\u00ednuna eru bl\u00f6\u00f0in tekin upp handvirkt, og fest sem framlenging \u00e1 beitningarv\u00e9linni (mynd 1 AutoBaiter me\u00f0 HandyMag flutningsbraut) \u00deegar magasini\u00f0 er t\u00e6mt af kr\u00f3kum er skipt \u00fat fyrir n\u00fdtt magasin me\u00f0 kr\u00f3kum og l\u00ednu fr\u00e1 geymslueiningunni. T\u00f3mu bl\u00f6\u00f0in eru endurheimt \u00ed geymslunni.[\/vc_column_text][\/vc_column_inner][vc_column_inner column_width_percent=&#8220;100&#8243; gutter_size=&#8220;3&#8243; overlay_alpha=&#8220;50&#8243; shift_x=&#8220;0&#8243; shift_y=&#8220;0&#8243; shift_y_down=&#8220;0&#8243; z_index=&#8220;0&#8243; medium_width=&#8220;0&#8243; mobile_width=&#8220;0&#8243; width=&#8220;1\/2&#8243; uncode_shortcode_id=&#8220;794621&#8243;][vc_single_image media=&#8220;309&#8243; media_width_percent=&#8220;100&#8243; uncode_shortcode_id=&#8220;259786&#8243;][\/vc_column_inner][\/vc_row_inner][vc_separator sep_color=&#8220;&#8220; uncode_shortcode_id=&#8220;489190&#8243;][vc_row_inner][vc_column_inner column_width_percent=&#8220;100&#8243; gutter_size=&#8220;3&#8243; overlay_alpha=&#8220;50&#8243; shift_x=&#8220;0&#8243; shift_y=&#8220;0&#8243; shift_y_down=&#8220;0&#8243; z_index=&#8220;0&#8243; medium_width=&#8220;0&#8243; mobile_width=&#8220;0&#8243; width=&#8220;1\/2&#8243; uncode_shortcode_id=&#8220;114835&#8243;][vc_column_text text_lead=&#8220;yes&#8220; uncode_shortcode_id=&#8220;136725&#8243;]Til a\u00f0 draga g\u00edrinn eru t\u00f3m magasin fest \u00ed dr\u00e1ttarst\u00f6\u00f0u sem framlenging \u00e1 dr\u00e1ttarmagas\u00edninu \u00e1 kr\u00f3kaskiljunni (mynd 2. HookSeparator me\u00f0 HandyMag flutningsbraut)<\/p>\n<p>Sko\u00f0unargluggi og l\u00fagur er til vi\u00f0ger\u00f0ar og endurn\u00fdjunar \u00e1 skemmdum kr\u00f3kum \u00e1 millikr\u00f3kaskilju og magasin.<\/p>\n<p>Geymslan er sveigjanleg og er s\u00e9rsni\u00f0in eftir \u00fev\u00ed pl\u00e1ssi sem er um bor\u00f0 \u00ed skipinu. Hef\u00f0bundin lengd t\u00edmarits er 1m (40 tommur.) <\/p>\n<p>HandyMag geymslubl\u00f6\u00f0 eru s\u00e9rsni\u00f0in til a\u00f0 passa eftirfarandi kr\u00f3kategundir: Mustad EZ beiter (J-kr\u00f3kar) 11\/0 &#8211; 14\/0, Mustad #40 000 (h\u00e1lfhringur \/ h\u00e1lf EZ\/J-kr\u00f3kur) og Mustad Circle kr\u00f3kur 12\/0-15\/0 b\u00e6\u00f0i \u00e1 m\u00f3ti og beint.<\/p>\n<p>Mustad Autoline HandyMag kerfi\u00f0 er \u00far ry\u00f0fr\u00edu st\u00e1li og \u00e1li.[\/vc_column_text][\/vc_column_inner][vc_column_inner column_width_percent=&#8220;100&#8243; gutter_size=&#8220;3&#8243; overlay_alpha=&#8220;50&#8243; shift_x=&#8220;0&#8243; shift_y=&#8220;0&#8243; shift_y_down=&#8220;0&#8243; z_index=&#8220;0&#8243; medium_width=&#8220;0&#8243; mobile_width=&#8220;0&#8243; width=&#8220;1\/2&#8243; uncode_shortcode_id=&#8220;360339&#8243;][vc_single_image media=&#8220;254&#8243; media_width_percent=&#8220;100&#8243; alignment=&#8220;center&#8220; uncode_shortcode_id=&#8220;754204&#8243;][\/vc_column_inner][\/vc_row_inner][vc_custom_heading text_size=&#8220;h4&#8243; uncode_shortcode_id=&#8220;210838&#8243;]Fj\u00f6ldi kr\u00f3ka \u00e1 metra[\/vc_custom_heading][vc_column_text text_lead=&#8220;yes&#8220; uncode_shortcode_id=&#8220;194238&#8243;]Vinsamlegast athuga\u00f0u a\u00f0 magn kr\u00f3ka sem tilgreint er \u00ed g\u00e6sal\u00f6ppum er \u00e1\u00e6tla\u00f0. Magn \u00e1 metra fer alltaf eftir \u00feykkt, aldri og g\u00e6\u00f0um kr\u00f3ka og l\u00ednu. \u00deess vegna ber a\u00f0 taka \u00feessar t\u00f6lur eing\u00f6ngu sem lei\u00f0beiningar en ekki sem sta\u00f0reyndart\u00f6lur.[\/vc_column_text][\/vc_column][\/vc_row]<\/p>\n<\/div>","protected":false},"excerpt":{"rendered":"<p>[vc_row][vc_column width=&#8220;1\/1&#8243;][vc_custom_heading heading_semantic=&#8220;h1&#8243; text_size=&#8220;h1&#8243; uncode_shortcode_id=&#8220;155275&#8243;]Handy Mag Kerfi[\/vc_custom_heading][\/vc_column][\/vc_row][vc_row][vc_column width=&#8220;1\/2&#8243;][vc_gallery el_id=&#8220;gallery-103867&#8243; type=&#8220;carousel&#8220; medias=&#8220;412,251,250,248,247&#8243; carousel_lg=&#8220;1&#8243; carousel_md=&#8220;1&#8243; carousel_sm=&#8220;1&#8243; thumb_size=&#8220;four-three&#8220; gutter_size=&#8220;3&#8243; carousel_interval=&#8220;3000&#8243; carousel_navspeed=&#8220;400&#8243; carousel_loop=&#8220;yes&#8220; carousel_dots=&#8220;yes&#8220; [&hellip;]<\/p>\n","protected":false},"author":1,"featured_media":0,"parent":0,"menu_order":0,"comment_status":"closed","ping_status":"closed","template":"","meta":{"_acf_changed":false,"footnotes":""},"class_list":["post-1205","page","type-page","status-publish","hentry"],"acf":[],"_links":{"self":[{"href":"https:\/\/mustadautoline.com\/is\/wp-json\/wp\/v2\/pages\/1205","targetHints":{"allow":["GET"]}}],"collection":[{"href":"https:\/\/mustadautoline.com\/is\/wp-json\/wp\/v2\/pages"}],"about":[{"href":"https:\/\/mustadautoline.com\/is\/wp-json\/wp\/v2\/types\/page"}],"author":[{"embeddable":true,"href":"https:\/\/mustadautoline.com\/is\/wp-json\/wp\/v2\/users\/1"}],"replies":[{"embeddable":true,"href":"https:\/\/mustadautoline.com\/is\/wp-json\/wp\/v2\/comments?post=1205"}],"version-history":[{"count":0,"href":"https:\/\/mustadautoline.com\/is\/wp-json\/wp\/v2\/pages\/1205\/revisions"}],"wp:attachment":[{"href":"https:\/\/mustadautoline.com\/is\/wp-json\/wp\/v2\/media?parent=1205"}],"curies":[{"name":"wp","href":"https:\/\/api.w.org\/{rel}","templated":true}]}}