{"id":1208,"date":"2024-05-14T08:28:26","date_gmt":"2024-05-14T06:28:26","guid":{"rendered":"https:\/\/mustadautoline.com\/markmid-framtidarsyn-og-gildi\/"},"modified":"2025-09-15T13:07:58","modified_gmt":"2025-09-15T11:07:58","slug":"markmid-framtidarsyn-og-gildi","status":"publish","type":"page","link":"https:\/\/mustadautoline.com\/is\/markmid-framtidarsyn-og-gildi\/","title":{"rendered":"Markmi\u00f0, framt\u00ed\u00f0ars\u00fdn og gildi"},"content":{"rendered":"<div class=\"wpb-content-wrapper\"><p>[vc_row row_height_percent=&#8220;0&#8243; overlay_alpha=&#8220;50&#8243; gutter_size=&#8220;3&#8243; column_width_use_pixel=&#8220;yes&#8220; shift_y=&#8220;0&#8243; z_index=&#8220;0&#8243; uncode_shortcode_id=&#8220;567332&#8243; column_width_pixel=&#8220;900&#8243;][vc_column width=&#8220;1\/1&#8243;][vc_custom_heading heading_semantic=&#8220;h1&#8243; text_size=&#8220;h1&#8243; uncode_shortcode_id=&#8220;571005&#8243;]Hver vi\u00f0 erum &#8211; Markmi\u00f0, framt\u00ed\u00f0ars\u00fdn og gildi[\/vc_custom_heading][vc_custom_heading uncode_shortcode_id=&#8220;915589&#8243;]<\/p>\n<h3>Grunngildi<\/h3>\n<p>[\/vc_custom_heading][vc_column_text uncode_shortcode_id=&#8220;104230&#8243;]Traust er ekki h\u00e6gt a\u00f0 kaupa; \u00fea\u00f0 er a\u00f0eins h\u00e6gt a\u00f0 vinna s\u00e9r inn \u00fea\u00f0 me\u00f0 \u00e1hrifar\u00edkri teymisvinnu og s\u00fdna hana me\u00f0 reynslu vi\u00f0skiptavina okkar af Mustad Autoline v\u00f6rumerkinu.<\/p>\n<ul>\n<li>N\u00fdst\u00e1rlegt: Vi\u00f0 kynnum okkur sem n\u00fat\u00edmaleg, frams\u00fdn og n\u00fdst\u00e1rleg, bygg\u00f0 \u00e1 reynslu, \u00feekkingu og hef\u00f0.<\/li>\n<li>Innifali\u00f0: \u00d3skrifstofan og sveigjanleg stofnun sem byggir \u00e1 \u00e1byrg\u00f0 og trausti. Vi\u00f0 vinnum n\u00e1i\u00f0 me\u00f0 vi\u00f0skiptavinum. <\/li>\n<li>Lausnami\u00f0u\u00f0: A\u00f0 veita g\u00f3\u00f0ar lausnir og a\u00f0l\u00f6gunarh\u00e6fni.<\/li>\n<\/ul>\n<p>Mustad Autoline mun leggja \u00e1herslu \u00e1 n\u00e1l\u00e6g\u00f0 vi\u00f0 marka\u00f0inn, skilvirk samskipti, v\u00f6ru\u00fej\u00e1lfun, \u00fej\u00f3nustuver og t\u00e6knilega a\u00f0sto\u00f0. Saman munu \u00feessir \u00fe\u00e6ttir einkenna v\u00f6rur okkar, \u00fej\u00f3nustu, fyrirt\u00e6kjamenningu og samstarf okkar vi\u00f0 vi\u00f0skiptavini, birgja, a\u00f0ra samstarfsa\u00f0ila og n\u00e6rsamf\u00e9lagi\u00f0.[\/vc_column_text][vc_custom_heading heading_semantic=&#8220;h3&#8243; text_size=&#8220;h3&#8243; uncode_shortcode_id=&#8220;125401&#8243;]<\/p>\n<h3>Vi\u00f0skiptahugmynd<\/h3>\n<p>[\/vc_custom_heading][vc_custom_heading uncode_shortcode_id=&#8220;166894&#8243;]<\/p>\n<h4>Vi\u00f0 stefnum a\u00f0 \u00fev\u00ed a\u00f0 lei\u00f0a veginn sem \u00feekktasti birgir sj\u00e1lfvirkrar l\u00ednuvei\u00f0at\u00e6kni. Markmi\u00f0 okkar er a\u00f0 \u00fer\u00f3a st\u00f6\u00f0ugt n\u00fdjar lausnir \u00feannig a\u00f0 h\u00e6gt s\u00e9 a\u00f0 vei\u00f0a fleiri fisk me\u00f0 kr\u00f3k og l\u00ednu. &#8211; Betri lei\u00f0 til a\u00f0 vei\u00f0a!  <\/h4>\n<p>[\/vc_custom_heading][vc_column_text uncode_shortcode_id=&#8220;796598&#8243;]Me\u00f0 n\u00fdsk\u00f6pun og hollustu vi\u00f0 afbur\u00f0 stefnum vi\u00f0 a\u00f0 \u00fev\u00ed a\u00f0 vera lei\u00f0andi \u00ed i\u00f0na\u00f0inum \u00ed a\u00f0 koma me\u00f0 fremstu lausnir sem auka skilvirkni og sj\u00e1lfb\u00e6rni \u00ed l\u00ednuvei\u00f0um. Me\u00f0 \u00fev\u00ed a\u00f0 \u00fer\u00fdsta st\u00f6\u00f0ugt \u00e1 m\u00f6rk og fara fram \u00far v\u00e6ntingum stefnum vi\u00f0 a\u00f0 \u00fev\u00ed a\u00f0 treysta st\u00f6\u00f0u okkar sem traustasta og virtasta nafni\u00f0 \u00ed sj\u00e1lfvirkri l\u00ednuvei\u00f0at\u00e6kni.[\/vc_column_text][vc_custom_heading uncode_shortcode_id=&#8220;272443&#8243;]<\/p>\n<h4>V\u00f6rur okkar skulu stu\u00f0la a\u00f0 aukinni afrakstur, \u00f6ryggi og sj\u00e1lfb\u00e6rni fyrir vi\u00f0skiptavini okkar<\/h4>\n<p>[\/vc_custom_heading][vc_column_text uncode_shortcode_id=&#8220;207029&#8243;]V\u00f6rur okkar eru hanna\u00f0ar til a\u00f0 auka verulega afrakstur, \u00f6ryggi og sj\u00e1lfb\u00e6rni fyrir metna vi\u00f0skiptavini okkar. Me\u00f0 \u00fev\u00ed a\u00f0 n\u00fdta h\u00e1\u00fer\u00f3a\u00f0a t\u00e6kni og \u00edgrunda\u00f0a verkfr\u00e6\u00f0i kappkostum vi\u00f0 a\u00f0 h\u00e1marka aflahlutfall en l\u00e1gmarka umhverfis\u00e1hrif. Skuldbinding okkar til \u00f6ryggis tryggir a\u00f0 rekstrara\u00f0ilar geti sinnt verkefnum s\u00ednum af sj\u00e1lfstrausti og hugarr\u00f3. A\u00f0 lokum eru lausnir okkar s\u00e9rsni\u00f0nar til a\u00f0 stu\u00f0la a\u00f0 langt\u00edma sj\u00e1lfb\u00e6rni \u00ed sj\u00e1var\u00fatvegi, sty\u00f0ja b\u00e6\u00f0i efnahagslega velmegun og umhverfisvernd.<\/p>\n<p>[\/vc_column_text][vc_custom_heading uncode_shortcode_id=&#8220;760336&#8243;]<\/p>\n<h4>V\u00f6rur Mustad Autoline eru fyrst og fremst framleiddar innanh\u00fass \u00ed Gj\u00f8vik &#8211; l\u00f3\u00f0r\u00e9tt sam\u00fe\u00e6tting<\/h4>\n<p>[\/vc_custom_heading][vc_column_text uncode_shortcode_id=&#8220;992404&#8243;]Framlei\u00f0sluferli Mustad Autoline fer fram innanh\u00fass \u00ed verksmi\u00f0jum okkar \u00ed Gj\u00f8vik. L\u00f3\u00f0r\u00e9tt sam\u00fe\u00e6tting gerir okkur kleift a\u00f0 vi\u00f0halda str\u00f6ngu eftirliti me\u00f0 \u00f6llum \u00fe\u00e1ttum framlei\u00f0slu, fr\u00e1 h\u00f6nnun til samsetningar, sem tryggir a\u00f0 v\u00f6rur okkar uppfylli str\u00f6ngustu kr\u00f6fur um frammist\u00f6\u00f0u og \u00e1rei\u00f0anleika. Me\u00f0 \u00fev\u00ed a\u00f0 halda framlei\u00f0slunni innanh\u00fass hl\u00faum vi\u00f0 a\u00f0 n\u00fdsk\u00f6pun og lipur\u00f0, sem gerir okkur kleift a\u00f0 breg\u00f0ast hratt vi\u00f0 kr\u00f6fum marka\u00f0arins og b\u00e6ta st\u00f6\u00f0ugt frambo\u00f0 okkar. \u00deessi n\u00e1lgun styrkir einnig getu okkar til a\u00f0 veita vi\u00f0skiptavinum okkar fram\u00farskarandi \u00fej\u00f3nustu og stu\u00f0ning, sem styrkir or\u00f0spor okkar sem trausts lei\u00f0toga \u00ed sj\u00e1lfvirkri l\u00ednuvei\u00f0at\u00e6kni.[\/vc_column_text][\/vc_column][\/vc_row][vc_row][vc_column width=&#8220;1\/1&#8243;][\/vc_column][\/vc_row]<\/p>\n<\/div>","protected":false},"excerpt":{"rendered":"<p>[vc_row row_height_percent=&#8220;0&#8243; overlay_alpha=&#8220;50&#8243; gutter_size=&#8220;3&#8243; column_width_use_pixel=&#8220;yes&#8220; shift_y=&#8220;0&#8243; z_index=&#8220;0&#8243; uncode_shortcode_id=&#8220;567332&#8243; column_width_pixel=&#8220;900&#8243;][vc_column width=&#8220;1\/1&#8243;][vc_custom_heading heading_semantic=&#8220;h1&#8243; text_size=&#8220;h1&#8243; uncode_shortcode_id=&#8220;571005&#8243;]Hver vi\u00f0 erum &#8211; Markmi\u00f0, framt\u00ed\u00f0ars\u00fdn og gildi[\/vc_custom_heading][vc_custom_heading [&hellip;]<\/p>\n","protected":false},"author":2,"featured_media":0,"parent":0,"menu_order":0,"comment_status":"closed","ping_status":"closed","template":"","meta":{"_acf_changed":false,"footnotes":""},"class_list":["post-1208","page","type-page","status-publish","hentry"],"acf":[],"_links":{"self":[{"href":"https:\/\/mustadautoline.com\/is\/wp-json\/wp\/v2\/pages\/1208","targetHints":{"allow":["GET"]}}],"collection":[{"href":"https:\/\/mustadautoline.com\/is\/wp-json\/wp\/v2\/pages"}],"about":[{"href":"https:\/\/mustadautoline.com\/is\/wp-json\/wp\/v2\/types\/page"}],"author":[{"embeddable":true,"href":"https:\/\/mustadautoline.com\/is\/wp-json\/wp\/v2\/users\/2"}],"replies":[{"embeddable":true,"href":"https:\/\/mustadautoline.com\/is\/wp-json\/wp\/v2\/comments?post=1208"}],"version-history":[{"count":0,"href":"https:\/\/mustadautoline.com\/is\/wp-json\/wp\/v2\/pages\/1208\/revisions"}],"wp:attachment":[{"href":"https:\/\/mustadautoline.com\/is\/wp-json\/wp\/v2\/media?parent=1208"}],"curies":[{"name":"wp","href":"https:\/\/api.w.org\/{rel}","templated":true}]}}