{"id":1209,"date":"2024-03-29T13:03:36","date_gmt":"2024-03-29T12:03:36","guid":{"rendered":"https:\/\/mustadautoline.com\/djupsjavar-vokvakerfi\/"},"modified":"2025-01-22T19:34:54","modified_gmt":"2025-01-22T18:34:54","slug":"djupsjavar-vokvakerfi","status":"publish","type":"page","link":"https:\/\/mustadautoline.com\/is\/djupsjavar-vokvakerfi\/","title":{"rendered":"Dj\u00fapsj\u00e1var v\u00f6kvakerfi"},"content":{"rendered":"<div class=\"wpb-content-wrapper\"><p>[vc_row][vc_column width=&#8220;1\/1&#8243;][vc_custom_heading heading_semantic=&#8220;h1&#8243; text_size=&#8220;h1&#8243; uncode_shortcode_id=&#8220;724017&#8243;]DeepSea v\u00f6kvakerfi[\/vc_custom_heading][\/vc_column][\/vc_row][vc_row][vc_column width=&#8220;1\/2&#8243;][vc_gallery el_id=&#8220;gallery-154184-deap&#8220; type=&#8220;carousel&#8220; medias=&#8220;370&#8243; carousel_lg=&#8220;1&#8243; carousel_md=&#8220;1&#8243; carousel_sm=&#8220;1&#8243; thumb_size=&#8220;four-three&#8220; gutter_size=&#8220;3&#8243; carousel_interval=&#8220;3000&#8243; carousel_navspeed=&#8220;400&#8243; carousel_loop=&#8220;yes&#8220; carousel_dots=&#8220;yes&#8220; stage_padding=&#8220;0&#8243; single_overlay_opacity=&#8220;50&#8243; single_padding=&#8220;2&#8243; uncode_shortcode_id=&#8220;120607&#8243;][\/vc_column][vc_column width=&#8220;1\/2&#8243;][vc_custom_heading heading_semantic=&#8220;h3&#8243; text_size=&#8220;h3&#8243; uncode_shortcode_id=&#8220;576078&#8243;]Afhent til nokkurra af hagkv\u00e6mustu l\u00ednub\u00e1tum heims me\u00f0 frysti[\/vc_custom_heading][vc_column_text text_lead=&#8220;yes&#8220; uncode_shortcode_id=&#8220;951911&#8243;]Mustad Autoline DeepSea v\u00f6kvakerfi\u00f0 er hanna\u00f0 fyrir nokkrar af skilvirkustu l\u00ednub\u00e1tum heims me\u00f0 frysti. S\u00e9rsni\u00f0in fyrir skip sem geta sett og dregi\u00f0 allt a\u00f0 80.000 kr\u00f3ka \u00e1 dag.<br \/>\n Me\u00f0 n\u00fdjustu \u00fer\u00f3un okkar heldur Mustad Autoline \u00e1fram a\u00f0 vera lei\u00f0andi valkostur fyrir l\u00ednub\u00e1ta um allan heim.[\/vc_column_text][uncode_list larger=&#8220;yes&#8220; icon=&#8220;fa fa-check-circle-o&#8220; uncode_shortcode_id=&#8220;720142&#8243;]<\/p>\n<ul>\n<li>N\u00e1\u00f0u h\u00e1um ar\u00f0semi af fj\u00e1rfestingu me\u00f0 aukinni framlei\u00f0ni<\/li>\n<li>Trygg\u00f0u n\u00e1kv\u00e6mni beitingar og h\u00e1tt beitupr\u00f3sentu<\/li>\n<li>Nota\u00f0u fleiri kr\u00f3ka me\u00f0 minni beitunotkun<\/li>\n<li>Skilvirk flutningur er lykillinn a\u00f0 auknum hagna\u00f0i<\/li>\n<li>Komdu me\u00f0 meiri g\u00e6\u00f0afisk \u00e1 marka\u00f0<\/li>\n<\/ul>\n<p>[\/uncode_list][vc_button button_color=&#8220;color-882395&#8243; border_width=&#8220;0&#8243; link=&#8220;url:https%3A%2F%2Fmustadautoline.com%2Fdeep-sea-hydraulic-systems%2F%23products|&#8220; uncode_shortcode_id=&#8220;156102&#8243; button_color_type=&#8220;uncode-palette&#8220;]V\u00f6rur okkar[\/vc_button][\/vc_column][\/vc_row][vc_row row_height_percent=&#8220;0&#8243; override_padding=&#8220;yes&#8220; h_padding=&#8220;2&#8243; top_padding=&#8220;4&#8243; bottom_padding=&#8220;4&#8243; back_color=&#8220;color-xsdn&#8220; overlay_alpha=&#8220;100&#8243; gutter_size=&#8220;100&#8243; column_width_percent=&#8220;100&#8243; shift_y=&#8220;0&#8243; z_index=&#8220;0&#8243; style=&#8220;inherited&#8220; uncode_shortcode_id=&#8220;592452&#8243; back_color_type=&#8220;uncode-palette&#8220;][vc_column column_width_percent=&#8220;100&#8243; align_horizontal=&#8220;align_center&#8220; gutter_size=&#8220;3&#8243; overlay_alpha=&#8220;50&#8243; shift_x=&#8220;0&#8243; shift_y=&#8220;0&#8243; shift_y_down=&#8220;0&#8243; z_index=&#8220;0&#8243; medium_width=&#8220;0&#8243; mobile_width=&#8220;0&#8243; width=&#8220;1\/1&#8243; uncode_shortcode_id=&#8220;172588&#8243;][vc_custom_heading heading_semantic=&#8220;h1&#8243; text_font=&#8220;font-125558&#8243; text_size=&#8220;h1&#8243; text_weight=&#8220;800&#8243; uncode_shortcode_id=&#8220;112438&#8243;]Vitnisbur\u00f0ur[\/vc_custom_heading][uncode_index el_id=&#8220;index-155886559054-dshs&#8220; isotope_mode=&#8220;fitRows&#8220; loop=&#8220;size:all|order_by:date|post_type:post|categories:13|tags:17|taxonomy_count:10&#8243; screen_lg=&#8220;1000&#8243; screen_md=&#8220;900&#8243; screen_sm=&#8220;480&#8243; filtering=&#8220;ajax&#8220; ajax_filters_content_block_id=&#8220;173&#8243; ajax_filters_layout=&#8220;horizontal&#8220; filters_widgets=&#8220;hidden&#8220; filter_typography=&#8220;inherit&#8220; active_filters=&#8220;right&#8220; clear_all=&#8220;show&#8220; gutter_size=&#8220;2&#8243; post_items=&#8220;media|featured|onpost|poster,category|colorbg|topright|display-icon,date,title,text|excerpt|84&#8243; page_items=&#8220;title,media,text,category&#8220; product_items=&#8220;title,media,text,category,price&#8220; portfolio_items=&#8220;title,media,text,category&#8220; footer_full_width=&#8220;yes&#8220; images_size=&#8220;three-two&#8220; single_back_color=&#8220;color-xsdn&#8220; single_shape=&#8220;round&#8220; radius=&#8220;xs&#8220; single_overlay_opacity=&#8220;50&#8243; single_overlay_anim=&#8220;no&#8220; single_text_visible=&#8220;yes&#8220; single_text_anim=&#8220;no&#8220; single_padding=&#8220;2&#8243; single_title_dimension=&#8220;h5&#8243; single_border=&#8220;yes&#8220; single_css_animation=&#8220;bottom-t-top&#8220; single_animation_delay=&#8220;200&#8243; single_half_padding=&#8220;&#8220; single_title_bold=&#8220;yes&#8220; single_title_serif=&#8220;&#8220; single_title_divider=&#8220;&#8220; single_no_background=&#8220;&#8220; items=&#8220;e30=&#8220; footer_position=&#8220;left&#8220; carousel_rtl=&#8220;&#8220; single_icon=&#8220;fa fa-plus2&#8243; filtering_transform=&#8220;uppercase&#8220; uncode_shortcode_id=&#8220;449882&#8243;][\/vc_column][\/vc_row][vc_row row_height_percent=&#8220;0&#8243; overlay_alpha=&#8220;50&#8243; gutter_size=&#8220;3&#8243; column_width_percent=&#8220;100&#8243; shift_y=&#8220;0&#8243; z_index=&#8220;0&#8243; uncode_shortcode_id=&#8220;110545&#8243; row_name=&#8220;products&#8220;][vc_column width=&#8220;1\/1&#8243;][vc_custom_heading uncode_shortcode_id=&#8220;588085&#8243;]V\u00f6rur[\/vc_custom_heading][uncode_index el_id=&#8220;index-111001-deap&#8220; loop=&#8220;size:50|order_by:date|post_type:products|tax_query:36|taxonomy_count:10&#8243; screen_lg=&#8220;1000&#8243; screen_md=&#8220;600&#8243; screen_sm=&#8220;480&#8243; gutter_size=&#8220;3&#8243; products_items=&#8220;media|featured|onpost|original,title,text|excerpt|60&#8243; single_back_color=&#8220;color-lxmt&#8220; single_overlay_opacity=&#8220;50&#8243; single_padding=&#8220;2&#8243; single_title_family=&#8220;font-125558&#8243; single_title_dimension=&#8220;h4&#8243; uncode_shortcode_id=&#8220;700036&#8243;][\/vc_column][\/vc_row]<\/p>\n<\/div>","protected":false},"excerpt":{"rendered":"<p>[vc_row][vc_column width=&#8220;1\/1&#8243;][vc_custom_heading heading_semantic=&#8220;h1&#8243; text_size=&#8220;h1&#8243; uncode_shortcode_id=&#8220;724017&#8243;]DeepSea v\u00f6kvakerfi[\/vc_custom_heading][\/vc_column][\/vc_row][vc_row][vc_column width=&#8220;1\/2&#8243;][vc_gallery el_id=&#8220;gallery-154184-deap&#8220; type=&#8220;carousel&#8220; medias=&#8220;370&#8243; carousel_lg=&#8220;1&#8243; carousel_md=&#8220;1&#8243; carousel_sm=&#8220;1&#8243; thumb_size=&#8220;four-three&#8220; gutter_size=&#8220;3&#8243; carousel_interval=&#8220;3000&#8243; carousel_navspeed=&#8220;400&#8243; carousel_loop=&#8220;yes&#8220; carousel_dots=&#8220;yes&#8220; stage_padding=&#8220;0&#8243; [&hellip;]<\/p>\n","protected":false},"author":1,"featured_media":0,"parent":0,"menu_order":0,"comment_status":"closed","ping_status":"closed","template":"","meta":{"_acf_changed":false,"footnotes":""},"class_list":["post-1209","page","type-page","status-publish","hentry"],"acf":[],"_links":{"self":[{"href":"https:\/\/mustadautoline.com\/is\/wp-json\/wp\/v2\/pages\/1209","targetHints":{"allow":["GET"]}}],"collection":[{"href":"https:\/\/mustadautoline.com\/is\/wp-json\/wp\/v2\/pages"}],"about":[{"href":"https:\/\/mustadautoline.com\/is\/wp-json\/wp\/v2\/types\/page"}],"author":[{"embeddable":true,"href":"https:\/\/mustadautoline.com\/is\/wp-json\/wp\/v2\/users\/1"}],"replies":[{"embeddable":true,"href":"https:\/\/mustadautoline.com\/is\/wp-json\/wp\/v2\/comments?post=1209"}],"version-history":[{"count":0,"href":"https:\/\/mustadautoline.com\/is\/wp-json\/wp\/v2\/pages\/1209\/revisions"}],"wp:attachment":[{"href":"https:\/\/mustadautoline.com\/is\/wp-json\/wp\/v2\/media?parent=1209"}],"curies":[{"name":"wp","href":"https:\/\/api.w.org\/{rel}","templated":true}]}}