{"id":1211,"date":"2024-05-13T15:53:14","date_gmt":"2024-05-13T13:53:14","guid":{"rendered":"https:\/\/mustadautoline.com\/personuverndarstefna\/"},"modified":"2025-01-22T19:34:54","modified_gmt":"2025-01-22T18:34:54","slug":"personuverndarstefna","status":"publish","type":"page","link":"https:\/\/mustadautoline.com\/is\/personuverndarstefna\/","title":{"rendered":"Pers\u00f3nuverndarstefna"},"content":{"rendered":"<div class=\"wpb-content-wrapper\"><p>[vc_row unlock_row_content=&#8220;yes&#8220; row_height_percent=&#8220;0&#8243; override_padding=&#8220;yes&#8220; h_padding=&#8220;0&#8243; top_padding=&#8220;0&#8243; bottom_padding=&#8220;1&#8243; back_image=&#8220;111&#8243; overlay_alpha=&#8220;50&#8243; gutter_size=&#8220;3&#8243; column_width_percent=&#8220;100&#8243; shift_y=&#8220;0&#8243; z_index=&#8220;0&#8243; uncode_shortcode_id=&#8220;353619&#8243; row_height_pixel=&#8220;400&#8243;][vc_column width=&#8220;1\/1&#8243;][\/vc_column][\/vc_row][vc_row row_height_percent=&#8220;0&#8243; overlay_alpha=&#8220;50&#8243; gutter_size=&#8220;3&#8243; column_width_use_pixel=&#8220;yes&#8220; shift_y=&#8220;0&#8243; z_index=&#8220;0&#8243; uncode_shortcode_id=&#8220;968451&#8243; column_width_pixel=&#8220;900&#8243;][vc_column width=&#8220;1\/1&#8243;][vc_custom_heading heading_semantic=&#8220;h1&#8243; text_font=&#8220;font-125558&#8243; text_size=&#8220;h1&#8243; text_weight=&#8220;400&#8243; uncode_shortcode_id=&#8220;472614&#8243;]Pers\u00f3nuverndarstefna[\/vc_custom_heading][vc_custom_heading uncode_shortcode_id=&#8220;307018&#8243;]<\/p>\n<h3>Mustad Autolines skuldbinding til gagnaverndar<\/h3>\n<p>[\/vc_custom_heading][vc_column_text uncode_shortcode_id=&#8220;165991&#8243;]<strong>Skuldbinding Mustad Autoline um pers\u00f3nuvernd gagna<\/strong><\/p>\n<p>\u00deessi vefs\u00ed\u00f0a er veitt af Mustad Autoline AS (norsk stofnun nr. 986 593 268), PB41, 2801 Gj\u00f8vik, Noregi. A\u00f0 vernda pers\u00f3nuuppl\u00fdsingar \u00fe\u00ednar og tryggja \u00f6ryggi \u00feeirra er \u00e1fram forgangsverkefni Mustad Autoline. Vi\u00f0 erum sta\u00f0r\u00e1\u00f0in \u00ed a\u00f0 fara a\u00f0 \u00f6llum vi\u00f0eigandi l\u00f6gum, \u00fear \u00e1 me\u00f0al almennu gagnaverndarregluger\u00f0 ESB (GDPR), til a\u00f0 vernda fri\u00f0helgi \u00fe\u00edna og vernda g\u00f6gnin \u00fe\u00edn.<\/p>\n<p><strong>Gagnaeftirlitsa\u00f0ili<\/strong><\/p>\n<p>Mustad Autoline AS er \u00e1byrg\u00f0ara\u00f0ili vinnslu pers\u00f3nuuppl\u00fdsinga \u00e1 \u00feessari vefs\u00ed\u00f0u (s\u00ed\u00f0u). Vi\u00f0 vir\u00f0um fri\u00f0helgi \u00fe\u00edna og munum vinna \u00far pers\u00f3nuuppl\u00fdsingum \u00ed samr\u00e6mi vi\u00f0 GDPR. \u00deessi pers\u00f3nuverndarstefna \u00fatlistar hvers konar g\u00f6gn vi\u00f0 s\u00f6fnum, hvers vegna vi\u00f0 s\u00f6fnum \u00feeim, hvernig vi\u00f0 notum \u00feau og r\u00e9ttindi \u00fe\u00edn var\u00f0andi a\u00f0gang, lei\u00f0r\u00e9ttingu og notkun \u00e1 pers\u00f3nuuppl\u00fdsingunum \u00fe\u00ednum. <\/p>\n<h3>S\u00f6fnun og vinnsla pers\u00f3nuuppl\u00fdsinga<\/h3>\n<p>\u00deegar \u00fe\u00fa heims\u00e6kir s\u00ed\u00f0una okkar eru almennar, \u00f3greinanlegar uppl\u00fdsingar var\u00f0veittar og unnar af Mustad Autoline. Vi\u00f0 g\u00e6tum einnig safna\u00f0 samans\u00f6fnu\u00f0um e\u00f0a nafnlausum g\u00f6gnum fr\u00e1 notendavirkni til a\u00f0 b\u00e6ta eiginleika og virkni vefs\u00ed\u00f0u okkar. Vi\u00f0 s\u00f6fnum ekki pers\u00f3nuuppl\u00fdsingum eins og nafni \u00fe\u00ednu, heimilisfangi, s\u00edman\u00fameri e\u00f0a netfangi nema \u00fe\u00fa gefur \u00fea\u00f0 upp af f\u00fasum og frj\u00e1lsum vilja (td me\u00f0 \u00fev\u00ed a\u00f0 fylla \u00fat tengili\u00f0aey\u00f0ubl\u00f6\u00f0 e\u00f0a koma me\u00f0 athugasemdir). Allar pers\u00f3nuuppl\u00fdsingar sem gefnar eru upp af f\u00fasum og frj\u00e1lsum vilja eru unnar af Mustad Autoline e\u00f0a hlutdeildarf\u00e9l\u00f6gum \u00feess eftir \u00fev\u00ed hva\u00f0a hluta vefs\u00ed\u00f0unnar \u00fe\u00fa ert a\u00f0 fara \u00e1.  <\/p>\n<h3>Tilgangur me\u00f0 notkun<\/h3>\n<p>\u00deegar \u00fe\u00fa gefur upp pers\u00f3nuuppl\u00fdsingar af f\u00fasum og frj\u00e1lsum vilja eru \u00fe\u00e6r almennt nota\u00f0ar \u00ed eftirfarandi tilgangi:<\/p>\n<ul>\n<li>Til a\u00f0 svara fyrirspurnum \u00fe\u00ednum.<\/li>\n<li>Til a\u00f0 vinna \u00far p\u00f6ntunum \u00fe\u00ednum e\u00f0a veita a\u00f0gang a\u00f0 tilteknum uppl\u00fdsingum e\u00f0a tilbo\u00f0um.<\/li>\n<li>Til a\u00f0 auka vi\u00f0skiptatengsl okkar me\u00f0 \u00fev\u00ed a\u00f0 skilja \u00fearfir fyrirt\u00e6kisins og b\u00e6ta v\u00f6rur okkar og \u00fej\u00f3nustu.<\/li>\n<\/ul>\n<p>Vi\u00f0 g\u00e6tum deilt pers\u00f3nulegum g\u00f6gnum \u00fe\u00ednum innan Mustad Autoline a\u00f0ila til a\u00f0 sty\u00f0ja vi\u00f0 vi\u00f0skipta\u00fearfir \u00fe\u00ednar, e\u00f0a vi\u00f0 g\u00e6tum haft samband vi\u00f0 \u00feig var\u00f0andi Mustad Autoline tilbo\u00f0. Vi\u00f0 seljum ekki e\u00f0a deilum pers\u00f3nuuppl\u00fdsingum \u00fe\u00ednum me\u00f0 \u00feri\u00f0ja a\u00f0ila \u00ed eigin marka\u00f0stilgangi og vi\u00f0 geymum pers\u00f3nuuppl\u00fdsingar \u00fe\u00ednar a\u00f0eins eins lengi og nau\u00f0synlegt er til a\u00f0 uppfylla tilganginn sem \u00feeim var safna\u00f0 \u00ed. <\/p>\n<h3>Takm\u00f6rkun \u00e1 tilgangi<\/h3>\n<p>Mustad Autoline mun a\u00f0eins safna, nota e\u00f0a birta pers\u00f3nuuppl\u00fdsingar \u00ed \u00feeim tilgangi sem \u00fe\u00e9r er tilkynnt, nema \u00feegar eftirfarandi \u00e1 vi\u00f0:<\/p>\n<ul>\n<li>G\u00f6gnin eru notu\u00f0 \u00ed bein tengdum vi\u00f0b\u00f3tartilgangi.<\/li>\n<li>\u00dea\u00f0 er nau\u00f0synlegt a\u00f0 undirb\u00faa, semja e\u00f0a framkv\u00e6ma samning vi\u00f0 \u00feig.<\/li>\n<li>Krafist samkv\u00e6mt l\u00f6gum e\u00f0a \u00fear til b\u00e6ru stj\u00f3rnvaldi e\u00f0a d\u00f3msm\u00e1layfirv\u00f6ldum.<\/li>\n<li>Nau\u00f0synlegt til a\u00f0 koma \u00e1 f\u00f3t e\u00f0a var\u00f0veita lagakr\u00f6fu e\u00f0a v\u00f6rn.<\/li>\n<li>Nau\u00f0synlegt til a\u00f0 koma \u00ed veg fyrir svik e\u00f0a \u00f3l\u00f6glega starfsemi (td net\u00e1r\u00e1sir).<\/li>\n<\/ul>\n<h3>\u00d3pers\u00f3nulegum g\u00f6gnum safna\u00f0 sj\u00e1lfkrafa<\/h3>\n<p>Vi\u00f0 kunnum a\u00f0 safna \u00f3pers\u00f3nulegum g\u00f6gnum sj\u00e1lfkrafa (td tegund vafra, st\u00fdrikerfi, l\u00e9n, fj\u00f6ldi heims\u00f3kna, me\u00f0alt\u00edmi sem vari\u00f0 er \u00e1 s\u00ed\u00f0unni og sko\u00f0a\u00f0ar s\u00ed\u00f0ur). \u00deessi g\u00f6gn eru notu\u00f0 til a\u00f0 b\u00e6ta \u00e1rangur og innihald vefs\u00ed\u00f0unnar okkar og fars\u00edmaforrita. Vi\u00f0 g\u00e6tum deilt sl\u00edkum uppl\u00fdsingum me\u00f0 al\u00fej\u00f3\u00f0legum hlutdeildarf\u00e9l\u00f6gum okkar.  <\/p>\n<h3>Google Analytics<\/h3>\n<p>Vi\u00f0 notum Google Analytics til a\u00f0 greina umfer\u00f0 \u00e1 vefsv\u00e6\u00f0i og skilja hvernig gestir taka \u00fe\u00e1tt \u00ed vefs\u00ed\u00f0unni okkar. \u00deetta hj\u00e1lpar okkur a\u00f0 b\u00e6ta notendaupplifun og virkni s\u00ed\u00f0unnar. <\/p>\n<h3>Vafrak\u00f6kur \u2013 Uppl\u00fdsingar vista\u00f0ar sj\u00e1lfkrafa \u00e1 t\u00f6lvunni \u00feinni<\/h3>\n<p>Vafrak\u00f6kur eru litlar skr\u00e1r sem eru geymdar \u00e1 t\u00f6lvunni \u00feinni e\u00f0a fart\u00e6ki sem hj\u00e1lpa vefs\u00ed\u00f0um a\u00f0 muna kj\u00f6rstillingar \u00fe\u00ednar (td innskr\u00e1ningaruppl\u00fdsingar, tungum\u00e1lastillingar). \u00de\u00fa getur stillt vafrann \u00feinn til a\u00f0 loka \u00e1 vafrak\u00f6kur, ey\u00f0a \u00feeim e\u00f0a f\u00e1 tilkynningu \u00e1\u00f0ur en vafrakaka er geymd. Sl\u00f6kkt \u00e1 vafrak\u00f6kum getur haft \u00e1hrif \u00e1 upplifun \u00fe\u00edna \u00e1 s\u00ed\u00f0unni okkar.  <\/p>\n<h3>Samn\u00fdting pers\u00f3nuuppl\u00fdsinga<\/h3>\n<p>\u00deegar \u00fe\u00fa hefur samband vi\u00f0 okkur \u00ed gegnum ey\u00f0ubl\u00f6\u00f0 \u00e1 vefs\u00ed\u00f0u okkar g\u00e6tum vi\u00f0 deilt pers\u00f3nulegum g\u00f6gnum \u00fe\u00ednum me\u00f0 \u00f6\u00f0rum Mustad Autoline a\u00f0ilum til a\u00f0 svara fyrirspurn \u00feinni. Vi\u00f0 g\u00e6tum einnig deilt samans\u00f6fnu\u00f0um e\u00f0a nafnlausum g\u00f6gnum me\u00f0 \u00f6\u00f0rum til a\u00f0 varpa lj\u00f3si \u00e1 \u00fer\u00f3un e\u00f0a mynstur, en pers\u00f3nuuppl\u00fdsingar \u00fe\u00ednar ver\u00f0a ekki seldar e\u00f0a deilt me\u00f0 \u00f3tengdum \u00feri\u00f0ja a\u00f0ila \u00ed marka\u00f0stilgangi \u00feeirra. <\/p>\n<h3>Tenglar \u00e1 a\u00f0rar vefs\u00ed\u00f0ur<\/h3>\n<p>Vefs\u00ed\u00f0an okkar og fars\u00edmaforrit geta innihaldi\u00f0 tengla \u00e1 a\u00f0rar vefs\u00ed\u00f0ur. Mustad Autoline ber ekki \u00e1byrg\u00f0 \u00e1 pers\u00f3nuverndarh\u00e1ttum e\u00f0a innihaldi ytri vefs\u00ed\u00f0na. <\/p>\n<h3>Uppl\u00fdsinga\u00f6ryggi<\/h3>\n<p>Vi\u00f0 innlei\u00f0um t\u00e6knilegar og skipulagslegar \u00f6ryggisr\u00e1\u00f0stafanir til a\u00f0 vernda pers\u00f3nuuppl\u00fdsingar \u00fe\u00ednar fyrir \u00f3vi\u00f0komandi a\u00f0gangi, tapi e\u00f0a misnotkun.<\/p>\n<h3>R\u00e9ttindi \u00fe\u00edn<\/h3>\n<p>\u00de\u00fa \u00e1tt r\u00e9tt \u00e1 a\u00f0 bi\u00f0ja um uppl\u00fdsingar um \u00fe\u00e6r pers\u00f3nuuppl\u00fdsingar sem vi\u00f0 vinnum um \u00feig. \u00de\u00fa getur l\u00edka fari\u00f0 fram \u00e1 a\u00f0 \u00f6ll r\u00f6ng g\u00f6gn ver\u00f0i lei\u00f0r\u00e9tt, \u00f3\u00fearfa g\u00f6gnum eytt e\u00f0a of miklum g\u00f6gnum loka\u00f0. A\u00f0 auki getur\u00f0u lagt fram kv\u00f6rtun til Pers\u00f3nuverndar r\u00edkisins.  <\/p>\n<h3>Spurningar og athugasemdir<\/h3>\n<p>Ef \u00fe\u00fa hefur einhverjar spurningar e\u00f0a athugasemdir um pers\u00f3nuverndarstefnu Mustad Autoline, vinsamlegast haf\u00f0u samband vi\u00f0 okkur \u00ed gegnum \u201eHaf\u00f0u samband vi\u00f0 s\u00f6lu- og \u00fej\u00f3nustudeild\u201c \u00e1 vefs\u00ed\u00f0u okkar. Eins og interneti\u00f0 \u00fer\u00f3ast mun pers\u00f3nuverndarstefna okkar einnig ver\u00f0a og vi\u00f0 munum birta allar breytingar \u00e1 \u00feessari s\u00ed\u00f0u. <strong>Gildist\u00edmi:<\/strong> jan\u00faar 2025 <\/p>\n<p>[\/vc_column_text][\/vc_column][\/vc_row]<\/p>\n<\/div>","protected":false},"excerpt":{"rendered":"<p>[vc_row unlock_row_content=&#8220;yes&#8220; row_height_percent=&#8220;0&#8243; override_padding=&#8220;yes&#8220; h_padding=&#8220;0&#8243; top_padding=&#8220;0&#8243; bottom_padding=&#8220;1&#8243; back_image=&#8220;111&#8243; overlay_alpha=&#8220;50&#8243; gutter_size=&#8220;3&#8243; column_width_percent=&#8220;100&#8243; shift_y=&#8220;0&#8243; z_index=&#8220;0&#8243; uncode_shortcode_id=&#8220;353619&#8243; row_height_pixel=&#8220;400&#8243;][vc_column width=&#8220;1\/1&#8243;][\/vc_column][\/vc_row][vc_row row_height_percent=&#8220;0&#8243; overlay_alpha=&#8220;50&#8243; gutter_size=&#8220;3&#8243; column_width_use_pixel=&#8220;yes&#8220; [&hellip;]<\/p>\n","protected":false},"author":2,"featured_media":0,"parent":0,"menu_order":0,"comment_status":"closed","ping_status":"closed","template":"","meta":{"_acf_changed":false,"footnotes":""},"class_list":["post-1211","page","type-page","status-publish","hentry"],"acf":[],"_links":{"self":[{"href":"https:\/\/mustadautoline.com\/is\/wp-json\/wp\/v2\/pages\/1211","targetHints":{"allow":["GET"]}}],"collection":[{"href":"https:\/\/mustadautoline.com\/is\/wp-json\/wp\/v2\/pages"}],"about":[{"href":"https:\/\/mustadautoline.com\/is\/wp-json\/wp\/v2\/types\/page"}],"author":[{"embeddable":true,"href":"https:\/\/mustadautoline.com\/is\/wp-json\/wp\/v2\/users\/2"}],"replies":[{"embeddable":true,"href":"https:\/\/mustadautoline.com\/is\/wp-json\/wp\/v2\/comments?post=1211"}],"version-history":[{"count":0,"href":"https:\/\/mustadautoline.com\/is\/wp-json\/wp\/v2\/pages\/1211\/revisions"}],"wp:attachment":[{"href":"https:\/\/mustadautoline.com\/is\/wp-json\/wp\/v2\/media?parent=1211"}],"curies":[{"name":"wp","href":"https:\/\/api.w.org\/{rel}","templated":true}]}}