{"id":1213,"date":"2024-03-29T12:55:26","date_gmt":"2024-03-29T11:55:26","guid":{"rendered":"https:\/\/mustadautoline.com\/deep-sea-e-line-systems\/"},"modified":"2026-05-11T10:28:26","modified_gmt":"2026-05-11T08:28:26","slug":"deep-sea-e-line-systems","status":"publish","type":"page","link":"https:\/\/mustadautoline.com\/is\/deep-sea-e-line-systems\/","title":{"rendered":"Mustad Autoline E-l\u00ednukerfi\u00f0"},"content":{"rendered":"<div class=\"wpb-content-wrapper\"><p>[vc_row row_height_percent=&#8220;0&#8243; overlay_alpha=&#8220;50&#8243; gutter_size=&#8220;3&#8243; column_width_percent=&#8220;100&#8243; shift_y=&#8220;0&#8243; z_index=&#8220;0&#8243; uncode_shortcode_id=&#8220;420554&#8243;][vc_column width=&#8220;1\/1&#8243;][vc_custom_heading heading_semantic=&#8220;h1&#8243; text_size=&#8220;h1&#8243; uncode_shortcode_id=&#8220;143852&#8243;]Mustad Autoline E-LINE kerfi[\/vc_custom_heading][\/vc_column][\/vc_row][vc_row row_height_percent=&#8220;0&#8243; overlay_alpha=&#8220;50&#8243; gutter_size=&#8220;3&#8243; column_width_percent=&#8220;100&#8243; shift_y=&#8220;0&#8243; z_index=&#8220;0&#8243; uncode_shortcode_id=&#8220;420554&#8243;][vc_column width=&#8220;1\/2&#8243;][vc_gallery el_id=&#8220;gallery-1388636&#8243; type=&#8220;carousel&#8220; medias=&#8220;1225,1215&#8243; carousel_lg=&#8220;1&#8243; carousel_md=&#8220;1&#8243; carousel_sm=&#8220;1&#8243; thumb_size=&#8220;four-three&#8220; gutter_size=&#8220;3&#8243; carousel_interval=&#8220;5000&#8243; carousel_navspeed=&#8220;400&#8243; carousel_loop=&#8220;yes&#8220; carousel_dots=&#8220;yes&#8220; stage_padding=&#8220;0&#8243; single_overlay_opacity=&#8220;50&#8243; single_padding=&#8220;2&#8243; uncode_shortcode_id=&#8220;175944&#8243;][\/vc_column][vc_column width=&#8220;1\/2&#8243;][vc_custom_heading heading_semantic=&#8220;h3&#8243; text_size=&#8220;h3&#8243; uncode_shortcode_id=&#8220;971203&#8243;]Hanna\u00f0 til a\u00f0 n\u00fdta n\u00fdja t\u00e6kni og auka rekstrarhagkv\u00e6mni[\/vc_custom_heading][vc_column_text text_lead=&#8220;yes&#8220; uncode_shortcode_id=&#8220;168483&#8243;]<\/p>\n<p data-start=\"0\" data-end=\"341\">Mustad Autoline E-Line kerfi\u00f0 er hanna\u00f0 til a\u00f0 h\u00e1marka rekstrarhagkv\u00e6mni og sty\u00f0ja vi\u00f0 loftslagshlutlausa framt\u00ed\u00f0 og t\u00e1knar n\u00fdja kynsl\u00f3\u00f0 sj\u00e1lfb\u00e6rrar sj\u00e1lfvirkrar flutningst\u00e6kni. Kerfi\u00f0 er me\u00f0 rafkn\u00fanum \u00edhlutum og snjallri PLC-st\u00fdringu og b\u00fd\u00f0ur upp \u00e1 \u00f3a\u00f0finnanlega sam\u00fe\u00e6ttingu, skilvirka notkun og aukna \u00e1rei\u00f0anleika. <\/p>\n<p data-start=\"343\" data-end=\"595\" data-is-last-node=\"\" data-is-only-node=\"\">E-Line kerfi\u00f0 er s\u00e9rsm\u00ed\u00f0a\u00f0 fyrir hvert skip og getur lagt og dregi\u00f0 fr\u00e1 3.000 upp \u00ed meira en 80.000 kr\u00f3ka \u00e1 dag. Me\u00f0 \u00fev\u00ed a\u00f0 sameina h\u00e1\u00fer\u00f3a\u00f0a sj\u00e1lfvirkni, pl\u00e1sssparandi h\u00f6nnun og minni umhverfis\u00e1hrif setur \u00fea\u00f0 h\u00e1leit sta\u00f0al fyrir n\u00fat\u00edma l\u00ednuvei\u00f0ar. <\/p>\n<p>[\/vc_column_text][vc_button button_color=&#8220;color-882395&#8243; border_width=&#8220;0&#8243; link=&#8220;url:https%3A%2F%2Fmustadautoline.com%2Fis%2Fdeep-sea-e-line-systems%2F%23products|&#8220; button_color_type=&#8220;uncode-palette&#8220; uncode_shortcode_id=&#8220;114730&#8243;]V\u00f6rur okkar[\/vc_button][\/vc_column][\/vc_row][vc_row][vc_column width=&#8220;1\/4&#8243;][vc_single_image media=&#8220;2291&#8243; media_width_percent=&#8220;100&#8243; uncode_shortcode_id=&#8220;257334&#8243;][\/vc_column][vc_column width=&#8220;3\/4&#8243;][vc_column_text uncode_shortcode_id=&#8220;306179&#8243;]<\/p>\n<ul>\n<li data-section-id=\"186674l\" data-start=\"168\" data-end=\"377\"><strong data-start=\"3\" data-end=\"60\" data-is-only-node=\"\">Snjall kerfissamskipti fyrir snjallari rekstur<\/strong><br data-start=\"60\" data-end=\"63\"\/> \u00cdtarleg sj\u00e1lfvirkni og snjallt samspil kerfis\u00fe\u00e1tta h\u00e1marka afk\u00f6st, b\u00e6ta skilvirkni vinnufl\u00e6\u00f0is og sty\u00f0ja vi\u00f0 \u00f6ruggari og \u00e1rei\u00f0anlegri vei\u00f0ar.<\/li>\n<li data-section-id=\"186674l\" data-start=\"168\" data-end=\"377\"><strong data-start=\"171\" data-end=\"219\">Rafmagnst\u00e6kni fyrir hreinni framt\u00ed\u00f0<\/strong><br data-start=\"219\" data-end=\"222\"\/> Minnka\u00f0u eldsneytisnotkun, notkun v\u00f6kvaol\u00edu, h\u00e1va\u00f0a og \u00fatbl\u00e1stur me\u00f0 h\u00e1\u00fer\u00f3a\u00f0ri rafkn\u00fainni sj\u00e1lfst\u00fdringart\u00e6kni.<\/li>\n<li data-section-id=\"1o7ks52\" data-start=\"379\" data-end=\"595\"><strong data-start=\"382\" data-end=\"430\">Vei\u00f0a meiri fisk me\u00f0 kraftmikilli spennust\u00fdringu<\/strong><br data-start=\"430\" data-end=\"433\"\/> Snjall a\u00f0l\u00f6gunarh\u00e6f uppdr\u00e1ttarkerfi heldur l\u00ednuspennunni st\u00f6\u00f0ugri \u00ed \u00f3lgusj\u00f3 \u2014 dregur \u00far fisktapi og eykur afli.<\/li>\n<li data-section-id=\"h7zt67\" data-start=\"597\" data-end=\"768\"><strong data-start=\"600\" data-end=\"638\">Tekur vi\u00f0 allt a\u00f0 80.000 kr\u00f3kum \u00e1 dag<\/strong><br data-start=\"638\" data-end=\"641\"\/> Mikil afk\u00f6st h\u00f6nnu\u00f0 fyrir krefjandi langl\u00ednuvei\u00f0ar \u00ed heimi.<\/li>\n<li data-section-id=\"k2rgyz\" data-start=\"770\" data-end=\"991\"><strong data-start=\"773\" data-end=\"818\">R\u00f3legri \u00feilfar. Betra vinnuumhverfi. <\/strong><br data-start=\"818\" data-end=\"821\">Rafkn\u00fain stj\u00f3rnun dregur verulega \u00far titringi og h\u00e1va\u00f0a, sem skapar \u00f6ruggari og \u00fe\u00e6gilegri vinnuskilyr\u00f0i fyrir \u00e1h\u00f6fnina.<\/li>\n<li data-section-id=\"vchbyo\" data-start=\"993\" data-end=\"1218\"><strong data-start=\"996\" data-end=\"1039\">Snjall, tengd, sp\u00e1t\u00e6kni<\/strong><br data-start=\"1039\" data-end=\"1042\"\/> PLC-st\u00fdringar, kerfisv\u00f6ktun \u00ed raunt\u00edma, fjargreiningar og fyrirbyggjandi vi\u00f0hald h\u00e1marka spennt\u00edma og rekstrar\u00f6ryggi.<\/li>\n<\/ul>\n<p>[\/vc_column_text][\/vc_column][\/vc_row][vc_row row_height_percent=&#8220;0&#8243; back_color=&#8220;color-gyho&#8220; overlay_alpha=&#8220;50&#8243; gutter_size=&#8220;3&#8243; column_width_percent=&#8220;100&#8243; shift_y=&#8220;0&#8243; z_index=&#8220;0&#8243; content_parallax=&#8220;0&#8243; uncode_shortcode_id=&#8220;121765&#8243; back_color_type=&#8220;uncode-palette&#8220;][vc_column width=&#8220;1\/2&#8243;][vc_column_text uncode_shortcode_id=&#8220;148912&#8243;]<\/p>\n<h3>LORAN, St\u00e5le Dyb; <em>\u201eVi\u00f0 f\u00e1um st\u00e6rri afla og l\u00e6kkum eldsneytiskostna\u00f0 me\u00f0 Mustad Autoline E-Line kerfinu\u201c<\/em><\/h3>\n<p>[\/vc_column_text][\/vc_column][vc_column width=&#8220;1\/2&#8243;][vc_single_image media=&#8220;287&#8243; media_width_percent=&#8220;100&#8243; shape=&#8220;img-round&#8220; uncode_shortcode_id=&#8220;132513&#8243;][\/vc_column][\/vc_row][vc_row row_height_percent=&#8220;0&#8243; override_padding=&#8220;yes&#8220; h_padding=&#8220;2&#8243; top_padding=&#8220;4&#8243; bottom_padding=&#8220;4&#8243; back_color=&#8220;color-xsdn&#8220; overlay_alpha=&#8220;100&#8243; gutter_size=&#8220;100&#8243; column_width_percent=&#8220;100&#8243; shift_y=&#8220;0&#8243; z_index=&#8220;0&#8243; style=&#8220;inherited&#8220; uncode_shortcode_id=&#8220;592452&#8243; back_color_type=&#8220;uncode-palette&#8220;][vc_column column_width_percent=&#8220;100&#8243; align_horizontal=&#8220;align_center&#8220; gutter_size=&#8220;3&#8243; overlay_alpha=&#8220;50&#8243; shift_x=&#8220;0&#8243; shift_y=&#8220;0&#8243; shift_y_down=&#8220;0&#8243; z_index=&#8220;0&#8243; medium_width=&#8220;0&#8243; mobile_width=&#8220;0&#8243; width=&#8220;1\/1&#8243; uncode_shortcode_id=&#8220;172588&#8243;][vc_custom_heading heading_semantic=&#8220;h1&#8243; text_font=&#8220;font-125558&#8243; text_size=&#8220;h1&#8243; text_weight=&#8220;800&#8243; uncode_shortcode_id=&#8220;112438&#8243;]Vitnisbur\u00f0ur[\/vc_custom_heading][uncode_index el_id=&#8220;index-15588655905&#8243; isotope_mode=&#8220;fitRows&#8220; loop=&#8220;size:all|order_by:date|post_type:post|categories:13|tags:14|taxonomy_count:10&#8243; screen_lg=&#8220;1000&#8243; screen_md=&#8220;900&#8243; screen_sm=&#8220;480&#8243; filtering=&#8220;ajax&#8220; ajax_filters_content_block_id=&#8220;173&#8243; ajax_filters_layout=&#8220;horizontal&#8220; filters_widgets=&#8220;hidden&#8220; filter_typography=&#8220;inherit&#8220; active_filters=&#8220;right&#8220; clear_all=&#8220;show&#8220; gutter_size=&#8220;2&#8243; post_items=&#8220;media|featured|onpost|poster,category|colorbg|topright|display-icon,date,title,text|excerpt|84&#8243; page_items=&#8220;title,media,text,category&#8220; product_items=&#8220;title,media,text,category,price&#8220; portfolio_items=&#8220;title,media,text,category&#8220; footer_full_width=&#8220;yes&#8220; images_size=&#8220;three-two&#8220; single_back_color=&#8220;color-xsdn&#8220; single_shape=&#8220;round&#8220; radius=&#8220;xs&#8220; single_overlay_opacity=&#8220;50&#8243; single_overlay_anim=&#8220;no&#8220; single_text_visible=&#8220;yes&#8220; single_text_anim=&#8220;no&#8220; single_padding=&#8220;2&#8243; single_title_dimension=&#8220;h5&#8243; single_border=&#8220;yes&#8220; single_css_animation=&#8220;bottom-t-top&#8220; single_animation_delay=&#8220;200&#8243; single_half_padding=&#8220;&#8220; single_title_bold=&#8220;yes&#8220; single_title_serif=&#8220;&#8220; single_title_divider=&#8220;&#8220; single_no_background=&#8220;&#8220; items=&#8220;e30=&#8220; footer_position=&#8220;left&#8220; carousel_rtl=&#8220;&#8220; single_icon=&#8220;fa fa-plus2&#8243; filtering_transform=&#8220;uppercase&#8220; uncode_shortcode_id=&#8220;213236&#8243;][\/vc_column][\/vc_row][vc_row row_height_percent=&#8220;0&#8243; overlay_alpha=&#8220;50&#8243; gutter_size=&#8220;3&#8243; column_width_percent=&#8220;100&#8243; shift_y=&#8220;0&#8243; z_index=&#8220;0&#8243; uncode_shortcode_id=&#8220;191872&#8243; row_name=&#8220;products&#8220;][vc_column width=&#8220;1\/1&#8243;][vc_custom_heading uncode_shortcode_id=&#8220;183450&#8243;]V\u00f6rur[\/vc_custom_heading][uncode_index el_id=&#8220;index-325336&#8243; loop=&#8220;size:30|order_by:date|post_type:products|tax_query:8|taxonomy_count:10&#8243; screen_lg=&#8220;1000&#8243; screen_md=&#8220;600&#8243; screen_sm=&#8220;480&#8243; gutter_size=&#8220;3&#8243; products_items=&#8220;media|featured|onpost|original,title,text|excerpt|60&#8243; single_back_color=&#8220;color-lxmt&#8220; single_overlay_opacity=&#8220;50&#8243; single_padding=&#8220;2&#8243; single_title_family=&#8220;font-125558&#8243; single_title_dimension=&#8220;h4&#8243; uncode_shortcode_id=&#8220;205554&#8243;][\/vc_column][\/vc_row]<\/p>\n<\/div>","protected":false},"excerpt":{"rendered":"<p>[vc_row row_height_percent=&#8220;0&#8243; overlay_alpha=&#8220;50&#8243; gutter_size=&#8220;3&#8243; column_width_percent=&#8220;100&#8243; shift_y=&#8220;0&#8243; z_index=&#8220;0&#8243; uncode_shortcode_id=&#8220;420554&#8243;][vc_column width=&#8220;1\/1&#8243;][vc_custom_heading heading_semantic=&#8220;h1&#8243; text_size=&#8220;h1&#8243; uncode_shortcode_id=&#8220;143852&#8243;]Mustad Autoline E-LINE kerfi[\/vc_custom_heading][\/vc_column][\/vc_row][vc_row row_height_percent=&#8220;0&#8243; overlay_alpha=&#8220;50&#8243; gutter_size=&#8220;3&#8243; column_width_percent=&#8220;100&#8243; shift_y=&#8220;0&#8243; [&hellip;]<\/p>\n","protected":false},"author":1,"featured_media":0,"parent":0,"menu_order":0,"comment_status":"closed","ping_status":"closed","template":"","meta":{"_acf_changed":false,"footnotes":""},"class_list":["post-1213","page","type-page","status-publish","hentry"],"acf":[],"_links":{"self":[{"href":"https:\/\/mustadautoline.com\/is\/wp-json\/wp\/v2\/pages\/1213","targetHints":{"allow":["GET"]}}],"collection":[{"href":"https:\/\/mustadautoline.com\/is\/wp-json\/wp\/v2\/pages"}],"about":[{"href":"https:\/\/mustadautoline.com\/is\/wp-json\/wp\/v2\/types\/page"}],"author":[{"embeddable":true,"href":"https:\/\/mustadautoline.com\/is\/wp-json\/wp\/v2\/users\/1"}],"replies":[{"embeddable":true,"href":"https:\/\/mustadautoline.com\/is\/wp-json\/wp\/v2\/comments?post=1213"}],"version-history":[{"count":0,"href":"https:\/\/mustadautoline.com\/is\/wp-json\/wp\/v2\/pages\/1213\/revisions"}],"wp:attachment":[{"href":"https:\/\/mustadautoline.com\/is\/wp-json\/wp\/v2\/media?parent=1213"}],"curies":[{"name":"wp","href":"https:\/\/api.w.org\/{rel}","templated":true}]}}