{"id":1219,"date":"2024-03-05T11:11:44","date_gmt":"2024-03-05T10:11:44","guid":{"rendered":"https:\/\/mustadautoline.com\/felagsadild-og-samstarfsadilar\/"},"modified":"2025-01-22T19:34:59","modified_gmt":"2025-01-22T18:34:59","slug":"felagsadild-og-samstarfsadilar","status":"publish","type":"page","link":"https:\/\/mustadautoline.com\/is\/felagsadild-og-samstarfsadilar\/","title":{"rendered":"F\u00e9lagsa\u00f0ild og samstarfsa\u00f0ilar"},"content":{"rendered":"<div class=\"wpb-content-wrapper\"><p>[vc_row row_height_percent=&#8220;0&#8243; overlay_alpha=&#8220;50&#8243; gutter_size=&#8220;3&#8243; column_width_use_pixel=&#8220;yes&#8220; shift_y=&#8220;0&#8243; z_index=&#8220;0&#8243; uncode_shortcode_id=&#8220;411978&#8243; column_width_pixel=&#8220;900&#8243;][vc_column width=&#8220;1\/1&#8243;][vc_custom_heading heading_semantic=&#8220;h1&#8243; text_font=&#8220;font-125558&#8243; text_size=&#8220;h1&#8243; text_weight=&#8220;800&#8243; uncode_shortcode_id=&#8220;192617&#8243;]F\u00e9lagsa\u00f0ild og samstarfsa\u00f0ilar[\/vc_custom_heading][\/vc_column][\/vc_row][vc_row row_height_percent=&#8220;0&#8243; overlay_alpha=&#8220;50&#8243; gutter_size=&#8220;3&#8243; column_width_use_pixel=&#8220;yes&#8220; shift_y=&#8220;0&#8243; z_index=&#8220;0&#8243; uncode_shortcode_id=&#8220;809520&#8243; column_width_pixel=&#8220;900&#8243;][vc_column width=&#8220;1\/1&#8243;][vc_column_text text_lead=&#8220;yes&#8220; uncode_shortcode_id=&#8220;143061&#8243;]Mustad Autoline er virkur me\u00f0limur \u00ed <strong>NCE Raufoss<\/strong> &#8211; i\u00f0na\u00f0arklasa me\u00f0 hlutverk sem National Competence Center fyrir l\u00e9tt efni og sj\u00e1lfvirka framlei\u00f0slu \u00ed Noregi \u00fear sem sta\u00f0bundinn i\u00f0na\u00f0ur starfar til a\u00f0 auka samkeppnish\u00e6fni s\u00edna. \u00deetta er umfangsmikill h\u00e6fnisklasi me\u00f0 v\u00edsindam\u00f6nnum og verkfr\u00e6\u00f0ingum me\u00f0 a\u00f0st\u00f6\u00f0u fyrir v\u00f6ru\u00fer\u00f3un og v\u00f6rupr\u00f3fanir. \u00cd klasanum eru um 5.000 starfsmenn, um 700 millj\u00f3nir evra \u00ed veltu me\u00f0 \u00fatflutningshlutfall sem er meira en 80%.    <a href=\"http:\/\/www.nceraufoss.no\/en\/\">NCE Raufoss<\/a><\/p>\n<p>Sameiginlega ranns\u00f3kna- og \u00fer\u00f3unarfyrirt\u00e6ki\u00f0 <strong>SINTEF Raufoss Manufacturing AS<\/strong> starfar sem verkefnastj\u00f3ri NCE-verkefna og starfar sem t\u00e6kni- og \u00fer\u00f3unarmi\u00f0st\u00f6\u00f0 i\u00f0na\u00f0arins. <a href=\"http:\/\/www.sintef.no\/sintef-raufoss-manufacturing-as\/\">SINTEF framlei\u00f0sla<\/a> A\u00f0 sj\u00e1lfs\u00f6g\u00f0u erum vi\u00f0 einnig \u00ed n\u00e1nu samstarfi vi\u00f0 <strong>SINTEF Sj\u00e1var\u00fatvegs- og fiskeldi<\/strong> , fulltr\u00faar t\u00e6kni- og i\u00f0na\u00f0ar\u00feekkingar \u00e1 endurn\u00fdjanlegum sj\u00e1varau\u00f0lindum.<br \/>\n[\/vc_column_text][\/vc_column][\/vc_row][vc_row row_height_percent=&#8220;0&#8243; overlay_alpha=&#8220;50&#8243; gutter_size=&#8220;3&#8243; column_width_use_pixel=&#8220;yes&#8220; shift_y=&#8220;0&#8243; z_index=&#8220;0&#8243; uncode_shortcode_id=&#8220;809520&#8243; column_width_pixel=&#8220;900&#8243;][vc_column width=&#8220;1\/2&#8243;][vc_single_image media=&#8220;188&#8243; media_width_percent=&#8220;100&#8243; uncode_shortcode_id=&#8220;190264&#8243;][\/vc_column][vc_column column_width_percent=&#8220;100&#8243; position_vertical=&#8220;middle&#8220; gutter_size=&#8220;3&#8243; overlay_alpha=&#8220;50&#8243; shift_x=&#8220;0&#8243; shift_y=&#8220;0&#8243; shift_y_down=&#8220;0&#8243; z_index=&#8220;0&#8243; medium_width=&#8220;0&#8243; mobile_width=&#8220;0&#8243; width=&#8220;1\/2&#8243; uncode_shortcode_id=&#8220;622392&#8243;][vc_column_text text_lead=&#8220;yes&#8220; uncode_shortcode_id=&#8220;240008&#8243;]<strong>Mustad Autoline er stoltir me\u00f0limir COLTO<\/strong><\/p>\n<p> The Coalition of Legal Toothfish Operators, COLTO var stofna\u00f0 \u00e1ri\u00f0 2003 af l\u00f6glegum me\u00f0limum i\u00f0na\u00f0arins til a\u00f0 \u00fatr\u00fdma \u00f3l\u00f6glegum, \u00f3reglulegum og \u00f3tilkynntum (IUU) vei\u00f0um \u00e1 tannfiski, til a\u00f0 tryggja langt\u00edma sj\u00e1lfb\u00e6rni tannfiskaau\u00f0linda og r\u00edkan og mikilv\u00e6gan l\u00edffr\u00e6\u00f0ilegan fj\u00f6lbreytileika \u00ed su\u00f0urh\u00f6funum .<\/p>\n<p>[\/vc_column_text][\/vc_column][\/vc_row][vc_row row_height_percent=&#8220;0&#8243; overlay_alpha=&#8220;50&#8243; gutter_size=&#8220;3&#8243; column_width_use_pixel=&#8220;yes&#8220; shift_y=&#8220;0&#8243; z_index=&#8220;0&#8243; uncode_shortcode_id=&#8220;809520&#8243; column_width_pixel=&#8220;900&#8243;][vc_column width=&#8220;1\/1&#8243;][vc_column_text text_lead=&#8220;yes&#8220; uncode_shortcode_id=&#8220;205316&#8243;]IUU-afli haf\u00f0i \u00e1\u00f0ur veri\u00f0 tv\u00f6faldur \u00e1 vi\u00f0 l\u00f6glega vei\u00f0ar \u00e1 tannfiski \u2013 a\u00f0allega veiddur me\u00f0 \u00f3l\u00f6glegum h\u00e6tti innan landsl\u00f6gs\u00f6gu (Exclusive Economic Zones \u2013 EEZ). Me\u00f0 sameinu\u00f0u \u00e1taki CCAMLR, f\u00e1nar\u00edkja, hafnarr\u00edkja, f\u00e9lagasamtaka um n\u00e1tt\u00faruvernd og atvinnul\u00edfs, hefur \u00feessi magn IUU-vei\u00f0a innan efnahagsl\u00f6gs\u00f6gu r\u00edkisins veri\u00f0 n\u00e1nast engin s\u00ed\u00f0an 2005. <a href=\"http:\/\/www.colto.org\/toothfish-fisheries\/\">Tannfiskvei\u00f0ar<\/a> \u00ed dag eru \u00f6flugt d\u00e6mi um hversu \u00e1rangursr\u00edkt samstarf og samvinna geta vinnu milli l\u00f6gfr\u00e6\u00f0ii\u00f0na\u00f0ar, n\u00e1tt\u00faruverndarsamtaka, landsstj\u00f3rna og al\u00fej\u00f3\u00f0legrar n\u00e1tt\u00faruverndarnefndar, <a href=\"http:\/\/www.ccamlr.org\/\" target=\"_blank\" rel=\"noopener noreferrer\">CCAMLR<\/a> . \u00deetta einstaka samstarf skila\u00f0i s\u00e9r \u00ed betri fiskvei\u00f0istj\u00f3rnun; sj\u00e1lfb\u00e6r aflamark sett og fylgt fyrir tannfiska og me\u00f0aflategundir; n\u00e1nast \u00fatr\u00fdming <a href=\"http:\/\/www.colto.org\/toothfish-fisheries\/iuu\/\">IUU<\/a> -vei\u00f0a \u00e1 tannfiski; og verulegur \u00e1vinningur fyrir vistfr\u00e6\u00f0ilega skyldar tegundir, eins og sj\u00f3fugla.[\/vc_column_text][\/vc_column][\/vc_row]<\/p>\n<\/div>","protected":false},"excerpt":{"rendered":"<p>[vc_row row_height_percent=&#8220;0&#8243; overlay_alpha=&#8220;50&#8243; gutter_size=&#8220;3&#8243; column_width_use_pixel=&#8220;yes&#8220; shift_y=&#8220;0&#8243; z_index=&#8220;0&#8243; uncode_shortcode_id=&#8220;411978&#8243; column_width_pixel=&#8220;900&#8243;][vc_column width=&#8220;1\/1&#8243;][vc_custom_heading heading_semantic=&#8220;h1&#8243; text_font=&#8220;font-125558&#8243; text_size=&#8220;h1&#8243; text_weight=&#8220;800&#8243; uncode_shortcode_id=&#8220;192617&#8243;]F\u00e9lagsa\u00f0ild og samstarfsa\u00f0ilar[\/vc_custom_heading][\/vc_column][\/vc_row][vc_row row_height_percent=&#8220;0&#8243; overlay_alpha=&#8220;50&#8243; gutter_size=&#8220;3&#8243; [&hellip;]<\/p>\n","protected":false},"author":1,"featured_media":0,"parent":0,"menu_order":0,"comment_status":"closed","ping_status":"closed","template":"","meta":{"_acf_changed":false,"footnotes":""},"class_list":["post-1219","page","type-page","status-publish","hentry"],"acf":[],"_links":{"self":[{"href":"https:\/\/mustadautoline.com\/is\/wp-json\/wp\/v2\/pages\/1219","targetHints":{"allow":["GET"]}}],"collection":[{"href":"https:\/\/mustadautoline.com\/is\/wp-json\/wp\/v2\/pages"}],"about":[{"href":"https:\/\/mustadautoline.com\/is\/wp-json\/wp\/v2\/types\/page"}],"author":[{"embeddable":true,"href":"https:\/\/mustadautoline.com\/is\/wp-json\/wp\/v2\/users\/1"}],"replies":[{"embeddable":true,"href":"https:\/\/mustadautoline.com\/is\/wp-json\/wp\/v2\/comments?post=1219"}],"version-history":[{"count":0,"href":"https:\/\/mustadautoline.com\/is\/wp-json\/wp\/v2\/pages\/1219\/revisions"}],"wp:attachment":[{"href":"https:\/\/mustadautoline.com\/is\/wp-json\/wp\/v2\/media?parent=1219"}],"curies":[{"name":"wp","href":"https:\/\/api.w.org\/{rel}","templated":true}]}}