{"id":1221,"date":"2024-03-29T09:19:56","date_gmt":"2024-03-29T08:19:56","guid":{"rendered":"https:\/\/mustadautoline.com\/gagnsaeislog\/"},"modified":"2025-05-19T15:15:43","modified_gmt":"2025-05-19T13:15:43","slug":"gagnsaeislog","status":"publish","type":"page","link":"https:\/\/mustadautoline.com\/is\/gagnsaeislog\/","title":{"rendered":"gagns\u00e6isl\u00f6g"},"content":{"rendered":"<div class=\"wpb-content-wrapper\"><p>[vc_row row_height_percent=&#8220;0&#8243; overlay_alpha=&#8220;50&#8243; gutter_size=&#8220;3&#8243; column_width_use_pixel=&#8220;yes&#8220; shift_y=&#8220;0&#8243; z_index=&#8220;0&#8243; uncode_shortcode_id=&#8220;567332&#8243; column_width_pixel=&#8220;900&#8243;][vc_column width=&#8220;1\/1&#8243;][vc_custom_heading heading_semantic=&#8220;h1&#8243; text_size=&#8220;h1&#8243; uncode_shortcode_id=&#8220;738205&#8243;]gagns\u00e6isl\u00f6g[\/vc_custom_heading][vc_custom_heading heading_semantic=&#8220;h3&#8243; text_size=&#8220;h3&#8243; uncode_shortcode_id=&#8220;628516&#8243;]Gert er r\u00e1\u00f0 fyrir a\u00f0 \u00f6ll norsk fyrirt\u00e6ki kortleggi, komi \u00ed veg fyrir, takmarki og mi\u00f0li hvernig \u00feau st\u00fdra \u00e1h\u00e6ttu sem tengist mannr\u00e9ttindum og manns\u00e6mandi vinnuskilyr\u00f0um me\u00f0 \u00e1rei\u00f0anleikak\u00f6nnun. [\/vc_custom_heading][vc_column_text uncode_shortcode_id=&#8220;150719&#8243;]<\/p>\n<h3 class=\"\" data-start=\"195\" data-end=\"234\"><strong data-start=\"199\" data-end=\"234\">Yfirl\u00fdsing um gagns\u00e6isl\u00f6g 2025<\/strong><\/h3>\n<p class=\"\" data-start=\"236\" data-end=\"380\">Mustad Autoline AS hefur skuldbundi\u00f0 sig til a\u00f0 stunda starfsemi s\u00edna af hei\u00f0arleika, vir\u00f0a mannr\u00e9ttindi og leggja sitt af m\u00f6rkum til sj\u00e1lfb\u00e6rrar \u00fer\u00f3unar.<\/p>\n<p class=\"\" data-start=\"382\" data-end=\"852\">Gagns\u00e6isl\u00f6gin (\u00c5penhetsloven) t\u00f3ku gildi <strong data-start=\"439\" data-end=\"455\">1. j\u00fal\u00ed 2022.<\/strong> Tilgangur \u00feeirra er a\u00f0 efla vir\u00f0ingu fyrirt\u00e6kja fyrir grundvallarmannr\u00e9ttindum og manns\u00e6mandi vinnuskilyr\u00f0um og tryggja almennan a\u00f0gang a\u00f0 uppl\u00fdsingum um hvernig fyrirt\u00e6ki taka \u00e1 \u00feessum m\u00e1lum. Mustad Autoline heyrir undir \u00feessi l\u00f6g, sbr. 2. og 3. gr. gagns\u00e6islaga. \u00cd samr\u00e6mi vi\u00f0 5. gr. gagns\u00e6islaga birtir Mustad Autoline h\u00e9r me\u00f0 uppf\u00e6r\u00f0a yfirl\u00fdsingu s\u00edna um \u00e1rei\u00f0anleikak\u00f6nnun.    <\/p>\n<p class=\"\" data-start=\"854\" data-end=\"1058\">\u00deessi yfirl\u00fdsing byggir \u00e1 s\u00ed\u00f0asta fj\u00e1rhags\u00e1ri, sem n\u00e6r yfir t\u00edmabili\u00f0 fr\u00e1 <strong data-start=\"933\" data-end=\"967\">1. jan\u00faar til 31. desember 2024.<\/strong> H\u00fan ver\u00f0ur uppf\u00e6r\u00f0 ef verulegar breytingar ver\u00f0a \u00e1 \u00e1h\u00e6ttumati f\u00e9lagsins. <\/p>\n<hr class=\"\" data-start=\"1060\" data-end=\"1063\">\n<h2 class=\"\" data-start=\"1065\" data-end=\"1137\"><strong data-start=\"1068\" data-end=\"1137\">L\u00ddSING \u00c1 STARFSEMI OG EFTIRLIT GAGNS\u00c6ISLAGA<\/strong><\/h2>\n<h3 class=\"\" data-start=\"1139\" data-end=\"1186\"><strong data-start=\"1143\" data-end=\"1186\">2.1 Almenn l\u00fdsing \u00e1 fyrirt\u00e6kinu<\/strong><\/h3>\n<p class=\"\" data-start=\"1188\" data-end=\"1744\">Mustad Autoline er fj\u00f6lskyldufyrirt\u00e6ki \u00ed sj\u00f6undu kynsl\u00f3\u00f0 me\u00f0 r\u00e6tur a\u00f0 rekja aftur til \u00e1rsins 1832. Fyrirt\u00e6ki\u00f0 \u00fer\u00f3ar og framlei\u00f0ir sj\u00e1lfvirkan b\u00fana\u00f0 fyrir l\u00ednuvei\u00f0ar, sem er al\u00fej\u00f3\u00f0lega vi\u00f0urkenndur fyrir g\u00e6\u00f0i og endingu. Lykilatri\u00f0i \u00ed \u00feessum \u00e1rangri eru str\u00f6ng g\u00e6\u00f0aeftirlit og mj\u00f6g h\u00e6ft starfsf\u00f3lk. Autoline kerfi\u00f0 inniheldur beituv\u00e9l, l\u00ednudragara, kr\u00f3kaskilju og geymslugeymslur fyrir vei\u00f0arf\u00e6ri. V\u00f6rurnar eru a\u00f0allega \u00fer\u00f3a\u00f0ar og framleiddar \u00e1 sta\u00f0num \u00ed verksmi\u00f0jum Mustad Autoline \u00ed <strong data-start=\"1725\" data-end=\"1743\">Gj\u00f8vik \u00ed Noregi<\/strong> .    <\/p>\n<p class=\"\" data-start=\"1746\" data-end=\"1918\">Mustad Autoline er skr\u00e1\u00f0 fyrirt\u00e6ki \u00ed Noregi me\u00f0 \u00fatib\u00fa \u00ed <strong data-start=\"1889\" data-end=\"1917\">Bandar\u00edkjunum, Kanada og \u00cdslandi<\/strong> .<\/p>\n<h3 class=\"\" data-start=\"1920\" data-end=\"1977\"><strong data-start=\"1924\" data-end=\"1977\">2.2 A\u00f0 tryggja mannr\u00e9ttindi og vinnuskilyr\u00f0i<\/strong><\/h3>\n<p class=\"\" data-start=\"1979\" data-end=\"2167\">\u00c1rei\u00f0anleikak\u00f6nnun fyrirt\u00e6kisins samkv\u00e6mt gagns\u00e6isl\u00f6gunum er traustlega r\u00f3tgr\u00f3in \u00ed innri stj\u00f3rnunarfyrirkomulagi, \u00fear \u00e1 me\u00f0al \u00e1kv\u00f6r\u00f0un stj\u00f3rnar um a\u00f0 starfa \u00ed fullu samr\u00e6mi vi\u00f0 l\u00f6gin.<\/p>\n<p class=\"\" data-start=\"2169\" data-end=\"2524\">\u00c1byrg innkaup eru sam\u00fe\u00e6tt \u00ed fyrirt\u00e6kjastefnu okkar. Allir samstarfsa\u00f0ilar eru skyldugir til a\u00f0 undirrita <strong data-start=\"2294\" data-end=\"2313\">si\u00f0areglur<\/strong> Mustad Autoline og vi\u00f0 gerum reglulega <strong data-start=\"2338\" data-end=\"2358\">\u00e1h\u00e6ttumat<\/strong> og <strong data-start=\"2363\" data-end=\"2373\">\u00fattektir<\/strong> \u00e1 vi\u00f0skiptavinum okkar og birgjum. Birgjah\u00f3pur okkar samanstendur a\u00f0allega af samstarfsa\u00f0ilum fr\u00e1 <strong>Evr\u00f3pu<\/strong> , <strong>As\u00edu<\/strong> og <strong>Bandar\u00edkjunum.<\/strong>  <\/p>\n<p class=\"\" data-start=\"2526\" data-end=\"3097\">Mustad Autoline hefur \u00fer\u00f3a\u00f0 <strong data-start=\"2556\" data-end=\"2600\">lei\u00f0beiningar um \u00e1rei\u00f0anleikak\u00f6nnun<\/strong> \u00e1 frambo\u00f0ske\u00f0ju sinni, \u00fear sem fram koma verklagsreglur til a\u00f0 greina og draga \u00far raunverulegum og hugsanlegum neikv\u00e6\u00f0um \u00e1hrifum \u00e1 mannr\u00e9ttindi og manns\u00e6mandi vinnuskilyr\u00f0i. Birgjar ver\u00f0a a\u00f0 skuldbinda sig til \u00feessara sta\u00f0la og tryggja \u00fea\u00f0 sama hj\u00e1 undirverktaka s\u00ednum. \u00deeir eru einnig skyldugir til a\u00f0 tilkynna um allar greindar \u00e1h\u00e6ttur og gera r\u00e1\u00f0 fyrir lei\u00f0r\u00e9ttingara\u00f0ger\u00f0um ef vi\u00f0 \u00e1. Mustad Autoline k\u00fds samvinnumi\u00f0a\u00f0a, umb\u00f3tami\u00f0a\u00f0a n\u00e1lgun en \u00e1skilur s\u00e9r r\u00e9tt til a\u00f0 rifta samningum ef ekki er fari\u00f0 a\u00f0 st\u00f6\u00f0lum.   <\/p>\n<p class=\"\" data-start=\"3099\" data-end=\"3370\">Innanh\u00fass h\u00f6fum vi\u00f0 kerfi fyrir <strong data-start=\"3131\" data-end=\"3172\">heilbrig\u00f0is-, \u00f6ryggis- og umhverfism\u00e1l (HSE)<\/strong> og starfsh\u00e6tti. <strong data-start=\"3203\" data-end=\"3227\">Framkv\u00e6mdastj\u00f3ri birg\u00f0ake\u00f0junnar<\/strong> ber heildar\u00e1byrg\u00f0 \u00e1 eftirfylgni samkv\u00e6mt gagns\u00e6isl\u00f6gum. Fyrir frekari uppl\u00fdsingar, vinsamlegast hafi\u00f0 samband vi\u00f0 okkur \u00e1: <strong data-start=\"3343\" data-end=\"3370\"><a class=\"cursor-pointer\" rel=\"noopener\" data-start=\"3345\" data-end=\"3368\">mail@mustadautoline.com<\/a><\/strong>  <\/p>\n<hr class=\"\" data-start=\"3372\" data-end=\"3375\">\n<h2 class=\"\" data-start=\"3377\" data-end=\"3421\"><strong data-start=\"3380\" data-end=\"3421\">3. FRAMKV\u00c6MD \u00c1REI\u00d0ANLEIKAKANNANIR<\/strong><\/h2>\n<h3 class=\"\" data-start=\"3423\" data-end=\"3446\"><strong data-start=\"3427\" data-end=\"3446\">3.1 A\u00f0fer\u00f0afr\u00e6\u00f0i<\/strong><\/h3>\n<p class=\"\" data-start=\"3448\" data-end=\"3681\">Mustad Autoline \u00fer\u00f3a\u00f0i innri verklagsreglur fyrir \u00e1rei\u00f0anleikak\u00f6nnun \u00e1ri\u00f0 2022, bygg\u00f0ar \u00e1 lei\u00f0beiningum OECD fyrir fj\u00f6l\u00fej\u00f3\u00f0leg fyrirt\u00e6ki. \u00deessum verklagsreglum er st\u00f6\u00f0ugt b\u00e6tt og \u00fe\u00e6r sam\u00fe\u00e6ttar \u00ed g\u00e6\u00f0atryggingarkerfi okkar. <\/p>\n<p class=\"\" data-start=\"3683\" data-end=\"4053\">Birgjar eru h\u00e1\u00f0ir stigskiptu matskerfi sem byggir \u00e1 \u00fe\u00e1ttum eins og innkaupamagni, upprunalandi, \u00e1h\u00e6ttustigi \u00ed atvinnugreininni og mikilv\u00e6gi samkv\u00e6mt gagns\u00e6isl\u00f6gunum. Uppl\u00fdsingar eru safna\u00f0 me\u00f0 <strong data-start=\"3891\" data-end=\"3925\">sj\u00e1lfsmatsspurningalistum<\/strong> sem fjalla um HSE-venjur, vinnuskilyr\u00f0i og lagaleg fylgni. \u00deessum spurningalistum er b\u00e6tt vi\u00f0 me\u00f0 innri og ytri gagnaheimildum.  <\/p>\n<h3 class=\"\" data-start=\"4055\" data-end=\"4075\"><strong data-start=\"4059\" data-end=\"4075\">3.2 Ni\u00f0urst\u00f6\u00f0ur<\/strong><\/h3>\n<p class=\"\" data-start=\"4077\" data-end=\"4249\">\u00cd matsferlinu \u00e1ri\u00f0 2024 komu <strong data-start=\"4107\" data-end=\"4136\">engin raunveruleg neikv\u00e6\u00f0 \u00e1hrif<\/strong> fram innan eigin starfsemi Mustad Autoline, sem er enn \u00ed fullu samr\u00e6mi vi\u00f0 norsk vinnul\u00f6ggj\u00f6f.<\/p>\n<p class=\"\" data-start=\"4251\" data-end=\"4556\">Engin s\u00e9rst\u00f6k tilvik mannr\u00e9ttindabrota e\u00f0a \u00f3\u00e1s\u00e6ttanleg vinnuskilyr\u00f0i komu fram hj\u00e1 birgjum. Hins vegar voru sumir birgjar merktir sem <strong data-start=\"4408\" data-end=\"4423\">\u00e1h\u00e6ttusamir<\/strong> vegna landfr\u00e6\u00f0ilegrar sta\u00f0setningar e\u00f0a atvinnugreinar. \u00deessir birgjar ver\u00f0a forgangsra\u00f0a\u00f0ir til \u00edtarlegrar mats og samstarfs \u00e1ri\u00f0 2025.  <\/p>\n<hr class=\"\" data-start=\"4558\" data-end=\"4561\">\n<h2 class=\"\" data-start=\"4563\" data-end=\"4603\"><strong data-start=\"4566\" data-end=\"4603\">4. LOKI\u00d0 OG \u00c1\u00c6TLUNARFULLTR\u00daAR<\/strong><\/h2>\n<p class=\"\" data-start=\"4605\" data-end=\"4841\">Mustad Autoline hefur \u00fer\u00f3a\u00f0 innri verklagsreglur til a\u00f0 breg\u00f0ast vi\u00f0 greindum \u00e1h\u00e6ttum e\u00f0a brotum \u00ed frambo\u00f0ske\u00f0junni. \u00de\u00f3 engin brot hafi fundist sem krefjast tafarlausra a\u00f0ger\u00f0a, erum vi\u00f0 sta\u00f0r\u00e1\u00f0in \u00ed a\u00f0 vinna a\u00f0 fyrirbyggjandi og st\u00f6\u00f0ugum umb\u00f3tum. <\/p>\n<p class=\"\" data-start=\"4843\" data-end=\"4894\">Vi\u00f0 erum a\u00f0 auka gagns\u00e6i \u00ed frambo\u00f0ske\u00f0junni me\u00f0 \u00fev\u00ed a\u00f0:<\/p>\n<ul data-start=\"4895\" data-end=\"5143\">\n<li class=\"\" data-start=\"4895\" data-end=\"4955\">\n<p class=\"\" data-start=\"4897\" data-end=\"4955\">\u00c1framhaldandi <strong data-start=\"4905\" data-end=\"4955\">innlei\u00f0ing \u00e1 si\u00f0areglum birgja okkar<\/strong><\/p>\n<\/li>\n<li class=\"\" data-start=\"4956\" data-end=\"5019\">\n<p class=\"\" data-start=\"4958\" data-end=\"5019\">Notkun \u00edtarlegs <strong data-start=\"4976\" data-end=\"5002\">spurningalista fyrir birgja<\/strong> til \u00e1h\u00e6ttukortlagningar<\/p>\n<\/li>\n<li class=\"\" data-start=\"5020\" data-end=\"5069\">\n<p class=\"\" data-start=\"5022\" data-end=\"5069\">Aukin samskipti vi\u00f0 birgja me\u00f0 meiri \u00e1h\u00e6ttu<\/p>\n<\/li>\n<li class=\"\" data-start=\"5070\" data-end=\"5143\">\n<p class=\"\" data-start=\"5072\" data-end=\"5143\">Eftirlit me\u00f0 uppl\u00fdsingagj\u00f6f annarra fyrirt\u00e6kja samkv\u00e6mt gagns\u00e6isl\u00f6gum \u00fear sem vi\u00f0 \u00e1<\/p>\n<\/li>\n<\/ul>\n<p class=\"\" data-start=\"5145\" data-end=\"5375\">Frekari skref ver\u00f0a tekin til greina \u00feegar n\u00fdjar uppl\u00fdsingar berast. Mustad Autoline er \u00e1fram sta\u00f0r\u00e1\u00f0i\u00f0 \u00ed a\u00f0 framkv\u00e6ma \u00e1byrga \u00e1rei\u00f0anleikak\u00f6nnun og styrkja starfsh\u00e6tti s\u00edna \u00ed samr\u00e6mi vi\u00f0 lagalegar skyldur og si\u00f0fer\u00f0issta\u00f0la. <\/p>\n<p>[\/vc_column_text][\/vc_column][\/vc_row]<\/p>\n<\/div>","protected":false},"excerpt":{"rendered":"<p>[vc_row row_height_percent=&#8220;0&#8243; overlay_alpha=&#8220;50&#8243; gutter_size=&#8220;3&#8243; column_width_use_pixel=&#8220;yes&#8220; shift_y=&#8220;0&#8243; z_index=&#8220;0&#8243; uncode_shortcode_id=&#8220;567332&#8243; column_width_pixel=&#8220;900&#8243;][vc_column width=&#8220;1\/1&#8243;][vc_custom_heading heading_semantic=&#8220;h1&#8243; text_size=&#8220;h1&#8243; uncode_shortcode_id=&#8220;738205&#8243;]gagns\u00e6isl\u00f6g[\/vc_custom_heading][vc_custom_heading heading_semantic=&#8220;h3&#8243; text_size=&#8220;h3&#8243; uncode_shortcode_id=&#8220;628516&#8243;]Gert er r\u00e1\u00f0 fyrir a\u00f0 [&hellip;]<\/p>\n","protected":false},"author":1,"featured_media":0,"parent":0,"menu_order":0,"comment_status":"closed","ping_status":"closed","template":"","meta":{"_acf_changed":false,"footnotes":""},"class_list":["post-1221","page","type-page","status-publish","hentry"],"acf":[],"_links":{"self":[{"href":"https:\/\/mustadautoline.com\/is\/wp-json\/wp\/v2\/pages\/1221","targetHints":{"allow":["GET"]}}],"collection":[{"href":"https:\/\/mustadautoline.com\/is\/wp-json\/wp\/v2\/pages"}],"about":[{"href":"https:\/\/mustadautoline.com\/is\/wp-json\/wp\/v2\/types\/page"}],"author":[{"embeddable":true,"href":"https:\/\/mustadautoline.com\/is\/wp-json\/wp\/v2\/users\/1"}],"replies":[{"embeddable":true,"href":"https:\/\/mustadautoline.com\/is\/wp-json\/wp\/v2\/comments?post=1221"}],"version-history":[{"count":0,"href":"https:\/\/mustadautoline.com\/is\/wp-json\/wp\/v2\/pages\/1221\/revisions"}],"wp:attachment":[{"href":"https:\/\/mustadautoline.com\/is\/wp-json\/wp\/v2\/media?parent=1221"}],"curies":[{"name":"wp","href":"https:\/\/api.w.org\/{rel}","templated":true}]}}