{"id":1222,"date":"2024-03-05T11:11:29","date_gmt":"2024-03-05T10:11:29","guid":{"rendered":"https:\/\/mustadautoline.com\/framleitt-i-noregi\/"},"modified":"2025-01-22T19:34:59","modified_gmt":"2025-01-22T18:34:59","slug":"framleitt-i-noregi","status":"publish","type":"page","link":"https:\/\/mustadautoline.com\/is\/framleitt-i-noregi\/","title":{"rendered":"Framleitt \u00ed Noregi"},"content":{"rendered":"<div class=\"wpb-content-wrapper\"><p>[vc_row row_height_percent=&#8220;0&#8243; overlay_alpha=&#8220;50&#8243; gutter_size=&#8220;3&#8243; column_width_use_pixel=&#8220;yes&#8220; shift_y=&#8220;0&#8243; z_index=&#8220;0&#8243; uncode_shortcode_id=&#8220;411978&#8243; column_width_pixel=&#8220;900&#8243;][vc_column width=&#8220;1\/1&#8243;][vc_custom_heading heading_semantic=&#8220;h1&#8243; text_font=&#8220;font-125558&#8243; text_size=&#8220;h1&#8243; text_weight=&#8220;800&#8243; uncode_shortcode_id=&#8220;198103&#8243;]Framleitt \u00ed Noregi[\/vc_custom_heading][\/vc_column][\/vc_row][vc_row row_height_percent=&#8220;0&#8243; overlay_alpha=&#8220;50&#8243; gutter_size=&#8220;3&#8243; column_width_use_pixel=&#8220;yes&#8220; shift_y=&#8220;0&#8243; z_index=&#8220;0&#8243; uncode_shortcode_id=&#8220;809520&#8243; column_width_pixel=&#8220;900&#8243;][vc_column width=&#8220;1\/2&#8243;][vc_single_image media=&#8220;187&#8243; media_width_percent=&#8220;100&#8243; uncode_shortcode_id=&#8220;199434&#8243;][\/vc_column][vc_column width=&#8220;1\/2&#8243;][vc_column_text text_lead=&#8220;yes&#8220; uncode_shortcode_id=&#8220;303503&#8243;]Vi\u00f0 vitum a\u00f0 v\u00f6rurnar sem vi\u00f0 \u00fatvegum eru algj\u00f6rlega mikilv\u00e6gar fyrir tekjur vi\u00f0skiptavina okkar. Um lei\u00f0 og hluti af Autoline b\u00fana\u00f0inum bilar tapar vi\u00f0skiptavinur okkar peningum. \u00dea\u00f0 \u00fe\u00fd\u00f0ir a\u00f0 vi\u00f0 ver\u00f0um a\u00f0 veita bestu m\u00f6gulegu g\u00e6\u00f0i \u00e1 v\u00f6rum okkar og besta \u00fej\u00f3nustukerfi\u00f0 sem vi\u00f0 getum stj\u00f3rna\u00f0.<\/p>\n<p>[\/vc_column_text][\/vc_column][\/vc_row][vc_row row_height_percent=&#8220;0&#8243; overlay_alpha=&#8220;50&#8243; gutter_size=&#8220;3&#8243; column_width_use_pixel=&#8220;yes&#8220; shift_y=&#8220;0&#8243; z_index=&#8220;0&#8243; uncode_shortcode_id=&#8220;809520&#8243; column_width_pixel=&#8220;900&#8243;][vc_column width=&#8220;1\/1&#8243;][vc_column_text text_lead=&#8220;yes&#8220; uncode_shortcode_id=&#8220;858712&#8243;]Einn af lykil\u00fe\u00e1ttum til a\u00f0 f\u00e1 \u00feetta er a\u00f0 framlei\u00f0a v\u00f6rur okkar \u00ed eigin h\u00fasi \u00ed Noregi. Vi\u00f0 leggjum \u00e1herslu \u00e1 g\u00e6\u00f0i \u00e1 \u00f6llum stigum, allt fr\u00e1 hugmynda\u00fer\u00f3un, frumger\u00f0, pr\u00f3fun til fullunnar v\u00f6ru. Jafnvel \u00e1 t\u00edmum \u00fear sem al\u00fej\u00f3\u00f0leg tilhneiging hefur veri\u00f0 s\u00fa a\u00f0 flytja t\u00e6knilega framlei\u00f0slu til l\u00e1ggjaldalanda, byggir Mustad Autoline enn kerfi okkar \u00ed s\u00f6mu byggingu og a\u00f0alskrifstofa okkar \u00ed Gj\u00f8vik, Noregi. \u00deannig h\u00f6fum vi\u00f0 a\u00f0gang a\u00f0 bestu t\u00e6knikunn\u00e1ttu \u00ed heiminum og getu til st\u00f6\u00f0ugrar g\u00e6\u00f0aeftirlits.<br \/>\n Trygg\u00f0 og \u00feekking vi\u00f0skiptavina okkar og starfsmanna er okkar ver\u00f0m\u00e6tasta eign. Vi\u00f0 erum stolt af vi\u00f0skiptavinum okkar og starfsm\u00f6nnum sem skiptast \u00e1 \u00feekkingu og reynslu \u00e1 hverjum degi. \u00dea\u00f0 er s\u00e9r\u00feekking \u00feeirra og traust handverk sem tryggir g\u00e6\u00f0i \u00e1 \u00f6llum stigum og sem heldur \u00e1fram a\u00f0 \u00fer\u00f3a v\u00f6rur okkar. \u00cd dag erum vi\u00f0 um 50 starfsmenn \u00ed Gj\u00f8vik og \u00c1lasundi auk s\u00f6luskrifstofa okkar \u00ed Bellingeham, Bandar\u00edkjunum, &#8211; St. Johns, Kanada og Hafnafir\u00f0i, \u00cdslandi. Vi\u00f0 sty\u00f0jum og eflum allar sj\u00e1lfb\u00e6rar fiskvei\u00f0ar Langrey\u00f0ar eru kjarnastarfsemi Mustad Autolines og sem fyrirt\u00e6ki sty\u00f0jum vi\u00f0 allan sj\u00e1lfb\u00e6ran fiskvei\u00f0ar, au\u00f0lindir hafsins eru \u00feegar allt kemur til alls sj\u00e1lfb\u00e6rasta pr\u00f3teingjafi \u00ed heimi. Vi\u00f0 \u00e6tlum a\u00f0 n\u00fdta s\u00e9r\u00feekkingu okkar, \u00feekkingu og t\u00e6kni til a\u00f0 stu\u00f0la a\u00f0 sj\u00e1lfb\u00e6rum fiskvei\u00f0um \u00e1 heimsv\u00edsu.[\/vc_column_text][\/vc_column][\/vc_row]<\/p>\n<\/div>","protected":false},"excerpt":{"rendered":"<p>[vc_row row_height_percent=&#8220;0&#8243; overlay_alpha=&#8220;50&#8243; gutter_size=&#8220;3&#8243; column_width_use_pixel=&#8220;yes&#8220; shift_y=&#8220;0&#8243; z_index=&#8220;0&#8243; uncode_shortcode_id=&#8220;411978&#8243; column_width_pixel=&#8220;900&#8243;][vc_column width=&#8220;1\/1&#8243;][vc_custom_heading heading_semantic=&#8220;h1&#8243; text_font=&#8220;font-125558&#8243; text_size=&#8220;h1&#8243; text_weight=&#8220;800&#8243; uncode_shortcode_id=&#8220;198103&#8243;]Framleitt \u00ed Noregi[\/vc_custom_heading][\/vc_column][\/vc_row][vc_row row_height_percent=&#8220;0&#8243; overlay_alpha=&#8220;50&#8243; gutter_size=&#8220;3&#8243; [&hellip;]<\/p>\n","protected":false},"author":1,"featured_media":0,"parent":0,"menu_order":0,"comment_status":"closed","ping_status":"closed","template":"","meta":{"_acf_changed":false,"footnotes":""},"class_list":["post-1222","page","type-page","status-publish","hentry"],"acf":[],"_links":{"self":[{"href":"https:\/\/mustadautoline.com\/is\/wp-json\/wp\/v2\/pages\/1222","targetHints":{"allow":["GET"]}}],"collection":[{"href":"https:\/\/mustadautoline.com\/is\/wp-json\/wp\/v2\/pages"}],"about":[{"href":"https:\/\/mustadautoline.com\/is\/wp-json\/wp\/v2\/types\/page"}],"author":[{"embeddable":true,"href":"https:\/\/mustadautoline.com\/is\/wp-json\/wp\/v2\/users\/1"}],"replies":[{"embeddable":true,"href":"https:\/\/mustadautoline.com\/is\/wp-json\/wp\/v2\/comments?post=1222"}],"version-history":[{"count":0,"href":"https:\/\/mustadautoline.com\/is\/wp-json\/wp\/v2\/pages\/1222\/revisions"}],"wp:attachment":[{"href":"https:\/\/mustadautoline.com\/is\/wp-json\/wp\/v2\/media?parent=1222"}],"curies":[{"name":"wp","href":"https:\/\/api.w.org\/{rel}","templated":true}]}}