{"id":1224,"date":"2024-03-06T10:26:59","date_gmt":"2024-03-06T09:26:59","guid":{"rendered":"https:\/\/mustadautoline.com\/e-line-kerfi\/"},"modified":"2025-01-22T19:35:00","modified_gmt":"2025-01-22T18:35:00","slug":"e-line-kerfi","status":"publish","type":"page","link":"https:\/\/mustadautoline.com\/is\/e-line-kerfi\/","title":{"rendered":"E-LINE kerfi"},"content":{"rendered":"<div class=\"wpb-content-wrapper\"><p>[vc_row row_height_percent=&#8220;0&#8243; overlay_alpha=&#8220;50&#8243; gutter_size=&#8220;3&#8243; column_width_use_pixel=&#8220;yes&#8220; shift_y=&#8220;0&#8243; z_index=&#8220;0&#8243; uncode_shortcode_id=&#8220;465875&#8243; column_width_pixel=&#8220;900&#8243;][vc_column column_width_percent=&#8220;100&#8243; gutter_size=&#8220;2&#8243; overlay_alpha=&#8220;50&#8243; shift_x=&#8220;0&#8243; shift_y=&#8220;0&#8243; shift_y_down=&#8220;0&#8243; z_index=&#8220;0&#8243; medium_width=&#8220;0&#8243; mobile_width=&#8220;0&#8243; width=&#8220;1\/1&#8243; uncode_shortcode_id=&#8220;189745&#8243;][vc_custom_heading heading_semantic=&#8220;h1&#8243; text_size=&#8220;fontsize-167834&#8243; uncode_shortcode_id=&#8220;384186&#8243;]Mustad Autoline E-LINE, alrafmagnst\u00e6kni fyrir sj\u00e1lff\u00f3\u00f0run[\/vc_custom_heading][vc_custom_heading text_size=&#8220;h3&#8243; text_weight=&#8220;400&#8243; uncode_shortcode_id=&#8220;817518&#8243;]Hanna\u00f0 fyrir betri rekstrargetu og loftslagshlutlausa framt\u00ed\u00f0. Uppg\u00f6tva\u00f0u \u00f6flugt og n\u00e1kv\u00e6mt alrafmagnskerfi okkar fyrir sj\u00e1lfvirka f\u00f3\u00f0run.[\/vc_custom_heading][vc_empty_space empty_h=&#8220;1&#8243;][vc_column_text text_lead=&#8220;yes&#8220; uncode_shortcode_id=&#8220;174537&#8243;]Vi\u00f0 kynnum Mustad Autoline E-Line System, n\u00fdju l\u00ednuna okkar af rafkn\u00fanum \u00edhlutum fyrir sj\u00e1lfvirka f\u00f3\u00f0run. \u00der\u00f3a\u00f0 og framleitt \u00ed Noregi. Tilhl\u00fd\u00f0ilega pr\u00f3fu\u00f0 \u00ed raunverulegri notkun. Mustad Autoline DeepSea E-Line alrafmagnskerfi\u00f0 er afhent n\u00fat\u00edmalegustu og skilvirkustu l\u00ednub\u00e1tum heims me\u00f0 frysti. S\u00e9rsni\u00f0in fyrir b\u00e1ta fr\u00e1 70 fetum me\u00f0 getu til a\u00f0 setja og draga allt a\u00f0 80.000 kr\u00f3ka \u00e1 dag. Me\u00f0 n\u00fdjustu t\u00e6kni okkar heldur Mustad Autoline \u00e1fram a\u00f0 vera lei\u00f0andi valkostur fyrir l\u00ednub\u00e1ta um allan heim.<br \/>\n[\/vc_column_text][vc_empty_space empty_h=&#8220;1&#8243;][vc_single_image media=&#8220;148&#8243; media_width_percent=&#8220;100&#8243; uncode_shortcode_id=&#8220;181303&#8243;][vc_empty_space empty_h=&#8220;1&#8243;][vc_column_text text_lead=&#8220;yes&#8220; uncode_shortcode_id=&#8220;472127&#8243;]<strong>Snj\u00f6ll samspil &#8211; PLC byggt stj\u00f3rnkerfi<\/strong><\/p>\n<p>Allir \u00edhlutir eru tengdir og samstilltir til a\u00f0 tryggja st\u00f6\u00f0uga og besta rekstur kerfisins. Lifandi gagnav\u00f6ktun til a\u00f0 br\u00faa veitir stj\u00f3rn \u00e1 hitastigi, afli, \u00e1lagi, villuvi\u00f0v\u00f6run o.s.frv. St\u00fdrikerfi\u00f0 er tengt vi\u00f0 Mustad Autoline t\u00e6knimann til a\u00f0 gera kleift a\u00f0 sko\u00f0a \u00f6ll vandam\u00e1l sem kunna a\u00f0 koma upp. Forsp\u00e1rvi\u00f0hald og gagnagreining ver\u00f0ur m\u00f6guleg bygg\u00f0 \u00e1 v\u00e9lr\u00e6nu n\u00e1mi \u00e1 upps\u00f6fnu\u00f0um g\u00f6gnum. <\/p>\n<p><strong><br \/>\nA\u00f0l\u00f6gunarst\u00fdrikerfi<\/strong><\/p>\n<p>Sj\u00e1lfst\u00e6tt vi\u00f0brag\u00f0 vi\u00f0 hreyfingum skipsins skilar s\u00e9r \u00ed n\u00e1kv\u00e6mari spennust\u00fdringu og \u00fe\u00e9ttari l\u00ednum \u00feegar dregi\u00f0 er jafnvel \u00ed kr\u00f6ppum sj\u00f3. \u00deetta dregur \u00far h\u00e6ttu \u00e1 a\u00f0 fiskur tapist vi\u00f0 dr\u00e1tt, dregur \u00far h\u00e6ttu \u00e1 broti og sliti \u00e1 l\u00ednu. <\/p>\n<p><strong>Me\u00f0 umhyggju fyrir umhverfinu<\/strong><\/p>\n<p>Minni v\u00f6kvaol\u00eda dregur \u00far h\u00e6ttu \u00e1 mengun. \u00c1n v\u00f6kva titrings er minni h\u00e1va\u00f0amengun sem veitir gr\u00ed\u00f0arlega b\u00e6tt vinnuumhverfi fyrir \u00e1h\u00f6fnina og minni truflun \u00e1 ytra umhverfi. <\/p>\n<p><strong>Orkusparna\u00f0ur &#8211; minna kolefnisf\u00f3tspor<\/strong><\/p>\n<p>Samanbur\u00f0ur \u00e1 \u00e1hrifum v\u00f6kva \u00e1 m\u00f3ti rafmagns sj\u00e1lfl\u00ednukerfi s\u00fdnir \u00f3tr\u00falega l\u00e6kkun \u00e1 orkunotkun.[\/vc_column_text][\/vc_column][\/vc_row][vc_row row_height_percent=&#8220;0&#8243; overlay_alpha=&#8220;50&#8243; gutter_size=&#8220;3&#8243; column_width_use_pixel=&#8220;yes&#8220; shift_y=&#8220;0&#8243; z_index=&#8220;0&#8243; uncode_shortcode_id=&#8220;104404&#8243; column_width_pixel=&#8220;900&#8243;][vc_column width=&#8220;1\/1&#8243;][vc_single_image media=&#8220;150&#8243; media_width_percent=&#8220;100&#8243; uncode_shortcode_id=&#8220;114852&#8243;][\/vc_column][\/vc_row]<\/p>\n<\/div>","protected":false},"excerpt":{"rendered":"<p>[vc_row row_height_percent=&#8220;0&#8243; overlay_alpha=&#8220;50&#8243; gutter_size=&#8220;3&#8243; column_width_use_pixel=&#8220;yes&#8220; shift_y=&#8220;0&#8243; z_index=&#8220;0&#8243; uncode_shortcode_id=&#8220;465875&#8243; column_width_pixel=&#8220;900&#8243;][vc_column column_width_percent=&#8220;100&#8243; gutter_size=&#8220;2&#8243; overlay_alpha=&#8220;50&#8243; shift_x=&#8220;0&#8243; shift_y=&#8220;0&#8243; shift_y_down=&#8220;0&#8243; z_index=&#8220;0&#8243; medium_width=&#8220;0&#8243; mobile_width=&#8220;0&#8243; width=&#8220;1\/1&#8243; uncode_shortcode_id=&#8220;189745&#8243;][vc_custom_heading [&hellip;]<\/p>\n","protected":false},"author":1,"featured_media":0,"parent":0,"menu_order":0,"comment_status":"closed","ping_status":"closed","template":"","meta":{"_acf_changed":false,"footnotes":""},"class_list":["post-1224","page","type-page","status-publish","hentry"],"acf":[],"_links":{"self":[{"href":"https:\/\/mustadautoline.com\/is\/wp-json\/wp\/v2\/pages\/1224","targetHints":{"allow":["GET"]}}],"collection":[{"href":"https:\/\/mustadautoline.com\/is\/wp-json\/wp\/v2\/pages"}],"about":[{"href":"https:\/\/mustadautoline.com\/is\/wp-json\/wp\/v2\/types\/page"}],"author":[{"embeddable":true,"href":"https:\/\/mustadautoline.com\/is\/wp-json\/wp\/v2\/users\/1"}],"replies":[{"embeddable":true,"href":"https:\/\/mustadautoline.com\/is\/wp-json\/wp\/v2\/comments?post=1224"}],"version-history":[{"count":0,"href":"https:\/\/mustadautoline.com\/is\/wp-json\/wp\/v2\/pages\/1224\/revisions"}],"wp:attachment":[{"href":"https:\/\/mustadautoline.com\/is\/wp-json\/wp\/v2\/media?parent=1224"}],"curies":[{"name":"wp","href":"https:\/\/api.w.org\/{rel}","templated":true}]}}