{"id":1226,"date":"2024-03-05T11:11:08","date_gmt":"2024-03-05T10:11:08","guid":{"rendered":"https:\/\/mustadautoline.com\/rd\/"},"modified":"2025-01-22T19:34:59","modified_gmt":"2025-01-22T18:34:59","slug":"rd","status":"publish","type":"page","link":"https:\/\/mustadautoline.com\/is\/rd\/","title":{"rendered":"R&amp;D"},"content":{"rendered":"<div class=\"wpb-content-wrapper\"><p>[vc_row row_height_percent=&#8220;0&#8243; overlay_alpha=&#8220;50&#8243; gutter_size=&#8220;3&#8243; column_width_use_pixel=&#8220;yes&#8220; shift_y=&#8220;0&#8243; z_index=&#8220;0&#8243; uncode_shortcode_id=&#8220;199365&#8243; column_width_pixel=&#8220;900&#8243;][vc_column width=&#8220;1\/2&#8243;][vc_custom_heading heading_semantic=&#8220;h1&#8243; text_font=&#8220;font-125558&#8243; text_size=&#8220;h1&#8243; text_weight=&#8220;800&#8243; uncode_shortcode_id=&#8220;844587&#8243;]<strong>\u00deekking, ranns\u00f3knir og \u00fer\u00f3un<\/strong>[\/vc_custom_heading][vc_column_text uncode_shortcode_id=&#8220;873540&#8243;]Ein af \u00e1st\u00e6\u00f0unum fyrir velgengni Mustad Autoline er umtalsver\u00f0 fj\u00e1rfesting \u00ed ranns\u00f3knum og \u00fer\u00f3un (R&amp;D). \u00c1 hverju \u00e1ri \u00fathlutar Mustad Autoline allt a\u00f0 15% af heildartekjum s\u00ednum til ranns\u00f3kna og \u00fer\u00f3unar. \u00deessi fj\u00e1rfesting kn\u00fdr ekki a\u00f0eins upp \u00e1 uppfinningu n\u00e6stu kynsl\u00f3\u00f0ar b\u00fana\u00f0ar heldur au\u00f0veldar einnig a\u00f0l\u00f6gun \u00e1 vel \u00feekktum v\u00e9lum okkar, sem veitir vi\u00f0skiptavinum okkar aukna skilvirkni \u00e1r eftir \u00e1r. \u00dej\u00f3nustut\u00e6knir okkar, verkfr\u00e6\u00f0ingar og s\u00f6lumenn safna st\u00f6\u00f0ugt vi\u00f0br\u00f6g\u00f0um fr\u00e1 vi\u00f0skiptavinum um allan heim og bj\u00f3\u00f0a upp \u00e1 d\u00fdrm\u00e6ta inns\u00fdn \u00ed hugsanlegar umb\u00e6tur.[\/vc_column_text][vc_column_text uncode_shortcode_id=&#8220;835449&#8243;]Til vi\u00f0b\u00f3tar vi\u00f0 einstaka teymi verkfr\u00e6\u00f0inga og t\u00e6knimanna, erum vi\u00f0 \u00ed n\u00e1nu samstarfi vi\u00f0 v\u00edsindamenn fr\u00e1 virtum ranns\u00f3kna- og \u00fer\u00f3unarstofnunum eins og SINTEF, NTNU og \u00f6\u00f0rum h\u00e1sk\u00f3lum. Vi\u00f0 vinnum einnig me\u00f0 mj\u00f6g faglegum birgjum, n\u00fdtum okkur R&amp;D s\u00e9rfr\u00e6\u00f0i\u00feekkingu \u00feeirra til a\u00f0 b\u00e6ta v\u00f6rur okkar. Mustad Autoline er hluti af NCE Raufoss, h\u00f3pi lei\u00f0andi, t\u00e6knifrekra framlei\u00f0enda \u00e1 heimsv\u00edsu me\u00f0 a\u00f0setur \u00ed Noregi. \u00deessi tengsl hj\u00e1lpar okkur a\u00f0 vera \u00ed fararbroddi \u00ed t\u00e6kniframf\u00f6rum sem tengjast v\u00f6rum okkar.[\/vc_column_text][\/vc_column][vc_column width=&#8220;1\/2&#8243;][vc_single_image media=&#8220;179&#8243; media_width_percent=&#8220;100&#8243; uncode_shortcode_id=&#8220;110947&#8243;][\/vc_column][\/vc_row][vc_row unlock_row_content=&#8220;yes&#8220; row_height_percent=&#8220;0&#8243; override_padding=&#8220;yes&#8220; h_padding=&#8220;0&#8243; top_padding=&#8220;0&#8243; bottom_padding=&#8220;1&#8243; back_image=&#8220;177&#8243; overlay_alpha=&#8220;50&#8243; gutter_size=&#8220;3&#8243; column_width_percent=&#8220;100&#8243; shift_y=&#8220;0&#8243; z_index=&#8220;0&#8243; uncode_shortcode_id=&#8220;359149&#8243; row_height_pixel=&#8220;500&#8243;][vc_column width=&#8220;1\/1&#8243;][\/vc_column][\/vc_row]<\/p>\n<\/div>","protected":false},"excerpt":{"rendered":"<p>[vc_row row_height_percent=&#8220;0&#8243; overlay_alpha=&#8220;50&#8243; gutter_size=&#8220;3&#8243; column_width_use_pixel=&#8220;yes&#8220; shift_y=&#8220;0&#8243; z_index=&#8220;0&#8243; uncode_shortcode_id=&#8220;199365&#8243; column_width_pixel=&#8220;900&#8243;][vc_column width=&#8220;1\/2&#8243;][vc_custom_heading heading_semantic=&#8220;h1&#8243; text_font=&#8220;font-125558&#8243; text_size=&#8220;h1&#8243; text_weight=&#8220;800&#8243; uncode_shortcode_id=&#8220;844587&#8243;]\u00deekking, ranns\u00f3knir og \u00fer\u00f3un[\/vc_custom_heading][vc_column_text uncode_shortcode_id=&#8220;873540&#8243;]Ein af [&hellip;]<\/p>\n","protected":false},"author":1,"featured_media":0,"parent":0,"menu_order":0,"comment_status":"closed","ping_status":"closed","template":"","meta":{"_acf_changed":false,"footnotes":""},"class_list":["post-1226","page","type-page","status-publish","hentry"],"acf":[],"_links":{"self":[{"href":"https:\/\/mustadautoline.com\/is\/wp-json\/wp\/v2\/pages\/1226","targetHints":{"allow":["GET"]}}],"collection":[{"href":"https:\/\/mustadautoline.com\/is\/wp-json\/wp\/v2\/pages"}],"about":[{"href":"https:\/\/mustadautoline.com\/is\/wp-json\/wp\/v2\/types\/page"}],"author":[{"embeddable":true,"href":"https:\/\/mustadautoline.com\/is\/wp-json\/wp\/v2\/users\/1"}],"replies":[{"embeddable":true,"href":"https:\/\/mustadautoline.com\/is\/wp-json\/wp\/v2\/comments?post=1226"}],"version-history":[{"count":0,"href":"https:\/\/mustadautoline.com\/is\/wp-json\/wp\/v2\/pages\/1226\/revisions"}],"wp:attachment":[{"href":"https:\/\/mustadautoline.com\/is\/wp-json\/wp\/v2\/media?parent=1226"}],"curies":[{"name":"wp","href":"https:\/\/api.w.org\/{rel}","templated":true}]}}