{"id":1230,"date":"2024-03-06T09:57:13","date_gmt":"2024-03-06T08:57:13","guid":{"rendered":"https:\/\/mustadautoline.com\/umhverfi\/"},"modified":"2025-01-22T19:35:00","modified_gmt":"2025-01-22T18:35:00","slug":"umhverfi","status":"publish","type":"page","link":"https:\/\/mustadautoline.com\/is\/umhverfi\/","title":{"rendered":"Umhverfi"},"content":{"rendered":"<div class=\"wpb-content-wrapper\"><p>[vc_row row_height_percent=&#8220;0&#8243; back_image=&#8220;543&#8243; overlay_alpha=&#8220;30&#8243; gutter_size=&#8220;3&#8243; column_width_percent=&#8220;100&#8243; shift_y=&#8220;0&#8243; z_index=&#8220;0&#8243; content_parallax=&#8220;0&#8243; uncode_shortcode_id=&#8220;186121&#8243; row_height_pixel=&#8220;400&#8243;][vc_column column_width_percent=&#8220;100&#8243; position_vertical=&#8220;middle&#8220; align_horizontal=&#8220;align_center&#8220; gutter_size=&#8220;1&#8243; font_family=&#8220;font-125558&#8243; overlay_alpha=&#8220;50&#8243; shift_x=&#8220;0&#8243; shift_y=&#8220;0&#8243; shift_y_down=&#8220;0&#8243; z_index=&#8220;0&#8243; medium_width=&#8220;0&#8243; mobile_width=&#8220;0&#8243; width=&#8220;1\/1&#8243; uncode_shortcode_id=&#8220;746143&#8243;][vc_custom_heading text_color=&#8220;color-xsdn&#8220; heading_semantic=&#8220;h1&#8243; text_size=&#8220;bigtext&#8220; uncode_shortcode_id=&#8220;186942&#8243; text_color_type=&#8220;uncode-palette&#8220;]<\/p>\n<h1><span class=\"font-125558 font-555555\"><mark>Me\u00f0 umhyggju fyrir umhverfinu<\/mark><\/span><\/h1>\n<p>[\/vc_custom_heading][\/vc_column][\/vc_row][vc_row row_height_percent=&#8220;0&#8243; overlay_alpha=&#8220;50&#8243; gutter_size=&#8220;3&#8243; column_width_use_pixel=&#8220;yes&#8220; shift_y=&#8220;0&#8243; z_index=&#8220;0&#8243; uncode_shortcode_id=&#8220;113776&#8243; column_width_pixel=&#8220;900&#8243;][vc_column width=&#8220;1\/1&#8243;][vc_column_text uncode_shortcode_id=&#8220;144307&#8243;]<\/p>\n<div class=\"entry-text \">\n<div class=\"clearfix margin-bottom__medium\">\n<div class=\"\">\n<p><sub>Koltv\u00eds\u00fdringslosun<\/sub> er talin ein helsta umhverfis\u00e1skorun okkar t\u00edma. Eldsneytisey\u00f0sla vi\u00f0 a\u00f0 draga 10 millimetra l\u00ednustreng \u00e1 m\u00f3ti \u00fev\u00ed a\u00f0 reka botnv\u00f6rpu er reiknu\u00f0 vera innan vi\u00f0 50% \u00e1 hvert k\u00edl\u00f3 afla, og a\u00f0 me\u00f0altali framlei\u00f0ir eitt k\u00edl\u00f3 af villtum \u00feorski a\u00f0eins 10% af kolefnisf\u00f3tsporinu sem eitt k\u00edl\u00f3 af nautakj\u00f6ti [1]. Vi\u00f0kv\u00e6m botnsv\u00e6\u00f0i eins og k\u00f3ralrif hafa veri\u00f0 me\u00f0h\u00f6ndlu\u00f0 af mannav\u00f6ldum. \u00cd umfangsmikilli v\u00edsindaranns\u00f3kn sem v\u00edsindamenn Sameinu\u00f0u \u00fej\u00f3\u00f0anna st\u00f3\u00f0u fyrir eru langrey\u00f0ar metnar til a\u00f0 hafa l\u00e1gmarks botnd\u00fdra\u00e1hrif mi\u00f0a\u00f0 vi\u00f0 a\u00f0rar botnfiskvei\u00f0ia\u00f0fer\u00f0ir [2]. Draugavei\u00f0ar eru \u00f6nnur umhverfis\u00e1skorun af v\u00f6ldum fiskvei\u00f0a og eru n\u00e1nast engin \u00ed l\u00ednuvei\u00f0um. \u00deegar kr\u00f3kar losna vi\u00f0 beitu eru \u00feeir ekki a\u00f0la\u00f0andi a\u00f0 vei\u00f0a lengur og munu \u00fear af lei\u00f0andi ekki vei\u00f0a fisk[3]. <\/p>\n<\/div>\n<\/div>\n<\/div>\n<div class=\"entry-externalButton \"><a class=\"entry__btn btn btn--stroke margin-bottom__medium btn--icon btn--icon-right icon-ui-48px-outline-2-link-72 btn--icon-large\" href=\"https:\/\/www.sintef.no\/globalassets\/upload\/fiskeri_og_havbruk\/internasjonalt_radgivning\/2009_carbon-footprint-of-seafood-products.pdf\">[1] Winther o.fl. 2009: Kolefnisf\u00f3tspor og orkunotkun norskra sj\u00e1varafur\u00f0a. SINTEF sk\u00fdrsla SFH80 A096068 <\/a><\/div>\n<div class=\"entry-text \">\n<div class=\"clearfix margin-bottom__medium\">\n<div class=\"\">\n<p>[2] Suuronen et. Al 2012: L\u00edtil \u00e1hrif og sparneytnar vei\u00f0ar &#8211; Horft \u00fat fyrir sj\u00f3ndeildarhringinn. Sj\u00e1var\u00fatvegsranns\u00f3knir 119-120 (2012) bls. 135-146.  <\/p>\n<\/div>\n<\/div>\n<\/div>\n<div class=\"entry-externalButton \"><a class=\"entry__btn btn btn--stroke margin-bottom__medium btn--icon btn--icon-right icon-ui-48px-outline-2-link-72 btn--icon-large\" href=\"ftp:\/\/ftp.fao.org\/docrep\/fao\/011\/i0620e\/i0620e.pdf\">[3] Macfadyen et Al 2009: Yfirgefin, t\u00fdnd e\u00f0a \u00e1 annan h\u00e1tt farga\u00f0 vei\u00f0arf\u00e6ri. T\u00c6KNISKIPTI FAO \u00ed sj\u00e1var\u00fatvegi og fiskeldi 523.   <\/a><\/div>\n<p>[\/vc_column_text][\/vc_column][\/vc_row]<\/p>\n<\/div>","protected":false},"excerpt":{"rendered":"<p>[vc_row row_height_percent=&#8220;0&#8243; back_image=&#8220;543&#8243; overlay_alpha=&#8220;30&#8243; gutter_size=&#8220;3&#8243; column_width_percent=&#8220;100&#8243; shift_y=&#8220;0&#8243; z_index=&#8220;0&#8243; content_parallax=&#8220;0&#8243; uncode_shortcode_id=&#8220;186121&#8243; row_height_pixel=&#8220;400&#8243;][vc_column column_width_percent=&#8220;100&#8243; position_vertical=&#8220;middle&#8220; align_horizontal=&#8220;align_center&#8220; gutter_size=&#8220;1&#8243; font_family=&#8220;font-125558&#8243; overlay_alpha=&#8220;50&#8243; shift_x=&#8220;0&#8243; shift_y=&#8220;0&#8243; shift_y_down=&#8220;0&#8243; [&hellip;]<\/p>\n","protected":false},"author":1,"featured_media":0,"parent":0,"menu_order":0,"comment_status":"closed","ping_status":"closed","template":"","meta":{"_acf_changed":false,"footnotes":""},"class_list":["post-1230","page","type-page","status-publish","hentry"],"acf":[],"_links":{"self":[{"href":"https:\/\/mustadautoline.com\/is\/wp-json\/wp\/v2\/pages\/1230","targetHints":{"allow":["GET"]}}],"collection":[{"href":"https:\/\/mustadautoline.com\/is\/wp-json\/wp\/v2\/pages"}],"about":[{"href":"https:\/\/mustadautoline.com\/is\/wp-json\/wp\/v2\/types\/page"}],"author":[{"embeddable":true,"href":"https:\/\/mustadautoline.com\/is\/wp-json\/wp\/v2\/users\/1"}],"replies":[{"embeddable":true,"href":"https:\/\/mustadautoline.com\/is\/wp-json\/wp\/v2\/comments?post=1230"}],"version-history":[{"count":0,"href":"https:\/\/mustadautoline.com\/is\/wp-json\/wp\/v2\/pages\/1230\/revisions"}],"wp:attachment":[{"href":"https:\/\/mustadautoline.com\/is\/wp-json\/wp\/v2\/media?parent=1230"}],"curies":[{"name":"wp","href":"https:\/\/api.w.org\/{rel}","templated":true}]}}