{"id":1234,"date":"2024-03-06T09:56:46","date_gmt":"2024-03-06T08:56:46","guid":{"rendered":"https:\/\/mustadautoline.com\/hagaeda-fiskur\/"},"modified":"2025-01-22T19:35:00","modified_gmt":"2025-01-22T18:35:00","slug":"hagaeda-fiskur","status":"publish","type":"page","link":"https:\/\/mustadautoline.com\/is\/hagaeda-fiskur\/","title":{"rendered":"H\u00e1g\u00e6\u00f0a fiskur"},"content":{"rendered":"<div class=\"wpb-content-wrapper\"><p>[vc_row row_height_percent=&#8220;0&#8243; overlay_alpha=&#8220;50&#8243; gutter_size=&#8220;3&#8243; column_width_use_pixel=&#8220;yes&#8220; shift_y=&#8220;0&#8243; z_index=&#8220;0&#8243; content_parallax=&#8220;0&#8243; uncode_shortcode_id=&#8220;379909&#8243; column_width_pixel=&#8220;900&#8243;][vc_column width=&#8220;1\/1&#8243;][vc_custom_heading heading_semantic=&#8220;h1&#8243; text_font=&#8220;font-125558&#8243; text_size=&#8220;h1&#8243; text_weight=&#8220;800&#8243; uncode_shortcode_id=&#8220;989618&#8243;]H\u00e1g\u00e6\u00f0a fiskur[\/vc_custom_heading][vc_column_text uncode_shortcode_id=&#8220;677731&#8243;]<\/p>\n<h2>Langl\u00edna er fr\u00e1b\u00e6r uppskerua\u00f0fer\u00f0 \u00feegar stefnt er a\u00f0 h\u00e1g\u00e6\u00f0afiski og h\u00e1g\u00e6\u00f0aver\u00f0i<\/h2>\n<p>[\/vc_column_text][\/vc_column][\/vc_row][vc_row row_height_percent=&#8220;0&#8243; overlay_alpha=&#8220;50&#8243; gutter_size=&#8220;3&#8243; column_width_use_pixel=&#8220;yes&#8220; shift_y=&#8220;0&#8243; z_index=&#8220;0&#8243; uncode_shortcode_id=&#8220;182737&#8243; column_width_pixel=&#8220;900&#8243;][vc_column width=&#8220;1\/2&#8243;][vc_column_text text_lead=&#8220;yes&#8220; uncode_shortcode_id=&#8220;105416&#8243;]\u00cd sj\u00e1lfl\u00ednuvei\u00f0um er hver fiskur fluttur um bor\u00f0 fyrir sig. \u00deetta gerir sj\u00f3m\u00f6nnum kleift a\u00f0 me\u00f0h\u00f6ndla fiskinn af vark\u00e1rni og tryggja bestu g\u00e6\u00f0i. Eitt af lykilferlunum er a\u00f0 bl\u00e6\u00f0a og sl\u00e6gja fiskinn. \u00c1n almennrar bl\u00e6\u00f0ingar getur hold hv\u00edtfisks or\u00f0i\u00f0 rautt, sem gerir \u00fea\u00f0 minna a\u00f0la\u00f0andi fyrir neytendur. Til a\u00f0 tryggja e\u00f0lilega bl\u00e6\u00f0ingu ver\u00f0ur fiskurinn enn a\u00f0 vera \u00e1 l\u00edfi me\u00f0an \u00e1 ferlinu stendur. \u00deegar \u00fea\u00f0 er gert \u00e1 r\u00e9ttan h\u00e1tt lei\u00f0ir \u00feetta, \u00e1samt l\u00e1gmarks \u00fej\u00f6ppunarskemmdum, af s\u00e9r h\u00e1g\u00e6\u00f0a og ver\u00f0m\u00e6tari v\u00f6ru.[\/vc_column_text][\/vc_column][vc_column width=&#8220;1\/2&#8243;][vc_single_image media=&#8220;535&#8243; media_width_percent=&#8220;100&#8243; uncode_shortcode_id=&#8220;986251&#8243;][\/vc_column][\/vc_row][vc_row row_height_percent=&#8220;0&#8243; overlay_alpha=&#8220;50&#8243; gutter_size=&#8220;3&#8243; column_width_use_pixel=&#8220;yes&#8220; shift_y=&#8220;0&#8243; z_index=&#8220;0&#8243; content_parallax=&#8220;0&#8243; uncode_shortcode_id=&#8220;194789&#8243; column_width_pixel=&#8220;900&#8243;][vc_column width=&#8220;1\/2&#8243;][vc_single_image media=&#8220;538&#8243; media_width_percent=&#8220;100&#8243; uncode_shortcode_id=&#8220;798870&#8243;][\/vc_column][vc_column width=&#8220;1\/2&#8243;][vc_column_text text_lead=&#8220;yes&#8220; uncode_shortcode_id=&#8220;129732&#8243;]<strong>Stinnari filet<\/strong><\/p>\n<p>\u00cd samanbur\u00f0i vi\u00f0 a\u00f0rar vei\u00f0ia\u00f0fer\u00f0ir ver\u00f0ur fiskur sem veiddur er me\u00f0 l\u00ednu ekki fyrir miklu v\u00e9lr\u00e6nu \u00e1lagi vi\u00f0 me\u00f0h\u00f6ndlun. \u00deetta skilar s\u00e9r \u00ed stinnari fl\u00f6kum me\u00f0 \u00f3snortinni v\u00f6\u00f0vabyggingu.[\/vc_column_text][vc_column_text text_lead=&#8220;yes&#8220; uncode_shortcode_id=&#8220;163865&#8243;]<strong>Aukin g\u00e6\u00f0ame\u00f0vitund<\/strong><\/p>\n<p>Autolining er eina i\u00f0na\u00f0arvei\u00f0in \u00fear sem hver fiskur er fluttur um bor\u00f0 fyrir sig, sem gerir r\u00e1\u00f0 fyrir pers\u00f3nulegri me\u00f0h\u00f6ndlun. \u00deetta hefur \u00ed f\u00f6r me\u00f0 s\u00e9r l\u00e1gmarks ytri skemmdir e\u00f0a marbletti, \u00e1rangursr\u00edkt og mann\u00fa\u00f0legt dr\u00e1p og \u00fear af lei\u00f0andi bestu bl\u00e6\u00f0ingar. L\u00ednuveiddur fiskur er tilvalinn til a\u00f0 s\u00fdna \u00e1 \u00eds, sem gerir hann fullkominn fyrir h\u00e1g\u00e6\u00f0a kynningu. A\u00f0fer\u00f0in er \u00ed h\u00e1vegum h\u00f6f\u00f0 af gl\u00f6ggum vi\u00f0skiptavinum og matrei\u00f0slum\u00f6nnum \u00e1 \u00farvalsmarka\u00f0ssvi\u00f0um. \u00cd Bretlandi, ef \u00fe\u00fa heims\u00e6kir Marks &amp; Spencer, Sainsbury&#8217;s e\u00f0a Waitrose, muntu taka eftir \u00fev\u00ed a\u00f0 eina vei\u00f0ia\u00f0fer\u00f0in sem er s\u00e9rstaklega merkt \u00e1 v\u00f6runa er langrey\u00f0a. \u00c1 sama h\u00e1tt, \u00ed Galis\u00edu \u00e1 Sp\u00e1ni, \u00feegar \u00fe\u00fa pantar hef\u00f0bundinn l\u00fdsingskv\u00f6ldver\u00f0 \u00e1 veitingasta\u00f0, mun \u00e1 matse\u00f0linum standa stolt \u201eMerluza de Pincho\u201c \u2014 l\u00fdsing veiddur me\u00f0 kr\u00f3k og l\u00ednu.[\/vc_column_text][\/vc_column][\/vc_row]<\/p>\n<\/div>","protected":false},"excerpt":{"rendered":"<p>[vc_row row_height_percent=&#8220;0&#8243; overlay_alpha=&#8220;50&#8243; gutter_size=&#8220;3&#8243; column_width_use_pixel=&#8220;yes&#8220; shift_y=&#8220;0&#8243; z_index=&#8220;0&#8243; content_parallax=&#8220;0&#8243; uncode_shortcode_id=&#8220;379909&#8243; column_width_pixel=&#8220;900&#8243;][vc_column width=&#8220;1\/1&#8243;][vc_custom_heading heading_semantic=&#8220;h1&#8243; text_font=&#8220;font-125558&#8243; text_size=&#8220;h1&#8243; text_weight=&#8220;800&#8243; uncode_shortcode_id=&#8220;989618&#8243;]H\u00e1g\u00e6\u00f0a fiskur[\/vc_custom_heading][vc_column_text uncode_shortcode_id=&#8220;677731&#8243;] Langl\u00edna er [&hellip;]<\/p>\n","protected":false},"author":1,"featured_media":0,"parent":0,"menu_order":0,"comment_status":"closed","ping_status":"closed","template":"","meta":{"_acf_changed":false,"footnotes":""},"class_list":["post-1234","page","type-page","status-publish","hentry"],"acf":[],"_links":{"self":[{"href":"https:\/\/mustadautoline.com\/is\/wp-json\/wp\/v2\/pages\/1234","targetHints":{"allow":["GET"]}}],"collection":[{"href":"https:\/\/mustadautoline.com\/is\/wp-json\/wp\/v2\/pages"}],"about":[{"href":"https:\/\/mustadautoline.com\/is\/wp-json\/wp\/v2\/types\/page"}],"author":[{"embeddable":true,"href":"https:\/\/mustadautoline.com\/is\/wp-json\/wp\/v2\/users\/1"}],"replies":[{"embeddable":true,"href":"https:\/\/mustadautoline.com\/is\/wp-json\/wp\/v2\/comments?post=1234"}],"version-history":[{"count":0,"href":"https:\/\/mustadautoline.com\/is\/wp-json\/wp\/v2\/pages\/1234\/revisions"}],"wp:attachment":[{"href":"https:\/\/mustadautoline.com\/is\/wp-json\/wp\/v2\/media?parent=1234"}],"curies":[{"name":"wp","href":"https:\/\/api.w.org\/{rel}","templated":true}]}}