{"id":1244,"date":"2024-02-19T11:56:29","date_gmt":"2024-02-19T10:56:29","guid":{"rendered":"https:\/\/mustadautoline.com\/forsiden\/"},"modified":"2025-04-29T09:42:06","modified_gmt":"2025-04-29T07:42:06","slug":"forsiden","status":"publish","type":"page","link":"https:\/\/mustadautoline.com\/is\/","title":{"rendered":"Forsiden"},"content":{"rendered":"<div class=\"wpb-content-wrapper\"><p>[vc_row unlock_row_content=&#8220;yes&#8220; row_height_percent=&#8220;0&#8243; override_padding=&#8220;yes&#8220; h_padding=&#8220;0&#8243; top_padding=&#8220;2&#8243; bottom_padding=&#8220;0&#8243; back_color=&#8220;color-prif&#8220; back_image=&#8220;145&#8243; overlay_color=&#8220;color-882395&#8243; overlay_alpha=&#8220;40&#8243; gutter_size=&#8220;3&#8243; column_width_use_pixel=&#8220;yes&#8220; shift_y=&#8220;0&#8243; z_index=&#8220;0&#8243; uncode_shortcode_id=&#8220;363755&#8243; row_height_pixel=&#8220;550&#8243; overlay_color_type=&#8220;uncode-palette&#8220; back_color_type=&#8220;uncode-palette&#8220;][vc_column column_width_percent=&#8220;100&#8243; position_vertical=&#8220;middle&#8220; align_horizontal=&#8220;align_center&#8220; gutter_size=&#8220;1&#8243; override_padding=&#8220;yes&#8220; column_padding=&#8220;5&#8243; overlay_alpha=&#8220;50&#8243; shift_x=&#8220;0&#8243; shift_y=&#8220;0&#8243; shift_y_down=&#8220;0&#8243; z_index=&#8220;0&#8243; medium_width=&#8220;0&#8243; mobile_width=&#8220;0&#8243; width=&#8220;1\/1&#8243; uncode_shortcode_id=&#8220;210888&#8243;][vc_custom_heading text_color=&#8220;color-xsdn&#8220; heading_semantic=&#8220;div&#8220; text_font=&#8220;font-125558&#8243; text_size=&#8220;fontsize-133121&#8243; text_weight=&#8220;700&#8243; css_animation=&#8220;left-t-right&#8220; animation_speed=&#8220;500&#8243; animation_delay=&#8220;400&#8243; uncode_shortcode_id=&#8220;159725&#8243; text_color_type=&#8220;uncode-palette&#8220; el_class=&#8220;textshadow&#8220;]Velkomin til<br \/>\n Mustad Autoline[\/vc_custom_heading][vc_custom_heading text_color=&#8220;color-195137&#8243; heading_semantic=&#8220;div&#8220; text_font=&#8220;font-125558&#8243; text_size=&#8220;h1&#8243; text_weight=&#8220;500&#8243; css_animation=&#8220;top-t-bottom&#8220; animation_speed=&#8220;500&#8243; animation_delay=&#8220;700&#8243; uncode_shortcode_id=&#8220;170473&#8243; text_color_type=&#8220;uncode-palette&#8220;]Lei\u00f0andi birgir \u00ed heimi<br \/>\n sj\u00e1lfvirk l\u00ednukerfi[\/vc_custom_heading][vc_empty_space empty_h=&#8220;2&#8243;][\/vc_column][\/vc_row][vc_row row_height_percent=&#8220;0&#8243; override_padding=&#8220;yes&#8220; h_padding=&#8220;2&#8243; top_padding=&#8220;0&#8243; bottom_padding=&#8220;2&#8243; back_color=&#8220;color-lxmt&#8220; overlay_alpha=&#8220;50&#8243; equal_height=&#8220;yes&#8220; gutter_size=&#8220;0&#8243; column_width_use_pixel=&#8220;yes&#8220; shift_y=&#8220;-2&#8243; z_index=&#8220;0&#8243; uncode_shortcode_id=&#8220;181780&#8243; column_width_pixel=&#8220;1000&#8243; back_color_type=&#8220;uncode-palette&#8220; el_class=&#8220;no-padding&#8220;][vc_column column_width_percent=&#8220;100&#8243; align_horizontal=&#8220;align_center&#8220; gutter_size=&#8220;1&#8243; override_padding=&#8220;yes&#8220; column_padding=&#8220;2&#8243; back_color=&#8220;color-xsdn&#8220; overlay_alpha=&#8220;70&#8243; border_color=&#8220;color-uydo&#8220; border_style=&#8220;solid&#8220; shift_x=&#8220;0&#8243; shift_y=&#8220;0&#8243; shift_y_down=&#8220;0&#8243; z_index=&#8220;0&#8243; medium_width=&#8220;0&#8243; mobile_width=&#8220;0&#8243; width=&#8220;1\/3&#8243; uncode_shortcode_id=&#8220;778097&#8243; css=&#8220;.vc_custom_1711701606517{border-right-width: 1px !important;padding-right: 10px !important;padding-left: 20px !important;}&#8220; border_color_type=&#8220;uncode-palette&#8220; back_color_type=&#8220;uncode-palette&#8220;][vc_single_image media=&#8220;48&#8243; media_width_use_pixel=&#8220;yes&#8220; alignment=&#8220;center&#8220; advanced=&#8220;yes&#8220; media_overlay_opacity=&#8220;1&#8243; media_reduced=&#8220;three_quarter&#8220; media_padding=&#8220;2&#8243; uncode_shortcode_id=&#8220;147707&#8243; media_link=&#8220;url:%2Fproducts%2F%3Ftax_produktkategori%3Ddeepsea%26unfilter%3D1&#8243; media_width_pixel=&#8220;200&#8243;][vc_custom_heading text_color=&#8220;color-nhtu&#8220; text_font=&#8220;font-125558&#8243; text_size=&#8220;h3&#8243; uncode_shortcode_id=&#8220;203223&#8243; text_color_type=&#8220;uncode-palette&#8220;]Deep Sea Kerfi[\/vc_custom_heading][vc_column_text text_color=&#8220;color-882395&#8243; uncode_shortcode_id=&#8220;176369&#8243; text_color_type=&#8220;uncode-palette&#8220;]Mustad Autoline[\/vc_column_text][vc_empty_space empty_h=&#8220;0&#8243;][vc_separator sep_color=&#8220;&#8220; uncode_shortcode_id=&#8220;129302&#8243;][vc_empty_space empty_h=&#8220;0&#8243;][vc_column_text text_lead=&#8220;yes&#8220; text_color=&#8220;color-882395&#8243; uncode_shortcode_id=&#8220;472020&#8243; text_color_type=&#8220;uncode-palette&#8220;]<a href=\"https:\/\/mustadautoline.com\/is\/deep-sea-e-line-systems\/\">E-Line kerfi<\/a>[\/vc_column_text][vc_empty_space empty_h=&#8220;0&#8243;][vc_separator sep_color=&#8220;&#8220; uncode_shortcode_id=&#8220;129302&#8243;][vc_empty_space empty_h=&#8220;0&#8243;][vc_column_text text_lead=&#8220;yes&#8220; text_color=&#8220;color-882395&#8243; uncode_shortcode_id=&#8220;178530&#8243; text_color_type=&#8220;uncode-palette&#8220;]<a href=\"https:\/\/mustadautoline.com\/is\/djupsjavar-vokvakerfi\/\">V\u00f6kva Kerfi<\/a>[\/vc_column_text][vc_empty_space empty_h=&#8220;0&#8243;][\/vc_column][vc_column column_width_percent=&#8220;100&#8243; align_horizontal=&#8220;align_center&#8220; gutter_size=&#8220;1&#8243; back_color=&#8220;color-xsdn&#8220; overlay_alpha=&#8220;70&#8243; border_color=&#8220;color-uydo&#8220; border_style=&#8220;solid&#8220; shift_x=&#8220;0&#8243; shift_y=&#8220;0&#8243; shift_y_down=&#8220;0&#8243; z_index=&#8220;0&#8243; medium_width=&#8220;0&#8243; mobile_width=&#8220;0&#8243; width=&#8220;1\/3&#8243; uncode_shortcode_id=&#8220;584885&#8243; css=&#8220;.vc_custom_1712828196015{border-right-width: 1px !important;}&#8220; border_color_type=&#8220;uncode-palette&#8220; back_color_type=&#8220;uncode-palette&#8220;][vc_single_image media=&#8220;47&#8243; media_width_use_pixel=&#8220;yes&#8220; alignment=&#8220;center&#8220; advanced=&#8220;yes&#8220; media_overlay_opacity=&#8220;1&#8243; media_padding=&#8220;2&#8243; uncode_shortcode_id=&#8220;145908&#8243; media_link=&#8220;url:https%3A%2F%2Fmustadautoline.com%2Fcoastal-hydrelic-systems%2F&#8220; media_width_pixel=&#8220;200&#8243;][vc_custom_heading text_color=&#8220;color-nhtu&#8220; text_font=&#8220;font-125558&#8243; text_size=&#8220;h3&#8243; uncode_shortcode_id=&#8220;341790&#8243; text_color_type=&#8220;uncode-palette&#8220;]Kastal Kerfi[\/vc_custom_heading][vc_column_text text_color=&#8220;color-882395&#8243; uncode_shortcode_id=&#8220;148063&#8243; text_color_type=&#8220;uncode-palette&#8220;]Mustad Autoline[\/vc_column_text][vc_empty_space empty_h=&#8220;0&#8243;][vc_separator sep_color=&#8220;&#8220; uncode_shortcode_id=&#8220;129302&#8243;][vc_empty_space empty_h=&#8220;0&#8243;][vc_column_text text_lead=&#8220;yes&#8220; text_color=&#8220;color-882395&#8243; uncode_shortcode_id=&#8220;214329&#8243; text_color_type=&#8220;uncode-palette&#8220;]<a href=\"https:\/\/mustadautoline.com\/is\/strandvokvakerfi\/\">V\u00f6kva Kerfi<\/a>[\/vc_column_text][vc_empty_space empty_h=&#8220;0&#8243;][vc_separator sep_color=&#8220;&#8220; uncode_shortcode_id=&#8220;129302&#8243;][vc_empty_space empty_h=&#8220;0&#8243;][vc_column_text text_lead=&#8220;yes&#8220; text_color=&#8220;color-882395&#8243; uncode_shortcode_id=&#8220;431090&#8243; text_color_type=&#8220;uncode-palette&#8220;]<a href=\"https:\/\/mustadautoline.com\/is\/handy-mag-systems\/\">Handy Mag Kerfi<\/a>[\/vc_column_text][\/vc_column][vc_column column_width_percent=&#8220;100&#8243; align_horizontal=&#8220;align_center&#8220; gutter_size=&#8220;1&#8243; back_color=&#8220;color-xsdn&#8220; overlay_alpha=&#8220;50&#8243; shift_x=&#8220;0&#8243; shift_y=&#8220;0&#8243; shift_y_down=&#8220;0&#8243; z_index=&#8220;0&#8243; medium_width=&#8220;0&#8243; mobile_width=&#8220;0&#8243; width=&#8220;1\/3&#8243; uncode_shortcode_id=&#8220;887570&#8243; back_color_type=&#8220;uncode-palette&#8220;][vc_single_image media=&#8220;936&#8243; media_width_use_pixel=&#8220;yes&#8220; alignment=&#8220;center&#8220; advanced=&#8220;yes&#8220; media_overlay_opacity=&#8220;1&#8243; media_padding=&#8220;2&#8243; uncode_shortcode_id=&#8220;202189&#8243; media_link=&#8220;url:https%3A%2F%2Fmustadautoline.com%2Fprocessing%2F&#8220; media_width_pixel=&#8220;200&#8243;][vc_custom_heading text_color=&#8220;color-nhtu&#8220; text_font=&#8220;font-125558&#8243; text_size=&#8220;h3&#8243; uncode_shortcode_id=&#8220;271376&#8243; text_color_type=&#8220;uncode-palette&#8220;]Fiskvinnsla[\/vc_custom_heading][vc_column_text text_color=&#8220;color-882395&#8243; uncode_shortcode_id=&#8220;218374&#8243; text_color_type=&#8220;uncode-palette&#8220;]Mustad Autoline[\/vc_column_text][vc_empty_space empty_h=&#8220;0&#8243;][vc_separator sep_color=&#8220;&#8220; uncode_shortcode_id=&#8220;129302&#8243;][vc_empty_space empty_h=&#8220;0&#8243;][vc_column_text text_lead=&#8220;yes&#8220; text_color=&#8220;color-882395&#8243; uncode_shortcode_id=&#8220;497681&#8243; text_color_type=&#8220;uncode-palette&#8220;]<a href=\"https:\/\/mustadautoline.com\/is\/vinnsla-havfront\/\">HAVFRONT st\u00f6fun og sl\u00e6ging<\/a>[\/vc_column_text][vc_empty_space empty_h=&#8220;0&#8243;][vc_separator sep_color=&#8220;&#8220; uncode_shortcode_id=&#8220;129302&#8243;][\/vc_column][\/vc_row][vc_row row_height_percent=&#8220;0&#8243; override_padding=&#8220;yes&#8220; h_padding=&#8220;2&#8243; top_padding=&#8220;0&#8243; bottom_padding=&#8220;2&#8243; back_color=&#8220;color-lxmt&#8220; overlay_alpha=&#8220;50&#8243; equal_height=&#8220;yes&#8220; gutter_size=&#8220;3&#8243; column_width_use_pixel=&#8220;yes&#8220; shift_y=&#8220;-2&#8243; z_index=&#8220;0&#8243; desktop_visibility=&#8220;yes&#8220; medium_visibility=&#8220;yes&#8220; mobile_visibility=&#8220;yes&#8220; uncode_shortcode_id=&#8220;128227&#8243; column_width_pixel=&#8220;1000&#8243; back_color_type=&#8220;uncode-palette&#8220; el_class=&#8220;no-padding&#8220;][vc_column column_width_percent=&#8220;100&#8243; align_horizontal=&#8220;align_center&#8220; gutter_size=&#8220;1&#8243; override_padding=&#8220;yes&#8220; column_padding=&#8220;2&#8243; overlay_alpha=&#8220;70&#8243; border_color=&#8220;color-uydo&#8220; border_style=&#8220;solid&#8220; shift_x=&#8220;0&#8243; shift_y=&#8220;0&#8243; shift_y_down=&#8220;0&#8243; z_index=&#8220;0&#8243; medium_width=&#8220;0&#8243; mobile_width=&#8220;0&#8243; width=&#8220;1\/3&#8243; uncode_shortcode_id=&#8220;130514&#8243; css=&#8220;.vc_custom_1709547352963{border-right-width: 1px !important;}&#8220; border_color_type=&#8220;uncode-palette&#8220; el_class=&#8220;box-hover&#8220; link_to=&#8220;url:https%3A%2F%2Fmustadautoline.com%2Fis%2Fvorur%2F%3Ftax_produktkategori%3Ddeepsea%26unfilter%3D1|&#8220;][vc_single_image media=&#8220;48&#8243; media_width_percent=&#8220;100&#8243; uncode_shortcode_id=&#8220;157288&#8243;][vc_custom_heading text_color=&#8220;color-nhtu&#8220; text_font=&#8220;font-125558&#8243; text_size=&#8220;h3&#8243; uncode_shortcode_id=&#8220;203223&#8243; text_color_type=&#8220;uncode-palette&#8220;]Deep Sea Kerfi[\/vc_custom_heading][vc_column_text text_color=&#8220;color-882395&#8243; uncode_shortcode_id=&#8220;176369&#8243; text_color_type=&#8220;uncode-palette&#8220;]Mustad Autoline[\/vc_column_text][\/vc_column][vc_column column_width_percent=&#8220;100&#8243; align_horizontal=&#8220;align_center&#8220; gutter_size=&#8220;1&#8243; overlay_alpha=&#8220;70&#8243; border_color=&#8220;color-uydo&#8220; border_style=&#8220;solid&#8220; shift_x=&#8220;0&#8243; shift_y=&#8220;0&#8243; shift_y_down=&#8220;0&#8243; z_index=&#8220;0&#8243; medium_width=&#8220;0&#8243; mobile_width=&#8220;0&#8243; width=&#8220;1\/3&#8243; uncode_shortcode_id=&#8220;106608&#8243; el_id=&#8220;box-hover&#8220; el_class=&#8220;box-hover&#8220; css=&#8220;.vc_custom_1709547362216{border-right-width: 1px !important;}&#8220; border_color_type=&#8220;uncode-palette&#8220; link_to=&#8220;url:https%3A%2F%2Fmustadautoline.com%2Fis%2Fvorur%2F%3Ftax_produktkategori%3Dcoastal%26unfilter%3D1|&#8220;][vc_single_image media=&#8220;47&#8243; media_width_use_pixel=&#8220;yes&#8220; alignment=&#8220;center&#8220; uncode_shortcode_id=&#8220;740321&#8243;][vc_custom_heading text_color=&#8220;color-nhtu&#8220; text_font=&#8220;font-125558&#8243; text_size=&#8220;h3&#8243; uncode_shortcode_id=&#8220;341790&#8243; text_color_type=&#8220;uncode-palette&#8220;]Kastal Kerfi[\/vc_custom_heading][vc_column_text text_color=&#8220;color-882395&#8243; uncode_shortcode_id=&#8220;148063&#8243; text_color_type=&#8220;uncode-palette&#8220;]Mustad Autoline[\/vc_column_text][\/vc_column][vc_column column_width_percent=&#8220;100&#8243; align_horizontal=&#8220;align_center&#8220; gutter_size=&#8220;1&#8243; overlay_alpha=&#8220;50&#8243; shift_x=&#8220;0&#8243; shift_y=&#8220;0&#8243; shift_y_down=&#8220;0&#8243; z_index=&#8220;0&#8243; medium_width=&#8220;0&#8243; mobile_width=&#8220;0&#8243; width=&#8220;1\/3&#8243; uncode_shortcode_id=&#8220;189516&#8243; el_id=&#8220;box-hover&#8220; el_class=&#8220;box-hover&#8220; link_to=&#8220;url:https%3A%2F%2Fmustadautoline.com%2Fis%2Fvorur%2F%3Ftax_produktkategori%3Dconsumables%26unfilter%3D1|&#8220;][vc_single_image media=&#8220;49&#8243; media_width_percent=&#8220;100&#8243; uncode_shortcode_id=&#8220;507568&#8243;][vc_custom_heading text_color=&#8220;color-nhtu&#8220; text_font=&#8220;font-125558&#8243; text_size=&#8220;h3&#8243; uncode_shortcode_id=&#8220;167016&#8243; text_color_type=&#8220;uncode-palette&#8220;]Ekstrarv\u00f6rur[\/vc_custom_heading][vc_column_text text_color=&#8220;color-882395&#8243; uncode_shortcode_id=&#8220;162899&#8243; text_color_type=&#8220;uncode-palette&#8220;]Mustad Autoline[\/vc_column_text][\/vc_column][\/vc_row][vc_row row_height_percent=&#8220;0&#8243; override_padding=&#8220;yes&#8220; h_padding=&#8220;2&#8243; top_padding=&#8220;3&#8243; bottom_padding=&#8220;3&#8243; back_image=&#8220;51&#8243; back_position=&#8220;center center&#8220; overlay_color=&#8220;color-jevc&#8220; overlay_alpha=&#8220;70&#8243; gutter_size=&#8220;3&#8243; column_width_use_pixel=&#8220;yes&#8220; shift_y=&#8220;0&#8243; z_index=&#8220;0&#8243; uncode_shortcode_id=&#8220;185154&#8243; overlay_color_type=&#8220;uncode-palette&#8220; column_width_pixel=&#8220;1000&#8243;][vc_column width=&#8220;1\/4&#8243;][vc_single_image media=&#8220;45&#8243; media_width_use_pixel=&#8220;yes&#8220; uncode_shortcode_id=&#8220;706342&#8243; media_width_pixel=&#8220;200&#8243;][\/vc_column][vc_column column_width_percent=&#8220;100&#8243; gutter_size=&#8220;2&#8243; override_padding=&#8220;yes&#8220; column_padding=&#8220;2&#8243; overlay_alpha=&#8220;50&#8243; shift_x=&#8220;0&#8243; shift_y=&#8220;0&#8243; shift_y_down=&#8220;0&#8243; z_index=&#8220;0&#8243; medium_width=&#8220;0&#8243; mobile_width=&#8220;0&#8243; width=&#8220;3\/4&#8243; uncode_shortcode_id=&#8220;178173&#8243;][vc_custom_heading text_color=&#8220;color-xsdn&#8220; text_size=&#8220;fontsize-167834&#8243; uncode_shortcode_id=&#8220;363340&#8243; text_color_type=&#8220;uncode-palette&#8220;]N\u00ddTT E-Line kerfi[\/vc_custom_heading][vc_custom_heading text_color=&#8220;color-xsdn&#8220; text_weight=&#8220;500&#8243; uncode_shortcode_id=&#8220;422186&#8243; text_color_type=&#8220;uncode-palette&#8220;]Hanna\u00f0 fyrir betri rekstrargetu og loftslagshlutlausa framt\u00ed\u00f0[\/vc_custom_heading][vc_empty_space empty_h=&#8220;2&#8243;][vc_button button_color=&#8220;color-195137&#8243; size=&#8220;btn-link&#8220; custom_typo=&#8220;yes&#8220; font_family=&#8220;font-125558&#8243; font_weight=&#8220;400&#8243; display=&#8220;inline&#8220; inline_mobile=&#8220;yes&#8220; link=&#8220;url:https%3A%2F%2Fmustadautoline.com%2Fis%2Fdeep-sea-e-line-systems%2F|title:Mustad%20Autoline%20DeepSea%20E-LINE%20alrafmagnskerfi|&#8220; button_color_type=&#8220;uncode-palette&#8220; icon=&#8220;fa fa-arrow-circle-right&#8220; uncode_shortcode_id=&#8220;175308&#8243; el_class=&#8220;linkbutton&#8220;]Allt um E-Line[\/vc_button][vc_button button_color=&#8220;color-195137&#8243; size=&#8220;btn-link&#8220; custom_typo=&#8220;yes&#8220; font_family=&#8220;font-125558&#8243; font_weight=&#8220;400&#8243; display=&#8220;inline&#8220; inline_mobile=&#8220;yes&#8220; link=&#8220;url:https%3A%2F%2Fmustadautoline.com%2Fis%2Fe-line-kerfi%2F|title:Mustad%20Autoline%20DeepSea%20E-LINE%20alrafmagnskerfi|&#8220; button_color_type=&#8220;uncode-palette&#8220; icon=&#8220;fa fa-arrow-circle-right&#8220; uncode_shortcode_id=&#8220;868596&#8243; el_class=&#8220;linkbutton&#8220;]Sj\u00e1 myndbandi\u00f0 \u00ed heild sinni[\/vc_button][\/vc_column][\/vc_row][vc_row row_height_percent=&#8220;0&#8243; override_padding=&#8220;yes&#8220; h_padding=&#8220;2&#8243; top_padding=&#8220;4&#8243; bottom_padding=&#8220;4&#8243; back_color=&#8220;color-gyho&#8220; overlay_alpha=&#8220;100&#8243; gutter_size=&#8220;100&#8243; column_width_percent=&#8220;100&#8243; shift_y=&#8220;0&#8243; z_index=&#8220;0&#8243; style=&#8220;inherited&#8220; uncode_shortcode_id=&#8220;623642&#8243; back_color_type=&#8220;uncode-palette&#8220;][vc_column column_width_percent=&#8220;100&#8243; gutter_size=&#8220;3&#8243; style=&#8220;dark&#8220; overlay_alpha=&#8220;50&#8243; shift_x=&#8220;0&#8243; shift_y=&#8220;0&#8243; shift_y_down=&#8220;0&#8243; z_index=&#8220;0&#8243; medium_width=&#8220;0&#8243; mobile_width=&#8220;0&#8243; width=&#8220;1\/1&#8243; uncode_shortcode_id=&#8220;841941&#8243;][uncode_index el_id=&#8220;index-15588655905&#8243; isotope_mode=&#8220;fitRows&#8220; loop=&#8220;size:3|order_by:date|post_type:post|categories:12|taxonomy_count:10&#8243; screen_lg=&#8220;1000&#8243; screen_md=&#8220;900&#8243; screen_sm=&#8220;480&#8243; filtering=&#8220;yes&#8220; filter_style=&#8220;dark&#8220; filtering_uppercase=&#8220;yes&#8220; filtering_full_width=&#8220;yes&#8220; filtering_position=&#8220;center&#8220; gutter_size=&#8220;2&#8243; post_items=&#8220;media|featured|onpost|poster,category|colorbg|topright|display-icon,date,title,text|excerpt|84&#8243; page_items=&#8220;title,media,text,category&#8220; product_items=&#8220;title,media,text,category,price&#8220; portfolio_items=&#8220;title,media,text,category&#8220; pagination=&#8220;yes&#8220; footer_full_width=&#8220;yes&#8220; images_size=&#8220;three-two&#8220; single_back_color=&#8220;color-xsdn&#8220; single_shape=&#8220;round&#8220; radius=&#8220;xs&#8220; single_overlay_opacity=&#8220;50&#8243; single_overlay_anim=&#8220;no&#8220; single_text_visible=&#8220;yes&#8220; single_text_anim=&#8220;no&#8220; single_padding=&#8220;2&#8243; single_title_dimension=&#8220;h5&#8243; single_border=&#8220;yes&#8220; single_css_animation=&#8220;bottom-t-top&#8220; single_animation_delay=&#8220;200&#8243; single_half_padding=&#8220;&#8220; single_title_bold=&#8220;yes&#8220; single_title_serif=&#8220;&#8220; single_title_divider=&#8220;&#8220; single_no_background=&#8220;&#8220; items=&#8220;e30=&#8220; footer_position=&#8220;left&#8220; carousel_rtl=&#8220;&#8220; single_icon=&#8220;fa fa-plus2&#8243; filtering_transform=&#8220;uppercase&#8220; uncode_shortcode_id=&#8220;462533&#8243; button_class=&#8220;filterclass&#8220; el_class=&#8220;filterclass&#8220;][\/vc_column][\/vc_row]<\/p>\n<\/div>","protected":false},"excerpt":{"rendered":"<p>[vc_row unlock_row_content=&#8220;yes&#8220; row_height_percent=&#8220;0&#8243; override_padding=&#8220;yes&#8220; h_padding=&#8220;0&#8243; top_padding=&#8220;2&#8243; bottom_padding=&#8220;0&#8243; back_color=&#8220;color-prif&#8220; back_image=&#8220;145&#8243; overlay_color=&#8220;color-882395&#8243; overlay_alpha=&#8220;40&#8243; gutter_size=&#8220;3&#8243; column_width_use_pixel=&#8220;yes&#8220; shift_y=&#8220;0&#8243; z_index=&#8220;0&#8243; uncode_shortcode_id=&#8220;363755&#8243; row_height_pixel=&#8220;550&#8243; overlay_color_type=&#8220;uncode-palette&#8220; back_color_type=&#8220;uncode-palette&#8220;][vc_column column_width_percent=&#8220;100&#8243; [&hellip;]<\/p>\n","protected":false},"author":1,"featured_media":0,"parent":0,"menu_order":0,"comment_status":"closed","ping_status":"closed","template":"","meta":{"_acf_changed":false,"footnotes":""},"class_list":["post-1244","page","type-page","status-publish","hentry"],"acf":[],"_links":{"self":[{"href":"https:\/\/mustadautoline.com\/is\/wp-json\/wp\/v2\/pages\/1244","targetHints":{"allow":["GET"]}}],"collection":[{"href":"https:\/\/mustadautoline.com\/is\/wp-json\/wp\/v2\/pages"}],"about":[{"href":"https:\/\/mustadautoline.com\/is\/wp-json\/wp\/v2\/types\/page"}],"author":[{"embeddable":true,"href":"https:\/\/mustadautoline.com\/is\/wp-json\/wp\/v2\/users\/1"}],"replies":[{"embeddable":true,"href":"https:\/\/mustadautoline.com\/is\/wp-json\/wp\/v2\/comments?post=1244"}],"version-history":[{"count":0,"href":"https:\/\/mustadautoline.com\/is\/wp-json\/wp\/v2\/pages\/1244\/revisions"}],"wp:attachment":[{"href":"https:\/\/mustadautoline.com\/is\/wp-json\/wp\/v2\/media?parent=1244"}],"curies":[{"name":"wp","href":"https:\/\/api.w.org\/{rel}","templated":true}]}}