{"id":1287,"date":"2024-02-19T13:23:04","date_gmt":"2024-02-19T12:23:04","guid":{"rendered":"https:\/\/mustadautoline.com\/um-okkur\/"},"modified":"2025-01-22T19:35:11","modified_gmt":"2025-01-22T18:35:11","slug":"um-okkur","status":"publish","type":"page","link":"https:\/\/mustadautoline.com\/is\/um-okkur\/","title":{"rendered":"Um okkur"},"content":{"rendered":"<div class=\"wpb-content-wrapper\"><p>[vc_row unlock_row_content=&#8220;yes&#8220; row_height_percent=&#8220;0&#8243; override_padding=&#8220;yes&#8220; h_padding=&#8220;0&#8243; top_padding=&#8220;0&#8243; bottom_padding=&#8220;1&#8243; back_image=&#8220;302&#8243; overlay_alpha=&#8220;50&#8243; gutter_size=&#8220;3&#8243; column_width_percent=&#8220;100&#8243; shift_y=&#8220;0&#8243; z_index=&#8220;0&#8243; uncode_shortcode_id=&#8220;547955&#8243; row_height_pixel=&#8220;500&#8243;][vc_column width=&#8220;1\/1&#8243;][\/vc_column][\/vc_row][vc_row row_height_percent=&#8220;0&#8243; overlay_alpha=&#8220;50&#8243; gutter_size=&#8220;3&#8243; column_width_use_pixel=&#8220;yes&#8220; shift_y=&#8220;0&#8243; z_index=&#8220;0&#8243; uncode_shortcode_id=&#8220;134839&#8243; column_width_pixel=&#8220;900&#8243;][vc_column width=&#8220;1\/1&#8243;][vc_custom_heading heading_semantic=&#8220;h1&#8243; text_size=&#8220;h1&#8243; text_weight=&#8220;400&#8243; uncode_shortcode_id=&#8220;156863&#8243;]Um okkur[\/vc_custom_heading][vc_custom_heading heading_semantic=&#8220;h3&#8243; text_size=&#8220;h3&#8243; text_weight=&#8220;400&#8243; uncode_shortcode_id=&#8220;124406&#8243;]Mustad Autoline s\u00e9rh\u00e6fir sig \u00ed a\u00f0 \u00fer\u00f3a og \u00fatvega sj\u00e1lfvirkan l\u00ednub\u00fana\u00f0 til al\u00fej\u00f3\u00f0legs l\u00ednuvei\u00f0iflota.[\/vc_custom_heading][vc_column_text text_lead=&#8220;yes&#8220; uncode_shortcode_id=&#8220;970128&#8243;]Mustad Autoline er lei\u00f0andi \u00e1 heimsv\u00edsu \u00ed \u00fer\u00f3un og frambo\u00f0i \u00e1 sj\u00e1lfvirkum l\u00ednuvei\u00f0ib\u00fana\u00f0i. Vi\u00f0 \u00fej\u00f3num yfir 90% af botnfiskvei\u00f0iflota heimsins og h\u00f6fum veri\u00f0 \u00ed fararbroddi n\u00fdsk\u00f6punar fr\u00e1 stofnun okkar \u00e1 \u00e1ttunda \u00e1ratugnum. \u00cd meira en fimm \u00e1ratugi h\u00f6fum vi\u00f0 st\u00f6\u00f0ugt kynnt n\u00fdjustu lausnir sem hj\u00e1lpa fiskiskipaflotum a\u00f0 auka l\u00ednuveiddan fisk. V\u00f6ru\u00farval okkar er mj\u00f6g fj\u00f6lbreytt og b\u00fd\u00f0ur upp \u00e1 ger\u00f0ir sem eru s\u00e9rsni\u00f0nar a\u00f0 \u00fdmsum skipast\u00e6r\u00f0um, allt fr\u00e1 33 feta strandb\u00e1tum til 200 feta frystiskipa. \u00deessi kerfi eru f\u00e6r um a\u00f0 setja og draga \u00e1 milli 3.000 og 80.000 kr\u00f3ka, sem gerir b\u00fana\u00f0inn okkar a\u00f0l\u00f6gunarh\u00e6fan a\u00f0 margs konar vei\u00f0um. Me\u00f0 n\u00fdjustu t\u00e6kniframf\u00f6rum okkar er Mustad Autoline \u00e1fram valinn kostur fyrir n\u00fat\u00edmalegustu og skilvirkustu l\u00ednub\u00e1tana um allan heim.[\/vc_column_text][\/vc_column][\/vc_row][vc_row row_height_percent=&#8220;0&#8243; overlay_alpha=&#8220;50&#8243; gutter_size=&#8220;3&#8243; column_width_use_pixel=&#8220;yes&#8220; shift_y=&#8220;0&#8243; z_index=&#8220;0&#8243; uncode_shortcode_id=&#8220;134839&#8243; column_width_pixel=&#8220;900&#8243;][vc_column column_width_percent=&#8220;100&#8243; gutter_size=&#8220;2&#8243; overlay_alpha=&#8220;50&#8243; shift_x=&#8220;0&#8243; shift_y=&#8220;0&#8243; shift_y_down=&#8220;0&#8243; z_index=&#8220;0&#8243; medium_width=&#8220;0&#8243; mobile_width=&#8220;0&#8243; width=&#8220;1\/3&#8243; uncode_shortcode_id=&#8220;136482&#8243;][vc_single_image media=&#8220;325&#8243; media_width_percent=&#8220;100&#8243; uncode_shortcode_id=&#8220;474848&#8243;][vc_row_inner][vc_column_inner column_width_percent=&#8220;100&#8243; gutter_size=&#8220;1&#8243; overlay_alpha=&#8220;50&#8243; shift_x=&#8220;0&#8243; shift_y=&#8220;0&#8243; shift_y_down=&#8220;0&#8243; z_index=&#8220;0&#8243; medium_width=&#8220;0&#8243; mobile_width=&#8220;0&#8243; width=&#8220;1\/1&#8243; uncode_shortcode_id=&#8220;208304&#8243;][vc_custom_heading text_size=&#8220;h6&#8243; uncode_shortcode_id=&#8220;136707&#8243;]Framt\u00ed\u00f0ars\u00fdn verkefni og gildi[\/vc_custom_heading][vc_column_text uncode_shortcode_id=&#8220;142403&#8243;]Markmi\u00f0 okkar er a\u00f0 \u00fer\u00f3a st\u00f6\u00f0ugt n\u00fdjar lausnir \u00feannig a\u00f0 h\u00e6gt s\u00e9 a\u00f0 vei\u00f0a fleiri fisk me\u00f0 kr\u00f3k og l\u00ednu. &#8211; Betri lei\u00f0 til a\u00f0 vei\u00f0a![\/vc_column_text][vc_button button_color=&#8220;accent&#8220; size=&#8220;link&#8220; link=&#8220;url:https%3A%2F%2Fmustad.wpenginepowered.com%2Fmission-vision-values%2F|title:Markmi%C3%B0%2C%20framt%C3%AD%C3%B0ars%C3%BDn%20og%20gildi|&#8220; button_color_type=&#8220;uncode-palette&#8220; uncode_shortcode_id=&#8220;177093&#8243;]Lestu meira[\/vc_button][\/vc_column_inner][\/vc_row_inner][\/vc_column][vc_column column_width_percent=&#8220;100&#8243; gutter_size=&#8220;2&#8243; overlay_alpha=&#8220;50&#8243; shift_x=&#8220;0&#8243; shift_y=&#8220;0&#8243; shift_y_down=&#8220;0&#8243; z_index=&#8220;0&#8243; medium_width=&#8220;0&#8243; mobile_width=&#8220;0&#8243; width=&#8220;1\/3&#8243; uncode_shortcode_id=&#8220;197093&#8243;][vc_single_image media=&#8220;422&#8243; media_width_percent=&#8220;100&#8243; uncode_shortcode_id=&#8220;106575&#8243;][vc_row_inner][vc_column_inner column_width_percent=&#8220;100&#8243; gutter_size=&#8220;1&#8243; overlay_alpha=&#8220;50&#8243; shift_x=&#8220;0&#8243; shift_y=&#8220;0&#8243; shift_y_down=&#8220;0&#8243; z_index=&#8220;0&#8243; medium_width=&#8220;0&#8243; mobile_width=&#8220;0&#8243; width=&#8220;1\/1&#8243; uncode_shortcode_id=&#8220;154041&#8243; css=&#8220;.vc_custom_1712687718413{padding-right: 5px !important;padding-left: 5px !important;}&#8220;][vc_custom_heading text_size=&#8220;h6&#8243; uncode_shortcode_id=&#8220;754270&#8243;]Ranns\u00f3knir og \u00fer\u00f3un[\/vc_custom_heading][vc_column_text uncode_shortcode_id=&#8220;655169&#8243;]Ein af \u00e1st\u00e6\u00f0unum fyrir velgengni Mustad Autoline er st\u00f6\u00f0ug fj\u00e1rfesting okkar \u00ed ranns\u00f3knum og \u00fer\u00f3un.[\/vc_column_text][vc_button button_color=&#8220;accent&#8220; size=&#8220;link&#8220; link=&#8220;url:https%3A%2F%2Fmustadautoline.com%2Fis%2Frd%2F|title:R%26amp%3BD|&#8220; button_color_type=&#8220;uncode-palette&#8220; uncode_shortcode_id=&#8220;205491&#8243;]Lestu meira[\/vc_button][\/vc_column_inner][\/vc_row_inner][\/vc_column][vc_column column_width_percent=&#8220;100&#8243; gutter_size=&#8220;2&#8243; overlay_alpha=&#8220;50&#8243; shift_x=&#8220;0&#8243; shift_y=&#8220;0&#8243; shift_y_down=&#8220;0&#8243; z_index=&#8220;0&#8243; medium_width=&#8220;0&#8243; mobile_width=&#8220;0&#8243; width=&#8220;1\/3&#8243; uncode_shortcode_id=&#8220;146206&#8243;][vc_single_image media=&#8220;327&#8243; media_width_percent=&#8220;100&#8243; uncode_shortcode_id=&#8220;346024&#8243;][vc_row_inner][vc_column_inner column_width_percent=&#8220;100&#8243; gutter_size=&#8220;1&#8243; overlay_alpha=&#8220;50&#8243; shift_x=&#8220;0&#8243; shift_y=&#8220;0&#8243; shift_y_down=&#8220;0&#8243; z_index=&#8220;0&#8243; medium_width=&#8220;0&#8243; mobile_width=&#8220;0&#8243; width=&#8220;1\/1&#8243; uncode_shortcode_id=&#8220;154041&#8243; css=&#8220;.vc_custom_1712687718413{padding-right: 5px !important;padding-left: 5px !important;}&#8220;][vc_custom_heading text_size=&#8220;h6&#8243; uncode_shortcode_id=&#8220;909065&#8243;]Framleitt \u00ed Noregi[\/vc_custom_heading][vc_column_text uncode_shortcode_id=&#8220;160610&#8243;]Vi\u00f0 vitum a\u00f0 v\u00f6rurnar sem vi\u00f0 \u00fatvegum eru algj\u00f6rlega mikilv\u00e6gar fyrir tekjur vi\u00f0skiptavina okkar. [\/vc_column_text][vc_button button_color=&#8220;accent&#8220; size=&#8220;link&#8220; link=&#8220;url:https%3A%2F%2Fmustadautoline.com%2Fis%2Fframleitt-i-noregi%2F|title:Framleitt%20%C3%AD%20Noregi|&#8220; button_color_type=&#8220;uncode-palette&#8220; uncode_shortcode_id=&#8220;138440&#8243;]Lestu meira[\/vc_button][\/vc_column_inner][\/vc_row_inner][\/vc_column][\/vc_row][vc_row row_height_percent=&#8220;0&#8243; override_padding=&#8220;yes&#8220; h_padding=&#8220;2&#8243; top_padding=&#8220;2&#8243; bottom_padding=&#8220;3&#8243; overlay_alpha=&#8220;50&#8243; gutter_size=&#8220;3&#8243; column_width_use_pixel=&#8220;yes&#8220; shift_y=&#8220;0&#8243; z_index=&#8220;0&#8243; uncode_shortcode_id=&#8220;324204&#8243; column_width_pixel=&#8220;900&#8243;][vc_column column_width_percent=&#8220;100&#8243; gutter_size=&#8220;2&#8243; overlay_alpha=&#8220;50&#8243; shift_x=&#8220;0&#8243; shift_y=&#8220;0&#8243; shift_y_down=&#8220;0&#8243; z_index=&#8220;0&#8243; medium_width=&#8220;0&#8243; mobile_width=&#8220;0&#8243; width=&#8220;1\/3&#8243; uncode_shortcode_id=&#8220;197093&#8243;][vc_single_image media=&#8220;324&#8243; media_width_percent=&#8220;100&#8243; uncode_shortcode_id=&#8220;587147&#8243;][vc_row_inner][vc_column_inner column_width_percent=&#8220;100&#8243; gutter_size=&#8220;1&#8243; overlay_alpha=&#8220;50&#8243; shift_x=&#8220;0&#8243; shift_y=&#8220;0&#8243; shift_y_down=&#8220;0&#8243; z_index=&#8220;0&#8243; medium_width=&#8220;0&#8243; mobile_width=&#8220;0&#8243; width=&#8220;1\/1&#8243; uncode_shortcode_id=&#8220;154041&#8243; css=&#8220;.vc_custom_1712687718413{padding-right: 5px !important;padding-left: 5px !important;}&#8220;][vc_custom_heading text_size=&#8220;h6&#8243; uncode_shortcode_id=&#8220;455587&#8243;]Stefna um sj\u00e1lfb\u00e6rni og HSEQ[\/vc_custom_heading][vc_column_text uncode_shortcode_id=&#8220;162154&#8243;]Mustad Autoline stefnir a\u00f0 \u00fev\u00ed a\u00f0 vera \u00ed fararbroddi \u00ed umhverfisumb\u00f3tum[\/vc_column_text][vc_button button_color=&#8220;accent&#8220; size=&#8220;link&#8220; link=&#8220;url:https%3A%2F%2Fmustad.wpenginepowered.com%2Fcorporate-environmental-policy%2F|title:Umhverfisstefna%20fyrirt%C3%A6kja|&#8220; button_color_type=&#8220;uncode-palette&#8220; uncode_shortcode_id=&#8220;178089&#8243;]Lestu meira[\/vc_button][\/vc_column_inner][\/vc_row_inner][\/vc_column][vc_column column_width_percent=&#8220;100&#8243; gutter_size=&#8220;2&#8243; overlay_alpha=&#8220;50&#8243; shift_x=&#8220;0&#8243; shift_y=&#8220;0&#8243; shift_y_down=&#8220;0&#8243; z_index=&#8220;0&#8243; medium_width=&#8220;0&#8243; mobile_width=&#8220;0&#8243; width=&#8220;1\/3&#8243; uncode_shortcode_id=&#8220;171977&#8243;][vc_single_image media=&#8220;328&#8243; media_width_percent=&#8220;100&#8243; uncode_shortcode_id=&#8220;990999&#8243;][vc_row_inner][vc_column_inner column_width_percent=&#8220;100&#8243; gutter_size=&#8220;1&#8243; overlay_alpha=&#8220;50&#8243; shift_x=&#8220;0&#8243; shift_y=&#8220;0&#8243; shift_y_down=&#8220;0&#8243; z_index=&#8220;0&#8243; medium_width=&#8220;0&#8243; mobile_width=&#8220;0&#8243; width=&#8220;1\/1&#8243; uncode_shortcode_id=&#8220;124134&#8243; css=&#8220;.vc_custom_1717154333648{padding-right: 5px !important;padding-left: 5px !important;}&#8220;][vc_custom_heading text_size=&#8220;h6&#8243; uncode_shortcode_id=&#8220;108402&#8243;]Pers\u00f3nuverndarstefna[\/vc_custom_heading][vc_column_text uncode_shortcode_id=&#8220;786897&#8243;]<\/p>\n<div class=\"constrained\">\n<p>A\u00f0 vernda \u00f6ryggi og fri\u00f0helgi pers\u00f3nuuppl\u00fdsinga \u00feinna er mikilv\u00e6gt fyrir Mustad Autoline&#8230;<\/p>\n<\/div>\n<p>[\/vc_column_text][vc_button button_color=&#8220;accent&#8220; size=&#8220;link&#8220; link=&#8220;url:https%3A%2F%2Fmustad.wpenginepowered.com%2Fprivacy-policy%2F|title:Pers%C3%B3nuverndarstefna|&#8220; button_color_type=&#8220;uncode-palette&#8220; uncode_shortcode_id=&#8220;324881&#8243;]Lestu meira[\/vc_button][\/vc_column_inner][\/vc_row_inner][\/vc_column][vc_column column_width_percent=&#8220;100&#8243; gutter_size=&#8220;2&#8243; overlay_alpha=&#8220;50&#8243; shift_x=&#8220;0&#8243; shift_y=&#8220;0&#8243; shift_y_down=&#8220;0&#8243; z_index=&#8220;0&#8243; medium_width=&#8220;0&#8243; mobile_width=&#8220;0&#8243; width=&#8220;1\/3&#8243; uncode_shortcode_id=&#8220;146206&#8243;][vc_single_image media=&#8220;318&#8243; media_width_percent=&#8220;100&#8243; uncode_shortcode_id=&#8220;627239&#8243;][vc_row_inner][vc_column_inner column_width_percent=&#8220;100&#8243; gutter_size=&#8220;1&#8243; overlay_alpha=&#8220;50&#8243; shift_x=&#8220;0&#8243; shift_y=&#8220;0&#8243; shift_y_down=&#8220;0&#8243; z_index=&#8220;0&#8243; medium_width=&#8220;0&#8243; mobile_width=&#8220;0&#8243; width=&#8220;1\/1&#8243; uncode_shortcode_id=&#8220;154041&#8243; css=&#8220;.vc_custom_1712687718413{padding-right: 5px !important;padding-left: 5px !important;}&#8220;][vc_custom_heading text_size=&#8220;h6&#8243; uncode_shortcode_id=&#8220;180564&#8243;]Saga[\/vc_custom_heading][vc_column_text uncode_shortcode_id=&#8220;121861&#8243;]\u00cd upphafi n\u00edtj\u00e1ndu aldar var i\u00f0na\u00f0arlandslag Noregs sundra\u00f0&#8230;[\/vc_column_text][vc_button button_color=&#8220;accent&#8220; size=&#8220;link&#8220; link=&#8220;url:https%3A%2F%2Fmustadautoline.com%2Fis%2Fsaga%2F|title:Saga|&#8220; button_color_type=&#8220;uncode-palette&#8220; uncode_shortcode_id=&#8220;101448&#8243;]Lestu meira[\/vc_button][\/vc_column_inner][\/vc_row_inner][\/vc_column][\/vc_row]<\/p>\n<\/div>","protected":false},"excerpt":{"rendered":"<p>[vc_row unlock_row_content=&#8220;yes&#8220; row_height_percent=&#8220;0&#8243; override_padding=&#8220;yes&#8220; h_padding=&#8220;0&#8243; top_padding=&#8220;0&#8243; bottom_padding=&#8220;1&#8243; back_image=&#8220;302&#8243; overlay_alpha=&#8220;50&#8243; gutter_size=&#8220;3&#8243; column_width_percent=&#8220;100&#8243; shift_y=&#8220;0&#8243; z_index=&#8220;0&#8243; uncode_shortcode_id=&#8220;547955&#8243; row_height_pixel=&#8220;500&#8243;][vc_column width=&#8220;1\/1&#8243;][\/vc_column][\/vc_row][vc_row row_height_percent=&#8220;0&#8243; overlay_alpha=&#8220;50&#8243; gutter_size=&#8220;3&#8243; column_width_use_pixel=&#8220;yes&#8220; [&hellip;]<\/p>\n","protected":false},"author":1,"featured_media":0,"parent":0,"menu_order":0,"comment_status":"closed","ping_status":"closed","template":"","meta":{"_acf_changed":false,"footnotes":""},"class_list":["post-1287","page","type-page","status-publish","hentry"],"acf":[],"_links":{"self":[{"href":"https:\/\/mustadautoline.com\/is\/wp-json\/wp\/v2\/pages\/1287","targetHints":{"allow":["GET"]}}],"collection":[{"href":"https:\/\/mustadautoline.com\/is\/wp-json\/wp\/v2\/pages"}],"about":[{"href":"https:\/\/mustadautoline.com\/is\/wp-json\/wp\/v2\/types\/page"}],"author":[{"embeddable":true,"href":"https:\/\/mustadautoline.com\/is\/wp-json\/wp\/v2\/users\/1"}],"replies":[{"embeddable":true,"href":"https:\/\/mustadautoline.com\/is\/wp-json\/wp\/v2\/comments?post=1287"}],"version-history":[{"count":0,"href":"https:\/\/mustadautoline.com\/is\/wp-json\/wp\/v2\/pages\/1287\/revisions"}],"wp:attachment":[{"href":"https:\/\/mustadautoline.com\/is\/wp-json\/wp\/v2\/media?parent=1287"}],"curies":[{"name":"wp","href":"https:\/\/api.w.org\/{rel}","templated":true}]}}