{"id":1304,"date":"2024-02-19T13:22:28","date_gmt":"2024-02-19T12:22:28","guid":{"rendered":"https:\/\/mustadautoline.com\/thjonusta\/"},"modified":"2025-01-22T19:35:11","modified_gmt":"2025-01-22T18:35:11","slug":"thjonusta","status":"publish","type":"page","link":"https:\/\/mustadautoline.com\/is\/thjonusta\/","title":{"rendered":"\u00dej\u00f3nusta"},"content":{"rendered":"<div class=\"wpb-content-wrapper\"><p>[vc_row unlock_row_content=&#8220;yes&#8220; row_height_percent=&#8220;0&#8243; override_padding=&#8220;yes&#8220; h_padding=&#8220;0&#8243; top_padding=&#8220;0&#8243; bottom_padding=&#8220;2&#8243; back_image=&#8220;102&#8243; overlay_color=&#8220;color-882395&#8243; overlay_alpha=&#8220;30&#8243; gutter_size=&#8220;3&#8243; column_width_percent=&#8220;100&#8243; shift_y=&#8220;0&#8243; z_index=&#8220;0&#8243; uncode_shortcode_id=&#8220;260542&#8243; row_height_pixel=&#8220;400&#8243; overlay_color_type=&#8220;uncode-palette&#8220;][vc_column column_width_percent=&#8220;100&#8243; position_vertical=&#8220;middle&#8220; align_horizontal=&#8220;align_center&#8220; gutter_size=&#8220;1&#8243; overlay_alpha=&#8220;50&#8243; shift_x=&#8220;0&#8243; shift_y=&#8220;0&#8243; shift_y_down=&#8220;0&#8243; z_index=&#8220;0&#8243; medium_width=&#8220;0&#8243; mobile_width=&#8220;0&#8243; width=&#8220;1\/1&#8243; uncode_shortcode_id=&#8220;121994&#8243;][vc_custom_heading text_color=&#8220;color-xsdn&#8220; heading_semantic=&#8220;h1&#8243; text_size=&#8220;fontsize-133121&#8243; text_weight=&#8220;800&#8243; uncode_shortcode_id=&#8220;822891&#8243; text_color_type=&#8220;uncode-palette&#8220;]\u00dej\u00f3nusta[\/vc_custom_heading][vc_custom_heading text_color=&#8220;color-195137&#8243; text_font=&#8220;font-125558&#8243; uncode_shortcode_id=&#8220;169698&#8243; text_color_type=&#8220;uncode-palette&#8220;]\u00dea\u00f0 er a\u00f0eins ein frumleg Mustad \u00fej\u00f3nusta<br \/>\n \u00dej\u00f3nusta Mustad Autoline[\/vc_custom_heading][\/vc_column][\/vc_row][vc_row unlock_row_content=&#8220;yes&#8220; row_height_percent=&#8220;0&#8243; override_padding=&#8220;yes&#8220; h_padding=&#8220;0&#8243; top_padding=&#8220;2&#8243; bottom_padding=&#8220;2&#8243; overlay_alpha=&#8220;50&#8243; equal_height=&#8220;yes&#8220; gutter_size=&#8220;3&#8243; column_width_use_pixel=&#8220;yes&#8220; shift_y=&#8220;0&#8243; z_index=&#8220;0&#8243; uncode_shortcode_id=&#8220;153233&#8243; column_width_pixel=&#8220;1200&#8243;][vc_column column_width_percent=&#8220;100&#8243; gutter_size=&#8220;3&#8243; override_padding=&#8220;yes&#8220; column_padding=&#8220;2&#8243; overlay_alpha=&#8220;50&#8243; shift_x=&#8220;0&#8243; shift_y=&#8220;0&#8243; shift_y_down=&#8220;0&#8243; z_index=&#8220;0&#8243; medium_width=&#8220;0&#8243; mobile_width=&#8220;0&#8243; width=&#8220;1\/2&#8243; uncode_shortcode_id=&#8220;851041&#8243;][vc_custom_heading uncode_shortcode_id=&#8220;174056&#8243;]Mustad Autoline Service[\/vc_custom_heading][vc_column_text text_lead=&#8220;yes&#8220; text_color=&#8220;color-jevc&#8220; uncode_shortcode_id=&#8220;148475&#8243; text_color_type=&#8220;uncode-palette&#8220;]R\u00e9tt og fyrirbyggjandi vi\u00f0hald er lykillinn a\u00f0 langt\u00edma og st\u00f6\u00f0ugum rekstri kerfisins \u00fe\u00edns. Litlar lagf\u00e6ringar e\u00f0a endurn\u00fdjun \u00e1 slitnum hluta geta skipt sk\u00f6pum fyrir skilvirkni og haft \u00e1hrif \u00e1 botninn. Mustad Autoline \u00fej\u00f3nustuteymi b\u00fdr yfir mikilli reynslu og er alltaf tilb\u00fai\u00f0 a\u00f0 hitta \u00feig og veita fyrsta flokks \u00fej\u00f3nustu vi\u00f0 Mustad Autoline kerfi\u00f0 \u00feitt. Hvort sem \u00fe\u00fa \u00fearft r\u00e1\u00f0gj\u00f6f e\u00f0a vilt bara r\u00e6\u00f0a t\u00e6knileg atri\u00f0i, \u00fe\u00e1 er teymi\u00f0 okkar til sta\u00f0ar fyrir \u00feig. Vi\u00f0 kappkostum a\u00f0 halda n\u00e1num samskiptum vi\u00f0 vi\u00f0skiptavini okkar til a\u00f0 mi\u00f0la \u00feekkingu og reynslu. \u00deannig getum vi\u00f0 haldi\u00f0 \u00e1fram a\u00f0 \u00fer\u00f3a v\u00f6rur okkar \u00ed samr\u00e6mi vi\u00f0 auknar kr\u00f6fur marka\u00f0arins. Auk starfsf\u00f3lks me\u00f0 a\u00f0setur \u00ed Noregi h\u00f6fum vi\u00f0 einnig \u00f6flugt net \u00fej\u00f3nustua\u00f0ila \u00e1 mismunandi m\u00f6rku\u00f0um \u00fear sem kerfi okkar eru \u00ed notkun. Fyrir frekari uppl\u00fdsingar e\u00f0a fyrirspurnir skaltu ekki hika vi\u00f0 a\u00f0 hafa samband vi\u00f0 okkur \u00e1 <a href=\"mailto:service@mustadautoline.com\">service@mustadautoline.com<\/a> e\u00f0a \u00ed s\u00edma +47 70 10 75 80[\/vc_column_text][\/vc_column][vc_column column_width_percent=&#8220;100&#8243; gutter_size=&#8220;3&#8243; override_padding=&#8220;yes&#8220; column_padding=&#8220;2&#8243; back_color=&#8220;color-lxmt&#8220; overlay_alpha=&#8220;50&#8243; shift_x=&#8220;0&#8243; shift_y=&#8220;0&#8243; shift_y_down=&#8220;0&#8243; z_index=&#8220;0&#8243; medium_width=&#8220;0&#8243; mobile_width=&#8220;0&#8243; width=&#8220;1\/2&#8243; uncode_shortcode_id=&#8220;143435&#8243; back_color_type=&#8220;uncode-palette&#8220;][vc_custom_heading heading_semantic=&#8220;h1&#8243; text_font=&#8220;font-125558&#8243; text_size=&#8220;h1&#8243; uncode_shortcode_id=&#8220;186956&#8243;]Haf\u00f0u samband vi\u00f0 s\u00f6lu- og \u00fej\u00f3nustudeild[\/vc_custom_heading]<noscript class=\"ninja-forms-noscript-message\">\n\tNotice: JavaScript is required for this content.<\/noscript>\n<style type=\"text\/css\">\r\n\r\nbody #nf-form-2-cont {\r\n    border-style: solid;\r\n\r\n\r\n\r\nborder-width: 0px;\r\n\r\n}\r\n\r\n\r\n\r\n\r\n\tbody #nf-form-2-cont .submit-container input[type=button]:hover {\r\n    background-color:#000000;    color:#ffffff;   }\r\n   \r\n\r\n   body #nf-form-2-cont .submit-container input[type=button] {\r\n       border-style: solid;        color:#ffffff;background-color:#a2c033;        border-width: 0px;    }  \r\n\r\n \r\n\r\nbody #nf-form-2-cont .submit-container .nf-field-element{\r\n    }\r\n\r\n    body #nf-form-2-cont .textbox-container input[type=\"text\"],\r\n    body #nf-form-2-cont .email-container input[type=\"email\"],\r\n    body #nf-form-2-cont .firstname-container input[type=\"text\"],\r\n    body #nf-form-2-cont .lastname-container input[type=\"text\"],\r\n    body #nf-form-2-cont .address-container input[type=\"text\"],\r\n    body #nf-form-2-cont .city-container input[type=\"text\"],\r\n    body #nf-form-2-cont .spam-container input[type=\"text\"],\r\n    body #nf-form-2-cont .date-container .nf-field-element input[type=\"text\"],\r\n    body #nf-form-2-cont .phone-container .nf-field-element input[type=\"tel\"],\r\n    body #nf-form-2-cont .zip-container .nf-field-element input[type=\"text\"],\r\n    body #nf-form-2-cont .quantity-container .nf-field-element input,\r\n    body #nf-form-2-cont .number-container .nf-field-element input,\r\n    body #nf-form-2-cont .confirm-container .nf-field-element input{\r\n        border-style: solid;        background-color:#ffffff;color:#000000;        border-width: 1px;    }\r\n \r\n\r\n \r\n\r\n \r\n\r\n    \r\n \r\n\r\n \r\n\r\n\r\n \r\n\r\n \r\n\r\n \r\n\r\n\r\n \r\n\r\n\r\n\/* Option to style placeholder *\/\r\nbody #nf-form-2-cont  ::-webkit-input-placeholder { \/* Chrome\/Opera\/Safari *\/\r\n  color:#000000;}\r\nbody #nf-form-2-cont  ::-moz-placeholder { \/* Firefox 19+ *\/\r\n  color:#000000;}\r\nbody #nf-form-2-cont  :-ms-input-placeholder { \/* IE 10+ *\/\r\n  color:#000000;}\r\nbody #nf-form-2-cont  :-moz-placeholder { \/* Firefox 18- *\/\r\n  color:#000000;}\r\n\r\n\/* Styling for Tablets *\/\r\n@media only screen and (max-width: 800px) and (min-width:481px) {\r\n    \r\n    \r\n\r\n\r\n\r\n\r\n\r\n\r\n\r\n\r\n\r\n\r\n\r\n\r\n\r\n\r\n    }\r\n\r\n\r\n\/* Styling for phones *\/\r\n@media only screen and (max-width: 480px){\r\n    \r\n\r\n\r\n\r\n\r\n\r\n\r\n\r\n\r\n\r\n\r\n\r\n\r\n\r\n}\r\n\r\n\r\n    \r\n        <\/style><div id=\"nf-form-2-cont\" class=\"nf-form-cont\" aria-live=\"polite\" aria-labelledby=\"nf-form-title-2\" aria-describedby=\"nf-form-errors-2\" role=\"form\">\n\n    <div class=\"nf-loading-spinner\"><\/div>\n\n<\/div>\n        <!-- That data is being printed as a workaround to page builders reordering the order of the scripts loaded-->\n        <script>var formDisplay=1;var nfForms=nfForms||[];var form=[];form.id='2';form.settings={\"objectType\":\"Form Setting\",\"editActive\":true,\"title\":\"Service\",\"show_title\":0,\"allow_public_link\":0,\"embed_form\":\"\",\"clear_complete\":1,\"hide_complete\":1,\"default_label_pos\":\"above\",\"wrapper_class\":\"\",\"element_class\":\"\",\"form_title_heading_level\":\"3\",\"key\":\"\",\"add_submit\":0,\"changeEmailErrorMsg\":\"Please enter a valid email address!\",\"changeDateErrorMsg\":\"Please enter a valid date!\",\"confirmFieldErrorMsg\":\"These fields must match!\",\"fieldNumberNumMinError\":\"Number Min Error\",\"fieldNumberNumMaxError\":\"Number Max Error\",\"fieldNumberIncrementBy\":\"Please increment by \",\"formErrorsCorrectErrors\":\"Please correct errors before submitting this form.\",\"validateRequiredField\":\"This is a required field.\",\"honeypotHoneypotError\":\"Honeypot Error\",\"fieldsMarkedRequired\":\"Fields marked with an <span class=\\\"ninja-forms-req-symbol\\\">*<\\\/span> are required\",\"currency\":\"\",\"unique_field_error\":\"A form with this value has already been submitted.\",\"logged_in\":false,\"not_logged_in_msg\":\"\",\"sub_limit_msg\":\"The form has reached its submission limit.\",\"calculations\":[],\"formContentData\":[\"company_name_1709552624084\",\"your_name_1709552674167\",\"email_1709552698810\",\"phone_1709553423219\",\"short_info_about_your_need_1709553436058\",\"submit_1709552783961\"],\"drawerDisabled\":false,\"ninjaForms\":\"Ninja Forms\",\"fieldTextareaRTEInsertLink\":\"Insert Link\",\"fieldTextareaRTEInsertMedia\":\"Insert Media\",\"fieldTextareaRTESelectAFile\":\"Select a file\",\"formHoneypot\":\"If you are a human seeing this field, please leave it empty.\",\"fileUploadOldCodeFileUploadInProgress\":\"File Upload in Progress.\",\"fileUploadOldCodeFileUpload\":\"FILE UPLOAD\",\"currencySymbol\":\"&#36;\",\"thousands_sep\":\".\",\"decimal_point\":\",\",\"siteLocale\":\"is_IS\",\"dateFormat\":\"m\\\/d\\\/Y\",\"startOfWeek\":\"1\",\"of\":\"of\",\"previousMonth\":\"Previous Month\",\"nextMonth\":\"Next Month\",\"months\":[\"January\",\"February\",\"March\",\"April\",\"May\",\"June\",\"July\",\"August\",\"September\",\"October\",\"November\",\"December\"],\"monthsShort\":[\"Jan\",\"Feb\",\"Mar\",\"Apr\",\"May\",\"Jun\",\"Jul\",\"Aug\",\"Sep\",\"Oct\",\"Nov\",\"Dec\"],\"weekdays\":[\"Sunday\",\"Monday\",\"Tuesday\",\"Wednesday\",\"Thursday\",\"Friday\",\"Saturday\"],\"weekdaysShort\":[\"Sun\",\"Mon\",\"Tue\",\"Wed\",\"Thu\",\"Fri\",\"Sat\"],\"weekdaysMin\":[\"Su\",\"Mo\",\"Tu\",\"We\",\"Th\",\"Fr\",\"Sa\"],\"recaptchaConsentMissing\":\"reCaptcha validation couldn&#039;t load.\",\"recaptchaMissingCookie\":\"reCaptcha v3 validation couldn&#039;t load the cookie needed to submit the form.\",\"recaptchaConsentEvent\":\"Accept reCaptcha cookies before sending the form.\",\"currency_symbol\":\"\",\"beforeForm\":\"\",\"beforeFields\":\"\",\"afterFields\":\"\",\"afterForm\":\"\"};form.fields=[{\"objectType\":\"Field\",\"objectDomain\":\"fields\",\"editActive\":false,\"order\":1,\"idAttribute\":\"id\",\"label\":\"Nafn fyrirt\\u00e6kis:\",\"type\":\"textbox\",\"key\":\"company_name_1709552624084\",\"label_pos\":\"hidden\",\"required\":1,\"default\":\"\",\"placeholder\":\"Nafn fyrirt\\u00e6kis:\",\"container_class\":\"\",\"element_class\":\"\",\"input_limit\":\"\",\"input_limit_type\":\"characters\",\"input_limit_msg\":\"Tegn igjen\",\"manual_key\":false,\"admin_label\":\"\",\"help_text\":\"\",\"mask\":\"\",\"custom_mask\":\"\",\"custom_name_attribute\":\"\",\"personally_identifiable\":\"\",\"value\":\"\",\"drawerDisabled\":false,\"id\":5,\"beforeField\":\"\",\"afterField\":\"\",\"parentType\":\"textbox\",\"element_templates\":[\"textbox\",\"input\"],\"old_classname\":\"\",\"wrap_template\":\"wrap\"},{\"objectType\":\"Field\",\"objectDomain\":\"fields\",\"editActive\":false,\"order\":2,\"idAttribute\":\"id\",\"type\":\"textbox\",\"label\":\"Nafn \\u00feitt:\",\"key\":\"your_name_1709552674167\",\"label_pos\":\"hidden\",\"required\":1,\"default\":\"\",\"placeholder\":\"Nafn \\u00feitt:\",\"container_class\":\"\",\"element_class\":\"\",\"input_limit\":\"\",\"input_limit_type\":\"characters\",\"input_limit_msg\":\"Tegn igjen\",\"manual_key\":false,\"admin_label\":\"\",\"help_text\":\"\",\"mask\":\"\",\"custom_mask\":\"\",\"custom_name_attribute\":\"\",\"personally_identifiable\":\"\",\"value\":\"\",\"drawerDisabled\":false,\"id\":6,\"beforeField\":\"\",\"afterField\":\"\",\"parentType\":\"textbox\",\"element_templates\":[\"textbox\",\"input\"],\"old_classname\":\"\",\"wrap_template\":\"wrap\"},{\"objectType\":\"Field\",\"objectDomain\":\"fields\",\"editActive\":false,\"order\":3,\"idAttribute\":\"id\",\"type\":\"email\",\"label\":\"t\\u00f6lvup\\u00f3sti:\",\"key\":\"email_1709552698810\",\"label_pos\":\"hidden\",\"required\":1,\"default\":\"\",\"placeholder\":\"t\\u00f6lvup\\u00f3sti:\",\"container_class\":\"\",\"element_class\":\"\",\"admin_label\":\"\",\"help_text\":\"\",\"custom_name_attribute\":\"email\",\"personally_identifiable\":1,\"value\":\"\",\"drawerDisabled\":false,\"id\":7,\"beforeField\":\"\",\"afterField\":\"\",\"parentType\":\"email\",\"element_templates\":[\"email\",\"input\"],\"old_classname\":\"\",\"wrap_template\":\"wrap\"},{\"objectType\":\"Field\",\"objectDomain\":\"fields\",\"editActive\":false,\"order\":4,\"idAttribute\":\"id\",\"type\":\"phone\",\"label\":\"S\\u00edmi:\",\"key\":\"phone_1709553423219\",\"label_pos\":\"hidden\",\"required\":1,\"default\":\"\",\"placeholder\":\"S\\u00edmi:\",\"container_class\":\"\",\"element_class\":\"\",\"input_limit\":\"\",\"input_limit_type\":\"characters\",\"input_limit_msg\":\"Tegn igjen\",\"manual_key\":false,\"admin_label\":\"\",\"help_text\":\"\",\"mask\":\"\",\"custom_mask\":\"\",\"custom_name_attribute\":\"phone\",\"personally_identifiable\":1,\"value\":\"\",\"drawerDisabled\":false,\"id\":8,\"beforeField\":\"\",\"afterField\":\"\",\"parentType\":\"textbox\",\"element_templates\":[\"tel\",\"textbox\",\"input\"],\"old_classname\":\"\",\"wrap_template\":\"wrap\"},{\"objectType\":\"Field\",\"objectDomain\":\"fields\",\"editActive\":false,\"order\":5,\"idAttribute\":\"id\",\"type\":\"textarea\",\"label\":\"Stuttar uppl\\u00fdsingar um \\u00fe\\u00f6rf \\u00fe\\u00edna:\",\"key\":\"short_info_about_your_need_1709553436058\",\"label_pos\":\"hidden\",\"required\":1,\"default\":\"\",\"placeholder\":\"Stuttar uppl\\u00fdsingar um \\u00fe\\u00f6rf \\u00fe\\u00edna:\",\"container_class\":\"\",\"element_class\":\"\",\"input_limit\":\"\",\"input_limit_type\":\"characters\",\"input_limit_msg\":\"Tegn igjen\",\"manual_key\":false,\"admin_label\":\"\",\"help_text\":\"\",\"textarea_rte\":\"\",\"disable_rte_mobile\":\"\",\"textarea_media\":\"\",\"value\":\"\",\"drawerDisabled\":false,\"id\":9,\"beforeField\":\"\",\"afterField\":\"\",\"parentType\":\"textarea\",\"element_templates\":[\"textarea\",\"input\"],\"old_classname\":\"\",\"wrap_template\":\"wrap\"},{\"objectType\":\"Field\",\"objectDomain\":\"fields\",\"editActive\":false,\"order\":6,\"idAttribute\":\"id\",\"label\":\"Send\",\"type\":\"submit\",\"processing_label\":\"Behandler\",\"container_class\":\"\",\"element_class\":\"\",\"key\":\"submit_1709552783961\",\"admin_label\":\"\",\"id\":10,\"beforeField\":\"\",\"afterField\":\"\",\"value\":\"\",\"label_pos\":\"above\",\"parentType\":\"textbox\",\"element_templates\":[\"submit\",\"button\",\"input\"],\"old_classname\":\"\",\"wrap_template\":\"wrap-no-label\"}];nfForms.push(form);<\/script>\n        [\/vc_column][\/vc_row][vc_row][vc_column width=&#8220;1\/1&#8243;][vc_tabs vertical=&#8220;yes&#8220; active_bg_color=&#8220;color-882395&#8243; active_txt_color=&#8220;color-xsdn&#8220; uncode_shortcode_id=&#8220;259828&#8243; active_bg_color_type=&#8220;uncode-palette&#8220; active_txt_color_type=&#8220;uncode-palette&#8220;][vc_tab gutter_size=&#8220;2&#8243; column_padding=&#8220;2&#8243; title=&#8220;\u00dej\u00e1lfunarn\u00e1mskei\u00f0&#8220; tab_id=&#8220;1709556111370-2-6&#8243;][vc_separator sep_color=&#8220;&#8220; mobile_visibility=&#8220;yes&#8220; uncode_shortcode_id=&#8220;781990&#8243;][vc_custom_heading uncode_shortcode_id=&#8220;101648&#8243;]Mustad Autoline \u00fej\u00e1lfunarn\u00e1mskei\u00f0[\/vc_custom_heading][vc_custom_heading text_size=&#8220;h4&#8243; uncode_shortcode_id=&#8220;292881&#8243;]Auktu f\u00e6rni \u00fe\u00edna og h\u00e1marka\u00f0u virkni Mustad Autoline kerfisins \u00fe\u00edns[\/vc_custom_heading][vc_column_text text_lead=&#8220;yes&#8220; uncode_shortcode_id=&#8220;116729&#8243;]\u00c1samt s\u00e9rfr\u00e6\u00f0ingum okkar hj\u00e1 Mustad Autoline ver\u00f0ur \u00fe\u00fa \u00fej\u00e1lfa\u00f0ur \u00ed a\u00f0:<\/p>\n<ul>\n<li>Framkv\u00e6ma vi\u00f0hald \u00e1 kerfinu \u00fe\u00ednu<\/li>\n<li>Finndu og meti\u00f0 slitna hluta<\/li>\n<li>Meti\u00f0 og skipti\u00f0 um slitna hluta<\/li>\n<li>Og f\u00e1\u00f0u n\u00fdjustu uppf\u00e6rslur \u00e1 n\u00fdjum lausnum og uppf\u00e6r\u00f0u<\/li>\n<\/ul>\n<p>Vi\u00f0 hl\u00f6kkum til a\u00f0 sj\u00e1 \u00feig flj\u00f3tlega, ef \u00fe\u00fa vilt frekari uppl\u00fdsingar e\u00f0a vilt b\u00f3ka \u00feig vinsamlegast haf\u00f0u samband vi\u00f0 okkur \u00e1 <a href=\"mailto:service@mustadautoline.com\">service@mustadautoline.com<\/a> e\u00f0a hringdu \u00ed okkur \u00ed s\u00edma +47 70 10 75 80[\/vc_column_text][\/vc_tab][vc_tab gutter_size=&#8220;2&#8243; column_padding=&#8220;2&#8243; title=&#8220;\u00c1byrg\u00f0&#8220; tab_id=&#8220;1709555260-2-1&#8243;][vc_separator sep_color=&#8220;&#8220; mobile_visibility=&#8220;yes&#8220; uncode_shortcode_id=&#8220;778633&#8243;][vc_custom_heading uncode_shortcode_id=&#8220;103773&#8243;]\u00c1byrg\u00f0 Mustad Autoline System[\/vc_custom_heading][vc_column_text text_lead=&#8220;yes&#8220; uncode_shortcode_id=&#8220;193563&#8243;]<strong>Almenn \u00e1byrg\u00f0 \u00e1 n\u00fdjum kerfum<\/strong><\/p>\n<p>1 \u00e1ri eftir a\u00f0 gangsetning v\u00f6runnar er loki\u00f0, e\u00f0a a\u00f0 h\u00e1marki 18 m\u00e1nu\u00f0um eftir afhendingardag v\u00f6runnar til kaupanda.<\/p>\n<p><strong>\u00c1byrg\u00f0arskilm\u00e1lar<\/strong><\/p>\n<p>\u00c1byrg\u00f0in tekur til framlei\u00f0slugalla og galla \u00e1 v\u00f6runni, svo og hvers kyns galla \u00ed uppsetningarvinnu seljanda. \u00c1byrg\u00f0in fellur \u00far gildi ef annar en seljandi hefur sett upp e\u00f0a framkv\u00e6mt vinnu vi\u00f0 v\u00f6runa, sem hefur valdi\u00f0 skemmdum e\u00f0a galla \u00e1 v\u00f6runni, e\u00f0a ef varan er breytt e\u00f0a \u00f3tilgreindur b\u00fana\u00f0ur tengdur v\u00f6runni \u00e1n fyrirfram skriflegs sam\u00feykkis seljanda. Seljandi mun hafa umsj\u00f3n me\u00f0 og sam\u00feykkja uppsetningu b\u00fana\u00f0arins (\u00e1 kostna\u00f0 kaupanda), \u00e1byrg\u00f0in er \u00f3gild ef \u00feessu er sleppt. A\u00f0 \u00f6\u00f0rum kosti gilda s\u00f6mu takmarkanir \u00ed \u00e1byrg\u00f0 seljanda og \u00e1 \u00e1byrg\u00f0 seljanda \u00e1 g\u00f6llum (Orgalime SI)   <\/p>\n<p><strong>\u00d3sviknir Mustad Autoline varahlutir<\/strong><\/p>\n<p>\u00de\u00fa g\u00e6tir stofna\u00f0 rekstrar\u00f6ryggi og skilvirkni kerfisins \u00ed h\u00e6ttu ef \u00fe\u00fa notar hluta og rekstrarv\u00f6rur sem ekki eru sam\u00feykktar af Mustad Autoline. \u00deetta g\u00e6ti leitt til bilana. Mustad Autoline pr\u00f3far \u00f3svikna hluta og rekstrarv\u00f6rur sem hafa veri\u00f0 s\u00e9rstaklega sam\u00feykktar fyrir kerfi\u00f0 \u00feitt fyrir \u00e1rei\u00f0anleika, \u00f6ryggi og h\u00e6fi. Mustad Autoline tekur enga \u00e1byrg\u00f0 \u00e1 notkun \u00f3upprunalegra varahluta. \u00c1byrg\u00f0 gildir ekki \u00feegar nota\u00f0ir eru \u00f3upprunalegir hlutar.    <\/p>\n<p><strong>V\u00f6rum sem skila\u00f0 er og\/e\u00f0a skipt \u00fat<\/strong><\/p>\n<p>S\u00e9rhverri e\u00f0a \u00f6llum v\u00f6rum sem skila\u00f0 er til MA vegna \u00e1byrg\u00f0arvandam\u00e1la skal skipta \u00fat \u00e1 kostna\u00f0arver\u00f0i fyrir vi\u00f0skiptavini og ver\u00f0a gjaldskyldar samkv\u00e6mt \u00feessum skilm\u00e1lum \u00fear til sanna\u00f0 hefur veri\u00f0 a\u00f0 vara hafi veri\u00f0 g\u00f6llu\u00f0 vegna framlei\u00f0slugalla. Allar v\u00f6rur skulu sko\u00f0a\u00f0ar af Mustad Autoline AS og skal \u00e1kv\u00f6r\u00f0un \u00feeirra \u00e1 v\u00f6runni vera endanleg. Sk\u00fdrsla ver\u00f0ur send vi\u00f0skiptavinum me\u00f0 ni\u00f0urst\u00f6\u00f0um \u00e1kv\u00f6r\u00f0unar. Ef \u00e1kv\u00f6r\u00f0unin s\u00fdnir vanskil \u00e1 \u00e1byrg\u00f0 skal MA gefa \u00fat inneign gegn \u00fatgefnum reikningi fyrir endurn\u00fdjunina. \u00c1byrg\u00f0 gildir ekki \u00feegar nota\u00f0ir eru \u00f3upprunalegir hlutar.[\/vc_column_text][vc_column_text text_lead=&#8220;yes&#8220; uncode_shortcode_id=&#8220;137982&#8243;]<\/p>\n<div class=\"col-8\">\n<div class=\"entry content\">\n<div class=\"entry-text \">\n<div class=\"clearfix margin-bottom__medium\">\n<div class=\"\">\n<h3>\u00c1byrg\u00f0 og afhending varahluta<\/h3>\n<p>\u00d3venjulegir slithlutir eru me\u00f0 6 m\u00e1na\u00f0a \u00e1byrg\u00f0 ef \u00feeir eru settir upp af MA t\u00e6knimanni Markmi\u00f0 okkar er a\u00f0 tryggja a\u00f0 varahlutir sem eru mikilv\u00e6gir fyrir rekstur kerfisins s\u00e9u tilt\u00e6kir og tilb\u00fanir til sendingar fr\u00e1 Mustad Autoline AS \u00ed Gj\u00f8vik, Noregi innan 24 klst. virka daga. Vi\u00f0 \u00e1byrgjumst ekki a\u00f0 varahlutir s\u00e9u til sta\u00f0ar fyrir v\u00f6rur sem h\u00e6tt er a\u00f0 framlei\u00f0a.<\/p>\n<\/div>\n<\/div>\n<\/div>\n<\/div>\n<\/div>\n<p>[\/vc_column_text][\/vc_tab][\/vc_tabs][\/vc_column][\/vc_row]<\/p>\n<\/div>","protected":false},"excerpt":{"rendered":"<p>[vc_row unlock_row_content=&#8220;yes&#8220; row_height_percent=&#8220;0&#8243; override_padding=&#8220;yes&#8220; h_padding=&#8220;0&#8243; top_padding=&#8220;0&#8243; bottom_padding=&#8220;2&#8243; back_image=&#8220;102&#8243; overlay_color=&#8220;color-882395&#8243; overlay_alpha=&#8220;30&#8243; gutter_size=&#8220;3&#8243; column_width_percent=&#8220;100&#8243; shift_y=&#8220;0&#8243; z_index=&#8220;0&#8243; uncode_shortcode_id=&#8220;260542&#8243; row_height_pixel=&#8220;400&#8243; overlay_color_type=&#8220;uncode-palette&#8220;][vc_column column_width_percent=&#8220;100&#8243; position_vertical=&#8220;middle&#8220; align_horizontal=&#8220;align_center&#8220; [&hellip;]<\/p>\n","protected":false},"author":1,"featured_media":0,"parent":0,"menu_order":0,"comment_status":"closed","ping_status":"closed","template":"","meta":{"_acf_changed":false,"footnotes":""},"class_list":["post-1304","page","type-page","status-publish","hentry"],"acf":[],"_links":{"self":[{"href":"https:\/\/mustadautoline.com\/is\/wp-json\/wp\/v2\/pages\/1304","targetHints":{"allow":["GET"]}}],"collection":[{"href":"https:\/\/mustadautoline.com\/is\/wp-json\/wp\/v2\/pages"}],"about":[{"href":"https:\/\/mustadautoline.com\/is\/wp-json\/wp\/v2\/types\/page"}],"author":[{"embeddable":true,"href":"https:\/\/mustadautoline.com\/is\/wp-json\/wp\/v2\/users\/1"}],"replies":[{"embeddable":true,"href":"https:\/\/mustadautoline.com\/is\/wp-json\/wp\/v2\/comments?post=1304"}],"version-history":[{"count":0,"href":"https:\/\/mustadautoline.com\/is\/wp-json\/wp\/v2\/pages\/1304\/revisions"}],"wp:attachment":[{"href":"https:\/\/mustadautoline.com\/is\/wp-json\/wp\/v2\/media?parent=1304"}],"curies":[{"name":"wp","href":"https:\/\/api.w.org\/{rel}","templated":true}]}}