{"id":1323,"date":"2025-02-06T11:39:27","date_gmt":"2025-02-06T10:39:27","guid":{"rendered":"https:\/\/mustadautoline.com\/?page_id=1323"},"modified":"2025-10-20T11:33:28","modified_gmt":"2025-10-20T09:33:28","slug":"leidbeiningar-um-sjalfvirka-fodrun","status":"publish","type":"page","link":"https:\/\/mustadautoline.com\/is\/leidbeiningar-um-sjalfvirka-fodrun\/","title":{"rendered":"Lei\u00f0beiningar um sj\u00e1lfvirka f\u00f3\u00f0run"},"content":{"rendered":"<div class=\"wpb-content-wrapper\"><p>[vc_row unlock_row_content=&#8220;yes&#8220; row_height_percent=&#8220;0&#8243; override_padding=&#8220;yes&#8220; h_padding=&#8220;0&#8243; top_padding=&#8220;0&#8243; bottom_padding=&#8220;1&#8243; back_image=&#8220;327&#8243; overlay_alpha=&#8220;50&#8243; gutter_size=&#8220;3&#8243; column_width_percent=&#8220;100&#8243; shift_y=&#8220;0&#8243; z_index=&#8220;0&#8243; uncode_shortcode_id=&#8220;168738&#8243; row_height_pixel=&#8220;500&#8243;][vc_column width=&#8220;1\/1&#8243;][\/vc_column][\/vc_row][vc_row unlock_row_content=&#8220;yes&#8220; row_height_percent=&#8220;0&#8243; override_padding=&#8220;yes&#8220; h_padding=&#8220;1&#8243; top_padding=&#8220;0&#8243; bottom_padding=&#8220;1&#8243; back_color=&#8220;color-lxmt&#8220; overlay_alpha=&#8220;50&#8243; gutter_size=&#8220;3&#8243; column_width_percent=&#8220;100&#8243; shift_y=&#8220;0&#8243; z_index=&#8220;0&#8243; mobile_visibility=&#8220;yes&#8220; sticky=&#8220;yes&#8220; uncode_shortcode_id=&#8220;208741&#8243; back_color_type=&#8220;uncode-palette&#8220;][vc_column column_width_percent=&#8220;100&#8243; position_vertical=&#8220;middle&#8220; align_horizontal=&#8220;align_right&#8220; gutter_size=&#8220;3&#8243; override_padding=&#8220;yes&#8220; column_padding=&#8220;1&#8243; overlay_alpha=&#8220;50&#8243; shift_x=&#8220;0&#8243; shift_y=&#8220;0&#8243; shift_y_down=&#8220;0&#8243; z_index=&#8220;0&#8243; medium_width=&#8220;0&#8243; mobile_width=&#8220;0&#8243; width=&#8220;1\/1&#8243; uncode_shortcode_id=&#8220;123457&#8243; css=&#8220;.vc_custom_1709632516034{padding-top: 10px !important;padding-right: 30px !important;padding-bottom: 10px !important;padding-left: 30px !important;}&#8220;][vc_button button_color=&#8220;color-882395&#8243; border_width=&#8220;0&#8243; display=&#8220;inline&#8220; link=&#8220;url:https%3A%2F%2Fmustadautoline.com%2Fis%2Fvitnisburdur%2F|&#8220; button_color_type=&#8220;uncode-palette&#8220; uncode_shortcode_id=&#8220;139340&#8243;]Vitnisbur\u00f0ur[\/vc_button][vc_button button_color=&#8220;color-882395&#8243; border_width=&#8220;0&#8243; display=&#8220;inline&#8220; link=&#8220;url:https%3A%2F%2Fmustadautoline.com%2Fis%2Fumhverfi%2F|&#8220; button_color_type=&#8220;uncode-palette&#8220; uncode_shortcode_id=&#8220;109312&#8243;]Umhverfi[\/vc_button][vc_button button_color=&#8220;color-882395&#8243; border_width=&#8220;0&#8243; display=&#8220;inline&#8220; link=&#8220;url:https%3A%2F%2Fmustadautoline.com%2Fis%2Fhagaeda-fiskur%2F|&#8220; button_color_type=&#8220;uncode-palette&#8220; uncode_shortcode_id=&#8220;122214&#8243;]H\u00e1g\u00e6\u00f0a fiskur[\/vc_button][\/vc_column][\/vc_row][vc_row row_height_percent=&#8220;0&#8243; overlay_alpha=&#8220;50&#8243; gutter_size=&#8220;3&#8243; column_width_use_pixel=&#8220;yes&#8220; shift_y=&#8220;0&#8243; z_index=&#8220;0&#8243; uncode_shortcode_id=&#8220;169379&#8243; column_width_pixel=&#8220;900&#8243;][vc_column width=&#8220;1\/1&#8243;][vc_custom_heading text_weight=&#8220;400&#8243; uncode_shortcode_id=&#8220;153381&#8243;]Sj\u00e1lfvirkar l\u00ednuvei\u00f0ar me\u00f0 h\u00e1\u00fer\u00f3a\u00f0ri t\u00e6kni og \u00feilfarsb\u00fana\u00f0i sem er hanna\u00f0ur til a\u00f0 hagr\u00e6\u00f0a \u00ed vei\u00f0iferlinu, l\u00e1gmarka umhverfis\u00e1hrif og vi\u00f0halda sem mestum g\u00e6\u00f0um aflans.[\/vc_custom_heading][vc_single_image media=&#8220;1346&#8243; media_width_percent=&#8220;100&#8243; uncode_shortcode_id=&#8220;193388&#8243; title=&#8220;Fylgstu me\u00f0 vei\u00f0iferlinu um bor\u00f0 \u00ed M\/S Husby Freezer l\u00ednub\u00e1tnum&#8220;][vc_column_text text_lead=&#8220;yes&#8220; uncode_shortcode_id=&#8220;141849&#8243;]<strong>Um sj\u00e1lfvirkar l\u00ednuvei\u00f0ar<\/strong><\/p>\n<p>Langl\u00ednuvei\u00f0i er vei\u00f0ia\u00f0fer\u00f0 \u00fear sem notu\u00f0 er langl\u00edna me\u00f0 beitna kr\u00f3ka sem festir eru me\u00f0 millibili me\u00f0 greinarl\u00ednum sem kallast &#8222;sn\u00fa\u00f0ur&#8220;. L\u00ednuvei\u00f0ar eru \u00ed v\u00edsindalegu tilliti talin LIFE (Low Impact Fuel Efficient) vei\u00f0ia\u00f0fer\u00f0 og er ein sj\u00e1lfb\u00e6rasta lei\u00f0in til a\u00f0 vei\u00f0a villtan fisk \u00far sj\u00f3num. \u00dear a\u00f0 auki, \u00feegar fiskurinn kemur um bor\u00f0 einn \u00ed einu, er h\u00e6gt a\u00f0 vinna fiskinn hratt og varlega, sem gefur fram\u00farskarandi g\u00e6\u00f0i sem neytendur eru mj\u00f6g metnir og sm\u00e1salar nota \u00fea\u00f0 sem s\u00f6lur\u00f6k. Autolining sameinar 500 \u00e1ra hef\u00f0bundna l\u00ednuvei\u00f0ar og n\u00fat\u00edmat\u00e6kni til a\u00f0 auka skilvirkni, b\u00e6ta vinnuskilyr\u00f0i um lei\u00f0 og vi\u00f0halda g\u00e6\u00f0um fisksins og sj\u00e1lfb\u00e6rum vei\u00f0um.   <\/p>\n<p>Me\u00f0 Mustad Autoline\u2122 kerfi eru allir kr\u00f3kar og l\u00edna geymd \u00e1 t\u00edmaritum. St\u00e6r\u00f0 og magn \u00feessara t\u00edmarita er mismunandi eftir st\u00e6r\u00f0 skipsins og \u00fe\u00f6rfum. Eftir a\u00f0 dufll\u00ednan og akkeri\u00f0 hefur veri\u00f0 komi\u00f0 fyrir eru sn\u00faningsl\u00ednan og kr\u00f3karnir dregnir \u00ed gegnum sj\u00e1lfvirku beitningarv\u00e9lina \u00e1 hra\u00f0a sem fer eftir hra\u00f0a skipsins. Fullkomnasta beituv\u00e9lin getur sett upp 6 kr\u00f3ka \u00e1 sek\u00fandu me\u00f0 beituhlutfalli sem er a\u00f0 me\u00f0altali 95 \u2013 97%. Eftir bleytit\u00edma hefst dr\u00e1ttarferli\u00f0. Kr\u00f3karnir og l\u00ednan eru dregnir yfir hli\u00f0arr\u00fallu \u00fear sem \u00e1hafnarme\u00f0limur hj\u00e1lpar fiskinum a\u00f0 koma um bor\u00f0, athugar vei\u00f0arf\u00e6ri og stj\u00f3rnar toghra\u00f0anum. \u00cd kj\u00f6lfari\u00f0 halda kr\u00f3karnir og l\u00ednan \u00e1fram \u00ed gegnum kr\u00f3kahreinsarann \u200b\u200bog l\u00ednuhaldarann \u200b\u200b\u00e1\u00f0ur en \u00feeim er komi\u00f0 fyrir \u00ed HookSeparator til a\u00f0 hla\u00f0a \u00feeim \u00e1 bl\u00f6\u00f0in. \u00c1h\u00f6fnin mun \u00fe\u00e1 ganga \u00far skugga um a\u00f0 l\u00ednan og kr\u00f3karnir s\u00e9u r\u00e9tt hengd og geymd. \u00c1 \u00feessum t\u00edma er skipt um sn\u00fa\u00f0ar, kr\u00f3ka og sn\u00fanings eftir \u00fe\u00f6rfum. G\u00edrinn er n\u00fa tilb\u00fainn til a\u00f0 stilla aftur. Dr\u00e1ttarferli\u00f0 tekur 80 \u2013 85% af t\u00edmanum \u00e1 me\u00f0an beiting og stillingarferli\u00f0 er mun hra\u00f0ara me\u00f0 \u00fev\u00ed a\u00f0 nota sj\u00e1lfvirkt kerfi.          <\/p>\n<p>Beita, sp\u00f3la og me\u00f0h\u00f6ndla l\u00ednug\u00edr var handvirk a\u00f0ger\u00f0 \u00fear til snemma \u00e1 \u00e1ttunda \u00e1ratugnum \u00feegar O. Mustad &amp; Son \u00fer\u00f3u\u00f0u Mustad Autoline\u2122 kerfi\u00f0. Mustad Autoline\u2122 System v\u00e9lr\u00e6ndi rekstur l\u00ednuvei\u00f0a. S\u00ed\u00f0an \u00fe\u00e1 hefur Mustad \u00fatvega\u00f0 meira en 800 kerfi um allan heim og er lei\u00f0andi framlei\u00f0andi \u00ed heiminum. Mustad Autoline\u2122 kerfi\u00f0 er s\u00e9rsni\u00f0i\u00f0 fyrir hvern b\u00e1t.[\/vc_column_text][\/vc_column][\/vc_row][vc_row row_height_percent=&#8220;0&#8243; override_padding=&#8220;yes&#8220; h_padding=&#8220;2&#8243; top_padding=&#8220;2&#8243; bottom_padding=&#8220;3&#8243; overlay_alpha=&#8220;50&#8243; gutter_size=&#8220;3&#8243; column_width_use_pixel=&#8220;yes&#8220; shift_y=&#8220;0&#8243; z_index=&#8220;0&#8243; content_parallax=&#8220;0&#8243; uncode_shortcode_id=&#8220;146842&#8243; column_width_pixel=&#8220;900&#8243;][vc_column column_width_percent=&#8220;100&#8243; gutter_size=&#8220;2&#8243; overlay_alpha=&#8220;50&#8243; shift_x=&#8220;0&#8243; shift_y=&#8220;0&#8243; shift_y_down=&#8220;0&#8243; z_index=&#8220;0&#8243; medium_width=&#8220;0&#8243; mobile_width=&#8220;0&#8243; width=&#8220;1\/3&#8243; uncode_shortcode_id=&#8220;136482&#8243;][vc_single_image media=&#8220;2064&#8243; media_width_percent=&#8220;100&#8243; uncode_shortcode_id=&#8220;209516&#8243;][vc_row_inner][vc_column_inner column_width_percent=&#8220;100&#8243; gutter_size=&#8220;1&#8243; overlay_alpha=&#8220;50&#8243; shift_x=&#8220;0&#8243; shift_y=&#8220;0&#8243; shift_y_down=&#8220;0&#8243; z_index=&#8220;0&#8243; medium_width=&#8220;0&#8243; mobile_width=&#8220;0&#8243; width=&#8220;1\/1&#8243; uncode_shortcode_id=&#8220;154041&#8243; css=&#8220;.vc_custom_1712687718413{padding-right: 5px !important;padding-left: 5px !important;}&#8220;][vc_custom_heading text_size=&#8220;h6&#8243; uncode_shortcode_id=&#8220;139646&#8243;]L\u00ednur &amp; b\u00fana\u00f0ur \u00e1 l\u00ednu[\/vc_custom_heading][vc_column_text uncode_shortcode_id=&#8220;140115&#8243;]\u00cd \u00feessum kafla er fjalla\u00f0 um \u00edhluti og uppsetningu l\u00ednuvei\u00f0arf\u00e6ra til a\u00f0 tryggja \u00f6rugga og skilvirka notkun \u00e1 mismunandi d\u00fdpi og vi\u00f0 mismunandi a\u00f0st\u00e6\u00f0ur.[\/vc_column_text][vc_button button_color=&#8220;accent&#8220; size=&#8220;link&#8220; link=&#8220;url:https%3A%2F%2Fmustadautoline.com%2Fis%2Fumhverfi-2%2F|title:L%C3%ADnurnar|&#8220; button_color_type=&#8220;uncode-palette&#8220; uncode_shortcode_id=&#8220;600174&#8243;]Lestu meira[\/vc_button][\/vc_column_inner][\/vc_row_inner][\/vc_column][vc_column column_width_percent=&#8220;100&#8243; gutter_size=&#8220;2&#8243; overlay_alpha=&#8220;50&#8243; shift_x=&#8220;0&#8243; shift_y=&#8220;0&#8243; shift_y_down=&#8220;0&#8243; z_index=&#8220;0&#8243; medium_width=&#8220;0&#8243; mobile_width=&#8220;0&#8243; width=&#8220;1\/3&#8243; uncode_shortcode_id=&#8220;197093&#8243;][vc_single_image media=&#8220;2060&#8243; media_width_percent=&#8220;100&#8243; uncode_shortcode_id=&#8220;192830&#8243;][vc_row_inner][vc_column_inner column_width_percent=&#8220;100&#8243; gutter_size=&#8220;1&#8243; overlay_alpha=&#8220;50&#8243; shift_x=&#8220;0&#8243; shift_y=&#8220;0&#8243; shift_y_down=&#8220;0&#8243; z_index=&#8220;0&#8243; medium_width=&#8220;0&#8243; mobile_width=&#8220;0&#8243; width=&#8220;1\/1&#8243; uncode_shortcode_id=&#8220;154041&#8243; css=&#8220;.vc_custom_1712687718413{padding-right: 5px !important;padding-left: 5px !important;}&#8220;][vc_custom_heading text_size=&#8220;h6&#8243; uncode_shortcode_id=&#8220;178221&#8243;]Beita og beituferli[\/vc_custom_heading][vc_column_text uncode_shortcode_id=&#8220;150774&#8243;]H\u00e1marka vei\u00f0ina \u00fe\u00edna: Besta beitarfiskinn og leysingart\u00e6knin fyrir \u00e1rangursr\u00edka sj\u00e1lff\u00f3\u00f0run[\/vc_column_text][vc_button button_color=&#8220;accent&#8220; size=&#8220;link&#8220; link=&#8220;url:https%3A%2F%2Fmustadautoline.com%2Fbait%2F|title:Beita|&#8220; button_color_type=&#8220;uncode-palette&#8220; uncode_shortcode_id=&#8220;282206&#8243;]Lestu meira[\/vc_button][\/vc_column_inner][\/vc_row_inner][\/vc_column][vc_column column_width_percent=&#8220;100&#8243; gutter_size=&#8220;2&#8243; overlay_alpha=&#8220;50&#8243; shift_x=&#8220;0&#8243; shift_y=&#8220;0&#8243; shift_y_down=&#8220;0&#8243; z_index=&#8220;0&#8243; medium_width=&#8220;0&#8243; mobile_width=&#8220;0&#8243; width=&#8220;1\/3&#8243; uncode_shortcode_id=&#8220;146206&#8243;][vc_single_image media=&#8220;2074&#8243; media_width_percent=&#8220;100&#8243; uncode_shortcode_id=&#8220;207826&#8243;][vc_row_inner][vc_column_inner column_width_percent=&#8220;100&#8243; gutter_size=&#8220;1&#8243; overlay_alpha=&#8220;50&#8243; shift_x=&#8220;0&#8243; shift_y=&#8220;0&#8243; shift_y_down=&#8220;0&#8243; z_index=&#8220;0&#8243; medium_width=&#8220;0&#8243; mobile_width=&#8220;0&#8243; width=&#8220;1\/1&#8243; uncode_shortcode_id=&#8220;154041&#8243; css=&#8220;.vc_custom_1712687718413{padding-right: 5px !important;padding-left: 5px !important;}&#8220;][vc_custom_heading text_size=&#8220;h6&#8243; uncode_shortcode_id=&#8220;283683&#8243;]A\u00f0 skj\u00f3ta[\/vc_custom_heading][vc_column_text uncode_shortcode_id=&#8220;122869&#8243;]A\u00f0 vei\u00f0a me\u00f0 l\u00ednu er n\u00e1kv\u00e6mt ferli sem felur \u00ed s\u00e9r a\u00f0 leggja akkeri, merkja baujur, beita og losa botnl\u00ednuna me\u00f0 kr\u00f3kum, sem s\u00ed\u00f0an er l\u00e1ti\u00f0 liggja \u00ed bleyti svo beitan geti la\u00f0a\u00f0 a\u00f0 fisk.[\/vc_column_text][vc_button button_color=&#8220;accent&#8220; size=&#8220;link&#8220; link=&#8220;url:https%3A%2F%2Fmustadautoline.com%2Fis%2Fad-skjota%2F|title:A%C3%B0%20skj%C3%B3ta|&#8220; button_color_type=&#8220;uncode-palette&#8220; uncode_shortcode_id=&#8220;610835&#8243;]Lestu meira[\/vc_button][\/vc_column_inner][\/vc_row_inner][\/vc_column][\/vc_row][vc_row row_height_percent=&#8220;0&#8243; override_padding=&#8220;yes&#8220; h_padding=&#8220;2&#8243; top_padding=&#8220;2&#8243; bottom_padding=&#8220;3&#8243; overlay_alpha=&#8220;50&#8243; gutter_size=&#8220;3&#8243; column_width_use_pixel=&#8220;yes&#8220; shift_y=&#8220;0&#8243; z_index=&#8220;0&#8243; content_parallax=&#8220;0&#8243; uncode_shortcode_id=&#8220;309862&#8243; column_width_pixel=&#8220;900&#8243;][vc_column column_width_percent=&#8220;100&#8243; gutter_size=&#8220;2&#8243; overlay_alpha=&#8220;50&#8243; shift_x=&#8220;0&#8243; shift_y=&#8220;0&#8243; shift_y_down=&#8220;0&#8243; z_index=&#8220;0&#8243; medium_width=&#8220;0&#8243; mobile_width=&#8220;0&#8243; width=&#8220;1\/3&#8243; uncode_shortcode_id=&#8220;136482&#8243;][vc_single_image media=&#8220;2071&#8243; media_width_percent=&#8220;100&#8243; uncode_shortcode_id=&#8220;125291&#8243;][vc_row_inner][vc_column_inner column_width_percent=&#8220;100&#8243; gutter_size=&#8220;1&#8243; overlay_alpha=&#8220;50&#8243; shift_x=&#8220;0&#8243; shift_y=&#8220;0&#8243; shift_y_down=&#8220;0&#8243; z_index=&#8220;0&#8243; medium_width=&#8220;0&#8243; mobile_width=&#8220;0&#8243; width=&#8220;1\/1&#8243; uncode_shortcode_id=&#8220;154041&#8243; css=&#8220;.vc_custom_1712687718413{padding-right: 5px !important;padding-left: 5px !important;}&#8220;][vc_custom_heading text_size=&#8220;h6&#8243; uncode_shortcode_id=&#8220;119241&#8243;]Dr\u00f6gun[\/vc_custom_heading][vc_column_text uncode_shortcode_id=&#8220;290914&#8243;]Eftir a\u00f0 l\u00ednunni hefur veri\u00f0 lagt \u00ed bleyti er h\u00fan dregin upp \u00ed \u00f6fugri r\u00f6\u00f0 \u2014 byrja\u00f0 er \u00e1 endabaujunni og akkerinu, s\u00ed\u00f0an botnl\u00ednunni og kr\u00f3kunum. Sj\u00e1lfvirk kerfi me\u00f0h\u00f6ndla og geyma vei\u00f0arf\u00e6rin, \u00e1 me\u00f0an fiskurinn er unninn vandlega til a\u00f0 vi\u00f0halda g\u00e6\u00f0um og tryggja \u00f6rugga og skilvirka starfsemi \u00e1 \u00feilfari.[\/vc_column_text][vc_button button_color=&#8220;accent&#8220; size=&#8220;link&#8220; link=&#8220;url:https%3A%2F%2Fmustadautoline.com%2Fis%2Fdrogun%2F|title:Dr%C3%B6gun|&#8220; button_color_type=&#8220;uncode-palette&#8220; uncode_shortcode_id=&#8220;166895&#8243;]Lestu meira[\/vc_button][\/vc_column_inner][\/vc_row_inner][\/vc_column][vc_column column_width_percent=&#8220;100&#8243; gutter_size=&#8220;2&#8243; overlay_alpha=&#8220;50&#8243; shift_x=&#8220;0&#8243; shift_y=&#8220;0&#8243; shift_y_down=&#8220;0&#8243; z_index=&#8220;0&#8243; medium_width=&#8220;0&#8243; mobile_width=&#8220;0&#8243; width=&#8220;1\/3&#8243; uncode_shortcode_id=&#8220;197093&#8243;][vc_single_image media=&#8220;1293&#8243; media_width_percent=&#8220;100&#8243; uncode_shortcode_id=&#8220;143415&#8243;][vc_row_inner][vc_column_inner column_width_percent=&#8220;100&#8243; gutter_size=&#8220;1&#8243; overlay_alpha=&#8220;50&#8243; shift_x=&#8220;0&#8243; shift_y=&#8220;0&#8243; shift_y_down=&#8220;0&#8243; z_index=&#8220;0&#8243; medium_width=&#8220;0&#8243; mobile_width=&#8220;0&#8243; width=&#8220;1\/1&#8243; uncode_shortcode_id=&#8220;154041&#8243; css=&#8220;.vc_custom_1712687718413{padding-right: 5px !important;padding-left: 5px !important;}&#8220;][vc_custom_heading text_size=&#8220;h6&#8243; uncode_shortcode_id=&#8220;188768&#8243;]Vandr\u00e6\u00f0aleit[\/vc_custom_heading][vc_column_text uncode_shortcode_id=&#8220;159786&#8243;]Bilanaleit \/ bilun \u00ed hlj\u00f3\u00f0f\u00e6ri&#8230;[\/vc_column_text][vc_button button_color=&#8220;accent&#8220; size=&#8220;link&#8220; link=&#8220;url:%23|&#8220; button_color_type=&#8220;uncode-palette&#8220; uncode_shortcode_id=&#8220;198459&#8243;]Lestu meira[\/vc_button][\/vc_column_inner][\/vc_row_inner][\/vc_column][vc_column column_width_percent=&#8220;100&#8243; gutter_size=&#8220;2&#8243; overlay_alpha=&#8220;50&#8243; shift_x=&#8220;0&#8243; shift_y=&#8220;0&#8243; shift_y_down=&#8220;0&#8243; z_index=&#8220;0&#8243; medium_width=&#8220;0&#8243; mobile_width=&#8220;0&#8243; width=&#8220;1\/3&#8243; uncode_shortcode_id=&#8220;146206&#8243;][vc_single_image media=&#8220;1293&#8243; media_width_percent=&#8220;100&#8243; uncode_shortcode_id=&#8220;198754&#8243;][vc_row_inner][vc_column_inner column_width_percent=&#8220;100&#8243; gutter_size=&#8220;1&#8243; overlay_alpha=&#8220;50&#8243; shift_x=&#8220;0&#8243; shift_y=&#8220;0&#8243; shift_y_down=&#8220;0&#8243; z_index=&#8220;0&#8243; medium_width=&#8220;0&#8243; mobile_width=&#8220;0&#8243; width=&#8220;1\/1&#8243; uncode_shortcode_id=&#8220;154041&#8243; css=&#8220;.vc_custom_1712687718413{padding-right: 5px !important;padding-left: 5px !important;}&#8220;][vc_custom_heading text_size=&#8220;h6&#8243; uncode_shortcode_id=&#8220;146711&#8243;]T\u00fdndur g\u00edr[\/vc_custom_heading][vc_column_text uncode_shortcode_id=&#8220;119592&#8243;]Texta&#8230;[\/vc_column_text][vc_button button_color=&#8220;accent&#8220; size=&#8220;link&#8220; link=&#8220;url:%23|&#8220; button_color_type=&#8220;uncode-palette&#8220; uncode_shortcode_id=&#8220;163674&#8243;]Lestu meira[\/vc_button][\/vc_column_inner][\/vc_row_inner][\/vc_column][\/vc_row]<\/p>\n<\/div>","protected":false},"excerpt":{"rendered":"<p>[vc_row unlock_row_content=&#8220;yes&#8220; row_height_percent=&#8220;0&#8243; override_padding=&#8220;yes&#8220; h_padding=&#8220;0&#8243; top_padding=&#8220;0&#8243; bottom_padding=&#8220;1&#8243; back_image=&#8220;327&#8243; overlay_alpha=&#8220;50&#8243; gutter_size=&#8220;3&#8243; column_width_percent=&#8220;100&#8243; shift_y=&#8220;0&#8243; z_index=&#8220;0&#8243; uncode_shortcode_id=&#8220;168738&#8243; row_height_pixel=&#8220;500&#8243;][vc_column width=&#8220;1\/1&#8243;][\/vc_column][\/vc_row][vc_row unlock_row_content=&#8220;yes&#8220; row_height_percent=&#8220;0&#8243; override_padding=&#8220;yes&#8220; h_padding=&#8220;1&#8243; [&hellip;]<\/p>\n","protected":false},"author":2,"featured_media":0,"parent":0,"menu_order":0,"comment_status":"closed","ping_status":"closed","template":"","meta":{"_acf_changed":false,"footnotes":""},"class_list":["post-1323","page","type-page","status-publish","hentry"],"acf":[],"_links":{"self":[{"href":"https:\/\/mustadautoline.com\/is\/wp-json\/wp\/v2\/pages\/1323","targetHints":{"allow":["GET"]}}],"collection":[{"href":"https:\/\/mustadautoline.com\/is\/wp-json\/wp\/v2\/pages"}],"about":[{"href":"https:\/\/mustadautoline.com\/is\/wp-json\/wp\/v2\/types\/page"}],"author":[{"embeddable":true,"href":"https:\/\/mustadautoline.com\/is\/wp-json\/wp\/v2\/users\/2"}],"replies":[{"embeddable":true,"href":"https:\/\/mustadautoline.com\/is\/wp-json\/wp\/v2\/comments?post=1323"}],"version-history":[{"count":0,"href":"https:\/\/mustadautoline.com\/is\/wp-json\/wp\/v2\/pages\/1323\/revisions"}],"wp:attachment":[{"href":"https:\/\/mustadautoline.com\/is\/wp-json\/wp\/v2\/media?parent=1323"}],"curies":[{"name":"wp","href":"https:\/\/api.w.org\/{rel}","templated":true}]}}