{"id":1326,"date":"2025-02-04T14:03:53","date_gmt":"2025-02-04T13:03:53","guid":{"rendered":"https:\/\/mustadautoline.com\/?page_id=1326"},"modified":"2025-02-06T10:35:36","modified_gmt":"2025-02-06T09:35:36","slug":"pottadrattarvelar-2","status":"publish","type":"page","link":"https:\/\/mustadautoline.com\/is\/pottadrattarvelar-2\/","title":{"rendered":"Ekstrarv\u00f6rur"},"content":{"rendered":"<div class=\"wpb-content-wrapper\"><p>[vc_row][vc_column width=&#8220;1\/1&#8243;][vc_custom_heading heading_semantic=&#8220;h1&#8243; text_size=&#8220;h1&#8243; uncode_shortcode_id=&#8220;716333&#8243;]Ekstrarv\u00f6rur[\/vc_custom_heading][\/vc_column][\/vc_row][vc_row][vc_column width=&#8220;1\/2&#8243;][vc_gallery el_id=&#8220;gallery-103867-put&#8220; type=&#8220;carousel&#8220; medias=&#8220;1328,1331,1334,1337,270&#8243; carousel_lg=&#8220;1&#8243; carousel_md=&#8220;1&#8243; carousel_sm=&#8220;1&#8243; thumb_size=&#8220;four-three&#8220; gutter_size=&#8220;3&#8243; carousel_interval=&#8220;3000&#8243; carousel_navspeed=&#8220;400&#8243; carousel_loop=&#8220;yes&#8220; carousel_dots=&#8220;yes&#8220; stage_padding=&#8220;0&#8243; single_overlay_opacity=&#8220;50&#8243; single_padding=&#8220;2&#8243; uncode_shortcode_id=&#8220;721459&#8243;][\/vc_column][vc_column width=&#8220;1\/2&#8243;][vc_custom_heading text_size=&#8220;h4&#8243; uncode_shortcode_id=&#8220;127083&#8243;]<\/p>\n<div class=\"flex-shrink-0 flex flex-col relative items-end\">\n<div class=\"pt-0\">\n<div class=\"gizmo-bot-avatar flex h-8 w-8 items-center justify-center overflow-hidden rounded-full\">\n<div class=\"relative p-1 rounded-sm flex items-center justify-center bg-token-main-surface-primary text-token-text-primary h-8 w-8\">\u00cd kynsl\u00f3\u00f0ir hafa sj\u00f3menn \u00feola\u00f0 stanslausar \u00e1skoranir sj\u00e1varvei\u00f0a, \u00fear sem a\u00f0eins \u00e1rei\u00f0anlegustu vei\u00f0arf\u00e6rin standast t\u00edmans t\u00f6nn. Sj\u00f3menn vita a\u00f0 \u00e1rangur byrjar me\u00f0 \u00e1rei\u00f0anlegum b\u00fana\u00f0i &#8211; og Mustad skilar n\u00e1kv\u00e6mlega \u00fev\u00ed. <\/div>\n<\/div>\n<\/div>\n<\/div>\n<p>[\/vc_custom_heading][vc_button button_color=&#8220;color-882395&#8243; border_width=&#8220;0&#8243; link=&#8220;url:https%3A%2F%2Fmustadautoline.com%2Fis%2Fvorur%2F%3Ftax_producttag%3Dconsumables%26unfilter%3D1|title:Mustad%20Hooks|&#8220; button_color_type=&#8220;uncode-palette&#8220; uncode_shortcode_id=&#8220;966935&#8243;]V\u00f6rur okkar[\/vc_button][vc_column_text uncode_shortcode_id=&#8220;128286&#8243;].[\/vc_column_text][\/vc_column][\/vc_row][vc_row row_height_percent=&#8220;0&#8243; overlay_alpha=&#8220;50&#8243; gutter_size=&#8220;3&#8243; column_width_percent=&#8220;100&#8243; shift_y=&#8220;0&#8243; z_index=&#8220;0&#8243; uncode_shortcode_id=&#8220;147959&#8243; row_name=&#8220;products&#8220;][vc_column column_width_percent=&#8220;100&#8243; gutter_size=&#8220;2&#8243; overlay_alpha=&#8220;50&#8243; shift_x=&#8220;0&#8243; shift_y=&#8220;0&#8243; shift_y_down=&#8220;0&#8243; z_index=&#8220;0&#8243; medium_width=&#8220;0&#8243; mobile_width=&#8220;0&#8243; width=&#8220;1\/1&#8243; uncode_shortcode_id=&#8220;736215&#8243;][vc_custom_heading uncode_shortcode_id=&#8220;137797&#8243;]V\u00f6rur[\/vc_custom_heading][uncode_index el_id=&#8220;index-361297-put&#8220; loop=&#8220;size:10|order_by:date|post_type:products|tax_query:5|taxonomy_count:10&#8243; screen_lg=&#8220;1000&#8243; screen_md=&#8220;600&#8243; screen_sm=&#8220;480&#8243; gutter_size=&#8220;3&#8243; products_items=&#8220;media|featured|onpost|original,title,text|excerpt|60&#8243; single_back_color=&#8220;color-lxmt&#8220; single_overlay_opacity=&#8220;50&#8243; single_padding=&#8220;2&#8243; single_title_family=&#8220;font-125558&#8243; single_title_dimension=&#8220;h4&#8243; uncode_shortcode_id=&#8220;206361&#8243;][\/vc_column][\/vc_row]<\/p>\n<\/div>","protected":false},"excerpt":{"rendered":"<p>[vc_row][vc_column width=&#8220;1\/1&#8243;][vc_custom_heading heading_semantic=&#8220;h1&#8243; text_size=&#8220;h1&#8243; uncode_shortcode_id=&#8220;716333&#8243;]Ekstrarv\u00f6rur[\/vc_custom_heading][\/vc_column][\/vc_row][vc_row][vc_column width=&#8220;1\/2&#8243;][vc_gallery el_id=&#8220;gallery-103867-put&#8220; type=&#8220;carousel&#8220; medias=&#8220;1328,1331,1334,1337,270&#8243; carousel_lg=&#8220;1&#8243; carousel_md=&#8220;1&#8243; carousel_sm=&#8220;1&#8243; thumb_size=&#8220;four-three&#8220; gutter_size=&#8220;3&#8243; carousel_interval=&#8220;3000&#8243; carousel_navspeed=&#8220;400&#8243; carousel_loop=&#8220;yes&#8220; carousel_dots=&#8220;yes&#8220; stage_padding=&#8220;0&#8243; single_overlay_opacity=&#8220;50&#8243; [&hellip;]<\/p>\n","protected":false},"author":2,"featured_media":0,"parent":0,"menu_order":0,"comment_status":"closed","ping_status":"closed","template":"","meta":{"_acf_changed":false,"footnotes":""},"class_list":["post-1326","page","type-page","status-publish","hentry"],"acf":[],"_links":{"self":[{"href":"https:\/\/mustadautoline.com\/is\/wp-json\/wp\/v2\/pages\/1326","targetHints":{"allow":["GET"]}}],"collection":[{"href":"https:\/\/mustadautoline.com\/is\/wp-json\/wp\/v2\/pages"}],"about":[{"href":"https:\/\/mustadautoline.com\/is\/wp-json\/wp\/v2\/types\/page"}],"author":[{"embeddable":true,"href":"https:\/\/mustadautoline.com\/is\/wp-json\/wp\/v2\/users\/2"}],"replies":[{"embeddable":true,"href":"https:\/\/mustadautoline.com\/is\/wp-json\/wp\/v2\/comments?post=1326"}],"version-history":[{"count":0,"href":"https:\/\/mustadautoline.com\/is\/wp-json\/wp\/v2\/pages\/1326\/revisions"}],"wp:attachment":[{"href":"https:\/\/mustadautoline.com\/is\/wp-json\/wp\/v2\/media?parent=1326"}],"curies":[{"name":"wp","href":"https:\/\/api.w.org\/{rel}","templated":true}]}}