{"id":1373,"date":"2025-02-07T12:59:03","date_gmt":"2025-02-07T11:59:03","guid":{"rendered":"https:\/\/mustadautoline.com\/?page_id=1373"},"modified":"2025-10-20T08:46:10","modified_gmt":"2025-10-20T06:46:10","slug":"saga-2","status":"publish","type":"page","link":"https:\/\/mustadautoline.com\/is\/saga-2\/","title":{"rendered":"Beita og beituferli"},"content":{"rendered":"<div class=\"wpb-content-wrapper\"><p>[vc_row row_height_percent=&#8220;0&#8243; overlay_color=&#8220;color-gyho&#8220; overlay_alpha=&#8220;50&#8243; gutter_size=&#8220;1&#8243; column_width_use_pixel=&#8220;yes&#8220; shift_y=&#8220;0&#8243; z_index=&#8220;0&#8243; content_parallax=&#8220;0&#8243; uncode_shortcode_id=&#8220;187483&#8243; column_width_pixel=&#8220;900&#8243; overlay_color_type=&#8220;uncode-palette&#8220;][vc_column width=&#8220;1\/1&#8243;][vc_gallery el_id=&#8220;gallery-109904&#8243; gutter_size=&#8220;3&#8243; screen_lg=&#8220;1800&#8243; screen_md=&#8220;600&#8243; screen_sm=&#8220;480&#8243; single_width=&#8220;12&#8243; single_overlay_opacity=&#8220;50&#8243; single_padding=&#8220;2&#8243; uncode_shortcode_id=&#8220;717689&#8243;][vc_custom_heading text_size=&#8220;h1&#8243; uncode_shortcode_id=&#8220;478532&#8243;]Beita og beituferli[\/vc_custom_heading][vc_column_text text_lead=&#8220;yes&#8220; uncode_shortcode_id=&#8220;160391&#8243;]<\/p>\n<h4>Beita er notu\u00f0 til a\u00f0 la\u00f0a a\u00f0 fisk me\u00f0 \u00fev\u00ed a\u00f0 losa lykt \u00fat \u00ed vatni\u00f0, sem dregur fiskinn a\u00f0 kr\u00f3knum. \u00dev\u00ed sterkari sem lyktin er, \u00fev\u00ed \u00e1hrifar\u00edkari er beitan, og \u00feess vegna er feit beita oft \u00e6skilegri en magur beita. <\/h4>\n<p>[\/vc_column_text][\/vc_column][\/vc_row][vc_row row_height_percent=&#8220;0&#8243; override_padding=&#8220;yes&#8220; h_padding=&#8220;2&#8243; top_padding=&#8220;2&#8243; bottom_padding=&#8220;3&#8243; overlay_alpha=&#8220;50&#8243; gutter_size=&#8220;3&#8243; column_width_use_pixel=&#8220;yes&#8220; shift_y=&#8220;0&#8243; z_index=&#8220;0&#8243; content_parallax=&#8220;0&#8243; uncode_shortcode_id=&#8220;146842&#8243; column_width_pixel=&#8220;900&#8243;][vc_column column_width_percent=&#8220;100&#8243; gutter_size=&#8220;2&#8243; overlay_alpha=&#8220;50&#8243; shift_x=&#8220;0&#8243; shift_y=&#8220;0&#8243; shift_y_down=&#8220;0&#8243; z_index=&#8220;0&#8243; medium_width=&#8220;0&#8243; mobile_width=&#8220;0&#8243; width=&#8220;1\/3&#8243; uncode_shortcode_id=&#8220;136482&#8243;][vc_single_image media=&#8220;2060&#8243; media_width_percent=&#8220;100&#8243; uncode_shortcode_id=&#8220;175070&#8243;][vc_row_inner][vc_column_inner column_width_percent=&#8220;100&#8243; gutter_size=&#8220;1&#8243; overlay_alpha=&#8220;50&#8243; shift_x=&#8220;0&#8243; shift_y=&#8220;0&#8243; shift_y_down=&#8220;0&#8243; z_index=&#8220;0&#8243; medium_width=&#8220;0&#8243; mobile_width=&#8220;0&#8243; width=&#8220;1\/1&#8243; uncode_shortcode_id=&#8220;154041&#8243; css=&#8220;.vc_custom_1712687718413{padding-right: 5px !important;padding-left: 5px !important;}&#8220;][vc_custom_heading text_size=&#8220;h6&#8243; uncode_shortcode_id=&#8220;107792&#8243;]<strong>Sj\u00e1lfvirk beita  <\/strong>[\/vc_custom_heading][vc_column_text uncode_shortcode_id=&#8220;213795&#8243;]<\/p>\n<p class=\"Grunnleggendeavsnitt\" style=\"margin-bottom: 12.0pt; text-align: justify; line-height: normal;\">Kr\u00f3kar og l\u00ednu eru sj\u00e1lfkrafa dregnir \u00far geymslugeymslum og f\u00e6r\u00f0ir \u00ed beitningarv\u00e9l \u00e1\u00f0ur en \u00feeim er dreift aftur yfir b\u00e1tinn.<\/p>\n<p>[\/vc_column_text][vc_button button_color=&#8220;accent&#8220; size=&#8220;link&#8220; link=&#8220;url:https%3A%2F%2Fmustadautoline.com%2Fis%2Fumhverfi-3%2F|title:Sj%C3%A1lfvirk%20beita|&#8220; button_color_type=&#8220;uncode-palette&#8220; uncode_shortcode_id=&#8220;198136&#8243;]Lestu meira[\/vc_button][\/vc_column_inner][\/vc_row_inner][\/vc_column][vc_column column_width_percent=&#8220;100&#8243; gutter_size=&#8220;2&#8243; overlay_alpha=&#8220;50&#8243; shift_x=&#8220;0&#8243; shift_y=&#8220;0&#8243; shift_y_down=&#8220;0&#8243; z_index=&#8220;0&#8243; medium_width=&#8220;0&#8243; mobile_width=&#8220;0&#8243; width=&#8220;1\/3&#8243; uncode_shortcode_id=&#8220;197093&#8243;][vc_single_image media=&#8220;2057&#8243; media_width_percent=&#8220;100&#8243; uncode_shortcode_id=&#8220;363756&#8243;][vc_row_inner row_inner_height_percent=&#8220;0&#8243; overlay_alpha=&#8220;50&#8243; gutter_size=&#8220;3&#8243; shift_y=&#8220;0&#8243; z_index=&#8220;0&#8243; uncode_shortcode_id=&#8220;154978&#8243;][vc_column_inner column_width_percent=&#8220;100&#8243; gutter_size=&#8220;1&#8243; overlay_alpha=&#8220;50&#8243; shift_x=&#8220;0&#8243; shift_y=&#8220;0&#8243; shift_y_down=&#8220;0&#8243; z_index=&#8220;0&#8243; medium_width=&#8220;0&#8243; mobile_width=&#8220;0&#8243; width=&#8220;1\/1&#8243; uncode_shortcode_id=&#8220;154041&#8243; css=&#8220;.vc_custom_1712687718413{padding-right: 5px !important;padding-left: 5px !important;}&#8220;][vc_custom_heading text_size=&#8220;h6&#8243; uncode_shortcode_id=&#8220;614921&#8243;]<strong>Beitafiskur  <\/strong>[\/vc_custom_heading][vc_column_text uncode_shortcode_id=&#8220;169053&#8243;]\u00cd fiskvei\u00f0um \u00ed Nor\u00f0ur-Atlantshafi eru h\u00e1g\u00e6\u00f0a smokkfiskur, magri, makr\u00edll og s\u00edld algengustu beiturnar sem nota\u00f0ar eru til sj\u00e1lfl\u00ednuvei\u00f0a.[\/vc_column_text][vc_button button_color=&#8220;accent&#8220; size=&#8220;link&#8220; link=&#8220;url:https%3A%2F%2Fmustadautoline.com%2Fis%2Fbeita-og-beituferli%2F|title:Beita|&#8220; button_color_type=&#8220;uncode-palette&#8220; uncode_shortcode_id=&#8220;133812&#8243;]Lestu meira[\/vc_button][\/vc_column_inner][\/vc_row_inner][\/vc_column][vc_column column_width_percent=&#8220;100&#8243; gutter_size=&#8220;2&#8243; overlay_alpha=&#8220;50&#8243; shift_x=&#8220;0&#8243; shift_y=&#8220;0&#8243; shift_y_down=&#8220;0&#8243; z_index=&#8220;0&#8243; medium_width=&#8220;0&#8243; mobile_width=&#8220;0&#8243; width=&#8220;1\/3&#8243; uncode_shortcode_id=&#8220;146206&#8243;][vc_single_image media=&#8220;2054&#8243; media_width_percent=&#8220;100&#8243; uncode_shortcode_id=&#8220;162169&#8243;][vc_row_inner][vc_column_inner column_width_percent=&#8220;100&#8243; gutter_size=&#8220;1&#8243; overlay_alpha=&#8220;50&#8243; shift_x=&#8220;0&#8243; shift_y=&#8220;0&#8243; shift_y_down=&#8220;0&#8243; z_index=&#8220;0&#8243; medium_width=&#8220;0&#8243; mobile_width=&#8220;0&#8243; width=&#8220;1\/1&#8243; uncode_shortcode_id=&#8220;154041&#8243; css=&#8220;.vc_custom_1712687718413{padding-right: 5px !important;padding-left: 5px !important;}&#8220;][vc_custom_heading text_size=&#8220;h6&#8243; uncode_shortcode_id=&#8220;634013&#8243;]Geymsla, \u00fe\u00ed\u00f0ing og undirb\u00faningur beitu[\/vc_custom_heading][vc_column_text uncode_shortcode_id=&#8220;186669&#8243;]R\u00e9tt geymsla, \u00fe\u00ed\u00f0ing og undirb\u00faningur eru nau\u00f0synleg fyrir skilvirka beitu\u00fatsetningu. \u00deessi handb\u00f3k l\u00fdsir bestu starfsvenjum til a\u00f0 vi\u00f0halda g\u00e6\u00f0um beitu og tryggja bestu m\u00f6gulegu virkni.[\/vc_column_text][vc_button button_color=&#8220;accent&#8220; size=&#8220;link&#8220; link=&#8220;url:https%3A%2F%2Fmustadautoline.com%2Fis%2Fbeita-og-beituferli-2%2F|title:Geymsla%2C%20%C3%BE%C3%AD%C3%B0ing%20og%20undirb%C3%BAningur%20beitu|&#8220; button_color_type=&#8220;uncode-palette&#8220; uncode_shortcode_id=&#8220;558199&#8243;]Lestu meira[\/vc_button][\/vc_column_inner][\/vc_row_inner][\/vc_column][\/vc_row][vc_row row_height_percent=&#8220;0&#8243; overlay_alpha=&#8220;50&#8243; gutter_size=&#8220;3&#8243; column_width_use_pixel=&#8220;yes&#8220; shift_y=&#8220;0&#8243; z_index=&#8220;0&#8243; uncode_shortcode_id=&#8220;872228&#8243; column_width_pixel=&#8220;900&#8243;][vc_column column_width_percent=&#8220;100&#8243; gutter_size=&#8220;1&#8243; overlay_alpha=&#8220;50&#8243; shift_x=&#8220;0&#8243; shift_y=&#8220;0&#8243; shift_y_down=&#8220;0&#8243; z_index=&#8220;0&#8243; medium_width=&#8220;0&#8243; mobile_width=&#8220;0&#8243; width=&#8220;1\/1&#8243; uncode_shortcode_id=&#8220;167503&#8243;][\/vc_column][\/vc_row][vc_row row_height_percent=&#8220;0&#8243; back_color=&#8220;color-lxmt&#8220; overlay_alpha=&#8220;50&#8243; gutter_size=&#8220;3&#8243; column_width_use_pixel=&#8220;yes&#8220; shift_y=&#8220;0&#8243; z_index=&#8220;0&#8243; uncode_shortcode_id=&#8220;115612&#8243; back_color_type=&#8220;uncode-palette&#8220; column_width_pixel=&#8220;900&#8243;][vc_column column_width_percent=&#8220;100&#8243; position_vertical=&#8220;middle&#8220; gutter_size=&#8220;2&#8243; overlay_alpha=&#8220;50&#8243; shift_x=&#8220;0&#8243; shift_y=&#8220;0&#8243; shift_y_down=&#8220;0&#8243; z_index=&#8220;0&#8243; medium_width=&#8220;0&#8243; mobile_width=&#8220;0&#8243; width=&#8220;2\/3&#8243; uncode_shortcode_id=&#8220;124099&#8243;][vc_column_text text_lead=&#8220;yes&#8220; uncode_shortcode_id=&#8220;712587&#8243;]<\/p>\n<h4>Tv\u00f6f\u00f6ld kr\u00f3kun \u00e1 beitu<\/h4>\n<p>Flestir fiskar eru me\u00f0 bein\u00f3ttan munn me\u00f0 litlu kj\u00f6ti sem kr\u00f3kurinn getur gripi\u00f0 \u00ed og \u200b\u200bmargir pr\u00f3fa agni\u00f0 \u00e1\u00f0ur en \u00feeir gleypa \u00fea\u00f0. Til d\u00e6mis hefur s\u00e9st til \u00feess a\u00f0 \u00feorskur \u00ed Atlantshafinu smakkar og sp\u00fdtir \u00fat agni \u00edtreka\u00f0 \u00e1\u00f0ur en hann \u00e1kve\u00f0ur a\u00f0 bor\u00f0a \u00fea\u00f0. Ef agni\u00f0 er ekki r\u00e9tt fest geta sm\u00e1ir fiskar au\u00f0veldlega teki\u00f0 \u00fea\u00f0 af og skili\u00f0 ekkert eftir \u00e1 kr\u00f3knum.  <\/p>\n<p>Til a\u00f0 halda agninu vel \u00e1 s\u00ednum sta\u00f0 \u00e1 kr\u00f3knum nota margir vei\u00f0imenn a\u00f0fer\u00f0 sem kallast \u201etv\u00f6faldur kr\u00f3kur\u201c. \u00deetta \u00fe\u00fd\u00f0ir a\u00f0 \u00fer\u00e6\u00f0a kr\u00f3kinn \u00ed gegnum a\u00f0ra hli\u00f0ina \u00e1 ro\u00f0inu \u00e1 agninu og aftur \u00fat hinum megin, sem gerir \u00fea\u00f0 erfi\u00f0ara fyrir fiskana a\u00f0 stela agninu \u00e1n \u00feess a\u00f0 festast \u00e1 kr\u00f3knum.[\/vc_column_text][\/vc_column][vc_column column_width_percent=&#8220;100&#8243; position_vertical=&#8220;middle&#8220; gutter_size=&#8220;3&#8243; overlay_alpha=&#8220;50&#8243; shift_x=&#8220;0&#8243; shift_y=&#8220;0&#8243; shift_y_down=&#8220;0&#8243; z_index=&#8220;0&#8243; medium_width=&#8220;0&#8243; mobile_width=&#8220;0&#8243; width=&#8220;1\/3&#8243; uncode_shortcode_id=&#8220;185618&#8243;][vc_single_image media=&#8220;1474&#8243; media_width_percent=&#8220;100&#8243; uncode_shortcode_id=&#8220;197058&#8243;][\/vc_column][\/vc_row][vc_row unlock_row_content=&#8220;yes&#8220; row_height_percent=&#8220;0&#8243; override_padding=&#8220;yes&#8220; h_padding=&#8220;1&#8243; top_padding=&#8220;0&#8243; bottom_padding=&#8220;1&#8243; back_color=&#8220;color-lxmt&#8220; overlay_alpha=&#8220;50&#8243; gutter_size=&#8220;3&#8243; column_width_percent=&#8220;100&#8243; shift_y=&#8220;0&#8243; z_index=&#8220;0&#8243; desktop_visibility=&#8220;yes&#8220; medium_visibility=&#8220;yes&#8220; uncode_shortcode_id=&#8220;164756&#8243; back_color_type=&#8220;uncode-palette&#8220;][vc_column column_width_percent=&#8220;100&#8243; position_vertical=&#8220;middle&#8220; align_horizontal=&#8220;align_right&#8220; gutter_size=&#8220;3&#8243; override_padding=&#8220;yes&#8220; column_padding=&#8220;1&#8243; overlay_alpha=&#8220;50&#8243; shift_x=&#8220;0&#8243; shift_y=&#8220;0&#8243; shift_y_down=&#8220;0&#8243; z_index=&#8220;0&#8243; medium_width=&#8220;0&#8243; mobile_width=&#8220;0&#8243; width=&#8220;1\/1&#8243; uncode_shortcode_id=&#8220;123457&#8243; css=&#8220;.vc_custom_1709632516034{padding-top: 10px !important;padding-right: 30px !important;padding-bottom: 10px !important;padding-left: 30px !important;}&#8220;][vc_wp_custommenu nav_menu=&#8220;10&#8243; nav_menu_horizontal=&#8220;1&#8243; el_class=&#8220;aboutmenu&#8220;][\/vc_column][\/vc_row]<\/p>\n<\/div>","protected":false},"excerpt":{"rendered":"<p>[vc_row row_height_percent=&#8220;0&#8243; overlay_color=&#8220;color-gyho&#8220; overlay_alpha=&#8220;50&#8243; gutter_size=&#8220;1&#8243; column_width_use_pixel=&#8220;yes&#8220; shift_y=&#8220;0&#8243; z_index=&#8220;0&#8243; content_parallax=&#8220;0&#8243; uncode_shortcode_id=&#8220;187483&#8243; column_width_pixel=&#8220;900&#8243; overlay_color_type=&#8220;uncode-palette&#8220;][vc_column width=&#8220;1\/1&#8243;][vc_gallery el_id=&#8220;gallery-109904&#8243; gutter_size=&#8220;3&#8243; screen_lg=&#8220;1800&#8243; screen_md=&#8220;600&#8243; screen_sm=&#8220;480&#8243; single_width=&#8220;12&#8243; single_overlay_opacity=&#8220;50&#8243; [&hellip;]<\/p>\n","protected":false},"author":2,"featured_media":0,"parent":0,"menu_order":0,"comment_status":"closed","ping_status":"closed","template":"","meta":{"_acf_changed":false,"footnotes":""},"class_list":["post-1373","page","type-page","status-publish","hentry"],"acf":[],"_links":{"self":[{"href":"https:\/\/mustadautoline.com\/is\/wp-json\/wp\/v2\/pages\/1373","targetHints":{"allow":["GET"]}}],"collection":[{"href":"https:\/\/mustadautoline.com\/is\/wp-json\/wp\/v2\/pages"}],"about":[{"href":"https:\/\/mustadautoline.com\/is\/wp-json\/wp\/v2\/types\/page"}],"author":[{"embeddable":true,"href":"https:\/\/mustadautoline.com\/is\/wp-json\/wp\/v2\/users\/2"}],"replies":[{"embeddable":true,"href":"https:\/\/mustadautoline.com\/is\/wp-json\/wp\/v2\/comments?post=1373"}],"version-history":[{"count":0,"href":"https:\/\/mustadautoline.com\/is\/wp-json\/wp\/v2\/pages\/1373\/revisions"}],"wp:attachment":[{"href":"https:\/\/mustadautoline.com\/is\/wp-json\/wp\/v2\/media?parent=1373"}],"curies":[{"name":"wp","href":"https:\/\/api.w.org\/{rel}","templated":true}]}}