{"id":1392,"date":"2025-02-07T13:27:36","date_gmt":"2025-02-07T12:27:36","guid":{"rendered":"https:\/\/mustadautoline.com\/?page_id=1392"},"modified":"2025-02-07T13:28:43","modified_gmt":"2025-02-07T12:28:43","slug":"saga-4","status":"publish","type":"page","link":"https:\/\/mustadautoline.com\/is\/saga-4\/","title":{"rendered":"Pacific Saury"},"content":{"rendered":"<div class=\"wpb-content-wrapper\"><p>[vc_row row_height_percent=&#8220;0&#8243; back_color=&#8220;color-lxmt&#8220; overlay_alpha=&#8220;50&#8243; gutter_size=&#8220;3&#8243; column_width_use_pixel=&#8220;yes&#8220; shift_y=&#8220;0&#8243; z_index=&#8220;0&#8243; uncode_shortcode_id=&#8220;115612&#8243; back_color_type=&#8220;uncode-palette&#8220; column_width_pixel=&#8220;900&#8243;][vc_column column_width_percent=&#8220;100&#8243; position_vertical=&#8220;middle&#8220; gutter_size=&#8220;2&#8243; overlay_alpha=&#8220;50&#8243; shift_x=&#8220;0&#8243; shift_y=&#8220;0&#8243; shift_y_down=&#8220;0&#8243; z_index=&#8220;0&#8243; medium_width=&#8220;0&#8243; mobile_width=&#8220;0&#8243; width=&#8220;1\/1&#8243; uncode_shortcode_id=&#8220;124099&#8243;][vc_custom_heading text_size=&#8220;h3&#8243; uncode_shortcode_id=&#8220;138922&#8243;]<strong>Pacific Saury (Colobis saira)  <\/strong>[\/vc_custom_heading][vc_single_image media=&#8220;1366&#8243; media_width_percent=&#8220;100&#8243; uncode_shortcode_id=&#8220;166323&#8243;][vc_column_text text_lead=&#8220;yes&#8220; uncode_shortcode_id=&#8220;427332&#8243;]<\/p>\n<p class=\"Grunnleggendeavsnitt\" style=\"margin-bottom: 12.0pt; text-align: justify; line-height: normal;\"><span lang=\"EN-GB\" style=\"font-size: 11.0pt; font-family: 'Calibri Light',sans-serif; color: #002060; letter-spacing: -.1pt;\">\u00deessi tegund hefur n\u00e1\u00f0 landslagi \u00ed Autoline vei\u00f0um \u00e1 undanf\u00f6rnum \u00e1rum. Aflan\u00fdtingin er talin vera eins og makr\u00edll, en l\u00edkaminn er \u00e1kj\u00f3sanlegur fyrir jafnst\u00f3rar beitu \u00e1 hvert k\u00edl\u00f3 en sporbauglaga makr\u00edllinn.   <\/span><\/p>\n<p class=\"Grunnleggendeavsnitt\" style=\"margin-bottom: 12.0pt; text-align: justify; line-height: normal;\"><span lang=\"EN-GB\" style=\"font-size: 11.0pt; font-family: 'Calibri Light',sans-serif; color: #002060; letter-spacing: -.1pt;\">Kyrrahafi\u00f0 er 25-28 cm a\u00f0 lengd og er safna\u00f0 \u00ed st\u00f3rum hluta Kyrrahafsins. Uppskeran er talin sj\u00e1lfb\u00e6r samkv\u00e6mt IUCN. <\/span><\/p>\n<p class=\"Grunnleggendeavsnitt\" style=\"margin-bottom: 12.0pt; text-align: justify; line-height: normal;\"><span lang=\"EN-GB\" style=\"font-size: 11.0pt; font-family: 'Calibri Light',sans-serif; color: #002060; letter-spacing: -.1pt;\">Allar tilt\u00e6kar st\u00e6r\u00f0ir af \u00feessari tegund eru samh\u00e6f\u00f0ar vi\u00f0 Mustad Autoline beitunarv\u00e9lar.<\/span><\/p>\n<p>[\/vc_column_text][\/vc_column][\/vc_row]<\/p>\n<\/div>","protected":false},"excerpt":{"rendered":"<p>[vc_row row_height_percent=&#8220;0&#8243; back_color=&#8220;color-lxmt&#8220; overlay_alpha=&#8220;50&#8243; gutter_size=&#8220;3&#8243; column_width_use_pixel=&#8220;yes&#8220; shift_y=&#8220;0&#8243; z_index=&#8220;0&#8243; uncode_shortcode_id=&#8220;115612&#8243; back_color_type=&#8220;uncode-palette&#8220; column_width_pixel=&#8220;900&#8243;][vc_column column_width_percent=&#8220;100&#8243; position_vertical=&#8220;middle&#8220; gutter_size=&#8220;2&#8243; overlay_alpha=&#8220;50&#8243; shift_x=&#8220;0&#8243; shift_y=&#8220;0&#8243; shift_y_down=&#8220;0&#8243; z_index=&#8220;0&#8243; medium_width=&#8220;0&#8243; [&hellip;]<\/p>\n","protected":false},"author":2,"featured_media":0,"parent":0,"menu_order":0,"comment_status":"closed","ping_status":"closed","template":"","meta":{"_acf_changed":false,"footnotes":""},"class_list":["post-1392","page","type-page","status-publish","hentry"],"acf":[],"_links":{"self":[{"href":"https:\/\/mustadautoline.com\/is\/wp-json\/wp\/v2\/pages\/1392","targetHints":{"allow":["GET"]}}],"collection":[{"href":"https:\/\/mustadautoline.com\/is\/wp-json\/wp\/v2\/pages"}],"about":[{"href":"https:\/\/mustadautoline.com\/is\/wp-json\/wp\/v2\/types\/page"}],"author":[{"embeddable":true,"href":"https:\/\/mustadautoline.com\/is\/wp-json\/wp\/v2\/users\/2"}],"replies":[{"embeddable":true,"href":"https:\/\/mustadautoline.com\/is\/wp-json\/wp\/v2\/comments?post=1392"}],"version-history":[{"count":0,"href":"https:\/\/mustadautoline.com\/is\/wp-json\/wp\/v2\/pages\/1392\/revisions"}],"wp:attachment":[{"href":"https:\/\/mustadautoline.com\/is\/wp-json\/wp\/v2\/media?parent=1392"}],"curies":[{"name":"wp","href":"https:\/\/api.w.org\/{rel}","templated":true}]}}