{"id":1398,"date":"2025-02-07T13:34:33","date_gmt":"2025-02-07T12:34:33","guid":{"rendered":"https:\/\/mustadautoline.com\/?page_id=1398"},"modified":"2025-02-07T13:34:40","modified_gmt":"2025-02-07T12:34:40","slug":"pacific-saury-2","status":"publish","type":"page","link":"https:\/\/mustadautoline.com\/is\/pacific-saury-2\/","title":{"rendered":"Atlantshafss\u00edld"},"content":{"rendered":"<div class=\"wpb-content-wrapper\"><p>[vc_row row_height_percent=&#8220;0&#8243; back_color=&#8220;color-lxmt&#8220; overlay_alpha=&#8220;50&#8243; gutter_size=&#8220;3&#8243; column_width_use_pixel=&#8220;yes&#8220; shift_y=&#8220;0&#8243; z_index=&#8220;0&#8243; uncode_shortcode_id=&#8220;115612&#8243; back_color_type=&#8220;uncode-palette&#8220; column_width_pixel=&#8220;900&#8243;][vc_column column_width_percent=&#8220;100&#8243; position_vertical=&#8220;middle&#8220; gutter_size=&#8220;2&#8243; overlay_alpha=&#8220;50&#8243; shift_x=&#8220;0&#8243; shift_y=&#8220;0&#8243; shift_y_down=&#8220;0&#8243; z_index=&#8220;0&#8243; medium_width=&#8220;0&#8243; mobile_width=&#8220;0&#8243; width=&#8220;1\/1&#8243; uncode_shortcode_id=&#8220;124099&#8243;][vc_custom_heading text_size=&#8220;h3&#8243; uncode_shortcode_id=&#8220;186185&#8243;]<strong>Atlantshafss\u00edld (Clupea harengus)  <\/strong>[\/vc_custom_heading][vc_single_image media=&#8220;1360&#8243; media_width_percent=&#8220;100&#8243; uncode_shortcode_id=&#8220;142210&#8243;][vc_column_text text_lead=&#8220;yes&#8220; uncode_shortcode_id=&#8220;819405&#8243;]<\/p>\n<p class=\"Grunnleggendeavsnitt\" style=\"margin-bottom: 12.0pt; text-align: justify; line-height: normal;\"><span lang=\"EN-GB\" style=\"font-size: 11.0pt; font-family: 'Calibri Light',sans-serif; color: #002060; letter-spacing: -.1pt;\">Sama og fyrir makr\u00edl er s\u00edldin vins\u00e6l beitingsfiskur handbeitna dragn\u00f3tavei\u00f0imanna og fer h\u00fan langt aftur sem beitarfiskur. \u00cd Noregi hefur s\u00edldarnotkun \u00ed dj\u00fapsj\u00e1varflota Autoline minnka\u00f0 \u00e1 seinni \u00e1rum. <\/span><\/p>\n<p class=\"Grunnleggendeavsnitt\" style=\"margin-bottom: 12.0pt; text-align: justify; line-height: normal;\"><span lang=\"EN-GB\" style=\"font-size: 11.0pt; font-family: 'Calibri Light',sans-serif; color: #002060; letter-spacing: -.1pt;\">S\u00edldin er venjulega 20-25 cm \u00feegar h\u00fan er tekin, h\u00fan getur or\u00f0i\u00f0 40 cm a\u00f0 lengd. \u00deessi tegund er dreif\u00f0 \u00ed Austur-Atlantshafi (Nor\u00f0ur Biskajafl\u00f3a nor\u00f0ur til \u00cdslands og Su\u00f0ur-Gr\u00e6nlands, austur til Spitzbergen og Novaya Zemlya, einnig Eystrasalti\u00f0; Vestur-Atlantshafi\u00f0 (Su\u00f0vestur-Gr\u00e6nland, Labrador, su\u00f0ur til Su\u00f0ur-Kar\u00f3l\u00ednu). Vei\u00f0ar \u00e1 Atlantshafss\u00edld eru stj\u00f3rna\u00f0ar og sj\u00e1lfb\u00e6rar og eru flokka\u00f0ar sem \u201eminnsta \u00e1hyggjuefni\u201c af IUCN.    <\/span><\/p>\n<p class=\"Grunnleggendeavsnitt\" style=\"margin-bottom: 12.0pt; text-align: justify; line-height: normal;\"><span lang=\"EN-GB\" style=\"font-size: 11.0pt; font-family: 'Calibri Light',sans-serif; color: #002060; letter-spacing: -.1pt;\">Sama og fyrir makr\u00edl, sumir handbeitamenn eru hlynntir st\u00f3rs\u00edld sem beitu. Til a\u00f0 n\u00e1 sem bestum \u00e1rangri me\u00f0 Mustad Autoline kerfi m\u00e6lum vi\u00f0 me\u00f0 \u00fev\u00ed a\u00f0 nota heilan fisk fr\u00e1 200 til 250 gr\u00f6mm fyrir bestu beitingarvirkni <\/span><span lang=\"EN-GB\" style=\"font-size: 11.0pt; font-family: 'Calibri Light',sans-serif; letter-spacing: -.1pt;\">.<\/span><\/p>\n<p>[\/vc_column_text][\/vc_column][\/vc_row]<\/p>\n<\/div>","protected":false},"excerpt":{"rendered":"<p>[vc_row row_height_percent=&#8220;0&#8243; back_color=&#8220;color-lxmt&#8220; overlay_alpha=&#8220;50&#8243; gutter_size=&#8220;3&#8243; column_width_use_pixel=&#8220;yes&#8220; shift_y=&#8220;0&#8243; z_index=&#8220;0&#8243; uncode_shortcode_id=&#8220;115612&#8243; back_color_type=&#8220;uncode-palette&#8220; column_width_pixel=&#8220;900&#8243;][vc_column column_width_percent=&#8220;100&#8243; position_vertical=&#8220;middle&#8220; gutter_size=&#8220;2&#8243; overlay_alpha=&#8220;50&#8243; shift_x=&#8220;0&#8243; shift_y=&#8220;0&#8243; shift_y_down=&#8220;0&#8243; z_index=&#8220;0&#8243; medium_width=&#8220;0&#8243; [&hellip;]<\/p>\n","protected":false},"author":2,"featured_media":0,"parent":0,"menu_order":0,"comment_status":"closed","ping_status":"closed","template":"","meta":{"_acf_changed":false,"footnotes":""},"class_list":["post-1398","page","type-page","status-publish","hentry"],"acf":[],"_links":{"self":[{"href":"https:\/\/mustadautoline.com\/is\/wp-json\/wp\/v2\/pages\/1398","targetHints":{"allow":["GET"]}}],"collection":[{"href":"https:\/\/mustadautoline.com\/is\/wp-json\/wp\/v2\/pages"}],"about":[{"href":"https:\/\/mustadautoline.com\/is\/wp-json\/wp\/v2\/types\/page"}],"author":[{"embeddable":true,"href":"https:\/\/mustadautoline.com\/is\/wp-json\/wp\/v2\/users\/2"}],"replies":[{"embeddable":true,"href":"https:\/\/mustadautoline.com\/is\/wp-json\/wp\/v2\/comments?post=1398"}],"version-history":[{"count":0,"href":"https:\/\/mustadautoline.com\/is\/wp-json\/wp\/v2\/pages\/1398\/revisions"}],"wp:attachment":[{"href":"https:\/\/mustadautoline.com\/is\/wp-json\/wp\/v2\/media?parent=1398"}],"curies":[{"name":"wp","href":"https:\/\/api.w.org\/{rel}","templated":true}]}}