{"id":1459,"date":"2025-09-30T09:36:52","date_gmt":"2025-09-30T07:36:52","guid":{"rendered":"https:\/\/mustadautoline.com\/?page_id=1459"},"modified":"2025-11-03T11:33:39","modified_gmt":"2025-11-03T10:33:39","slug":"umhverfi-2","status":"publish","type":"page","link":"https:\/\/mustadautoline.com\/is\/umhverfi-2\/","title":{"rendered":"L\u00ednurnar"},"content":{"rendered":"<div class=\"wpb-content-wrapper\"><p>[vc_row row_height_percent=&#8220;0&#8243; back_color=&#8220;color-uydo&#8220; overlay_alpha=&#8220;50&#8243; gutter_size=&#8220;3&#8243; column_width_percent=&#8220;100&#8243; shift_y=&#8220;0&#8243; z_index=&#8220;0&#8243; content_parallax=&#8220;0&#8243; uncode_shortcode_id=&#8220;584295&#8243; back_color_type=&#8220;uncode-palette&#8220;][vc_column width=&#8220;1\/1&#8243;][vc_custom_heading text_color=&#8220;color-xsdn&#8220; heading_semantic=&#8220;h1&#8243; text_size=&#8220;bigtext&#8220; uncode_shortcode_id=&#8220;150567&#8243; text_color_type=&#8220;uncode-palette&#8220;]<\/p>\n<h1>L\u00ednurnar \u00ed langl\u00ednu<\/h1>\n<p>[\/vc_custom_heading][vc_single_image media=&#8220;2081&#8243; media_width_percent=&#8220;100&#8243; alignment=&#8220;center&#8220; uncode_shortcode_id=&#8220;191324&#8243;][vc_column_text uncode_shortcode_id=&#8220;135203&#8243;]Vei\u00f0arf\u00e6ri fyrir langl\u00ednuvei\u00f0ar eru samsett \u00far nokkrum samtengdum l\u00ednum sem eru hanna\u00f0ar me\u00f0 skilvirkni, endingu og au\u00f0velda me\u00f0h\u00f6ndlun a\u00f0 lei\u00f0arlj\u00f3si. Saman mynda \u00feessir hlutar \u00f6flugt kerfi sem gerir vei\u00f0im\u00f6nnum kleift a\u00f0 leggja og n\u00e1 \u00ed langl\u00ednur \u00e1 \u00f6ruggan og skilvirkan h\u00e1tt \u00e1 mismunandi d\u00fdpi og vi\u00f0 mismunandi a\u00f0st\u00e6\u00f0ur.[\/vc_column_text][\/vc_column][\/vc_row][vc_row row_height_percent=&#8220;0&#8243; override_padding=&#8220;yes&#8220; h_padding=&#8220;2&#8243; top_padding=&#8220;2&#8243; bottom_padding=&#8220;2&#8243; overlay_alpha=&#8220;50&#8243; equal_height=&#8220;yes&#8220; gutter_size=&#8220;4&#8243; column_width_percent=&#8220;100&#8243; shift_y=&#8220;0&#8243; z_index=&#8220;0&#8243; content_parallax=&#8220;0&#8243; el_class=&#8220;inverted-device-order&#8220; uncode_shortcode_id=&#8220;151875&#8243;][vc_column column_width_percent=&#8220;100&#8243; position_vertical=&#8220;middle&#8220; gutter_size=&#8220;3&#8243; overlay_alpha=&#8220;50&#8243; shift_x=&#8220;0&#8243; shift_y=&#8220;0&#8243; shift_y_down=&#8220;0&#8243; z_index=&#8220;0&#8243; medium_width=&#8220;0&#8243; mobile_width=&#8220;0&#8243; width=&#8220;1\/3&#8243;][vc_custom_heading heading_semantic=&#8220;h3&#8243; text_size=&#8220;h1&#8243; subheading=&#8220;Grunnl\u00ednan \u00fej\u00f3nar sem grunnur a\u00f0 vei\u00f0ikerfinu og tengir saman marga kr\u00f3ka til a\u00f0 h\u00e1marka aflann. H\u00f6nnun, lengd og efni hennar eru mismunandi eftir a\u00f0st\u00e6\u00f0um til a\u00f0 tryggja styrk, endingu og au\u00f0velda me\u00f0h\u00f6ndlun. &#8220; uncode_shortcode_id=&#8220;216633&#8243;]<\/p>\n<h3>Jar\u00f0l\u00ednan<\/h3>\n<p>[\/vc_custom_heading][vc_button button_color=&#8220;accent&#8220; border_width=&#8220;0&#8243; link=&#8220;url:https%3A%2F%2Fmustadautoline.com%2Fis%2Fjardlinan%2F|title:Jar%C3%B0l%C3%ADnan|&#8220; button_color_type=&#8220;uncode-palette&#8220; uncode_shortcode_id=&#8220;103620&#8243;]Lestu meira[\/vc_button][\/vc_column][vc_column width=&#8220;1\/3&#8243;][vc_custom_heading heading_semantic=&#8220;h3&#8243; text_size=&#8220;h1&#8243; subheading=&#8220;Sn\u00fa\u00f0i\u00f0 er lykil\u00fe\u00e1ttur \u00ed l\u00ednuvei\u00f0um og tengir hvern kr\u00f3k vi\u00f0 a\u00f0all\u00ednuna. Sn\u00fa\u00f0arnir eru hanna\u00f0ir me\u00f0 styrk og sveigjanleika a\u00f0 lei\u00f0arlj\u00f3si og eru a\u00f0laga\u00f0ir a\u00f0 mismunandi vei\u00f0ia\u00f0st\u00e6\u00f0um og tegundum, sem tryggir \u00f6rugga festingu kr\u00f3kanna og skilvirka virkni vei\u00f0arf\u00e6ranna. &#8220; uncode_shortcode_id=&#8220;173569&#8243;]<\/p>\n<h3>Sn\u00fa\u00f0urinn<\/h3>\n<p>[\/vc_custom_heading][vc_button button_color=&#8220;accent&#8220; border_width=&#8220;0&#8243; link=&#8220;url:https%3A%2F%2Fmustadautoline.com%2Fis%2Fsnudurinn%2F|title:Sn%C3%BA%C3%B0urinn|&#8220; button_color_type=&#8220;uncode-palette&#8220; uncode_shortcode_id=&#8220;152091&#8243;]Lestu meira[\/vc_button][\/vc_column][vc_column width=&#8220;1\/3&#8243;][vc_custom_heading heading_semantic=&#8220;h3&#8243; text_size=&#8220;h1&#8243; subheading=&#8220;Sn\u00faningsl\u00ednur b\u00e6ta skilvirkni og endingu vei\u00f0arf\u00e6ra fyrir langl\u00ednu. Me\u00f0 \u00fev\u00ed a\u00f0 leyfa frj\u00e1lsa sn\u00faning og draga \u00far fl\u00e6kjum au\u00f0velda \u00fe\u00e6r me\u00f0h\u00f6ndlun og vi\u00f0hald. &#8220; uncode_shortcode_id=&#8220;167574&#8243;]<\/p>\n<h3>Sn\u00faningsl\u00ednur<\/h3>\n<p>[\/vc_custom_heading][vc_button button_color=&#8220;accent&#8220; border_width=&#8220;0&#8243; link=&#8220;url:https%3A%2F%2Fmustadautoline.com%2Fis%2Fsnuningslinur%2F|title:Sn%C3%BAningsl%C3%ADnur|&#8220; button_color_type=&#8220;uncode-palette&#8220; uncode_shortcode_id=&#8220;747033&#8243;]Lestu meira[\/vc_button][\/vc_column][\/vc_row][vc_row row_height_percent=&#8220;0&#8243; override_padding=&#8220;yes&#8220; h_padding=&#8220;2&#8243; top_padding=&#8220;2&#8243; bottom_padding=&#8220;2&#8243; back_color=&#8220;color-lxmt&#8220; overlay_alpha=&#8220;50&#8243; equal_height=&#8220;yes&#8220; gutter_size=&#8220;4&#8243; column_width_percent=&#8220;100&#8243; shift_y=&#8220;0&#8243; z_index=&#8220;0&#8243; content_parallax=&#8220;0&#8243; el_class=&#8220;inverted-device-order&#8220; uncode_shortcode_id=&#8220;143316&#8243; back_color_type=&#8220;uncode-palette&#8220;][vc_column column_width_percent=&#8220;100&#8243; position_vertical=&#8220;middle&#8220; gutter_size=&#8220;3&#8243; overlay_alpha=&#8220;50&#8243; shift_x=&#8220;0&#8243; shift_y=&#8220;0&#8243; shift_y_down=&#8220;0&#8243; z_index=&#8220;0&#8243; medium_width=&#8220;0&#8243; mobile_width=&#8220;0&#8243; width=&#8220;1\/3&#8243;][vc_custom_heading heading_semantic=&#8220;h3&#8243; text_size=&#8220;h1&#8243; subheading=&#8220;Baujur og baujur eru nau\u00f0synlegar til a\u00f0 merkja og vi\u00f0halda sta\u00f0setningu vei\u00f0arf\u00e6ra \u00e1 l\u00ednu. \u00de\u00e6r hj\u00e1lpa til vi\u00f0 a\u00f0 bera kennsl \u00e1 hvar vei\u00f0arf\u00e6rin eru sett, halda \u00feeim \u00e1 r\u00e9ttu d\u00fdpi og koma \u00ed veg fyrir rek, sem tryggir b\u00e6\u00f0i \u00f6ryggi og skilvirkni vi\u00f0 vei\u00f0ar. &#8220; uncode_shortcode_id=&#8220;107239&#8243;]<\/p>\n<h3>Baujur og baujur<\/h3>\n<p>[\/vc_custom_heading][vc_button button_color=&#8220;accent&#8220; border_width=&#8220;0&#8243; link=&#8220;url:https%3A%2F%2Fmustadautoline.com%2Fis%2Fbaujur-og-linur%2F|title:Baujur%20og%20l%C3%ADnur|&#8220; button_color_type=&#8220;uncode-palette&#8220; uncode_shortcode_id=&#8220;569991&#8243;]Lestu meira[\/vc_button][\/vc_column][vc_column width=&#8220;1\/3&#8243;][vc_custom_heading heading_semantic=&#8220;h3&#8243; text_size=&#8220;h1&#8243; subheading=&#8220;N\u00fat\u00edmalegar n\u00fdjungar eins og Rotoline og Quick Snap kerfin hafa hagr\u00e6tt vei\u00f0um me\u00f0 \u00fev\u00ed a\u00f0 einfalda b\u00fana\u00f0 og draga \u00far handvirkum vi\u00f0ger\u00f0um. \u00deessar h\u00f6nnunar nota sn\u00faningsfestingar og smellufestingar sem koma \u00ed veg fyrir fl\u00e6kju, b\u00e6ta skilvirkni og auka afk\u00f6st, sem gerir me\u00f0h\u00f6ndlun vei\u00f0arf\u00e6ra hra\u00f0ari, \u00f6ruggari og \u00e1rei\u00f0anlegri \u00e1 sj\u00f3. &#8220; uncode_shortcode_id=&#8220;505476&#8243;]<\/p>\n<h3>Rotoline og Quick Snap l\u00ednur<\/h3>\n<p>[\/vc_custom_heading][vc_button button_color=&#8220;accent&#8220; border_width=&#8220;0&#8243; link=&#8220;url:https%3A%2F%2Fmustadautoline.com%2Fis%2Fsnuningslinur-og-hradsnapplinur%2F|title:Sn%C3%BAningsl%C3%ADnur%20og%20hra%C3%B0snappl%C3%ADnur|&#8220; button_color_type=&#8220;uncode-palette&#8220; uncode_shortcode_id=&#8220;672046&#8243;]Lestu meira[\/vc_button][\/vc_column][vc_column width=&#8220;1\/3&#8243;][vc_custom_heading heading_semantic=&#8220;h3&#8243; text_size=&#8220;h1&#8243; subheading=&#8220;Akkeri eru nau\u00f0synleg til a\u00f0 halda l\u00ednub\u00fana\u00f0i \u00f6rugglega \u00e1 s\u00ednum sta\u00f0 vi\u00f0 mismunandi sj\u00e1var- og botnskilyr\u00f0i. St\u00e6r\u00f0 \u00feeirra, \u00feyngd og uppsetning er a\u00f0l\u00f6gu\u00f0 a\u00f0 d\u00fdpi og straumstyrk, sem tryggir st\u00f6\u00f0ugleika og l\u00e1gmarkar h\u00e6ttu \u00e1 a\u00f0 l\u00ednun festist e\u00f0a slitni.   &#8220; uncode_shortcode_id=&#8220;409498&#8243;]<\/p>\n<h3>Akkeri<\/h3>\n<p>[\/vc_custom_heading][vc_button button_color=&#8220;accent&#8220; border_width=&#8220;0&#8243; link=&#8220;url:https%3A%2F%2Fmustadautoline.com%2Fis%2Fakkeri%2F|title:Sn%C3%BAningsl%C3%ADnur%20og%20hra%C3%B0snappl%C3%ADnur|&#8220; button_color_type=&#8220;uncode-palette&#8220; uncode_shortcode_id=&#8220;119550&#8243;]Lestu meira[\/vc_button][\/vc_column][\/vc_row][vc_row row_height_percent=&#8220;0&#8243; override_padding=&#8220;yes&#8220; h_padding=&#8220;2&#8243; top_padding=&#8220;2&#8243; bottom_padding=&#8220;2&#8243; overlay_alpha=&#8220;50&#8243; equal_height=&#8220;yes&#8220; gutter_size=&#8220;4&#8243; column_width_percent=&#8220;100&#8243; shift_y=&#8220;0&#8243; z_index=&#8220;0&#8243; content_parallax=&#8220;0&#8243; el_class=&#8220;inverted-device-order&#8220; uncode_shortcode_id=&#8220;707753&#8243;][vc_column column_width_percent=&#8220;100&#8243; position_vertical=&#8220;middle&#8220; gutter_size=&#8220;3&#8243; overlay_alpha=&#8220;50&#8243; shift_x=&#8220;0&#8243; shift_y=&#8220;0&#8243; shift_y_down=&#8220;0&#8243; z_index=&#8220;0&#8243; medium_width=&#8220;0&#8243; mobile_width=&#8220;0&#8243; width=&#8220;1\/3&#8243;][vc_custom_heading heading_semantic=&#8220;h3&#8243; text_size=&#8220;h1&#8243; subheading=&#8220;Flotl\u00ednur og flott\u00e6ki gegna mikilv\u00e6gu hlutverki \u00ed a\u00f0 halda vei\u00f0arf\u00e6rum r\u00e9tt sta\u00f0settum og s\u00fdnilegum. Flotl\u00ednan kemur \u00ed veg fyrir a\u00f0 \u00feau fl\u00e6kist vi\u00f0 akkeri og verndar vei\u00f0arf\u00e6rin gegn n\u00faningi \u00e1 sj\u00e1varbotni, en flott\u00e6kin veita uppdrift og gefa til kynna spennu og sta\u00f0setningu vei\u00f0arf\u00e6ra, sem tryggir skilvirka notkun jafnvel \u00ed sterkum straumum. &#8220; uncode_shortcode_id=&#8220;582869&#8243;]<\/p>\n<h3>Flj\u00f3tandi l\u00ednur og flj\u00f3tandi l\u00ednur<\/h3>\n<p>[\/vc_custom_heading][vc_button button_color=&#8220;accent&#8220; border_width=&#8220;0&#8243; link=&#8220;url:https%3A%2F%2Fmustadautoline.com%2Fis%2Ffljotandi-linur-og-fljotandi-linur%2F|title:Flj%C3%B3tandi%20l%C3%ADnur%20og%20flj%C3%B3tandi%20l%C3%ADnur|&#8220; button_color_type=&#8220;uncode-palette&#8220; uncode_shortcode_id=&#8220;524256&#8243;]Lestu meira[\/vc_button][\/vc_column][vc_column width=&#8220;1\/3&#8243;][vc_custom_heading heading_semantic=&#8220;h3&#8243; text_size=&#8220;h1&#8243; subheading=&#8220;Dragl\u00ednan og l\u00ednan eru nau\u00f0synleg verkf\u00e6ri til a\u00f0 me\u00f0h\u00f6ndla og s\u00e6kja vei\u00f0arf\u00e6ri. Dragl\u00ednan er notu\u00f0 til a\u00f0 gr\u00edpa og draga baujuna um bor\u00f0, en l\u00ednan tengir baujur og flota vi\u00f0 a\u00f0albaujuna, sem tryggir sveigjanleika og au\u00f0velda uppt\u00f6ku jafnvel \u00ed sterkum vindi e\u00f0a \u00f3kyrr\u00f0um a\u00f0st\u00e6\u00f0um. Saman stu\u00f0la \u00feau a\u00f0 \u00f6ruggri og skilvirkri me\u00f0h\u00f6ndlun vei\u00f0arf\u00e6ra vi\u00f0 vei\u00f0ar.  &#8220; uncode_shortcode_id=&#8220;207874&#8243;]<\/p>\n<h3>Grapnel og leelines<\/h3>\n<p>[\/vc_custom_heading][vc_button button_color=&#8220;accent&#8220; border_width=&#8220;0&#8243; link=&#8220;url:https%3A%2F%2Fmustadautoline.com%2Fis%2Fgrapnel-og-leelines%2F|title:Grapnel%20og%20leelines|&#8220; button_color_type=&#8220;uncode-palette&#8220; uncode_shortcode_id=&#8220;118975&#8243;]Lestu meira[\/vc_button][\/vc_column][vc_column width=&#8220;1\/3&#8243;][vc_custom_heading heading_semantic=&#8220;h3&#8243; text_size=&#8220;h1&#8243; subheading=&#8220;Spl\u00e6sing er nau\u00f0synleg f\u00e6rni \u00ed l\u00ednuvei\u00f0um, notu\u00f0 til a\u00f0 tengja saman e\u00f0a gera vi\u00f0 reipi \u00e1 \u00f6ruggan h\u00e1tt. Me\u00f0 \u00fev\u00ed a\u00f0 l\u00e6ra grunnt\u00e6kni eins og stutta spl\u00e6singu og augnspl\u00e6singu geta vei\u00f0imenn vi\u00f0haldi\u00f0 sterkum og endingarg\u00f3\u00f0um tengingum \u00ed vei\u00f0arf\u00e6rum s\u00ednum, sem tryggir \u00e1rei\u00f0anleika og \u00f6ryggi vi\u00f0 vei\u00f0ar \u00e1 sj\u00f3. &#8220; uncode_shortcode_id=&#8220;136838&#8243;]<\/p>\n<h3>Splicing<\/h3>\n<p>[\/vc_custom_heading][vc_button button_color=&#8220;accent&#8220; border_width=&#8220;0&#8243; link=&#8220;url:https%3A%2F%2Fmustadautoline.com%2Fis%2Fsplicing%2F|title:Splicing|&#8220; button_color_type=&#8220;uncode-palette&#8220; uncode_shortcode_id=&#8220;184868&#8243;]Lestu meira[\/vc_button][\/vc_column][\/vc_row]<\/p>\n<\/div>","protected":false},"excerpt":{"rendered":"<p>[vc_row row_height_percent=&#8220;0&#8243; back_color=&#8220;color-uydo&#8220; overlay_alpha=&#8220;50&#8243; gutter_size=&#8220;3&#8243; column_width_percent=&#8220;100&#8243; shift_y=&#8220;0&#8243; z_index=&#8220;0&#8243; content_parallax=&#8220;0&#8243; uncode_shortcode_id=&#8220;584295&#8243; back_color_type=&#8220;uncode-palette&#8220;][vc_column width=&#8220;1\/1&#8243;][vc_custom_heading text_color=&#8220;color-xsdn&#8220; heading_semantic=&#8220;h1&#8243; text_size=&#8220;bigtext&#8220; uncode_shortcode_id=&#8220;150567&#8243; text_color_type=&#8220;uncode-palette&#8220;] L\u00ednurnar \u00ed langl\u00ednu [&hellip;]<\/p>\n","protected":false},"author":2,"featured_media":0,"parent":0,"menu_order":0,"comment_status":"closed","ping_status":"closed","template":"","meta":{"_acf_changed":false,"footnotes":""},"class_list":["post-1459","page","type-page","status-publish","hentry"],"acf":[],"_links":{"self":[{"href":"https:\/\/mustadautoline.com\/is\/wp-json\/wp\/v2\/pages\/1459","targetHints":{"allow":["GET"]}}],"collection":[{"href":"https:\/\/mustadautoline.com\/is\/wp-json\/wp\/v2\/pages"}],"about":[{"href":"https:\/\/mustadautoline.com\/is\/wp-json\/wp\/v2\/types\/page"}],"author":[{"embeddable":true,"href":"https:\/\/mustadautoline.com\/is\/wp-json\/wp\/v2\/users\/2"}],"replies":[{"embeddable":true,"href":"https:\/\/mustadautoline.com\/is\/wp-json\/wp\/v2\/comments?post=1459"}],"version-history":[{"count":0,"href":"https:\/\/mustadautoline.com\/is\/wp-json\/wp\/v2\/pages\/1459\/revisions"}],"wp:attachment":[{"href":"https:\/\/mustadautoline.com\/is\/wp-json\/wp\/v2\/media?parent=1459"}],"curies":[{"name":"wp","href":"https:\/\/api.w.org\/{rel}","templated":true}]}}