{"id":1471,"date":"2025-03-03T18:21:50","date_gmt":"2025-03-03T17:21:50","guid":{"rendered":"https:\/\/mustadautoline.com\/?page_id=1471"},"modified":"2025-10-20T08:45:14","modified_gmt":"2025-10-20T06:45:14","slug":"umhverfi-3","status":"publish","type":"page","link":"https:\/\/mustadautoline.com\/is\/umhverfi-3\/","title":{"rendered":"Sj\u00e1lfvirk beita"},"content":{"rendered":"<div class=\"wpb-content-wrapper\"><p>[vc_row row_height_percent=&#8220;0&#8243; override_padding=&#8220;yes&#8220; h_padding=&#8220;2&#8243; top_padding=&#8220;5&#8243; bottom_padding=&#8220;0&#8243; overlay_color=&#8220;color-gyho&#8220; overlay_alpha=&#8220;50&#8243; equal_height=&#8220;yes&#8220; gutter_size=&#8220;4&#8243; column_width_percent=&#8220;100&#8243; shift_y=&#8220;0&#8243; z_index=&#8220;0&#8243; content_parallax=&#8220;0&#8243; el_class=&#8220;inverted-device-order&#8220; uncode_shortcode_id=&#8220;817552&#8243; overlay_color_type=&#8220;uncode-palette&#8220;][vc_column width=&#8220;1\/2&#8243;][vc_empty_space][vc_single_image media=&#8220;1810&#8243; caption=&#8220;yes&#8220; media_lightbox=&#8220;yes&#8220; media_poster=&#8220;yes&#8220; media_width_percent=&#8220;100&#8243; lbox_caption=&#8220;yes&#8220; uncode_shortcode_id=&#8220;187678&#8243; media_link=&#8220;title:MA%20BM%203400%20E-LINE%20Baiting%20Machine%20%E2%80%93%20AutoBaiter&#8220;][vc_column_text uncode_shortcode_id=&#8220;171292&#8243;]Beita me\u00f0 Mustad Autoline AutoBaiter[\/vc_column_text][\/vc_column][vc_column column_width_percent=&#8220;100&#8243; gutter_size=&#8220;3&#8243; overlay_alpha=&#8220;50&#8243; shift_x=&#8220;0&#8243; shift_y=&#8220;0&#8243; shift_y_down=&#8220;0&#8243; z_index=&#8220;0&#8243; medium_width=&#8220;0&#8243; mobile_width=&#8220;0&#8243; width=&#8220;1\/2&#8243; uncode_shortcode_id=&#8220;262831&#8243;][vc_custom_heading text_color=&#8220;accent&#8220; heading_semantic=&#8220;h6&#8243; text_size=&#8220;h6&#8243; text_transform=&#8220;uppercase&#8220; uncode_shortcode_id=&#8220;179575&#8243; text_color_type=&#8220;uncode-palette&#8220;]<\/p>\n<h1>Sj\u00e1lfvirk beita<\/h1>\n<p>[\/vc_custom_heading][vc_column_text uncode_shortcode_id=&#8220;131931&#8243;]<\/p>\n<div class=\"uncode_text_column text-lead\">\n<p>Mustad Autoline AutoBaiter er v\u00e9l sem sj\u00e1lfvirkniv\u00e6\u00f0ir beitingarferli\u00f0, sem gerir l\u00ednuvei\u00f0ar hra\u00f0ari og skilvirkari. Kr\u00f3kar og l\u00edna eru dregnar \u00far geymslum\u00f6ssum og f\u00e6r\u00f0ar \u00ed gegnum beitingarv\u00e9lina \u00e1\u00f0ur en \u00fe\u00e6r eru settar yfir skutinn. <\/p>\n<p data-start=\"284\" data-end=\"533\">Beitan er sett \u00e1 f\u00e6ribandske\u00f0ju me\u00f0 broddum og f\u00e6r\u00f0 inn \u00ed v\u00e9lina, \u00fear sem kr\u00f3karnir virkja hn\u00edf sem sker beituna \u00ed fyrirfram \u00e1kve\u00f0nar st\u00e6r\u00f0ir. AutoBaiter tryggir n\u00e1kv\u00e6ma beitusetningu, \u00fear sem hver biti er \u201etv\u00edkr\u00f3ka\u00f0ur\u201c til a\u00f0 halda honum \u00f6rugglega \u00e1 s\u00ednum sta\u00f0. <\/p>\n<\/div>\n<p>[\/vc_column_text][\/vc_column][\/vc_row][vc_row row_height_percent=&#8220;0&#8243; override_padding=&#8220;yes&#8220; h_padding=&#8220;2&#8243; top_padding=&#8220;2&#8243; bottom_padding=&#8220;5&#8243; overlay_alpha=&#8220;50&#8243; equal_height=&#8220;yes&#8220; gutter_size=&#8220;4&#8243; column_width_percent=&#8220;100&#8243; shift_y=&#8220;0&#8243; z_index=&#8220;0&#8243; content_parallax=&#8220;0&#8243; el_class=&#8220;inverted-device-order&#8220; uncode_shortcode_id=&#8220;183027&#8243;][vc_column column_width_percent=&#8220;100&#8243; gutter_size=&#8220;3&#8243; overlay_alpha=&#8220;50&#8243; shift_x=&#8220;0&#8243; shift_y=&#8220;0&#8243; shift_y_down=&#8220;0&#8243; z_index=&#8220;0&#8243; medium_width=&#8220;0&#8243; mobile_width=&#8220;0&#8243; width=&#8220;1\/4&#8243; uncode_shortcode_id=&#8220;262831&#8243;][vc_single_image media=&#8220;1439&#8243; caption=&#8220;yes&#8220; media_width_percent=&#8220;100&#8243; lbox_caption=&#8220;yes&#8220; uncode_shortcode_id=&#8220;663039&#8243; media_link=&#8220;url:https%3A%2F%2Fmustadautoline.com%2Fproducts%2Fma-bm-6000-superbaiter%2F|title:MA%20BM%203400%20E-LINE%20Baiting%20Machine%20%E2%80%93%20AutoBaiter&#8220;][vc_column_text uncode_shortcode_id=&#8220;171539&#8243;]MA BM 6000 E-l\u00edna[\/vc_column_text][vc_single_image media=&#8220;1477&#8243; caption=&#8220;yes&#8220; media_width_percent=&#8220;100&#8243; lbox_caption=&#8220;yes&#8220; uncode_shortcode_id=&#8220;103688&#8243; media_link=&#8220;url:https%3A%2F%2Fmustadautoline.com%2Fproducts%2Fma-bm-3400-e-line-autobaiter%2F|title:MA%20BM%203400%20E-LINE%20Baiting%20Machine%20%E2%80%93%20AutoBaiter&#8220;][vc_column_text uncode_shortcode_id=&#8220;446079&#8243;]MA BM 3400 E-l\u00edna[\/vc_column_text][\/vc_column][vc_column width=&#8220;1\/2&#8243;][vc_column_text uncode_shortcode_id=&#8220;182741&#8243;]<\/p>\n<div class=\"uncode_text_column text-lead\">\n<p data-start=\"535\" data-end=\"716\" data-is-last-node=\"\" data-is-only-node=\"\">\u00cdtarlegri ger\u00f0ir geta veitt allt a\u00f0 sex kr\u00f3ka \u00e1 sek\u00fandu me\u00f0 n\u00e1kv\u00e6mni upp \u00e1 95\u201397%. Kerfi\u00f0 er einfalt \u00ed notkun og \u00fearf a\u00f0eins einn \u00e1hafnarme\u00f0lim til a\u00f0 mata beitu \u00e1 f\u00e6ribandske\u00f0juna. <\/p>\n<p data-start=\"535\" data-end=\"716\" data-is-last-node=\"\" data-is-only-node=\"\">G\u00e6\u00f0i og \u00fe\u00ed\u00f0ing beitufisksins eru afar mikilv\u00e6g. R\u00e9tt \u00fe\u00ed\u00f0ing tryggir a\u00f0 beitan hafi r\u00e9tta \u00e1fer\u00f0, sem au\u00f0veldar beituv\u00e9linni a\u00f0 vinna skilvirkt. Mismunandi ger\u00f0ir af beitufiski eru nota\u00f0ar um allan heim og sumar tegundir henta betur fyrir \u00feessa a\u00f0fer\u00f0 en a\u00f0rar.  <\/p>\n<\/div>\n<div class=\"uncode_text_column text-lead\">\n<p>Settu makr\u00edl, sauri og s\u00edld \u00e1 f\u00e6ribandske\u00f0ju beitningarv\u00e9larinnar me\u00f0 baki\u00f0 ni\u00f0ur og h\u00f6fu\u00f0i\u00f0 sn\u00fai\u00f0 a\u00f0 hn\u00edfnum. \u00der\u00fdstu fiskinum \u00fe\u00e9tt ni\u00f0ur \u00e1 broddana \u00fear til \u00fe\u00fa finnur a\u00f0 \u00feeir fara \u00ed gegnum ro\u00f0i\u00f0 \u00e1 fiskinum. Haltu fiskinum \u00fear til hann fer undir fyrstu \u00fer\u00fdstipl\u00f6tuna. \u00de\u00fa g\u00e6tir \u00feurft a\u00f0 r\u00e9tta fiskinn \u00far, svo hann komist \u00ed snertingu vi\u00f0 broddana. Mikilv\u00e6gt er a\u00f0 l\u00e1ta fiskinn skarast, annars ver\u00f0ur l\u00e9leg beita \u00e1 milli hvers beitufisks.    <\/p>\n<p>Makr\u00edlfl\u00f6k \u00e1 a\u00f0 setja \u00feannig a\u00f0 skinnhli\u00f0in sn\u00fai a\u00f0 broddunum \u00e1 f\u00e6ribandske\u00f0junni.<\/p>\n<p>Smokkfiskur ver\u00f0ur a\u00f0 r\u00e9tta vel \u00fat og \u00fer\u00fdsta \u00fe\u00e9tt \u00e1 broddana me\u00f0 skotti\u00f0 a\u00f0 hn\u00edfnum. Skeri\u00f0 tentacles af st\u00f3rum smokkfiski. \u00deeir eru \u00ed veginum og ver\u00f0a ekki h\u00fakktir \u00ed \u00f6llum tilvikum. Mj\u00f6g st\u00f3r smokkfiskur ver\u00f0ur a\u00f0 skera \u00ed tvennt.   <\/p>\n<\/div>\n<p><strong>Blanda af beitu<\/strong><\/p>\n<p>Stundum er kostur a\u00f0 kl\u00e6\u00f0a l\u00ednu me\u00f0 bl\u00f6ndu af beitu &#8211; bl\u00f6ndu af makr\u00edl og smokkfiski til d\u00e6mis. Makr\u00edllinn dreifir l\u00edklega meiri lykt en smokkfiskurinn endist lengur \u00e1 kr\u00f3knum. Dressing er miki\u00f0 notu\u00f0 vi\u00f0 \u00feorskvei\u00f0ar en athuga\u00f0u \u00feetta \u00e1 sta\u00f0num og athuga\u00f0u hva\u00f0 \u00e1 a\u00f0 nota.[\/vc_column_text][\/vc_column][vc_column width=&#8220;1\/4&#8243;][vc_single_image media=&#8220;1474&#8243; media_width_percent=&#8220;74&#8243; uncode_shortcode_id=&#8220;653387&#8243;][vc_column_text uncode_shortcode_id=&#8220;206375&#8243;]Mynd af \u201etv\u00f6f\u00f6ldum kr\u00f3k\u201c-beitu til a\u00f0 halda henni \u00f6rugglega \u00e1 s\u00ednum sta\u00f0 \u00e1 kr\u00f3knum.[\/vc_column_text][\/vc_column][\/vc_row]<\/p>\n<\/div>","protected":false},"excerpt":{"rendered":"<p>[vc_row row_height_percent=&#8220;0&#8243; override_padding=&#8220;yes&#8220; h_padding=&#8220;2&#8243; top_padding=&#8220;5&#8243; bottom_padding=&#8220;0&#8243; overlay_color=&#8220;color-gyho&#8220; overlay_alpha=&#8220;50&#8243; equal_height=&#8220;yes&#8220; gutter_size=&#8220;4&#8243; column_width_percent=&#8220;100&#8243; shift_y=&#8220;0&#8243; z_index=&#8220;0&#8243; content_parallax=&#8220;0&#8243; el_class=&#8220;inverted-device-order&#8220; uncode_shortcode_id=&#8220;817552&#8243; overlay_color_type=&#8220;uncode-palette&#8220;][vc_column width=&#8220;1\/2&#8243;][vc_empty_space][vc_single_image media=&#8220;1810&#8243; caption=&#8220;yes&#8220; [&hellip;]<\/p>\n","protected":false},"author":5,"featured_media":0,"parent":0,"menu_order":0,"comment_status":"closed","ping_status":"closed","template":"","meta":{"_acf_changed":false,"footnotes":""},"class_list":["post-1471","page","type-page","status-publish","hentry"],"acf":[],"_links":{"self":[{"href":"https:\/\/mustadautoline.com\/is\/wp-json\/wp\/v2\/pages\/1471","targetHints":{"allow":["GET"]}}],"collection":[{"href":"https:\/\/mustadautoline.com\/is\/wp-json\/wp\/v2\/pages"}],"about":[{"href":"https:\/\/mustadautoline.com\/is\/wp-json\/wp\/v2\/types\/page"}],"author":[{"embeddable":true,"href":"https:\/\/mustadautoline.com\/is\/wp-json\/wp\/v2\/users\/5"}],"replies":[{"embeddable":true,"href":"https:\/\/mustadautoline.com\/is\/wp-json\/wp\/v2\/comments?post=1471"}],"version-history":[{"count":0,"href":"https:\/\/mustadautoline.com\/is\/wp-json\/wp\/v2\/pages\/1471\/revisions"}],"wp:attachment":[{"href":"https:\/\/mustadautoline.com\/is\/wp-json\/wp\/v2\/media?parent=1471"}],"curies":[{"name":"wp","href":"https:\/\/api.w.org\/{rel}","templated":true}]}}