{"id":1999,"date":"2025-10-15T20:14:00","date_gmt":"2025-10-15T18:14:00","guid":{"rendered":"https:\/\/mustadautoline.com\/medhondlun-kroka\/"},"modified":"2025-10-15T20:14:00","modified_gmt":"2025-10-15T18:14:00","slug":"medhondlun-kroka","status":"publish","type":"page","link":"https:\/\/mustadautoline.com\/is\/medhondlun-kroka\/","title":{"rendered":"Me\u00f0h\u00f6ndlun kr\u00f3ka"},"content":{"rendered":"<p>Kr\u00f3kar \u00e6ttu a\u00f0 vera hvassir og r\u00e9tt laga\u00f0ir, \u00fear sem oddarnir eru mikilv\u00e6gir til a\u00f0 vei\u00f0a fisk. Ef kr\u00f3karnir eru \u00ed sl\u00e6mu \u00e1standi ver\u00f0ur \u00fea\u00f0 strax \u00e1berandi. Ef \u00feeir byrja a\u00f0 r\u00e9tta \u00far s\u00e9r munu oddarnir ekki n\u00e1 a\u00f0 komast \u00ed gegn \u00feegar spenna er komin \u00e1 sn\u00fa\u00f0i\u00f0.  <\/p>\n<p>Til a\u00f0 beita vel ver\u00f0i a\u00f0 kr\u00f3kar s\u00e9u r\u00e9tt laga\u00f0ir til a\u00f0 \u00feeir geti gripi\u00f0 beituna r\u00e9tt. Kr\u00f3kar me\u00f0 r\u00e9ttri f\u00e6rslu \u00feurfa r\u00e9tta f\u00e6rslu til a\u00f0 tryggja a\u00f0 \u00feeir gripi beituna \u00e1 r\u00e9ttum sta\u00f0; annars dettur beitan af. \u00deetta vandam\u00e1l kemur einnig upp ef beinn kr\u00f3kur er ekki r\u00e9tt f\u00e6r\u00f0ur. (??)   <\/p>\n<p>A\u00f0 auki skal fylgjast me\u00f0 kr\u00f3kunum til a\u00f0 tryggja a\u00f0 \u00feeir s\u00e9u ekki vaf\u00f0ir meira en einu sinni \u00ed kringum l\u00ednuna e\u00f0a fastir \u00ed h\u00e1lfum lykkju. Athuga\u00f0u einnig lykkjurnar sem tengja kr\u00f3kana vi\u00f0 kr\u00f3kana. Ef nota\u00f0ir eru sn\u00fanir kr\u00f3kar \u00e6ttu \u00feeir a\u00f0 vera dregnir upp \u00ed kringum sj\u00e1lfa sig og ekki renna ni\u00f0ur \u00ed kringum skafti\u00f0. (??)   <\/p>\n<p>Til a\u00f0 vi\u00f0halda kr\u00f3kum r\u00e9tt \u00fearftu kr\u00f3klei\u00f0r\u00e9ttingart\u00e6ki. \u00deetta litla t\u00f3l gerir \u00fe\u00e9r kleift a\u00f0 beygja kr\u00f3kinn aftur \u00ed r\u00e9tta l\u00f6gun. G\u00f3\u00f0ur kr\u00f3klei\u00f0r\u00e9ttingart\u00e6ki gerir \u00fe\u00e9r kleift a\u00f0 stilla beygju, odd og fr\u00e1vik \u00ed einni a\u00f0ger\u00f0. \u00deegar \u00fe\u00fa endurm\u00f3tar kr\u00f3k skaltu einnig athuga hvort skaft s\u00e9u beyg\u00f0, sem geta stafa\u00f0 af \u00fev\u00ed a\u00f0 kr\u00f3kar festast \u00ed spilinu. G\u00f3\u00f0ur kr\u00f3klei\u00f0r\u00e9ttingart\u00e6ki getur einnig laga\u00f0 \u00feetta vandam\u00e1l. (Vi\u00f0eigandi lengd?).     <\/p>\n","protected":false},"excerpt":{"rendered":"<p>Kr\u00f3kar \u00e6ttu a\u00f0 vera hvassir og r\u00e9tt laga\u00f0ir, \u00fear sem oddarnir eru mikilv\u00e6gir til a\u00f0 vei\u00f0a fisk. Ef kr\u00f3karnir eru [&hellip;]<\/p>\n","protected":false},"author":5,"featured_media":0,"parent":0,"menu_order":0,"comment_status":"closed","ping_status":"closed","template":"","meta":{"_acf_changed":false,"footnotes":""},"class_list":["post-1999","page","type-page","status-publish","hentry"],"acf":[],"_links":{"self":[{"href":"https:\/\/mustadautoline.com\/is\/wp-json\/wp\/v2\/pages\/1999","targetHints":{"allow":["GET"]}}],"collection":[{"href":"https:\/\/mustadautoline.com\/is\/wp-json\/wp\/v2\/pages"}],"about":[{"href":"https:\/\/mustadautoline.com\/is\/wp-json\/wp\/v2\/types\/page"}],"author":[{"embeddable":true,"href":"https:\/\/mustadautoline.com\/is\/wp-json\/wp\/v2\/users\/5"}],"replies":[{"embeddable":true,"href":"https:\/\/mustadautoline.com\/is\/wp-json\/wp\/v2\/comments?post=1999"}],"version-history":[{"count":0,"href":"https:\/\/mustadautoline.com\/is\/wp-json\/wp\/v2\/pages\/1999\/revisions"}],"wp:attachment":[{"href":"https:\/\/mustadautoline.com\/is\/wp-json\/wp\/v2\/media?parent=1999"}],"curies":[{"name":"wp","href":"https:\/\/api.w.org\/{rel}","templated":true}]}}