{"id":2001,"date":"2025-10-15T19:02:33","date_gmt":"2025-10-15T17:02:33","guid":{"rendered":"https:\/\/mustadautoline.com\/ad-skjota\/"},"modified":"2025-10-15T19:02:33","modified_gmt":"2025-10-15T17:02:33","slug":"ad-skjota","status":"publish","type":"page","link":"https:\/\/mustadautoline.com\/is\/ad-skjota\/","title":{"rendered":"A\u00f0 skj\u00f3ta"},"content":{"rendered":"<p>A\u00f0 vei\u00f0a vei\u00f0arf\u00e6rin vi\u00f0 l\u00ednuvei\u00f0ar felur \u00ed s\u00e9r nokkur vandlega samr\u00e6md skref til a\u00f0 tryggja a\u00f0 l\u00ednan s\u00e9 r\u00e9tt sett \u00fat. H\u00e9r \u00e1 eftir er gefi\u00f0 yfirlit yfir helstu skrefin vi\u00f0 vei\u00f0arf\u00e6rin. <\/p>\n<p>Byrja\u00f0 er a\u00f0 setja upp vei\u00f0arf\u00e6rin me\u00f0 \u00fev\u00ed a\u00f0 1) kasta akkeri fyrir bor\u00f0, sem er fest vi\u00f0 enda botnl\u00ednunnar og tryggir a\u00f0 h\u00fan haldist kyrrum \u00e1 sj\u00e1varbotni e\u00f0a \u00e1 \u00e6skilegu d\u00fdpi. Eftir a\u00f0 akkeri\u00f0 hefur veri\u00f0 sett \u00fat er 2) fyrsta baujan kasta\u00f0, sem er fest vi\u00f0 baujuna. Stundum er \u00feessu fylgt eftir af f\u00e1nast\u00f6ng e\u00f0a merkist\u00f6ng. \u00deessi bauja markar sta\u00f0setningu akkerisins og hj\u00e1lpar til vi\u00f0 a\u00f0 vi\u00f0halda d\u00fdpi botnl\u00ednunnar. Eftir a\u00f0 baujan hefur veri\u00f0 sett er botnl\u00ednan me\u00f0 sn\u00fa\u00f0um undirb\u00fain til setningar me\u00f0 \u00fev\u00ed a\u00f0 beita kr\u00f3kana. 3) Kr\u00f3kar eru beittir sj\u00e1lfkrafa \u00ed beitningarv\u00e9l &#8211; nema \u00fe\u00fa notir forbeitta kr\u00f3ka. 4) Botnl\u00ednan og sn\u00fa\u00f0arnar eru sm\u00e1m saman losa\u00f0ar me\u00f0 v\u00f6kva-, v\u00e9lr\u00e6num e\u00f0a rafmagnskerfum. \u00deegar allar l\u00ednurnar eru settar, 5) er endaakkeri\u00f0 sett og s\u00ed\u00f0an endabaujan.          <\/p>\n<p>L\u00ednan er l\u00e1tin liggja \u00ed bleyti, sem gerir beitukr\u00f3knum kleift a\u00f0 la\u00f0a a\u00f0 fisk. Bleytit\u00edmi er breytilegur eftir vei\u00f0itegund og vei\u00f0iskilyr\u00f0um. <\/p>\n","protected":false},"excerpt":{"rendered":"<p>A\u00f0 vei\u00f0a vei\u00f0arf\u00e6rin vi\u00f0 l\u00ednuvei\u00f0ar felur \u00ed s\u00e9r nokkur vandlega samr\u00e6md skref til a\u00f0 tryggja a\u00f0 l\u00ednan s\u00e9 r\u00e9tt sett [&hellip;]<\/p>\n","protected":false},"author":5,"featured_media":0,"parent":0,"menu_order":0,"comment_status":"closed","ping_status":"closed","template":"","meta":{"_acf_changed":false,"footnotes":""},"class_list":["post-2001","page","type-page","status-publish","hentry"],"acf":[],"_links":{"self":[{"href":"https:\/\/mustadautoline.com\/is\/wp-json\/wp\/v2\/pages\/2001","targetHints":{"allow":["GET"]}}],"collection":[{"href":"https:\/\/mustadautoline.com\/is\/wp-json\/wp\/v2\/pages"}],"about":[{"href":"https:\/\/mustadautoline.com\/is\/wp-json\/wp\/v2\/types\/page"}],"author":[{"embeddable":true,"href":"https:\/\/mustadautoline.com\/is\/wp-json\/wp\/v2\/users\/5"}],"replies":[{"embeddable":true,"href":"https:\/\/mustadautoline.com\/is\/wp-json\/wp\/v2\/comments?post=2001"}],"version-history":[{"count":0,"href":"https:\/\/mustadautoline.com\/is\/wp-json\/wp\/v2\/pages\/2001\/revisions"}],"wp:attachment":[{"href":"https:\/\/mustadautoline.com\/is\/wp-json\/wp\/v2\/media?parent=2001"}],"curies":[{"name":"wp","href":"https:\/\/api.w.org\/{rel}","templated":true}]}}