{"id":2011,"date":"2025-10-15T21:14:48","date_gmt":"2025-10-15T19:14:48","guid":{"rendered":"https:\/\/mustadautoline.com\/jardlinan\/"},"modified":"2025-10-15T21:14:48","modified_gmt":"2025-10-15T19:14:48","slug":"jardlinan","status":"publish","type":"page","link":"https:\/\/mustadautoline.com\/is\/jardlinan\/","title":{"rendered":"Jar\u00f0l\u00ednan"},"content":{"rendered":"<p>Grunnl\u00ednan er a\u00f0all\u00ednan sem notu\u00f0 er vi\u00f0 fiskvei\u00f0ar, og vi\u00f0 hana eru festar styttri l\u00ednur me\u00f0 kr\u00f3kum (k\u00f6llu\u00f0 sn\u00fa\u00f0ar). \u00deessi uppsetning gerir kleift a\u00f0 nota marga kr\u00f3ka yfir st\u00f3rt sv\u00e6\u00f0i, sem eykur l\u00edkurnar \u00e1 a\u00f0 vei\u00f0a fisk. Grunnl\u00ednan er venjulega \u00far sterkum efnum eins og nylon e\u00f0a ein\u00fer\u00e1\u00f0um og getur n\u00e1\u00f0 nokkra k\u00edl\u00f3metra. Til a\u00f0 au\u00f0velda me\u00f0h\u00f6ndlun og endingarbetri er grunnl\u00ednan stundum h\u00fa\u00f0u\u00f0 me\u00f0 tj\u00f6ru e\u00f0a ol\u00edubl\u00f6ndu, sem hj\u00e1lpar henni a\u00f0 standast slit og au\u00f0veldar uppr\u00fallun og geymslu.   <\/p>\n<p>H\u00e6gt er a\u00f0 a\u00f0laga grunnl\u00ednuna a\u00f0 lengd og \u00feykkt til a\u00f0 henta mismunandi vei\u00f0ia\u00f0st\u00e6\u00f0um, hvort sem \u00fea\u00f0 er a\u00f0 vei\u00f0a fisk eins og \u00feorsk og \u00fdsu \u00e1 grunns\u00e6vi e\u00f0a dj\u00fapsj\u00e1varfisk eins og appels\u00ednugulan s\u00f6rug. Efni og h\u00f6nnun grunnl\u00ednunnar getur einnig veri\u00f0 mismunandi; til d\u00e6mis sekkur blanda af p\u00f3l\u00fdester og nylon flj\u00f3tt og endist lengur, en p\u00f3l\u00fdpr\u00f3p\u00fdlen l\u00e6tur l\u00ednuna flj\u00f3ta. <\/p>\n<p>St\u00e6r\u00f0 og efnivi\u00f0ur hennar eru mismunandi eftir notkun, en h\u00fan er yfirleitt ger\u00f0 \u00far sn\u00fanum gervi\u00fer\u00e1\u00f0um, anna\u00f0 hvort \u00far p\u00f3l\u00fdester (terylene), p\u00f3l\u00fdam\u00ed\u00f0i (nylon) e\u00f0a p\u00f3l\u00fdpr\u00f3p\u00fdleni. Mismunandi ger\u00f0ir af trefjum eru oft sameina\u00f0ar til a\u00f0 veita s\u00e9rstaka eiginleika. Til d\u00e6mis sekkur grunnl\u00edna \u00far bl\u00f6ndu af p\u00f3l\u00fdester og p\u00f3l\u00fdam\u00ed\u00f0i flj\u00f3tt og hefur g\u00f3\u00f0a slit\u00feol, en s\u00fa sem er ger\u00f0 \u00far p\u00f3l\u00fdpr\u00f3p\u00fdleni fl\u00fdtur. Grunnl\u00ednur eru oft gegndreyptar me\u00f0 tj\u00f6ru, e\u00f0a bl\u00f6ndu af ol\u00edu og lakki, til a\u00f0 auka slit\u00feol \u00feeirra og gera l\u00ednuna au\u00f0veldari \u00ed uppr\u00fallun. (ER \u00deETTA ENN TILFARI\u00d0?)    <\/p>\n","protected":false},"excerpt":{"rendered":"<p>Grunnl\u00ednan er a\u00f0all\u00ednan sem notu\u00f0 er vi\u00f0 fiskvei\u00f0ar, og vi\u00f0 hana eru festar styttri l\u00ednur me\u00f0 kr\u00f3kum (k\u00f6llu\u00f0 sn\u00fa\u00f0ar). \u00deessi [&hellip;]<\/p>\n","protected":false},"author":5,"featured_media":0,"parent":0,"menu_order":0,"comment_status":"closed","ping_status":"closed","template":"","meta":{"_acf_changed":false,"footnotes":""},"class_list":["post-2011","page","type-page","status-publish","hentry"],"acf":[],"_links":{"self":[{"href":"https:\/\/mustadautoline.com\/is\/wp-json\/wp\/v2\/pages\/2011","targetHints":{"allow":["GET"]}}],"collection":[{"href":"https:\/\/mustadautoline.com\/is\/wp-json\/wp\/v2\/pages"}],"about":[{"href":"https:\/\/mustadautoline.com\/is\/wp-json\/wp\/v2\/types\/page"}],"author":[{"embeddable":true,"href":"https:\/\/mustadautoline.com\/is\/wp-json\/wp\/v2\/users\/5"}],"replies":[{"embeddable":true,"href":"https:\/\/mustadautoline.com\/is\/wp-json\/wp\/v2\/comments?post=2011"}],"version-history":[{"count":0,"href":"https:\/\/mustadautoline.com\/is\/wp-json\/wp\/v2\/pages\/2011\/revisions"}],"wp:attachment":[{"href":"https:\/\/mustadautoline.com\/is\/wp-json\/wp\/v2\/media?parent=2011"}],"curies":[{"name":"wp","href":"https:\/\/api.w.org\/{rel}","templated":true}]}}