{"id":2014,"date":"2025-10-15T20:08:45","date_gmt":"2025-10-15T18:08:45","guid":{"rendered":"https:\/\/mustadautoline.com\/blaeding\/"},"modified":"2025-10-15T20:08:45","modified_gmt":"2025-10-15T18:08:45","slug":"blaeding","status":"publish","type":"page","link":"https:\/\/mustadautoline.com\/is\/blaeding\/","title":{"rendered":"Bl\u00e6\u00f0ing"},"content":{"rendered":"<p>Gakktu \u00far skugga um a\u00f0 \u00fe\u00fa hafir bl\u00e6\u00f0ingarhn\u00edf vi\u00f0 h\u00f6ndina. Gr\u00edptu hn\u00edfinn og sn\u00fa\u00f0u kvi\u00f0 fisksins upp, \u00feannig a\u00f0 h\u00e1lsinn m\u00e6ti br\u00fan sl\u00e6gingar\u00edl\u00e1tsins. Haltu gaffinu inni \u00ed h\u00f6fu\u00f0k\u00fapu fisksins, sker\u00f0u h\u00e1lsinn fr\u00e1 einu t\u00e1lkni til annars og l\u00e1ttu fiskinn renna ofan \u00ed \u00edl\u00e1ti\u00f0. \u00deessi a\u00f0fer\u00f0 gerir \u00fe\u00e9r kleift a\u00f0 vinna 400-500 k\u00edl\u00f3 af fiski \u00e1 klukkustund ef fiskurinn vegur \u00e1 milli 2 og 4 k\u00edl\u00f3 hver. Ef fiskurinn kemur upp \u00ed hr\u00f6\u00f0um skrefum skaltu gaffa hann og setja hann \u00ed milli\u00edl\u00e1t til s\u00ed\u00f0ari me\u00f0h\u00f6ndlunar.    <\/p>\n<p>&nbsp;<\/p>\n","protected":false},"excerpt":{"rendered":"<p>Gakktu \u00far skugga um a\u00f0 \u00fe\u00fa hafir bl\u00e6\u00f0ingarhn\u00edf vi\u00f0 h\u00f6ndina. Gr\u00edptu hn\u00edfinn og sn\u00fa\u00f0u kvi\u00f0 fisksins upp, \u00feannig a\u00f0 h\u00e1lsinn [&hellip;]<\/p>\n","protected":false},"author":5,"featured_media":0,"parent":0,"menu_order":0,"comment_status":"closed","ping_status":"closed","template":"","meta":{"_acf_changed":false,"footnotes":""},"class_list":["post-2014","page","type-page","status-publish","hentry"],"acf":[],"_links":{"self":[{"href":"https:\/\/mustadautoline.com\/is\/wp-json\/wp\/v2\/pages\/2014","targetHints":{"allow":["GET"]}}],"collection":[{"href":"https:\/\/mustadautoline.com\/is\/wp-json\/wp\/v2\/pages"}],"about":[{"href":"https:\/\/mustadautoline.com\/is\/wp-json\/wp\/v2\/types\/page"}],"author":[{"embeddable":true,"href":"https:\/\/mustadautoline.com\/is\/wp-json\/wp\/v2\/users\/5"}],"replies":[{"embeddable":true,"href":"https:\/\/mustadautoline.com\/is\/wp-json\/wp\/v2\/comments?post=2014"}],"version-history":[{"count":0,"href":"https:\/\/mustadautoline.com\/is\/wp-json\/wp\/v2\/pages\/2014\/revisions"}],"wp:attachment":[{"href":"https:\/\/mustadautoline.com\/is\/wp-json\/wp\/v2\/media?parent=2014"}],"curies":[{"name":"wp","href":"https:\/\/api.w.org\/{rel}","templated":true}]}}