{"id":2016,"date":"2025-10-15T21:22:52","date_gmt":"2025-10-15T19:22:52","guid":{"rendered":"https:\/\/mustadautoline.com\/snudurinn\/"},"modified":"2025-10-17T10:07:25","modified_gmt":"2025-10-17T08:07:25","slug":"snudurinn","status":"publish","type":"page","link":"https:\/\/mustadautoline.com\/is\/snudurinn\/","title":{"rendered":"Sn\u00fa\u00f0urinn"},"content":{"rendered":"<div class=\"wpb-content-wrapper\"><p>[vc_row][vc_column][vc_column_text uncode_shortcode_id=&#8220;122523&#8243;]Sn\u00fa\u00f0urinn, einnig kalla\u00f0ur lei\u00f0arl\u00edna, gangionl\u00edna e\u00f0a greinarl\u00edna, er stutta l\u00ednan sem tengir kr\u00f3kinn vi\u00f0 botnl\u00ednuna. H\u00fan er venjulega \u00far sterkum efnum eins og sn\u00fanum e\u00f0a fl\u00e9ttu\u00f0um nylon (p\u00f3l\u00fdam\u00ed\u00f0i) e\u00f0a p\u00f3l\u00fdester, og \u00feykkt og lengd hennar er mismunandi eftir \u00fev\u00ed hva\u00f0a fisktegund er veri\u00f0 a\u00f0 vei\u00f0a. Til a\u00f0 koma \u00ed veg fyrir a\u00f0 \u00feeir fl\u00e6kist vi\u00f0 botnl\u00ednuna eru sn\u00fa\u00f0ar oft me\u00f0h\u00f6ndla\u00f0ir me\u00f0 ol\u00edu- og lakkbl\u00f6ndu, sem gerir \u00fe\u00e1 st\u00edfari og au\u00f0veldari \u00ed me\u00f0f\u00f6rum.   Sn\u00fa\u00f0ar eru f\u00e1anlegir \u00ed mismunandi st\u00e6r\u00f0um til a\u00f0 passa vi\u00f0 mismunandi ger\u00f0ir kr\u00f3ka og vei\u00f0i\u00fearfir. Algengasta kr\u00f3kurinn er EC-kr\u00f3kurinn, f\u00e1anlegur \u00ed st\u00e6r\u00f0unum 11\/0, 12\/0, 13\/0, 14\/0 og 15\/0.[\/vc_column_text][\/vc_column][\/vc_row][vc_row][vc_column width=&#8220;1\/1&#8243;][vc_single_image media=&#8220;1615&#8243; media_width_percent=&#8220;43&#8243; uncode_shortcode_id=&#8220;178542&#8243;][\/vc_column][\/vc_row]<\/p>\n<\/div>","protected":false},"excerpt":{"rendered":"<p>[vc_row][vc_column][vc_column_text uncode_shortcode_id=&#8220;122523&#8243;]Sn\u00fa\u00f0urinn, einnig kalla\u00f0ur lei\u00f0arl\u00edna, gangionl\u00edna e\u00f0a greinarl\u00edna, er stutta l\u00ednan sem tengir kr\u00f3kinn vi\u00f0 botnl\u00ednuna. H\u00fan er venjulega \u00far [&hellip;]<\/p>\n","protected":false},"author":5,"featured_media":0,"parent":0,"menu_order":0,"comment_status":"closed","ping_status":"closed","template":"","meta":{"_acf_changed":false,"footnotes":""},"class_list":["post-2016","page","type-page","status-publish","hentry"],"acf":[],"_links":{"self":[{"href":"https:\/\/mustadautoline.com\/is\/wp-json\/wp\/v2\/pages\/2016","targetHints":{"allow":["GET"]}}],"collection":[{"href":"https:\/\/mustadautoline.com\/is\/wp-json\/wp\/v2\/pages"}],"about":[{"href":"https:\/\/mustadautoline.com\/is\/wp-json\/wp\/v2\/types\/page"}],"author":[{"embeddable":true,"href":"https:\/\/mustadautoline.com\/is\/wp-json\/wp\/v2\/users\/5"}],"replies":[{"embeddable":true,"href":"https:\/\/mustadautoline.com\/is\/wp-json\/wp\/v2\/comments?post=2016"}],"version-history":[{"count":0,"href":"https:\/\/mustadautoline.com\/is\/wp-json\/wp\/v2\/pages\/2016\/revisions"}],"wp:attachment":[{"href":"https:\/\/mustadautoline.com\/is\/wp-json\/wp\/v2\/media?parent=2016"}],"curies":[{"name":"wp","href":"https:\/\/api.w.org\/{rel}","templated":true}]}}