{"id":2017,"date":"2025-10-15T20:06:14","date_gmt":"2025-10-15T18:06:14","guid":{"rendered":"https:\/\/mustadautoline.com\/gaffling-og-fjarlaeging-kroka\/"},"modified":"2025-10-15T20:06:14","modified_gmt":"2025-10-15T18:06:14","slug":"gaffling-og-fjarlaeging-kroka","status":"publish","type":"page","link":"https:\/\/mustadautoline.com\/is\/gaffling-og-fjarlaeging-kroka\/","title":{"rendered":"Gaffling og fjarl\u00e6ging kr\u00f3ka"},"content":{"rendered":"<p>Gaffli\u00f0 a\u00f0eins h\u00f6fu\u00f0i\u00f0 \u00e1 fiskinum, \u00fev\u00ed s\u00e1 hluti ver\u00f0ur fjarl\u00e6g\u00f0ur s\u00ed\u00f0ar. A\u00f0 stinga stungus\u00e1r \u00e1 l\u00edkamann veldur marblettum sem \u00fearf a\u00f0 skera burt og skapar a\u00f0gangslei\u00f0ir fyrir bakter\u00edur. Fiskur sem veiddur er \u00e1 l\u00ednu er ver\u00f0m\u00e6tur vegna fram\u00farskarandi g\u00e6\u00f0a, svo for\u00f0astu \u00f3\u00fearfa l\u00edkamsska\u00f0a til a\u00f0 vi\u00f0halda \u00feessu or\u00f0spori.  <\/p>\n<p>\u00d6ll gaffat\u00f6ku \u00e6tti a\u00f0 gera me\u00f0 spilinu \u00ed gangi. Reki\u00f0 gaffanum \u00ed h\u00f6fu\u00f0 fisksins, eins n\u00e1l\u00e6gt vatnsyfirbor\u00f0inu og m\u00f6gulegt er, og lyfti\u00f0 honum s\u00ed\u00f0an yfir aftan \u00e1 r\u00fallunum. Haldi\u00f0 fiskinum \u00fear til sn\u00faran \u00ferengist. Ein af \u00feremur \u00fatkomum mun eiga s\u00e9r sta\u00f0:   <\/p>\n<p>-\u00d3skemmdi kr\u00f3kurinn losnar.<\/p>\n<p>-Kr\u00f3kurinn r\u00e9ttist \u00fat \u00e1\u00f0ur en hann er sleppt.<\/p>\n<p>-Sn\u00fa\u00f0urinn brotnar undan \u00e1laginu og fiskurinn losnar me\u00f0 kr\u00f3kinn enn \u00ed honum.<\/p>\n<p>For\u00f0ist a\u00f0 kippja \u00ed sn\u00fa\u00f0inn \u00feegar hann her\u00f0ist, \u00fev\u00ed hann getur au\u00f0veldlega slitna\u00f0.<\/p>\n<p>\u00deegar \u00fe\u00fa vei\u00f0ir l\u00fa\u00f0u e\u00f0a annan st\u00f3ran fisk \u00fearftu a\u00f0 st\u00f6\u00f0va spili\u00f0 og gaffa fiskinn \u00e1\u00f0ur en hann br\u00fdst upp \u00e1 yfirbor\u00f0i\u00f0. Nota\u00f0u langan gaffa e\u00f0a j\u00e1rngaffa, allt eftir tegund og st\u00e6r\u00f0 fisksins. L\u00fa\u00f0una \u00e6tti a\u00f0 gaffa me\u00f0 lj\u00f3su hli\u00f0ina ni\u00f0ur. Settu gaffinn undir h\u00f6fu\u00f0i\u00f0 og drag\u00f0u hann a\u00f0 \u00fe\u00e9r. Besta a\u00f0fer\u00f0in er a\u00f0 gaffa hann \u00ed t\u00e1lknaopin \u00e1 lj\u00f3su ne\u00f0ri hli\u00f0inni. For\u00f0astu a\u00f0 keyra gaffinn inn \u00ed b\u00fakinn, \u00fear sem \u00fea\u00f0 skilur eftir sig merki og l\u00e6kkar marka\u00f0svir\u00f0i fisksins. Haltu gafflinum \u00ed skaftinu, ekki handfanginu, til a\u00f0 koma \u00ed veg fyrir \u00falnli\u00f0smei\u00f0sli ef fiskurinn hristist \u00e1 me\u00f0an hann er enn \u00ed vatninu.      <\/p>\n<p>Hlutverk skipstj\u00f3rans er a\u00f0 st\u00fdra b\u00e1tnum \u00feannig a\u00f0 l\u00ednurnar komi inn aftari \u00e1 r\u00fallunni, \u00f6rl\u00edti\u00f0 aftur og \u00fat fr\u00e1 skrokknum. \u00dear sem skipstj\u00f3rinn s\u00e9r ekki l\u00ednurnar eins vel og \u00fe\u00fa og hefur a\u00f0rar skyldur, er \u00fea\u00f0 skylda fiskimannsins \u00e1 \u00feilfari a\u00f0 l\u00e1ta vita hvernig l\u00ednurnar liggja og hvort \u00fe\u00e6r s\u00e9u \u00f6ruggar. <\/p>\n","protected":false},"excerpt":{"rendered":"<p>Gaffli\u00f0 a\u00f0eins h\u00f6fu\u00f0i\u00f0 \u00e1 fiskinum, \u00fev\u00ed s\u00e1 hluti ver\u00f0ur fjarl\u00e6g\u00f0ur s\u00ed\u00f0ar. A\u00f0 stinga stungus\u00e1r \u00e1 l\u00edkamann veldur marblettum sem \u00fearf [&hellip;]<\/p>\n","protected":false},"author":5,"featured_media":0,"parent":0,"menu_order":0,"comment_status":"closed","ping_status":"closed","template":"","meta":{"_acf_changed":false,"footnotes":""},"class_list":["post-2017","page","type-page","status-publish","hentry"],"acf":[],"_links":{"self":[{"href":"https:\/\/mustadautoline.com\/is\/wp-json\/wp\/v2\/pages\/2017","targetHints":{"allow":["GET"]}}],"collection":[{"href":"https:\/\/mustadautoline.com\/is\/wp-json\/wp\/v2\/pages"}],"about":[{"href":"https:\/\/mustadautoline.com\/is\/wp-json\/wp\/v2\/types\/page"}],"author":[{"embeddable":true,"href":"https:\/\/mustadautoline.com\/is\/wp-json\/wp\/v2\/users\/5"}],"replies":[{"embeddable":true,"href":"https:\/\/mustadautoline.com\/is\/wp-json\/wp\/v2\/comments?post=2017"}],"version-history":[{"count":0,"href":"https:\/\/mustadautoline.com\/is\/wp-json\/wp\/v2\/pages\/2017\/revisions"}],"wp:attachment":[{"href":"https:\/\/mustadautoline.com\/is\/wp-json\/wp\/v2\/media?parent=2017"}],"curies":[{"name":"wp","href":"https:\/\/api.w.org\/{rel}","templated":true}]}}