{"id":2022,"date":"2025-10-15T23:02:37","date_gmt":"2025-10-15T21:02:37","guid":{"rendered":"https:\/\/mustadautoline.com\/akkeri\/"},"modified":"2025-10-17T10:07:32","modified_gmt":"2025-10-17T08:07:32","slug":"akkeri","status":"publish","type":"page","link":"https:\/\/mustadautoline.com\/is\/akkeri\/","title":{"rendered":"Akkeri"},"content":{"rendered":"<div class=\"wpb-content-wrapper\"><p>[vc_row][vc_column][vc_column_text uncode_shortcode_id=&#8220;150374&#8243;]Akkeri fyrir l\u00ednuvei\u00f0ar vega venjulega \u00e1 bilinu 11 til 28 kg. \u00deau eru me\u00f0 fj\u00f3rum e\u00f0a fimm fl\u00e9ttum og hring ofan \u00e1. \u00deyngdin sem \u00fearf fer eftir straumnum og d\u00fdptinni \u00fear sem \u00fe\u00fa ert a\u00f0 setja upp vei\u00f0arf\u00e6rin.  <\/p>\n<p>\u00deegar unni\u00f0 er \u00e1 h\u00f6r\u00f0um botni getur akkeri fest sig og l\u00ednan g\u00e6ti slitna\u00f0 \u00e1\u00f0ur en h\u00fan losnar. \u00deetta er h\u00e6gt a\u00f0 koma \u00ed veg fyrir me\u00f0 \u00fev\u00ed a\u00f0 festa akkerisbandi\u00f0 vi\u00f0 botn akkerisins (ER \u00deA\u00d0 SKYNSAMLEGT??), a\u00f0eins lauslega vi\u00f0 efsta hringinn. Ef akkeri\u00f0 festist mun bandi\u00f0 brotna undan \u00e1lagi og \u00fe\u00fa munt geta dregi\u00f0 akkeri\u00f0 upp me\u00f0 botninn fyrst \u00e1n \u00feess a\u00f0 missa \u00fea\u00f0.  <\/p>\n<p>Fyrir akkerisl\u00ednuna hentar \u00bd tommu (12 mm) p\u00f3l\u00fdpr\u00f3p\u00fdlen ein\u00fer\u00e1\u00f0a reipi vel, e\u00f0a hva\u00f0a reipi sem er me\u00f0 meiri togstyrk en baujul\u00ednan \u00fe\u00edn. \u00deegar akkerisl\u00ednan er sett upp \u00e6tti h\u00fan a\u00f0 n\u00e1 \u00feremur til fj\u00f3rum fetum \u00fat fyrir akkerishringinn. Ef akkeri\u00f0 er einnig me\u00f0 ne\u00f0ri hring er gagnlegt a\u00f0 b\u00faa til akkerisl\u00ednuna me\u00f0 lykkju \u00ed hvorum enda (um 22 tommur a\u00f0 lengd). \u00d6nnur lykkjan fer utan um ne\u00f0ri hringinn og hin festist \u00ed baujul\u00ednuna og sl\u00f6nguna.[\/vc_column_text][\/vc_column][\/vc_row][vc_row][vc_column width=&#8220;1\/1&#8243;][vc_single_image media=&#8220;1794&#8243; media_width_percent=&#8220;29&#8243; uncode_shortcode_id=&#8220;808856&#8243;][\/vc_column][\/vc_row][vc_row][vc_column width=&#8220;1\/1&#8243;][vc_column_text uncode_shortcode_id=&#8220;892942&#8243;]Fj\u00f6ldi akkera sem \u00fe\u00fa \u00fearft fer eftir \u00fev\u00ed hvernig \u00fe\u00fa \u00e6tlar a\u00f0 vei\u00f0a. Ef \u00fe\u00fa \u00e6tlar a\u00f0 vei\u00f0a me\u00f0 stuttum strengjum \u00fearftu tv\u00f6 akkeri fyrir hvern streng og \u00fe\u00fa g\u00e6tir haft 3-6 strengi \u00fati \u00ed einu. Ef \u00fe\u00fa \u00e6tlar a\u00f0 vei\u00f0a me\u00f0 einum samfelldum streng g\u00e6tir\u00f0u \u00feurft 10-12 akkeri. G\u00f3\u00f0 regla er a\u00f0 hafa 8-15 akkeri um bor\u00f0, \u00fear me\u00f0 tali\u00f0 varaakkeri.   <\/p>\n<p>Strengurinn sem festir akkeristrenginn vi\u00f0 efsta hringinn \u00e6tti a\u00f0 slitna \u00feegar \u00e1lagi\u00f0 er um \u00fea\u00f0 bil helmingur af \u00fev\u00ed sem jar\u00f0l\u00ednan \u00feolir. Einn strengur tekinn \u00far n\u00fdrri jar\u00f0l\u00ednu er \u00e1l\u00edka g\u00f3\u00f0ur styrkur \u00ed \u00feessu skyni.[\/vc_column_text][\/vc_column][\/vc_row][vc_row][vc_column width=&#8220;1\/1&#8243;][vc_column_text uncode_shortcode_id=&#8220;134441&#8243;]Slingshot er l\u00edna sem notu\u00f0 er til a\u00f0 tengja akkerisbandi\u00f0 \u00e1 framdekkinu vi\u00f0 grunnl\u00ednuna \u00e1 afturdekkinu. \u00dea\u00f0 er gert me\u00f0 \u00fev\u00ed a\u00f0 skeyta 2 feta auga \u00ed hvorn enda \u00e1 p\u00f3l\u00fdesterbaujul\u00ednu. Lengdin \u00e6tti a\u00f0 vera n\u00f3gu l\u00f6ng til a\u00f0 n\u00e1 fr\u00e1 akkerinu, hanga tilb\u00fai\u00f0 \u00e1 bur\u00f0arbor\u00f0inu, liggja me\u00f0fram ytra byr\u00f0i b\u00e1tsins og s\u00ed\u00f0an n\u00e1 nokkra fa\u00f0ma inn um skotgluggann til a\u00f0 festa vi\u00f0 enda grunnl\u00ednunnar. Ein slingshot er nau\u00f0synleg fyrir hvert akkeri um bor\u00f0.[\/vc_column_text][\/vc_column][\/vc_row]<\/p>\n<\/div>","protected":false},"excerpt":{"rendered":"<p>[vc_row][vc_column][vc_column_text uncode_shortcode_id=&#8220;150374&#8243;]Akkeri fyrir l\u00ednuvei\u00f0ar vega venjulega \u00e1 bilinu 11 til 28 kg. \u00deau eru me\u00f0 fj\u00f3rum e\u00f0a fimm fl\u00e9ttum og [&hellip;]<\/p>\n","protected":false},"author":5,"featured_media":0,"parent":0,"menu_order":0,"comment_status":"closed","ping_status":"closed","template":"","meta":{"_acf_changed":false,"footnotes":""},"class_list":["post-2022","page","type-page","status-publish","hentry"],"acf":[],"_links":{"self":[{"href":"https:\/\/mustadautoline.com\/is\/wp-json\/wp\/v2\/pages\/2022","targetHints":{"allow":["GET"]}}],"collection":[{"href":"https:\/\/mustadautoline.com\/is\/wp-json\/wp\/v2\/pages"}],"about":[{"href":"https:\/\/mustadautoline.com\/is\/wp-json\/wp\/v2\/types\/page"}],"author":[{"embeddable":true,"href":"https:\/\/mustadautoline.com\/is\/wp-json\/wp\/v2\/users\/5"}],"replies":[{"embeddable":true,"href":"https:\/\/mustadautoline.com\/is\/wp-json\/wp\/v2\/comments?post=2022"}],"version-history":[{"count":0,"href":"https:\/\/mustadautoline.com\/is\/wp-json\/wp\/v2\/pages\/2022\/revisions"}],"wp:attachment":[{"href":"https:\/\/mustadautoline.com\/is\/wp-json\/wp\/v2\/media?parent=2022"}],"curies":[{"name":"wp","href":"https:\/\/api.w.org\/{rel}","templated":true}]}}