{"id":2025,"date":"2025-10-15T22:44:41","date_gmt":"2025-10-15T20:44:41","guid":{"rendered":"https:\/\/mustadautoline.com\/baujur-og-linur\/"},"modified":"2025-10-17T10:07:29","modified_gmt":"2025-10-17T08:07:29","slug":"baujur-og-linur","status":"publish","type":"page","link":"https:\/\/mustadautoline.com\/is\/baujur-og-linur\/","title":{"rendered":"Baujur og l\u00ednur"},"content":{"rendered":"<div class=\"wpb-content-wrapper\"><p>[vc_row][vc_column][vc_column_text uncode_shortcode_id=&#8220;428489&#8243;]Bauja er notu\u00f0 til a\u00f0 merkja sta\u00f0setningu vei\u00f0arf\u00e6ra og inniheldur yfirleitt st\u00f6ng, flot, l\u00f3\u00f0, lj\u00f3sspegil og einn e\u00f0a tvo f\u00e1na. Sumar baujur eru einnig me\u00f0 lj\u00f3sastaur e\u00f0a ratsj\u00e1rspegil fyrir betri s\u00fdnileika. B\u00f6nd er fest vi\u00f0 baujuna, sem gerir \u00fea\u00f0 kleift a\u00f0 festa hana \u00f6rugglega vi\u00f0 restina af vei\u00f0arf\u00e6runum.  <\/p>\n<p>Bauja samanstendur af st\u00f6ng, flot, l\u00f3\u00f0i, lj\u00f3sspegli, einum e\u00f0a tveimur f\u00e1num og sendibita. Stundum er ratsj\u00e1rspegli b\u00e6tt vi\u00f0. B\u00f6nd er fest vi\u00f0 baujuna, \u00feannig a\u00f0 h\u00e6gt er a\u00f0 festa hana vi\u00f0 restina af b\u00fana\u00f0inum.  <\/p>\n<p>B\u00e1tl\u00ednan er l\u00ednan sem tengir grunnl\u00ednuna vi\u00f0 bauju. H\u00fan gegnir mikilv\u00e6gu hlutverki \u00ed l\u00ednuvei\u00f0um me\u00f0 \u00fev\u00ed a\u00f0 marka sta\u00f0setningu vei\u00f0arf\u00e6ranna, halda l\u00ednunni \u00e1 r\u00e9ttu d\u00fdpi og koma \u00ed veg fyrir a\u00f0 h\u00fan reki \u00far sta\u00f0.[\/vc_column_text][\/vc_column][\/vc_row][vc_row][vc_column width=&#8220;1\/1&#8243;][vc_single_image media=&#8220;1775&#8243; media_width_percent=&#8220;15&#8243; uncode_shortcode_id=&#8220;162849&#8243;][\/vc_column][\/vc_row]<\/p>\n<\/div>","protected":false},"excerpt":{"rendered":"<p>[vc_row][vc_column][vc_column_text uncode_shortcode_id=&#8220;428489&#8243;]Bauja er notu\u00f0 til a\u00f0 merkja sta\u00f0setningu vei\u00f0arf\u00e6ra og inniheldur yfirleitt st\u00f6ng, flot, l\u00f3\u00f0, lj\u00f3sspegil og einn e\u00f0a tvo [&hellip;]<\/p>\n","protected":false},"author":5,"featured_media":0,"parent":0,"menu_order":0,"comment_status":"closed","ping_status":"closed","template":"","meta":{"_acf_changed":false,"footnotes":""},"class_list":["post-2025","page","type-page","status-publish","hentry"],"acf":[],"_links":{"self":[{"href":"https:\/\/mustadautoline.com\/is\/wp-json\/wp\/v2\/pages\/2025","targetHints":{"allow":["GET"]}}],"collection":[{"href":"https:\/\/mustadautoline.com\/is\/wp-json\/wp\/v2\/pages"}],"about":[{"href":"https:\/\/mustadautoline.com\/is\/wp-json\/wp\/v2\/types\/page"}],"author":[{"embeddable":true,"href":"https:\/\/mustadautoline.com\/is\/wp-json\/wp\/v2\/users\/5"}],"replies":[{"embeddable":true,"href":"https:\/\/mustadautoline.com\/is\/wp-json\/wp\/v2\/comments?post=2025"}],"version-history":[{"count":0,"href":"https:\/\/mustadautoline.com\/is\/wp-json\/wp\/v2\/pages\/2025\/revisions"}],"wp:attachment":[{"href":"https:\/\/mustadautoline.com\/is\/wp-json\/wp\/v2\/media?parent=2025"}],"curies":[{"name":"wp","href":"https:\/\/api.w.org\/{rel}","templated":true}]}}