{"id":2027,"date":"2025-10-15T23:15:38","date_gmt":"2025-10-15T21:15:38","guid":{"rendered":"https:\/\/mustadautoline.com\/fljotandi-linur-og-fljotandi-linur\/"},"modified":"2025-10-17T10:07:32","modified_gmt":"2025-10-17T08:07:32","slug":"fljotandi-linur-og-fljotandi-linur","status":"publish","type":"page","link":"https:\/\/mustadautoline.com\/is\/fljotandi-linur-og-fljotandi-linur\/","title":{"rendered":"Flj\u00f3tandi l\u00ednur og flj\u00f3tandi l\u00ednur"},"content":{"rendered":"<div class=\"wpb-content-wrapper\"><p>[vc_row][vc_column][vc_column_text]Ne\u00f0ri hluti baujul\u00ednunnar, s\u00e1 hluti sem er n\u00e6st akkerinu, \u00e6tti helst a\u00f0 vera \u00far 25 fa\u00f0mum (METRAR??) af \u00feykkri flj\u00f3tandi l\u00ednu. \u00deetta hj\u00e1lpar til vi\u00f0 a\u00f0 koma \u00ed veg fyrir a\u00f0 baujul\u00ednan fl\u00e6kist vi\u00f0 akkeri\u00f0 og heldur einnig restinni af l\u00ednunni fr\u00e1 sj\u00e1varbotninum, sem dregur \u00far sliti vegna n\u00fanings. Polypropylene staple fiber l\u00ednu hentar vel \u00ed \u00feessum tilgangi og \u00feverm\u00e1l hennar \u00e6tti a\u00f0 vera um 0,080&#8243; (2 mm) st\u00e6rra en botnl\u00ednan. Skeyttu 28 tommu auga \u00ed hvorn enda. \u00de\u00fa \u00fearft eitt sl\u00edkt fyrir hvert akkeri sem \u00fe\u00fa ber\u00f0 um bor\u00f0.    <\/p>\n<p>Flotb\u00e1tar sty\u00f0ja vi\u00f0 baujul\u00ednuna, en tveir flotar eru nau\u00f0synlegir \u00e1 sv\u00e6\u00f0um me\u00f0 sterkum straumi. Ef h\u00e6tta er \u00e1 a\u00f0 flotb\u00e1tarnir togist undir er h\u00e6gt a\u00f0 skipta \u00fat einum 60&#8243; uppbl\u00e1snum flotb\u00e1ti fyrir streng af 12-14 heilum 8&#8243; netflotum af \u00feeirri ger\u00f0 sem almennt er notu\u00f0 \u00ed dragnetum. Uppbl\u00e1snir flotar geta hruni\u00f0 ef straumurinn dregur \u00fe\u00e1 dj\u00fapt og koma stundum ekki upp \u00e1 yfirbor\u00f0i\u00f0, en netflotb\u00e1tarnir haldast \u00f3skemmdir. Netflotb\u00e1tar eru einnig einfalda lei\u00f0 til a\u00f0 m\u00e6la \u00e1lagi\u00f0 \u00e1 baujul\u00ednunni: telji\u00f0 bara hversu margir \u00feeirra eru s\u00fdnilegir \u00e1 yfirbor\u00f0inu.[\/vc_column_text][\/vc_column][\/vc_row][vc_row][vc_column width=&#8220;1\/1&#8243;][vc_single_image media=&#8220;1971&#8243; media_width_percent=&#8220;29&#8243; uncode_shortcode_id=&#8220;400626&#8243;][\/vc_column][\/vc_row][vc_row][vc_column width=&#8220;1\/1&#8243;][vc_column_text uncode_shortcode_id=&#8220;129753&#8243;]Nett\u00f3flotar[\/vc_column_text][\/vc_column][\/vc_row][vc_row][vc_column width=&#8220;1\/1&#8243;][vc_column_text uncode_shortcode_id=&#8220;140207&#8243;]Val \u00feitt \u00e1 flotb\u00e1tum fer b\u00e6\u00f0i eftir straumnum og \u00fe\u00ednum eigin \u00f3skum. Hvort sem \u00fe\u00fa notar ger\u00f0ina skaltu muna a\u00f0 flotb\u00e1tarnir ver\u00f0a a\u00f0 vera merktir me\u00f0 skr\u00e1ningarn\u00fameri skipsins til a\u00f0 uppfylla al\u00fej\u00f3\u00f0legar reglur. <\/p>\n<p>Flotb\u00e1tar eru me\u00f0 flotl\u00ednu, anna\u00f0 hvort me\u00f0 slegnum enda e\u00f0a spl\u00e6stum auga, allt eftir \u00fev\u00ed hvernig \u00fe\u00fa \u00e6tlar a\u00f0 geyma \u00fe\u00e1. Stutt auga er hentugt ef flotb\u00e1tarnir eru geymdir \u00ed tunnum, en sleginn endi virkar betur ef \u00fe\u00fa \u00e6tlar a\u00f0 binda \u00fe\u00e1 vi\u00f0 tein. B\u00f6ndin \u00e6ttu a\u00f0 vera um 4 fet a\u00f0 lengd, \u00far \u00bd tommu 0,5&#8243; (12 mm) flotl\u00ednu, svo sem p\u00f3l\u00fdpr\u00f3p\u00fdleni. \u00der\u00e6ddu l\u00ednuna tvisvar \u00ed gegnum gati\u00f0 \u00e1 flotb\u00e1tnum, spl\u00e6stu efri endann og \u00fer\u00fdstu ne\u00f0ri endann me\u00f0 sn\u00e6ri.   <\/p>\n<p>Ef \u00fe\u00fa vilt frekar auga, ger\u00f0u \u00fea\u00f0 um 60 cm langt me\u00f0 0,4&#8243; flotl\u00ednu \u00far p\u00f3l\u00fdpr\u00f3p\u00fdleni. Skeyttu endana saman og settu skeyttuna inn \u00ed gati\u00f0 \u00e1 flotanum til a\u00f0 verja hana fyrir n\u00faningi. Festu s\u00ed\u00f0an auga\u00f0 me\u00f0 \u00feeytingargarni r\u00e9tt fyrir ne\u00f0an gati\u00f0.  <\/p>\n<p>Hva\u00f0 var\u00f0ar st\u00e6r\u00f0, veldu 60 e\u00f0a 75&#8243; uppbl\u00e1sna flota, helst \u00ed nokkrum mismunandi litum. For\u00f0astu a\u00f0 nota st\u00e6rri flota en nau\u00f0syn krefur &#8211; 75&#8243; floti \u00feolir tv\u00f6falt meira \u00e1lag en 60&#8243; floti, en hann tekur l\u00edka tv\u00f6falt meira geymslur\u00fdmi. A\u00f0 nota mismunandi liti au\u00f0veldar einnig a\u00f0 fylgjast me\u00f0 framvindu \u00feinni vi\u00f0 dr\u00e1tt. Almennt \u00fearftu um \u00fea\u00f0 bil tv\u00f6falt fleiri flota en \u00fe\u00fa hefur akkeri.<\/p>\n<p>[\/vc_column_text][\/vc_column][\/vc_row][vc_row][vc_column width=&#8220;1\/1&#8243;][vc_single_image media=&#8220;1804&#8243; media_width_percent=&#8220;32&#8243; uncode_shortcode_id=&#8220;359740&#8243;][\/vc_column][\/vc_row][vc_row][vc_column width=&#8220;1\/1&#8243;][vc_column_text uncode_shortcode_id=&#8220;201192&#8243;]A\u00f0 setja upp uppbl\u00e1sna flotb\u00e1ta[\/vc_column_text][\/vc_column][\/vc_row]<\/p>\n<\/div>","protected":false},"excerpt":{"rendered":"<p>[vc_row][vc_column][vc_column_text]Ne\u00f0ri hluti baujul\u00ednunnar, s\u00e1 hluti sem er n\u00e6st akkerinu, \u00e6tti helst a\u00f0 vera \u00far 25 fa\u00f0mum (METRAR??) af \u00feykkri flj\u00f3tandi [&hellip;]<\/p>\n","protected":false},"author":5,"featured_media":0,"parent":0,"menu_order":0,"comment_status":"closed","ping_status":"closed","template":"","meta":{"_acf_changed":false,"footnotes":""},"class_list":["post-2027","page","type-page","status-publish","hentry"],"acf":[],"_links":{"self":[{"href":"https:\/\/mustadautoline.com\/is\/wp-json\/wp\/v2\/pages\/2027","targetHints":{"allow":["GET"]}}],"collection":[{"href":"https:\/\/mustadautoline.com\/is\/wp-json\/wp\/v2\/pages"}],"about":[{"href":"https:\/\/mustadautoline.com\/is\/wp-json\/wp\/v2\/types\/page"}],"author":[{"embeddable":true,"href":"https:\/\/mustadautoline.com\/is\/wp-json\/wp\/v2\/users\/5"}],"replies":[{"embeddable":true,"href":"https:\/\/mustadautoline.com\/is\/wp-json\/wp\/v2\/comments?post=2027"}],"version-history":[{"count":0,"href":"https:\/\/mustadautoline.com\/is\/wp-json\/wp\/v2\/pages\/2027\/revisions"}],"wp:attachment":[{"href":"https:\/\/mustadautoline.com\/is\/wp-json\/wp\/v2\/media?parent=2027"}],"curies":[{"name":"wp","href":"https:\/\/api.w.org\/{rel}","templated":true}]}}