{"id":2028,"date":"2025-10-15T22:53:17","date_gmt":"2025-10-15T20:53:17","guid":{"rendered":"https:\/\/mustadautoline.com\/snuningslinur-og-hradsnapplinur\/"},"modified":"2025-10-15T22:53:17","modified_gmt":"2025-10-15T20:53:17","slug":"snuningslinur-og-hradsnapplinur","status":"publish","type":"page","link":"https:\/\/mustadautoline.com\/is\/snuningslinur-og-hradsnapplinur\/","title":{"rendered":"Sn\u00faningsl\u00ednur og hra\u00f0snappl\u00ednur"},"content":{"rendered":"<p>A\u00f0 setja upp og gera vi\u00f0 langl\u00ednur hefur alltaf veri\u00f0 eitt \u00fea\u00f0 t\u00edmafrekasta og kostna\u00f0arsamasta verk \u00ed l\u00ednuvei\u00f0um. \u00de\u00f3 a\u00f0 beitningar s\u00e9u n\u00fa ger\u00f0ar me\u00f0 v\u00e9lum \u00fearf enn a\u00f0 gera vi\u00f0 l\u00ednurnar handvirkt um bor\u00f0, sem gerir \u00fea\u00f0 krefjandi verkefni. Til a\u00f0 au\u00f0velda \u00feetta verk hefur O. Mustad &amp; Son AS \u00fer\u00f3a\u00f0 n\u00fdjar ger\u00f0ir af langl\u00ednum, sn\u00fa\u00f0um og kr\u00f3kum sem kallast Rotoline og Quick Snap l\u00ednur. \u00deessar eru f\u00e1anlegar \u00ed mismunandi st\u00e6r\u00f0um, algengastar eru 1,4 mm og 1,8 mm ein\u00fer\u00e1\u00f0a Rotoline l\u00ednur og 5 mm og 7 mm sn\u00fanar p\u00f3l\u00fdester Quick Snap l\u00ednur.   <\/p>\n<p>Meginreglan er einf\u00f6ld. Me\u00f0fram a\u00f0alfiskil\u00ednunni, sem kallast botnl\u00ednan, eru festir litlir m\u00e1lmhlutir sem kallast ferrules me\u00f0 reglulegu millibili. Hver ferrule er me\u00f0 ermi sem getur sn\u00faist frj\u00e1lslega og \u00far \u00feessum ermi stendur l\u00edtill kr\u00f3kapinni, laga\u00f0ur eins og hir\u00f0isstafur. Pinninn heldur sn\u00fa\u00f0inum \u00f6rugglega eftir a\u00f0 hann hefur veri\u00f0 smelltur \u00e1 sinn sta\u00f0, en gerir honum samt kleift a\u00f0 sn\u00faast. \u00dear sem sn\u00fa\u00f0urnar geta sn\u00faist frj\u00e1lslega sn\u00faast \u00fe\u00e6r ekki e\u00f0a fl\u00e6kjast vi\u00f0 botnl\u00ednuna, sem aftur eykur vei\u00f0ihlutfall samanbori\u00f0 vi\u00f0 eldri kerfi me\u00f0 f\u00f6stum sn\u00fa\u00f0um.    <\/p>\n<p>H\u00e6gt er a\u00f0 nota mismunandi ger\u00f0ir af sn\u00fa\u00f0um me\u00f0 kerfinu, en fl\u00e9tta\u00f0ir sn\u00fa\u00f0ar eru s\u00e9rstaklega sterkir. \u00deeir eru ger\u00f0ir me\u00f0 auga \u00ed hvorum enda: annar endinn smellpassar \u00e1 s\u00e9rstakan kr\u00f3k me\u00f0 fja\u00f0raauga fr\u00e1 Mustad og hinn endinn festist vi\u00f0 ferrulpinnann \u00e1 grunnl\u00ednunni. Me\u00f0 \u00feessari fyrirkomulagi ver\u00f0ur uppsetning langl\u00ednu mun einfaldari, \u00fear sem h\u00e6gt er a\u00f0 smella sn\u00fa\u00f0unum og kr\u00f3kunum beint \u00e1 sinn sta\u00f0. \u00dear sem fl\u00e9tta\u00f0ir sn\u00fa\u00f0ar eru mj\u00f6g endingarg\u00f3\u00f0ir og skemmast sjaldan, takmarkast vi\u00f0ger\u00f0ir venjulega vi\u00f0 a\u00f0 skipta um kr\u00f3ka frekar en a\u00f0 endurbyggja st\u00f3ra hluta b\u00fana\u00f0arins.   <\/p>\n","protected":false},"excerpt":{"rendered":"<p>A\u00f0 setja upp og gera vi\u00f0 langl\u00ednur hefur alltaf veri\u00f0 eitt \u00fea\u00f0 t\u00edmafrekasta og kostna\u00f0arsamasta verk \u00ed l\u00ednuvei\u00f0um. \u00de\u00f3 a\u00f0 [&hellip;]<\/p>\n","protected":false},"author":5,"featured_media":0,"parent":0,"menu_order":0,"comment_status":"closed","ping_status":"closed","template":"","meta":{"_acf_changed":false,"footnotes":""},"class_list":["post-2028","page","type-page","status-publish","hentry"],"acf":[],"_links":{"self":[{"href":"https:\/\/mustadautoline.com\/is\/wp-json\/wp\/v2\/pages\/2028","targetHints":{"allow":["GET"]}}],"collection":[{"href":"https:\/\/mustadautoline.com\/is\/wp-json\/wp\/v2\/pages"}],"about":[{"href":"https:\/\/mustadautoline.com\/is\/wp-json\/wp\/v2\/types\/page"}],"author":[{"embeddable":true,"href":"https:\/\/mustadautoline.com\/is\/wp-json\/wp\/v2\/users\/5"}],"replies":[{"embeddable":true,"href":"https:\/\/mustadautoline.com\/is\/wp-json\/wp\/v2\/comments?post=2028"}],"version-history":[{"count":0,"href":"https:\/\/mustadautoline.com\/is\/wp-json\/wp\/v2\/pages\/2028\/revisions"}],"wp:attachment":[{"href":"https:\/\/mustadautoline.com\/is\/wp-json\/wp\/v2\/media?parent=2028"}],"curies":[{"name":"wp","href":"https:\/\/api.w.org\/{rel}","templated":true}]}}