{"id":2030,"date":"2025-10-15T23:46:08","date_gmt":"2025-10-15T21:46:08","guid":{"rendered":"https:\/\/mustadautoline.com\/splicing\/"},"modified":"2025-10-17T10:07:36","modified_gmt":"2025-10-17T08:07:36","slug":"splicing","status":"publish","type":"page","link":"https:\/\/mustadautoline.com\/is\/splicing\/","title":{"rendered":"Splicing"},"content":{"rendered":"<div class=\"wpb-content-wrapper\"><p>[vc_row][vc_column][vc_column_text]L\u00e6r\u00f0u hvernig \u00e1 a\u00f0 b\u00faa til stutta skeyti og augnskeyti. Nota\u00f0u stutta b\u00fata af jar\u00f0l\u00ednu til a\u00f0 \u00e6fa \u00feig \u2014 \u00fe\u00fa munt flj\u00f3tlega sj\u00e1 hversu einfalt \u00fea\u00f0 er. <\/p>\n<ol>\n<li>Opni\u00f0 um \u00fea\u00f0 bil 25 cm af \u00fer\u00e1\u00f0um \u00ed hvorum enda \u00e1 b\u00e1\u00f0um \u00fer\u00e1\u00f0unum. F\u00e6ri\u00f0 endana saman \u00feannig a\u00f0 \u00fer\u00e6\u00f0irnir skarast, eins og fl\u00e9tta\u00f0ir fingur. <\/li>\n<li>Til a\u00f0 halda hlutunum snyrtilegum \u00e1 me\u00f0an \u00fe\u00fa \u00e6fir skaltu binda \u00feunnan sn\u00fara utan um lausu \u00fer\u00e6\u00f0ina \u00e1 annarri l\u00ednunni til a\u00f0 halda \u00feeim \u00e1 s\u00ednum sta\u00f0 vi\u00f0 hina.<\/li>\n<li>Haltu n\u00fa vinstri strengnum \u00ed vinstri hendi \u00feinni, \u00feannig a\u00f0 h\u00f6ndin hylji bandi\u00f0. L\u00e1ttu mi\u00f0strenginn hv\u00edla ofan \u00e1 strengnum, \u00e1 me\u00f0an hinir tveir hanga ni\u00f0ur, einn hvoru megin. Nota\u00f0u h\u00e6gri h\u00f6ndina til a\u00f0 f\u00e6ra efsta strenginn undir n\u00e6sta streng \u00e1 hinni strengnum. F\u00e6r\u00f0u s\u00ed\u00f0an h\u00e6gri strenginn undir n\u00e6sta streng til h\u00e6gri og a\u00f0 lokum f\u00e6r\u00f0u vinstri strenginn undir strenginn vinstra megin vi\u00f0 \u00fear sem \u00fe\u00fa byrja\u00f0ir.   <\/li>\n<\/ol>\n<p>[\/vc_column_text][\/vc_column][\/vc_row][vc_row][vc_column width=&#8220;1\/1&#8243;][vc_single_image media=&#8220;1819&#8243; media_width_percent=&#8220;49&#8243; uncode_shortcode_id=&#8220;917085&#8243;][\/vc_column][\/vc_row][vc_row][vc_column width=&#8220;1\/1&#8243;][vc_column_text uncode_shortcode_id=&#8220;209928&#8243;]A\u00f0 gera stutta skeyti[\/vc_column_text][\/vc_column][\/vc_row][vc_row][vc_column width=&#8220;1\/1&#8243;][vc_column_text uncode_shortcode_id=&#8220;484882&#8243;]Haltu \u00e1fram a\u00f0 vinna \u00fer\u00e6\u00f0ina \u00ed gegnum hina l\u00ednuna \u00ed s\u00f6mu r\u00f6\u00f0 \u00fear til hver og einn hefur veri\u00f0 f\u00e6r\u00f0ur \u00ed gegn a\u00f0 minnsta kosti \u00ferisvar sinnum. Eftir \u00fea\u00f0 skaltu byrja a\u00f0 mj\u00f3kka spl\u00e6singuna me\u00f0 \u00fev\u00ed a\u00f0 klippa af einn \u00fer\u00e1\u00f0 og halda \u00e1fram me\u00f0 hina tvo. Klipptu s\u00ed\u00f0an af annan \u00fer\u00e1\u00f0 og enda\u00f0u \u00e1 a\u00f0 keyra s\u00ed\u00f0asta \u00fer\u00e1\u00f0inn \u00ed gegn einu sinni enn \u00e1\u00f0ur en endinn er klipptur. Fjarl\u00e6g\u00f0u sn\u00e6ri\u00f0 og spl\u00e6stu hina hli\u00f0ina \u00e1 sama h\u00e1tt. Ef \u00fe\u00fa tekur sm\u00e1 sn\u00faning \u00far lausu \u00fer\u00e1\u00f0unum \u00e1\u00f0ur en \u00fe\u00fa stingur \u00feeim inn, mun spl\u00e6singin l\u00edta snyrtilegri \u00fat og renna m\u00fdkri \u00ed gegnum bunkana.    <\/p>\n<p>Fyrir tj\u00f6rgu\u00f0 jar\u00f0l\u00edna er n\u00f3g a\u00f0 f\u00e6ra hverja \u00fer\u00e1\u00f0 \u00ferisvar sinnum \u00ed gegn. Fyrir \u00f3me\u00f0h\u00f6ndla\u00f0 e\u00f0a h\u00e1lt reipi g\u00e6tir\u00f0u vilja\u00f0 f\u00e6ra hverja \u00fer\u00e1\u00f0 6\u20138 sinnum \u00ed gegn til \u00f6ryggis.[\/vc_column_text][\/vc_column][\/vc_row][vc_row][vc_column width=&#8220;1\/1&#8243;][vc_single_image media=&#8220;1822&#8243; media_width_percent=&#8220;53&#8243; uncode_shortcode_id=&#8220;651893&#8243;][\/vc_column][\/vc_row][vc_row][vc_column width=&#8220;1\/1&#8243;][vc_column_text uncode_shortcode_id=&#8220;721254&#8243;]For\u00f0astu a\u00f0 endar slitni vi\u00f0 spl\u00e6singu[\/vc_column_text][\/vc_column][\/vc_row][vc_row][vc_column width=&#8220;1\/1&#8243;][vc_column_text uncode_shortcode_id=&#8220;483151&#8243;]Endar \u00fer\u00e1\u00f0anna trosna au\u00f0veldlega ef \u00fe\u00fa reynir a\u00f0 \u00fdta \u00feeim \u00ed gegnum sn\u00faruna, svo drag\u00f0u \u00fe\u00e1 alltaf \u00ed gegn \u00ed sta\u00f0inn. Til a\u00f0 au\u00f0velda \u00feetta getur\u00f0u nota\u00f0 holan prj\u00f3n til a\u00f0 opna sn\u00faruna, \u00fear sem hann getur haldist \u00e1 s\u00ednum sta\u00f0 \u00e1 me\u00f0an \u00fe\u00fa leggur sn\u00faruna \u00ed gegn. Spl\u00e6singarn\u00e1lar eru einnig ger\u00f0ar \u00ed \u00feessum tilgangi.  <\/p>\n<p>Ekki hafa fyrir \u00fev\u00ed a\u00f0 teipa endana \u00e1 jar\u00f0l\u00ednu\u00fer\u00e1\u00f0unum til a\u00f0 koma \u00ed veg fyrir a\u00f0 \u00feeir trosni \u2013 \u00fea\u00f0 mun ekki hj\u00e1lpa og \u00fe\u00fa \u00fearft bara a\u00f0 venjast \u00fev\u00ed a\u00f0 vinna me\u00f0 \u00fe\u00e1 eins og \u00feeir eru. Fyrir \u00feyngri reipi g\u00e6ti \u00fe\u00f3 veri\u00f0 nau\u00f0synlegt a\u00f0 teipa a\u00f0eins. A\u00f0 vefja PVC einangrunarteipi utan um enda hvers \u00fer\u00e1\u00f0ar er flj\u00f3tleg og einf\u00f6ld lausn.[\/vc_column_text][\/vc_column][\/vc_row][vc_row][vc_column width=&#8220;1\/1&#8243;][vc_single_image media=&#8220;1825&#8243; media_width_percent=&#8220;55&#8243; uncode_shortcode_id=&#8220;197628&#8243;][\/vc_column][\/vc_row][vc_row][vc_column width=&#8220;1\/1&#8243;][vc_column_text uncode_shortcode_id=&#8220;117289&#8243;]A\u00f0 nota \u00ferengingart\u00e6ki til a\u00f0 st\u00f6\u00f0va slit[\/vc_column_text][\/vc_column][\/vc_row][vc_row][vc_column width=&#8220;1\/1&#8243;][vc_column_text uncode_shortcode_id=&#8220;154644&#8243;]a. Byrji\u00f0 me\u00f0 \u00feunnum sn\u00e6ri e\u00f0a \u00fer\u00e6\u00f0i \u00far sn\u00fa\u00f0 og m\u00f3ti\u00f0 hann \u00ed lykkju, rangs\u00e6lis.<br \/>\n b. Sn\u00fa\u00f0u h\u00e6gri endanum h\u00e1lfan hring a\u00f0 \u00fe\u00e9r til a\u00f0 b\u00faa til S-laga mynd me\u00f0 tveimur lykkjum. F\u00e6r\u00f0u b\u00e1\u00f0a endana \u00feannig a\u00f0 \u00feeir liggi undir lykkjunum.<x id=\"gid_1\"><\/x> c. Brj\u00f3ttu h\u00e6gri lykkjuna aftur \u00feannig a\u00f0 h\u00fan liggi vi\u00f0 hli\u00f0ina \u00e1 vinstri lykkjunni.<x id=\"gid_2\"><\/x> d. Renni\u00f0 b\u00e1\u00f0um lykkjunum yfir strengina og dragi\u00f0 fast.<x id=\"gid_3\"><\/x> e. \u00deessi hn\u00fatur mun ekki renna til og kemur \u00ed veg fyrir a\u00f0 einn \u00fer\u00e1\u00f0ur e\u00f0a allt reipi\u00f0 trosni.[\/vc_column_text][\/vc_column][\/vc_row][vc_row][vc_column width=&#8220;1\/1&#8243;][vc_single_image media=&#8220;1828&#8243; media_width_percent=&#8220;40&#8243; uncode_shortcode_id=&#8220;168327&#8243;][\/vc_column][\/vc_row][vc_row][vc_column width=&#8220;1\/1&#8243;][vc_column_text uncode_shortcode_id=&#8220;139506&#8243;]A\u00f0 gera augnsp\u00edpu[\/vc_column_text][\/vc_column][\/vc_row][vc_row][vc_column width=&#8220;1\/1&#8243;][vc_column_text uncode_shortcode_id=&#8220;115923&#8243;]Augnskeyti getur einnig veri\u00f0 gagnlegt og er gert svipa\u00f0 og stutt skeyti.<\/p>\n<ol>\n<li>Byrji\u00f0 \u00e1 a\u00f0 opna um 25 cm af \u00fer\u00e1\u00f0um og mynda lykkju (auga\u00f0) r\u00e9tts\u00e6lis. Geri\u00f0 lykkjuna eins st\u00f3ra og \u00fei\u00f0 \u00feurfi\u00f0. <\/li>\n<li>Haltu l\u00ednunni fyrir framan \u00feig me\u00f0 einum lausum \u00fer\u00e6\u00f0i ofan \u00e1 og hinum tveimur hengjandi ni\u00f0ur hvoru megin. Byrja\u00f0u \u00e1 a\u00f0 stinga mi\u00f0ju\u00fer\u00e6\u00f0inum undir n\u00e6sta \u00fer\u00e6\u00f0i \u00e1 standandi l\u00ednunni. <\/li>\n<li>N\u00e6st skaltu stinga h\u00e6gri \u00fer\u00e6\u00f0inum undir \u00fer\u00e6\u00f0ina h\u00e6gra megin og vinstri \u00fer\u00e6\u00f0inum undir \u00fer\u00e6\u00f0ina vinstra megin. Til a\u00f0 gera sp\u00fdtinguna m\u00fdkri skaltu slaka \u00f6rl\u00edti\u00f0 \u00e1 sn\u00faningnum (l\u00f6gninni) \u00e1 vinstri \u00fer\u00e6\u00f0inum og her\u00f0a sn\u00faninginn \u00e1 h\u00e6gri \u00fer\u00e6\u00f0inum. <\/li>\n<\/ol>\n<p>Byrji\u00f0 alltaf \u00e1 mi\u00f0ju\u00fer\u00e6\u00f0inum og fylgi\u00f0 s\u00ed\u00f0an eftir me\u00f0 h\u00e6gri og vinstri \u00fer\u00e6\u00f0inum. Allir \u00fer\u00edr \u00e6ttu a\u00f0 koma \u00fat \u00e1 s\u00f6mu h\u00e6\u00f0 til a\u00f0 f\u00e1 snyrtilega samskeytingu. Ef fyrsta setti\u00f0 af fl\u00e9ttingum er r\u00e9tt er restin einf\u00f6ld. \u00c1 tj\u00f6ru\u00f0um l\u00ednum skal fl\u00e9tta hvern \u00fer\u00e1\u00f0 a\u00f0 minnsta kosti fimm sinnum. \u00c1 \u00f3me\u00f0h\u00f6ndlu\u00f0um e\u00f0a h\u00e1lum l\u00ednum skal fl\u00e9tta hvern \u00fer\u00e1\u00f0 6\u20139 sinnum til \u00f6ryggis.[\/vc_column_text][\/vc_column][\/vc_row]<\/p>\n<\/div>","protected":false},"excerpt":{"rendered":"<p>[vc_row][vc_column][vc_column_text]L\u00e6r\u00f0u hvernig \u00e1 a\u00f0 b\u00faa til stutta skeyti og augnskeyti. Nota\u00f0u stutta b\u00fata af jar\u00f0l\u00ednu til a\u00f0 \u00e6fa \u00feig \u2014 [&hellip;]<\/p>\n","protected":false},"author":5,"featured_media":0,"parent":0,"menu_order":0,"comment_status":"closed","ping_status":"closed","template":"","meta":{"_acf_changed":false,"footnotes":""},"class_list":["post-2030","page","type-page","status-publish","hentry"],"acf":[],"_links":{"self":[{"href":"https:\/\/mustadautoline.com\/is\/wp-json\/wp\/v2\/pages\/2030","targetHints":{"allow":["GET"]}}],"collection":[{"href":"https:\/\/mustadautoline.com\/is\/wp-json\/wp\/v2\/pages"}],"about":[{"href":"https:\/\/mustadautoline.com\/is\/wp-json\/wp\/v2\/types\/page"}],"author":[{"embeddable":true,"href":"https:\/\/mustadautoline.com\/is\/wp-json\/wp\/v2\/users\/5"}],"replies":[{"embeddable":true,"href":"https:\/\/mustadautoline.com\/is\/wp-json\/wp\/v2\/comments?post=2030"}],"version-history":[{"count":0,"href":"https:\/\/mustadautoline.com\/is\/wp-json\/wp\/v2\/pages\/2030\/revisions"}],"wp:attachment":[{"href":"https:\/\/mustadautoline.com\/is\/wp-json\/wp\/v2\/media?parent=2030"}],"curies":[{"name":"wp","href":"https:\/\/api.w.org\/{rel}","templated":true}]}}