{"id":2033,"date":"2025-10-15T23:32:33","date_gmt":"2025-10-15T21:32:33","guid":{"rendered":"https:\/\/mustadautoline.com\/grapnel-og-leelines\/"},"modified":"2025-10-17T10:07:36","modified_gmt":"2025-10-17T08:07:36","slug":"grapnel-og-leelines","status":"publish","type":"page","link":"https:\/\/mustadautoline.com\/is\/grapnel-og-leelines\/","title":{"rendered":"Grapnel og leelines"},"content":{"rendered":"<div class=\"wpb-content-wrapper\"><p>[vc_row][vc_column][vc_column_text]\u00de\u00fa \u00fearft gripnel til a\u00f0 n\u00e1 \u00ed baujul\u00ednuna og draga hana um bor\u00f0. \u00de\u00fa getur b\u00fai\u00f0 til einn sj\u00e1lfur me\u00f0 \u00fev\u00ed a\u00f0 su\u00f0a fj\u00f3ra kl\u00e6r, 7,5 cm \u00ed \u00feverm\u00e1l, \u00e1 stefni sem er 1,2 cm \u00ed \u00feverm\u00e1l. Stefni\u00f0 \u00e6tti a\u00f0 vera 30 cm langt og kl\u00e6rnar 15 cm langar. Beyg\u00f0u kl\u00e6rnar 120 gr\u00e1\u00f0ur 5 cm fr\u00e1 endanum. B\u00fa\u00f0u til auga me\u00f0 \u00fev\u00ed a\u00f0 beygja bolta, 28 cm \u00ed \u00feverm\u00e1l og 18 cm langt, \u00ed U-laga form og su\u00f0a hann \u00e1 stefni\u00f0. Festu gripnel vi\u00f0 b\u00e1tinn me\u00f0 um \u00fea\u00f0 bil 18 metra langri l\u00ednu.[\/vc_column_text][\/vc_column][\/vc_row][vc_row][vc_column width=&#8220;1\/1&#8243;][vc_single_image media=&#8220;1813&#8243; media_width_percent=&#8220;29&#8243; uncode_shortcode_id=&#8220;112179&#8243;][\/vc_column][\/vc_row][vc_row][vc_column width=&#8220;1\/1&#8243;][vc_column_text uncode_shortcode_id=&#8220;328351&#8243;]A\u00f0 b\u00faa til grapnel[\/vc_column_text][\/vc_column][\/vc_row][vc_row][vc_column width=&#8220;1\/1&#8243;][vc_column_text uncode_shortcode_id=&#8220;135243&#8243;]Flotinn og baujan eru tengd vi\u00f0 baujul\u00ednuna me\u00f0 stuttum reipi sem kallast undirl\u00edna, svok\u00f6llu\u00f0 vegna \u00feess a\u00f0 h\u00fan fl\u00fdtur \u00fat fyrir baujul\u00ednuna \u00ed sterkum vindi. H\u00fan er \u00far 0,5&#8243; p\u00f3l\u00fdpr\u00f3p\u00fdlen flotl\u00ednu, bundin vi\u00f0 baujuna \u00ed \u00f6\u00f0rum endanum. \u00deessi hluti \u00e6tti a\u00f0 vera 16&#8242;-20&#8242; langur, sem er n\u00f3g til a\u00f0 koma baujunni um bor\u00f0, tengjast undirl\u00ednunni og setja endann utan um spili\u00f0 \u00e1n \u00feess a\u00f0 \u00feurfa a\u00f0 lyfta flotanum upp \u00far vatninu.  <\/p>\n<p>\u00cd hinum endanum, \u00fear sem undirl\u00ednan festist vi\u00f0 baujul\u00ednuna, skal gera 12&#8243; augasamskeytingu. Tv\u00f6 vi\u00f0b\u00f3taraugu \u00e6ttu a\u00f0 vera bundin \u00ed undirl\u00ednuna til a\u00f0 festa flotana, me\u00f0 16-20 feta millibili. Augi\u00f0 sem nota\u00f0 er til a\u00f0 festa vi\u00f0 baujul\u00ednuna \u00e6tti a\u00f0 vera sta\u00f0sett 5-7 feta fr\u00e1 n\u00e6sta flotaauga.  <\/p>\n<p>Ef flotarnir eru b\u00fanir einf\u00f6ldum b\u00f6ndum \u00fearf auga\u00f0 \u00e1 undirl\u00ednunni ekki a\u00f0 vera lengra en 30 cm. Hins vegar, ef flotarnir eru einnig b\u00fanir augum, ver\u00f0ur undirl\u00ednauga\u00f0 a\u00f0 vera n\u00f3gu st\u00f3rt til a\u00f0 \u00fer\u00fdsta uppbl\u00e1sna flotanum \u00ed gegnum \u00fea\u00f0. \u00deess vegna \u00fearf 75&#8243; flot auga sem er um 90 cm langt, en 60&#8243; flot \u00fearf auga sem er um 61 cm langt. Einf\u00f6ld lei\u00f0 til a\u00f0 b\u00faa til \u00feessi augu er a\u00f0 binda Lineman&#8217;s Rider.[\/vc_column_text][\/vc_column][\/vc_row][vc_row][vc_column width=&#8220;1\/1&#8243;][vc_single_image media=&#8220;1816&#8243; media_width_percent=&#8220;57&#8243; uncode_shortcode_id=&#8220;162010&#8243;][\/vc_column][\/vc_row][vc_row][vc_column width=&#8220;1\/1&#8243;][vc_column_text uncode_shortcode_id=&#8220;129921&#8243;]A\u00f0 rigja legul\u00ednuna[\/vc_column_text][\/vc_column][\/vc_row]<\/p>\n<\/div>","protected":false},"excerpt":{"rendered":"<p>[vc_row][vc_column][vc_column_text]\u00de\u00fa \u00fearft gripnel til a\u00f0 n\u00e1 \u00ed baujul\u00ednuna og draga hana um bor\u00f0. \u00de\u00fa getur b\u00fai\u00f0 til einn sj\u00e1lfur me\u00f0 [&hellip;]<\/p>\n","protected":false},"author":5,"featured_media":0,"parent":0,"menu_order":0,"comment_status":"closed","ping_status":"closed","template":"","meta":{"_acf_changed":false,"footnotes":""},"class_list":["post-2033","page","type-page","status-publish","hentry"],"acf":[],"_links":{"self":[{"href":"https:\/\/mustadautoline.com\/is\/wp-json\/wp\/v2\/pages\/2033","targetHints":{"allow":["GET"]}}],"collection":[{"href":"https:\/\/mustadautoline.com\/is\/wp-json\/wp\/v2\/pages"}],"about":[{"href":"https:\/\/mustadautoline.com\/is\/wp-json\/wp\/v2\/types\/page"}],"author":[{"embeddable":true,"href":"https:\/\/mustadautoline.com\/is\/wp-json\/wp\/v2\/users\/5"}],"replies":[{"embeddable":true,"href":"https:\/\/mustadautoline.com\/is\/wp-json\/wp\/v2\/comments?post=2033"}],"version-history":[{"count":0,"href":"https:\/\/mustadautoline.com\/is\/wp-json\/wp\/v2\/pages\/2033\/revisions"}],"wp:attachment":[{"href":"https:\/\/mustadautoline.com\/is\/wp-json\/wp\/v2\/media?parent=2033"}],"curies":[{"name":"wp","href":"https:\/\/api.w.org\/{rel}","templated":true}]}}