{"id":2034,"date":"2025-10-15T19:20:42","date_gmt":"2025-10-15T17:20:42","guid":{"rendered":"https:\/\/mustadautoline.com\/drogun\/"},"modified":"2025-11-03T12:34:39","modified_gmt":"2025-11-03T11:34:39","slug":"drogun","status":"publish","type":"page","link":"https:\/\/mustadautoline.com\/is\/drogun\/","title":{"rendered":"Flutningsferli\u00f0"},"content":{"rendered":"<div class=\"wpb-content-wrapper\"><p>[vc_row row_height_percent=&#8220;0&#8243; override_padding=&#8220;yes&#8220; h_padding=&#8220;2&#8243; top_padding=&#8220;2&#8243; bottom_padding=&#8220;2&#8243; overlay_alpha=&#8220;50&#8243; gutter_size=&#8220;4&#8243; column_width_percent=&#8220;100&#8243; shift_y=&#8220;0&#8243; z_index=&#8220;0&#8243; content_parallax=&#8220;0&#8243; uncode_shortcode_id=&#8220;433028&#8243;][vc_column column_width_percent=&#8220;100&#8243; gutter_size=&#8220;2&#8243; overlay_alpha=&#8220;50&#8243; shift_x=&#8220;0&#8243; shift_y=&#8220;0&#8243; shift_y_down=&#8220;0&#8243; z_index=&#8220;0&#8243; medium_width=&#8220;0&#8243; mobile_width=&#8220;0&#8243; width=&#8220;1\/1&#8243;][vc_row_inner][vc_column_inner width=&#8220;6\/12&#8243;][vc_custom_heading heading_semantic=&#8220;h3&#8243; text_size=&#8220;fontsize-167834&#8243; uncode_shortcode_id=&#8220;412202&#8243;]Dr\u00f6gun[\/vc_custom_heading][vc_column_text uncode_shortcode_id=&#8220;293119&#8243;]Eftir a\u00f0 l\u00ednan hefur veri\u00f0 l\u00e1tin liggja \u00ed bleyti \u00ed fyrirfram skilgreindan t\u00edma hefst uppdr\u00e1ttur hennar. Uppsetningarferli\u00f0 er framkv\u00e6mt \u00ed \u00f6fugri r\u00f6\u00f0. Fyrst 1) er endabaujan og akkeri\u00f0 dregi\u00f0 um bor\u00f0. 2) S\u00ed\u00f0an er grunnl\u00ednan og sn\u00fa\u00f0ar hennar dregi\u00f0 sm\u00e1m saman upp.    <\/p>\n<p>\u00cd \u00feessu ferli er gripurinn losa\u00f0ur fr\u00e1 kr\u00f3kunum og kr\u00f3karnir eru sj\u00e1lfkrafa a\u00f0skildir fr\u00e1 botnl\u00ednunni \u00ed kr\u00f3kaskiljaranum og leiddir \u00e1 geymslumagas\u00edni\u00f0 (MagPacker).<\/p>\n<p>A\u00f0 lokum er fyrsta upphafsbaujan og akkeri\u00f0 dregi\u00f0 um bor\u00f0.<\/p>\n<h3 data-start=\"162\" data-end=\"211\">\u00d6ryggisr\u00e1\u00f0stafanir<\/h3>\n<p data-start=\"213\" data-end=\"328\">Ferli\u00f0 vi\u00f0 a\u00f0 setja upp og draga b\u00fana\u00f0 krefst mikillar \u00f6ryggisg\u00e6slu. Fylgi\u00f0 \u00feessum var\u00fa\u00f0arr\u00e1\u00f0st\u00f6funum \u00e1vallt: <\/p>\n<ul data-start=\"330\" data-end=\"901\">\n<li data-start=\"330\" data-end=\"477\">\n<p data-start=\"332\" data-end=\"477\"><strong data-start=\"332\" data-end=\"363\">Haldi\u00f0 ykkur fjarri h\u00e6ttusv\u00e6\u00f0um.<\/strong>  Veri\u00f0 alltaf \u00e1 undan akkerum, l\u00ednusn\u00farum og \u00f6\u00f0rum b\u00fana\u00f0i sem kann a\u00f0 henda fyrir bor\u00f0.<\/p>\n<\/li>\n<li data-start=\"478\" data-end=\"610\">\n<p data-start=\"480\" data-end=\"610\"><strong data-start=\"480\" data-end=\"509\">Haltu vinnusv\u00e6\u00f0inu \u00fe\u00ednu snyrtilegu.<\/strong>  Gakktu \u00far skugga um a\u00f0 baujur, flotar og baujul\u00ednur s\u00e9u snyrtilega ra\u00f0a\u00f0ar og lausar vi\u00f0 fl\u00e6kjur e\u00f0a hindranir.<\/p>\n<\/li>\n<li data-start=\"611\" data-end=\"716\">\n<p data-start=\"613\" data-end=\"716\"><strong data-start=\"613\" data-end=\"638\">Skipuleggja \u00ed r\u00e9ttri r\u00f6\u00f0.<\/strong>  Ra\u00f0a\u00f0u sp\u00f3lum, akkerum og \u00f6\u00f0rum b\u00fana\u00f0i \u00ed r\u00e9tta r\u00f6\u00f0 \u00e1\u00f0ur en \u00fe\u00fa setur upp.<\/p>\n<\/li>\n<li data-start=\"717\" data-end=\"901\">\n<p data-start=\"719\" data-end=\"901\"><strong data-start=\"719\" data-end=\"755\">Undirb\u00fai\u00f0 baujul\u00ednuna vandlega.<\/strong>  Vefji\u00f0 baujul\u00ednuna snyrtilega upp og g\u00e6ti\u00f0 \u00feess a\u00f0 engar lykkjur s\u00e9u sem g\u00e6tu fest sig \u00ed f\u00e6tinum e\u00f0a \u00f6\u00f0rum b\u00fana\u00f0i \u00feegar l\u00ednan er kasta\u00f0 fyrir bor\u00f0.<\/p>\n<\/li>\n<\/ul>\n<p>[\/vc_column_text][\/vc_column_inner][\/vc_row_inner][vc_row_inner][vc_column_inner width=&#8220;1\/3&#8243;][vc_single_image media=&#8220;1870&#8243; media_width_percent=&#8220;100&#8243; uncode_shortcode_id=&#8220;458830&#8243;][vc_column_text uncode_shortcode_id=&#8220;197804&#8243;]D\u00e6mi um flutningat\u00e6ki; Mustad Autoline E-line flutningab\u00edllinn.  <a href=\"https:\/\/mustadautoline.com\/is\/vorur\/?tax_produktvalg=haulingunits&#038;unfilter=1\">Fleiri flutningafyrirt\u00e6ki<\/a>[\/vc_column_text][\/vc_column_inner][vc_column_inner column_width_percent=&#8220;100&#8243; gutter_size=&#8220;3&#8243; overlay_alpha=&#8220;50&#8243; shift_x=&#8220;0&#8243; shift_y=&#8220;0&#8243; shift_y_down=&#8220;0&#8243; z_index=&#8220;0&#8243; medium_width=&#8220;4&#8243; mobile_width=&#8220;4&#8243; width=&#8220;1\/3&#8243;][vc_single_image media=&#8220;1877&#8243; media_width_percent=&#8220;53&#8243; media_ratio=&#8220;three-four&#8220; alignment=&#8220;center&#8220; uncode_shortcode_id=&#8220;206103&#8243;][vc_column_text uncode_shortcode_id=&#8220;122302&#8243;]<\/p>\n<p style=\"text-align: left;\">D\u00e6mi um kr\u00f3kaskiljara; Mustad Autoline E-Line kr\u00f3kaskiljarinn.  <a href=\"https:\/\/mustadautoline.com\/is\/vorur\/?tax_produktvalg=hookseparator&#038;unfilter=1\">Fleiri kr\u00f3kaskiljur<\/a><\/p>\n<p>[\/vc_column_text][\/vc_column_inner][vc_column_inner column_width_percent=&#8220;100&#8243; gutter_size=&#8220;3&#8243; overlay_alpha=&#8220;50&#8243; shift_x=&#8220;0&#8243; shift_y=&#8220;0&#8243; shift_y_down=&#8220;0&#8243; z_index=&#8220;0&#8243; medium_width=&#8220;4&#8243; mobile_width=&#8220;4&#8243; width=&#8220;1\/3&#8243;][vc_single_image media=&#8220;1079&#8243; media_width_percent=&#8220;50&#8243; media_ratio=&#8220;four-three&#8220; alignment=&#8220;center&#8220; uncode_shortcode_id=&#8220;163413&#8243;][vc_column_text uncode_shortcode_id=&#8220;357637&#8243;]<\/p>\n<p style=\"text-align: left;\">D\u00e6mi um MagPacker geymslukerfi; Mustad Autoline E-Line MagPacker kerfi\u00f0.  <a href=\"https:\/\/mustadautoline.com\/is\/vorur\/?tax_produktvalg=storage&#038;unfilter=1\">Fleiri geymslukerfi<\/a><\/p>\n<p>[\/vc_column_text][\/vc_column_inner][\/vc_row_inner][\/vc_column][\/vc_row][vc_row row_height_percent=&#8220;0&#8243; override_padding=&#8220;yes&#8220; h_padding=&#8220;2&#8243; top_padding=&#8220;2&#8243; bottom_padding=&#8220;2&#8243; back_color=&#8220;color-lxmt&#8220; overlay_alpha=&#8220;50&#8243; equal_height=&#8220;yes&#8220; gutter_size=&#8220;4&#8243; column_width_percent=&#8220;100&#8243; shift_y=&#8220;0&#8243; z_index=&#8220;0&#8243; content_parallax=&#8220;0&#8243; el_class=&#8220;inverted-device-order&#8220; uncode_shortcode_id=&#8220;102515&#8243; back_color_type=&#8220;uncode-palette&#8220;][vc_column column_width_percent=&#8220;100&#8243; position_vertical=&#8220;middle&#8220; gutter_size=&#8220;3&#8243; overlay_alpha=&#8220;50&#8243; shift_x=&#8220;0&#8243; shift_y=&#8220;0&#8243; shift_y_down=&#8220;0&#8243; z_index=&#8220;0&#8243; medium_width=&#8220;0&#8243; mobile_width=&#8220;0&#8243; width=&#8220;1\/3&#8243;][vc_custom_heading heading_semantic=&#8220;h3&#8243; text_size=&#8220;h1&#8243; subheading=&#8220;R\u00e9tt me\u00f0h\u00f6ndlun vi\u00f0 flutning er nau\u00f0synleg til a\u00f0 vi\u00f0halda g\u00e6\u00f0um fisksins og tryggja \u00f6ryggi \u00e1 \u00feilfari. Vandleg samh\u00e6fing, n\u00e1kv\u00e6m t\u00e6kni og athygli \u00e1 me\u00f0h\u00f6ndlunara\u00f0fer\u00f0um hj\u00e1lpar til vi\u00f0 a\u00f0 koma \u00ed veg fyrir tj\u00f3n \u00e1 b\u00e6\u00f0i afla og \u00e1h\u00f6fn og var\u00f0veita h\u00e1tt ver\u00f0m\u00e6ti og or\u00f0spor fisksins sem veiddur er \u00e1 l\u00ednu. &#8220; uncode_shortcode_id=&#8220;121465&#8243;]<\/p>\n<h3>Gaffling og fjarl\u00e6ging kr\u00f3ka<\/h3>\n<p>[\/vc_custom_heading][vc_button button_color=&#8220;accent&#8220; border_width=&#8220;0&#8243; link=&#8220;url:https%3A%2F%2Fmustadautoline.com%2Fis%2Fgaffling-og-fjarlaeging-kroka%2F|title:Gaffling%20og%20fjarl%C3%A6ging%20kr%C3%B3ka|&#8220; button_color_type=&#8220;uncode-palette&#8220; uncode_shortcode_id=&#8220;732074&#8243;]Lestu meira[\/vc_button][\/vc_column][vc_column width=&#8220;1\/3&#8243;][vc_custom_heading heading_semantic=&#8220;h3&#8243; text_size=&#8220;h1&#8243; subheading=&#8220;R\u00e9tt bl\u00f3\u00f0gun er lykilatri\u00f0i til a\u00f0 vi\u00f0halda fyrsta flokks g\u00e6\u00f0um fisks sem veiddur er me\u00f0 l\u00ednu. Me\u00f0 \u00fev\u00ed a\u00f0 bl\u00f3\u00f0ga fiskinn hratt og n\u00e1kv\u00e6mlega \u00e1 me\u00f0an hann er enn ferskur er bl\u00f3\u00f0i\u00f0 fjarl\u00e6gt \u00e1 skilvirkan h\u00e1tt, sem lei\u00f0ir til hreinna holds, lengri geymslu\u00feols og h\u00e6rra marka\u00f0svir\u00f0is. Skilvirk t\u00e6kni og t\u00edmasetning eru lykilatri\u00f0i til a\u00f0 tryggja b\u00e6\u00f0i h\u00e1g\u00e6\u00f0a v\u00f6rur og skilvirkt vinnufl\u00e6\u00f0i \u00e1 \u00feilfari.  &#8220; uncode_shortcode_id=&#8220;928626&#8243;]<\/p>\n<h3>Bl\u00e6\u00f0ing<\/h3>\n<p>[\/vc_custom_heading][vc_button button_color=&#8220;color-177317&#8243; border_width=&#8220;0&#8243; link=&#8220;url:https%3A%2F%2Fmustadautoline.com%2Fis%2Fblaeding%2F|title:Bl%C3%A6%C3%B0ing|&#8220; uncode_shortcode_id=&#8220;126113&#8243; button_color_type=&#8220;uncode-palette&#8220;]Lestu meira[\/vc_button][\/vc_column][vc_column width=&#8220;1\/3&#8243;][vc_custom_heading heading_semantic=&#8220;h3&#8243; text_size=&#8220;h1&#8243; subheading=&#8220;A\u00f0 draga langl\u00ednur krefst st\u00f6\u00f0ugrar me\u00f0h\u00f6ndlunar og n\u00e1ins samstarfs vi\u00f0 skipstj\u00f3rann til a\u00f0 koma \u00ed veg fyrir fl\u00e6kju e\u00f0a tap \u00e1 b\u00fana\u00f0i. A\u00f0 vinna me\u00f0 straumnum gerir ferli\u00f0 au\u00f0veldara, en \u00fea\u00f0 getur samt sem \u00e1\u00f0ur gerst a\u00f0 b\u00fana\u00f0urinn festist. A\u00f0 vita hvernig \u00e1 a\u00f0 stilla stefnu skipsins, stj\u00f3rna spennu l\u00ednunnar og vi\u00f0halda \u00f6ruggri fjarl\u00e6g\u00f0 er nau\u00f0synlegt til a\u00f0 koma \u00ed veg fyrir slit og tryggja b\u00e6\u00f0i \u00f6ryggi \u00e1hafnarinnar og skilvirka endurheimt b\u00fana\u00f0arins.  &#8220; uncode_shortcode_id=&#8220;101053&#8243;]<\/p>\n<h3>A\u00f0 losa um brotna og fasta jar\u00f0l\u00ednu<\/h3>\n<p>[\/vc_custom_heading][vc_button button_color=&#8220;accent&#8220; border_width=&#8220;0&#8243; link=&#8220;url:https%3A%2F%2Fmustadautoline.com%2Fis%2Fad-losa-um-brotna-og-fasta-jardlinu%2F|title:A%C3%B0%20losa%20um%20brotna%20og%20fasta%20jar%C3%B0l%C3%ADnu|&#8220; button_color_type=&#8220;uncode-palette&#8220; uncode_shortcode_id=&#8220;916496&#8243;]Lestu meira[\/vc_button][\/vc_column][\/vc_row][vc_row row_height_percent=&#8220;0&#8243; override_padding=&#8220;yes&#8220; h_padding=&#8220;2&#8243; top_padding=&#8220;2&#8243; bottom_padding=&#8220;2&#8243; overlay_alpha=&#8220;50&#8243; equal_height=&#8220;yes&#8220; gutter_size=&#8220;4&#8243; column_width_percent=&#8220;100&#8243; shift_y=&#8220;0&#8243; z_index=&#8220;0&#8243; content_parallax=&#8220;0&#8243; el_class=&#8220;inverted-device-order&#8220; uncode_shortcode_id=&#8220;171542&#8243;][vc_column column_width_percent=&#8220;100&#8243; position_vertical=&#8220;middle&#8220; gutter_size=&#8220;3&#8243; overlay_alpha=&#8220;50&#8243; shift_x=&#8220;0&#8243; shift_y=&#8220;0&#8243; shift_y_down=&#8220;0&#8243; z_index=&#8220;0&#8243; medium_width=&#8220;0&#8243; mobile_width=&#8220;0&#8243; width=&#8220;1\/3&#8243;][vc_custom_heading heading_semantic=&#8220;h3&#8243; text_size=&#8220;h1&#8243; subheading=&#8220;Skilvirk me\u00f0h\u00f6ndlun og vi\u00f0hald \u00e1 sn\u00fa\u00f0um er nau\u00f0synlegt fyrir grei\u00f0an flutning og undirb\u00faning fyrir n\u00e6sta sett. Skemmdum e\u00f0a sn\u00fanum sn\u00fa\u00f0um ver\u00f0ur a\u00f0 skipta flj\u00f3tt \u00fat, kr\u00f3kum endurm\u00f3ta og fl\u00e6kjum hreinsa til a\u00f0 halda vinnufl\u00e6\u00f0inu st\u00f6\u00f0ugu. G\u00f3\u00f0 samr\u00e6ming me\u00f0fram geymsluteinum tryggir a\u00f0 b\u00fana\u00f0ur hreyfist skilvirkt, dregur \u00far umfer\u00f0ar\u00fer\u00f6ng og vi\u00f0heldur b\u00e6\u00f0i \u00f6ryggi og framlei\u00f0ni \u00e1 \u00feilfari.  &#8220; uncode_shortcode_id=&#8220;790822&#8243;]<\/p>\n<h3>Me\u00f0h\u00f6ndlun og geymsla kr\u00f3ka<\/h3>\n<p>[\/vc_custom_heading][vc_button button_color=&#8220;accent&#8220; border_width=&#8220;0&#8243; link=&#8220;url:https%3A%2F%2Fmustadautoline.com%2Fis%2Fmedhondlun-og-geymsla-kroka%2F|title:Me%C3%B0h%C3%B6ndlun%20og%20geymsla%20kr%C3%B3ka|&#8220; button_color_type=&#8220;uncode-palette&#8220; uncode_shortcode_id=&#8220;890742&#8243;]Lestu meira[\/vc_button][\/vc_column][vc_column width=&#8220;1\/3&#8243;][vc_custom_heading heading_semantic=&#8220;h3&#8243; text_size=&#8220;h1&#8243; subheading=&#8220;Vel vi\u00f0haldnir kr\u00f3kar eru nau\u00f0synlegir fyrir b\u00e6\u00f0i \u00e1rangursr\u00edka beituvei\u00f0i og h\u00e1a vei\u00f0i. Beittir, r\u00e9tt laga\u00f0ir oddar tryggja r\u00e9tta beituuppt\u00f6ku, en n\u00e1kv\u00e6m fr\u00e1vik halda beitunni \u00f6rugglega \u00e1 s\u00ednum sta\u00f0. Regluleg sko\u00f0un og stilling me\u00f0 kr\u00f3kalei\u00f0r\u00e9ttingart\u00e6ki hj\u00e1lpar til vi\u00f0 a\u00f0 vi\u00f0halda heilleika kr\u00f3ksins, koma \u00ed veg fyrir bilun \u00ed vei\u00f0arf\u00e6rum og vi\u00f0halda skilvirkni og g\u00e6\u00f0ast\u00f6\u00f0lum vi\u00f0 l\u00ednuvei\u00f0ar.  &#8220; uncode_shortcode_id=&#8220;190815&#8243;]<\/p>\n<h3>Me\u00f0h\u00f6ndlun kr\u00f3ka<\/h3>\n<p>[\/vc_custom_heading][vc_button button_color=&#8220;accent&#8220; border_width=&#8220;0&#8243; link=&#8220;url:https%3A%2F%2Fmustadautoline.com%2Fis%2Fmedhondlun-kroka%2F|title:Me%C3%B0h%C3%B6ndlun%20kr%C3%B3ka|&#8220; button_color_type=&#8220;uncode-palette&#8220; uncode_shortcode_id=&#8220;140614&#8243;]Lestu meira[\/vc_button][\/vc_column][vc_column width=&#8220;1\/3&#8243;][vc_custom_heading heading_semantic=&#8220;h3&#8243; text_size=&#8220;h1&#8243; subheading=&#8220;MagPacker kerfi\u00f0 hagr\u00e6\u00f0ir rekstur langl\u00ednu me\u00f0 \u00fev\u00ed a\u00f0 me\u00f0h\u00f6ndla og geyma kr\u00f3ka og l\u00ednur sj\u00e1lfkrafa, sem l\u00e1gmarkar fl\u00e6kjur og handavinnu. Me\u00f0 \u00fev\u00ed a\u00f0 halda b\u00fana\u00f0inum snyrtilega skipul\u00f6g\u00f0um og jafnt spl\u00e6stum eykur \u00fea\u00f0 b\u00e6\u00f0i skilvirkni og \u00f6ryggi um bor\u00f0. R\u00e9tt vi\u00f0hald &#8211; svo sem vi\u00f0ger\u00f0ir e\u00f0a skipti \u00e1 styttum e\u00f0a fl\u00e6ktum hlutum &#8211; tryggir grei\u00f0an rekstur og lengir l\u00edft\u00edma b\u00fana\u00f0arins.  &#8220; uncode_shortcode_id=&#8220;139568&#8243;]<\/p>\n<h3>Geymslukr\u00f3kur og -l\u00ednur<\/h3>\n<p>[\/vc_custom_heading][vc_button button_color=&#8220;accent&#8220; border_width=&#8220;0&#8243; link=&#8220;url:https%3A%2F%2Fmustadautoline.com%2Fis%2Fgeymsla-kroka-og-linu-magpacker%2F|title:Geymsla%20kr%C3%B3ka%20og%20l%C3%ADnu%20%28MagPacker%29|&#8220; button_color_type=&#8220;uncode-palette&#8220; uncode_shortcode_id=&#8220;261321&#8243;]Lestu meira[\/vc_button][\/vc_column][\/vc_row]<\/p>\n<\/div>","protected":false},"excerpt":{"rendered":"<p>[vc_row row_height_percent=&#8220;0&#8243; override_padding=&#8220;yes&#8220; h_padding=&#8220;2&#8243; top_padding=&#8220;2&#8243; bottom_padding=&#8220;2&#8243; overlay_alpha=&#8220;50&#8243; gutter_size=&#8220;4&#8243; column_width_percent=&#8220;100&#8243; shift_y=&#8220;0&#8243; z_index=&#8220;0&#8243; content_parallax=&#8220;0&#8243; uncode_shortcode_id=&#8220;433028&#8243;][vc_column column_width_percent=&#8220;100&#8243; gutter_size=&#8220;2&#8243; overlay_alpha=&#8220;50&#8243; shift_x=&#8220;0&#8243; shift_y=&#8220;0&#8243; shift_y_down=&#8220;0&#8243; z_index=&#8220;0&#8243; [&hellip;]<\/p>\n","protected":false},"author":2,"featured_media":0,"parent":0,"menu_order":0,"comment_status":"closed","ping_status":"closed","template":"","meta":{"_acf_changed":false,"footnotes":""},"class_list":["post-2034","page","type-page","status-publish","hentry"],"acf":[],"_links":{"self":[{"href":"https:\/\/mustadautoline.com\/is\/wp-json\/wp\/v2\/pages\/2034","targetHints":{"allow":["GET"]}}],"collection":[{"href":"https:\/\/mustadautoline.com\/is\/wp-json\/wp\/v2\/pages"}],"about":[{"href":"https:\/\/mustadautoline.com\/is\/wp-json\/wp\/v2\/types\/page"}],"author":[{"embeddable":true,"href":"https:\/\/mustadautoline.com\/is\/wp-json\/wp\/v2\/users\/2"}],"replies":[{"embeddable":true,"href":"https:\/\/mustadautoline.com\/is\/wp-json\/wp\/v2\/comments?post=2034"}],"version-history":[{"count":0,"href":"https:\/\/mustadautoline.com\/is\/wp-json\/wp\/v2\/pages\/2034\/revisions"}],"wp:attachment":[{"href":"https:\/\/mustadautoline.com\/is\/wp-json\/wp\/v2\/media?parent=2034"}],"curies":[{"name":"wp","href":"https:\/\/api.w.org\/{rel}","templated":true}]}}