{"id":1324,"date":"2025-02-06T11:39:27","date_gmt":"2025-02-06T10:39:27","guid":{"rendered":"https:\/\/mustadautoline.com\/?page_id=1324"},"modified":"2025-10-20T11:33:28","modified_gmt":"2025-10-20T09:33:28","slug":"en-guide-til-autolining","status":"publish","type":"page","link":"https:\/\/mustadautoline.com\/no\/en-guide-til-autolining\/","title":{"rendered":"En guide til autolining"},"content":{"rendered":"<div class=\"wpb-content-wrapper\"><p>[vc_row unlock_row_content=&raquo;yes&raquo; row_height_percent=&raquo;0&#8243; override_padding=&raquo;yes&raquo; h_padding=&raquo;0&#8243; top_padding=&raquo;0&#8243; bottom_padding=&raquo;1&#8243; back_image=&raquo;327&#8243; overlay_alpha=&raquo;50&#8243; gutter_size=&raquo;3&#8243; column_width_percent=&raquo;100&#8243; shift_y=&raquo;0&#8243; z_index=&raquo;0&#8243; uncode_shortcode_id=&raquo;168738&#8243; row_height_pixel=&raquo;500&#8243;][vc_column width=&raquo;1\/1&#8243;][\/vc_column][\/vc_row][vc_row unlock_row_content=&raquo;yes&raquo; row_height_percent=&raquo;0&#8243; override_padding=&raquo;yes&raquo; h_padding=&raquo;1&#8243; top_padding=&raquo;0&#8243; bottom_padding=&raquo;1&#8243; back_color=&raquo;color-lxmt&raquo; overlay_alpha=&raquo;50&#8243; gutter_size=&raquo;3&#8243; column_width_percent=&raquo;100&#8243; shift_y=&raquo;0&#8243; z_index=&raquo;0&#8243; mobile_visibility=&raquo;yes&raquo; sticky=&raquo;yes&raquo; uncode_shortcode_id=&raquo;208741&#8243; back_color_type=&raquo;uncode-palette&raquo;][vc_column column_width_percent=&raquo;100&#8243; position_vertical=&raquo;middle&raquo; align_horizontal=&raquo;align_right&raquo; gutter_size=&raquo;3&#8243; override_padding=&raquo;yes&raquo; column_padding=&raquo;1&#8243; overlay_alpha=&raquo;50&#8243; shift_x=&raquo;0&#8243; shift_y=&raquo;0&#8243; shift_y_down=&raquo;0&#8243; z_index=&raquo;0&#8243; medium_width=&raquo;0&#8243; mobile_width=&raquo;0&#8243; width=&raquo;1\/1&#8243; uncode_shortcode_id=&raquo;123457&#8243; css=&raquo;.vc_custom_1709632516034{padding-top: 10px !important;padding-right: 30px !important;padding-bottom: 10px !important;padding-left: 30px !important;}&raquo;][vc_button button_color=&raquo;color-882395&#8243; border_width=&raquo;0&#8243; display=&raquo;inline&raquo; link=&raquo;url:https%3A%2F%2Fmustadautoline.com%2Fno%2Fattester%2F|&raquo; button_color_type=&raquo;uncode-palette&raquo; uncode_shortcode_id=&raquo;139340&#8243;]Referanser[\/vc_button][vc_button button_color=&raquo;color-882395&#8243; border_width=&raquo;0&#8243; display=&raquo;inline&raquo; link=&raquo;url:https%3A%2F%2Fmustadautoline.com%2Fno%2Fmiljo%2F|&raquo; button_color_type=&raquo;uncode-palette&raquo; uncode_shortcode_id=&raquo;109312&#8243;]Milj\u00f8[\/vc_button][vc_button button_color=&raquo;color-882395&#8243; border_width=&raquo;0&#8243; display=&raquo;inline&raquo; link=&raquo;url:https%3A%2F%2Fmustadautoline.com%2Fno%2Ffisk-av-hoy-kvalitet%2F|&raquo; button_color_type=&raquo;uncode-palette&raquo; uncode_shortcode_id=&raquo;122214&#8243;]Fisk av h\u00f8y kvalitet[\/vc_button][\/vc_column][\/vc_row][vc_row row_height_percent=&raquo;0&#8243; overlay_alpha=&raquo;50&#8243; gutter_size=&raquo;3&#8243; column_width_use_pixel=&raquo;yes&raquo; shift_y=&raquo;0&#8243; z_index=&raquo;0&#8243; uncode_shortcode_id=&raquo;169379&#8243; column_width_pixel=&raquo;900&#8243;][vc_column width=&raquo;1\/1&#8243;][vc_custom_heading text_weight=&raquo;400&#8243; uncode_shortcode_id=&raquo;153381&#8243;]Autolinefiske er fiske med langline ved hjelp av avansert teknologi og dekksutstyr som er utviklet for \u00e5 effektivisere fiskeprosessen, minimere milj\u00f8p\u00e5virkningen og opprettholde den h\u00f8yeste kvaliteten p\u00e5 fangsten.[\/vc_custom_heading][vc_single_image media=&raquo;1347&#8243; media_width_percent=&raquo;100&#8243; uncode_shortcode_id=&raquo;193388&#8243; title=&raquo;Se fiskeprosessen om bord p\u00e5 langlinefart\u00f8yet M\/S Husby Freezer&raquo;][vc_column_text text_lead=&raquo;yes&raquo; uncode_shortcode_id=&raquo;141849&#8243;]<strong>Om langlinefiske og autolinefiske<\/strong><\/p>\n<p>Langlinefiske er en fiskemetode der man bruker en lang hovedline med egnede fiskekroker festet med forsyn med jevne mellomrom p\u00e5 lina. Langlinefiske regnes vitenskapelig sett som en LIFE-fangstmetode (Low Impact Fuel Efficient), og er en av de mest b\u00e6rekraftige m\u00e5tene \u00e5 h\u00f8ste villfisk fra havet p\u00e5. N\u00e5r fisken kommer om bord \u00e9n og \u00e9n, kan behandlingen av fisken gj\u00f8res raskt og sk\u00e5nsomt, noe som gir en utmerket kvalitet som forbrukerne setter h\u00f8yt, og som er et vektig salgsargument. Autolinefiske kombinerer 500 \u00e5r med tradisjonelt linefiske med moderne teknologi for \u00e5 \u00f8ke effektiviteten, forbedre arbeidsforholdene og samtidig bevare kvaliteten p\u00e5 fisken og et b\u00e6rekraftig fiske.   <\/p>\n<p>Med et Mustad Autoline\u2122-system lagres alle kroker og sn\u00f8rer p\u00e5 magasiner. St\u00f8rrelsen og antallet av disse magasinene varierer avhengig av fart\u00f8yets st\u00f8rrelse og behov. Etter at b\u00f8yelinen og ankeret er satt ut, trekkes svivellinen og krokene gjennom den automatiske agnemaskinen i en hastighet som er avhengig av fart\u00f8yets hastighet. De mest avanserte agnemaskinene kan sette ut 6 kroker i sekundet med en gjennomsnittlig agnprosent p\u00e5 95-97 %. Etter bl\u00f8tleggingstiden begynner innhalingsprosessen. Krokene og linen trekkes over en sideruller der et besetningsmedlem hjelper fisken om bord, sjekker utstyret og kontrollerer innhalingshastigheten. Deretter g\u00e5r krokene og linen videre gjennom krokrenseren og linehaleren f\u00f8r de f\u00f8res inn i krokseparatoren for \u00e5 lastes p\u00e5 magasinene. Deretter s\u00f8rger mannskapet for at linen og krokene henges opp og lagres p\u00e5 riktig m\u00e5te. P\u00e5 dette tidspunktet skiftes sn\u00f8rer, kroker og svirvler ut etter behov. Redskapen er n\u00e5 klar til \u00e5 settes ut igjen. Innhalingsprosessen tar 80-85 % av tiden, mens agn- og utsettingsprosessen g\u00e5r mye raskere med et autobaiting-system.          <\/p>\n<p>Agn, kveiling og h\u00e5ndtering av langlineutstyr var en manuell operasjon frem til tidlig p\u00e5 1970-tallet, da O. Mustad &amp; Son utviklet Mustad Autoline\u2122 System. Mustad Autoline\u2122 System mekaniserte driften av langlinefiske. Siden den gang har Mustad levert mer enn 800 systemer over hele verden og er verdens ledende produsent. Mustad Autoline\u2122-systemet er skreddersydd for hver enkelt b\u00e5t.[\/vc_column_text][\/vc_column][\/vc_row][vc_row row_height_percent=&raquo;0&#8243; override_padding=&raquo;yes&raquo; h_padding=&raquo;2&#8243; top_padding=&raquo;2&#8243; bottom_padding=&raquo;3&#8243; overlay_alpha=&raquo;50&#8243; gutter_size=&raquo;3&#8243; column_width_use_pixel=&raquo;yes&raquo; shift_y=&raquo;0&#8243; z_index=&raquo;0&#8243; content_parallax=&raquo;0&#8243; uncode_shortcode_id=&raquo;146842&#8243; column_width_pixel=&raquo;900&#8243;][vc_column column_width_percent=&raquo;100&#8243; gutter_size=&raquo;2&#8243; overlay_alpha=&raquo;50&#8243; shift_x=&raquo;0&#8243; shift_y=&raquo;0&#8243; shift_y_down=&raquo;0&#8243; z_index=&raquo;0&#8243; medium_width=&raquo;0&#8243; mobile_width=&raquo;0&#8243; width=&raquo;1\/3&#8243; uncode_shortcode_id=&raquo;136482&#8243;][vc_single_image media=&raquo;2065&#8243; media_width_percent=&raquo;100&#8243; uncode_shortcode_id=&raquo;209516&#8243;][vc_row_inner][vc_column_inner column_width_percent=&raquo;100&#8243; gutter_size=&raquo;1&#8243; overlay_alpha=&raquo;50&#8243; shift_x=&raquo;0&#8243; shift_y=&raquo;0&#8243; shift_y_down=&raquo;0&#8243; z_index=&raquo;0&#8243; medium_width=&raquo;0&#8243; mobile_width=&raquo;0&#8243; width=&raquo;1\/1&#8243; uncode_shortcode_id=&raquo;154041&#8243; css=&raquo;.vc_custom_1712687718413{padding-right: 5px !important;padding-left: 5px !important;}&raquo;][vc_custom_heading text_size=&raquo;h6&#8243; uncode_shortcode_id=&raquo;139646&#8243;]Liner og rigging av liner[\/vc_custom_heading][vc_column_text uncode_shortcode_id=&raquo;140115&#8243;]Dette avsnittet beskriver komponenter og oppsett av langlinefiskeutstyr for sikker og effektiv drift p\u00e5 ulike dybder og under ulike forhold.[\/vc_column_text][vc_button button_color=&raquo;accent&raquo; size=&raquo;link&raquo; link=&raquo;url:https%3A%2F%2Fmustadautoline.com%2Fno%2Fmiljo-2%2F|title:Linjene|&raquo; button_color_type=&raquo;uncode-palette&raquo; uncode_shortcode_id=&raquo;600174&#8243;]Les mer om dette[\/vc_button][\/vc_column_inner][\/vc_row_inner][\/vc_column][vc_column column_width_percent=&raquo;100&#8243; gutter_size=&raquo;2&#8243; overlay_alpha=&raquo;50&#8243; shift_x=&raquo;0&#8243; shift_y=&raquo;0&#8243; shift_y_down=&raquo;0&#8243; z_index=&raquo;0&#8243; medium_width=&raquo;0&#8243; mobile_width=&raquo;0&#8243; width=&raquo;1\/3&#8243; uncode_shortcode_id=&raquo;197093&#8243;][vc_single_image media=&raquo;2061&#8243; media_width_percent=&raquo;100&#8243; uncode_shortcode_id=&raquo;192830&#8243;][vc_row_inner][vc_column_inner column_width_percent=&raquo;100&#8243; gutter_size=&raquo;1&#8243; overlay_alpha=&raquo;50&#8243; shift_x=&raquo;0&#8243; shift_y=&raquo;0&#8243; shift_y_down=&raquo;0&#8243; z_index=&raquo;0&#8243; medium_width=&raquo;0&#8243; mobile_width=&raquo;0&#8243; width=&raquo;1\/1&#8243; uncode_shortcode_id=&raquo;154041&#8243; css=&raquo;.vc_custom_1712687718413{padding-right: 5px !important;padding-left: 5px !important;}&raquo;][vc_custom_heading text_size=&raquo;h6&#8243; uncode_shortcode_id=&raquo;178221&#8243;]\u00c5te og agnprosessen[\/vc_custom_heading][vc_column_text uncode_shortcode_id=&raquo;150774&#8243;]Maksimer fangsten din: De beste agnfisk- og tineteknikkene for vellykket autolinefiske[\/vc_column_text][vc_button button_color=&raquo;accent&raquo; size=&raquo;link&raquo; link=&raquo;url:https%3A%2F%2Fmustadautoline.com%2Fbait%2F|title:Agn|&raquo; button_color_type=&raquo;uncode-palette&raquo; uncode_shortcode_id=&raquo;282206&#8243;]Les mer om dette[\/vc_button][\/vc_column_inner][\/vc_row_inner][\/vc_column][vc_column column_width_percent=&raquo;100&#8243; gutter_size=&raquo;2&#8243; overlay_alpha=&raquo;50&#8243; shift_x=&raquo;0&#8243; shift_y=&raquo;0&#8243; shift_y_down=&raquo;0&#8243; z_index=&raquo;0&#8243; medium_width=&raquo;0&#8243; mobile_width=&raquo;0&#8243; width=&raquo;1\/3&#8243; uncode_shortcode_id=&raquo;146206&#8243;][vc_single_image media=&raquo;2075&#8243; media_width_percent=&raquo;100&#8243; uncode_shortcode_id=&raquo;207826&#8243;][vc_row_inner][vc_column_inner column_width_percent=&raquo;100&#8243; gutter_size=&raquo;1&#8243; overlay_alpha=&raquo;50&#8243; shift_x=&raquo;0&#8243; shift_y=&raquo;0&#8243; shift_y_down=&raquo;0&#8243; z_index=&raquo;0&#8243; medium_width=&raquo;0&#8243; mobile_width=&raquo;0&#8243; width=&raquo;1\/1&#8243; uncode_shortcode_id=&raquo;154041&#8243; css=&raquo;.vc_custom_1712687718413{padding-right: 5px !important;padding-left: 5px !important;}&raquo;][vc_custom_heading text_size=&raquo;h6&#8243; uncode_shortcode_id=&raquo;283683&#8243;]Skyting[\/vc_custom_heading][vc_column_text uncode_shortcode_id=&raquo;122869&#8243;]Utsetting av redskaper i langlinefiske er en presis prosess som involverer ankring, b\u00f8yemerking, agn og utsetting av bunnlinen med kroker, som deretter f\u00e5r ligge i bl\u00f8t slik at agnet kan tiltrekke seg fisk.[\/vc_column_text][vc_button button_color=&raquo;accent&raquo; size=&raquo;link&raquo; link=&raquo;url:https%3A%2F%2Fmustadautoline.com%2Fno%2Fskyting%2F|title:Skyting|&raquo; button_color_type=&raquo;uncode-palette&raquo; uncode_shortcode_id=&raquo;610835&#8243;]Les mer om dette[\/vc_button][\/vc_column_inner][\/vc_row_inner][\/vc_column][\/vc_row][vc_row row_height_percent=&raquo;0&#8243; override_padding=&raquo;yes&raquo; h_padding=&raquo;2&#8243; top_padding=&raquo;2&#8243; bottom_padding=&raquo;3&#8243; overlay_alpha=&raquo;50&#8243; gutter_size=&raquo;3&#8243; column_width_use_pixel=&raquo;yes&raquo; shift_y=&raquo;0&#8243; z_index=&raquo;0&#8243; content_parallax=&raquo;0&#8243; uncode_shortcode_id=&raquo;309862&#8243; column_width_pixel=&raquo;900&#8243;][vc_column column_width_percent=&raquo;100&#8243; gutter_size=&raquo;2&#8243; overlay_alpha=&raquo;50&#8243; shift_x=&raquo;0&#8243; shift_y=&raquo;0&#8243; shift_y_down=&raquo;0&#8243; z_index=&raquo;0&#8243; medium_width=&raquo;0&#8243; mobile_width=&raquo;0&#8243; width=&raquo;1\/3&#8243; uncode_shortcode_id=&raquo;136482&#8243;][vc_single_image media=&raquo;2072&#8243; media_width_percent=&raquo;100&#8243; uncode_shortcode_id=&raquo;125291&#8243;][vc_row_inner][vc_column_inner column_width_percent=&raquo;100&#8243; gutter_size=&raquo;1&#8243; overlay_alpha=&raquo;50&#8243; shift_x=&raquo;0&#8243; shift_y=&raquo;0&#8243; shift_y_down=&raquo;0&#8243; z_index=&raquo;0&#8243; medium_width=&raquo;0&#8243; mobile_width=&raquo;0&#8243; width=&raquo;1\/1&#8243; uncode_shortcode_id=&raquo;154041&#8243; css=&raquo;.vc_custom_1712687718413{padding-right: 5px !important;padding-left: 5px !important;}&raquo;][vc_custom_heading text_size=&raquo;h6&#8243; uncode_shortcode_id=&raquo;119241&#8243;]Transport[\/vc_custom_heading][vc_column_text uncode_shortcode_id=&raquo;290914&#8243;]Etter bl\u00f8tlegging hales langlinen inn i omvendt rekkef\u00f8lge &#8211; f\u00f8rst endeb\u00f8ye og anker, deretter bunnline og kroker. Automatiserte systemer h\u00e5ndterer og lagrer redskapene, mens fisken behandles n\u00f8ye for \u00e5 opprettholde kvaliteten og sikre trygg og effektiv drift p\u00e5 dekk.[\/vc_column_text][vc_button button_color=&raquo;accent&raquo; size=&raquo;link&raquo; link=&raquo;url:https%3A%2F%2Fmustadautoline.com%2Fno%2Ftransport%2F|title:Transport|&raquo; button_color_type=&raquo;uncode-palette&raquo; uncode_shortcode_id=&raquo;166895&#8243;]Les mer om dette[\/vc_button][\/vc_column_inner][\/vc_row_inner][\/vc_column][vc_column column_width_percent=&raquo;100&#8243; gutter_size=&raquo;2&#8243; overlay_alpha=&raquo;50&#8243; shift_x=&raquo;0&#8243; shift_y=&raquo;0&#8243; shift_y_down=&raquo;0&#8243; z_index=&raquo;0&#8243; medium_width=&raquo;0&#8243; mobile_width=&raquo;0&#8243; width=&raquo;1\/3&#8243; uncode_shortcode_id=&raquo;197093&#8243;][vc_single_image media=&raquo;710&#8243; media_width_percent=&raquo;100&#8243; uncode_shortcode_id=&raquo;143415&#8243;][vc_row_inner][vc_column_inner column_width_percent=&raquo;100&#8243; gutter_size=&raquo;1&#8243; overlay_alpha=&raquo;50&#8243; shift_x=&raquo;0&#8243; shift_y=&raquo;0&#8243; shift_y_down=&raquo;0&#8243; z_index=&raquo;0&#8243; medium_width=&raquo;0&#8243; mobile_width=&raquo;0&#8243; width=&raquo;1\/1&#8243; uncode_shortcode_id=&raquo;154041&#8243; css=&raquo;.vc_custom_1712687718413{padding-right: 5px !important;padding-left: 5px !important;}&raquo;][vc_custom_heading text_size=&raquo;h6&#8243; uncode_shortcode_id=&raquo;188768&#8243;]Feils\u00f8king[\/vc_custom_heading][vc_column_text uncode_shortcode_id=&raquo;159786&#8243;]Feils\u00f8king \/ instrumentfeil&#8230;[\/vc_column_text][vc_button button_color=&raquo;accent&raquo; size=&raquo;link&raquo; link=&raquo;url:%23|&raquo; button_color_type=&raquo;uncode-palette&raquo; uncode_shortcode_id=&raquo;198459&#8243;]Les mer om dette[\/vc_button][\/vc_column_inner][\/vc_row_inner][\/vc_column][vc_column column_width_percent=&raquo;100&#8243; gutter_size=&raquo;2&#8243; overlay_alpha=&raquo;50&#8243; shift_x=&raquo;0&#8243; shift_y=&raquo;0&#8243; shift_y_down=&raquo;0&#8243; z_index=&raquo;0&#8243; medium_width=&raquo;0&#8243; mobile_width=&raquo;0&#8243; width=&raquo;1\/3&#8243; uncode_shortcode_id=&raquo;146206&#8243;][vc_single_image media=&raquo;710&#8243; media_width_percent=&raquo;100&#8243; uncode_shortcode_id=&raquo;198754&#8243;][vc_row_inner][vc_column_inner column_width_percent=&raquo;100&#8243; gutter_size=&raquo;1&#8243; overlay_alpha=&raquo;50&#8243; shift_x=&raquo;0&#8243; shift_y=&raquo;0&#8243; shift_y_down=&raquo;0&#8243; z_index=&raquo;0&#8243; medium_width=&raquo;0&#8243; mobile_width=&raquo;0&#8243; width=&raquo;1\/1&#8243; uncode_shortcode_id=&raquo;154041&#8243; css=&raquo;.vc_custom_1712687718413{padding-right: 5px !important;padding-left: 5px !important;}&raquo;][vc_custom_heading text_size=&raquo;h6&#8243; uncode_shortcode_id=&raquo;146711&#8243;]Mistet utstyr[\/vc_custom_heading][vc_column_text uncode_shortcode_id=&raquo;119592&#8243;]Tekst&#8230;[\/vc_column_text][vc_button button_color=&raquo;accent&raquo; size=&raquo;link&raquo; link=&raquo;url:%23|&raquo; button_color_type=&raquo;uncode-palette&raquo; uncode_shortcode_id=&raquo;163674&#8243;]Les mer om dette[\/vc_button][\/vc_column_inner][\/vc_row_inner][\/vc_column][\/vc_row]<\/p>\n<\/div>","protected":false},"excerpt":{"rendered":"<p>[vc_row unlock_row_content=&raquo;yes&raquo; row_height_percent=&raquo;0&#8243; override_padding=&raquo;yes&raquo; h_padding=&raquo;0&#8243; top_padding=&raquo;0&#8243; bottom_padding=&raquo;1&#8243; back_image=&raquo;327&#8243; overlay_alpha=&raquo;50&#8243; gutter_size=&raquo;3&#8243; column_width_percent=&raquo;100&#8243; shift_y=&raquo;0&#8243; z_index=&raquo;0&#8243; uncode_shortcode_id=&raquo;168738&#8243; row_height_pixel=&raquo;500&#8243;][vc_column width=&raquo;1\/1&#8243;][\/vc_column][\/vc_row][vc_row unlock_row_content=&raquo;yes&raquo; row_height_percent=&raquo;0&#8243; override_padding=&raquo;yes&raquo; h_padding=&raquo;1&#8243; [&hellip;]<\/p>\n","protected":false},"author":2,"featured_media":0,"parent":0,"menu_order":0,"comment_status":"closed","ping_status":"closed","template":"","meta":{"_acf_changed":false,"footnotes":""},"class_list":["post-1324","page","type-page","status-publish","hentry"],"acf":[],"_links":{"self":[{"href":"https:\/\/mustadautoline.com\/no\/wp-json\/wp\/v2\/pages\/1324","targetHints":{"allow":["GET"]}}],"collection":[{"href":"https:\/\/mustadautoline.com\/no\/wp-json\/wp\/v2\/pages"}],"about":[{"href":"https:\/\/mustadautoline.com\/no\/wp-json\/wp\/v2\/types\/page"}],"author":[{"embeddable":true,"href":"https:\/\/mustadautoline.com\/no\/wp-json\/wp\/v2\/users\/2"}],"replies":[{"embeddable":true,"href":"https:\/\/mustadautoline.com\/no\/wp-json\/wp\/v2\/comments?post=1324"}],"version-history":[{"count":0,"href":"https:\/\/mustadautoline.com\/no\/wp-json\/wp\/v2\/pages\/1324\/revisions"}],"wp:attachment":[{"href":"https:\/\/mustadautoline.com\/no\/wp-json\/wp\/v2\/media?parent=1324"}],"curies":[{"name":"wp","href":"https:\/\/api.w.org\/{rel}","templated":true}]}}