{"id":1327,"date":"2025-02-04T14:03:53","date_gmt":"2025-02-04T13:03:53","guid":{"rendered":"https:\/\/mustadautoline.com\/?page_id=1327"},"modified":"2025-02-06T10:35:38","modified_gmt":"2025-02-06T09:35:38","slug":"pot-haulers-2","status":"publish","type":"page","link":"https:\/\/mustadautoline.com\/no\/pot-haulers-2\/","title":{"rendered":"Forbruksvarer"},"content":{"rendered":"<div class=\"wpb-content-wrapper\"><p>[vc_row][vc_column width=&raquo;1\/1&#8243;][vc_custom_heading heading_semantic=&raquo;h1&#8243; text_size=&raquo;h1&#8243; uncode_shortcode_id=&raquo;716333&#8243;]Forbruksvarer[\/vc_custom_heading][\/vc_column][\/vc_row][vc_row][vc_column width=&raquo;1\/2&#8243;][vc_gallery el_id=&raquo;gallery-103867-put&raquo; type=&raquo;carousel&raquo; medias=&raquo;1328,1331,1334,1337,270&#8243; carousel_lg=&raquo;1&#8243; carousel_md=&raquo;1&#8243; carousel_sm=&raquo;1&#8243; thumb_size=&raquo;four-three&raquo; gutter_size=&raquo;3&#8243; carousel_interval=&raquo;3000&#8243; carousel_navspeed=&raquo;400&#8243; carousel_loop=&raquo;yes&raquo; carousel_dots=&raquo;yes&raquo; stage_padding=&raquo;0&#8243; single_overlay_opacity=&raquo;50&#8243; single_padding=&raquo;2&#8243; uncode_shortcode_id=&raquo;721459&#8243;][\/vc_column][vc_column width=&raquo;1\/2&#8243;][vc_custom_heading text_size=&raquo;h4&#8243; uncode_shortcode_id=&raquo;127083&#8243;]<\/p>\n<div class=\"flex-shrink-0 flex flex-col relative items-end\">\n<div class=\"pt-0\">\n<div class=\"gizmo-bot-avatar flex h-8 w-8 items-center justify-center overflow-hidden rounded-full\">\n<div class=\"relative p-1 rounded-sm flex items-center justify-center bg-token-main-surface-primary text-token-text-primary h-8 w-8\">I generasjoner har fiskere trosset de ubarmhjertige utfordringene ved havfiske, der bare det mest p\u00e5litelige utstyret t\u00e5ler tidens tann. Fiskere vet at suksess begynner med p\u00e5litelig utstyr &#8211; og Mustad leverer akkurat det. <\/div>\n<\/div>\n<\/div>\n<\/div>\n<p>[\/vc_custom_heading][vc_button button_color=&raquo;color-882395&#8243; border_width=&raquo;0&#8243; link=&raquo;url:https%3A%2F%2Fmustadautoline.com%2Fno%2Fprodukter%2F%3Ftax_producttag%3Dconsumables%26unfilter%3D1|title:Mustad-kroker|&raquo; button_color_type=&raquo;uncode-palette&raquo; uncode_shortcode_id=&raquo;966935&#8243;]V\u00e5re produkter[\/vc_button][vc_column_text uncode_shortcode_id=&raquo;128286&#8243;].[\/vc_column_text][\/vc_column][\/vc_row][vc_row row_height_percent=&raquo;0&#8243; overlay_alpha=&raquo;50&#8243; gutter_size=&raquo;3&#8243; column_width_percent=&raquo;100&#8243; shift_y=&raquo;0&#8243; z_index=&raquo;0&#8243; uncode_shortcode_id=&raquo;147959&#8243; row_name=&raquo;products&raquo;][vc_column column_width_percent=&raquo;100&#8243; gutter_size=&raquo;2&#8243; overlay_alpha=&raquo;50&#8243; shift_x=&raquo;0&#8243; shift_y=&raquo;0&#8243; shift_y_down=&raquo;0&#8243; z_index=&raquo;0&#8243; medium_width=&raquo;0&#8243; mobile_width=&raquo;0&#8243; width=&raquo;1\/1&#8243; uncode_shortcode_id=&raquo;736215&#8243;][vc_custom_heading uncode_shortcode_id=&raquo;137797&#8243;]Produkter[\/vc_custom_heading][uncode_index el_id=&raquo;index-361297-put&raquo; loop=&raquo;size:10|order_by:date|post_type:products|tax_query:5|taxonomy_count:10&#8243; screen_lg=&raquo;1000&#8243; screen_md=&raquo;600&#8243; screen_sm=&raquo;480&#8243; gutter_size=&raquo;3&#8243; products_items=&raquo;media|featured|onpost|original,title,text|excerpt|60&#8243; single_back_color=&raquo;color-lxmt&raquo; single_overlay_opacity=&raquo;50&#8243; single_padding=&raquo;2&#8243; single_title_family=&raquo;font-125558&#8243; single_title_dimension=&raquo;h4&#8243; uncode_shortcode_id=&raquo;206361&#8243;][\/vc_column][\/vc_row]<\/p>\n<\/div>","protected":false},"excerpt":{"rendered":"<p>[vc_row][vc_column width=&raquo;1\/1&#8243;][vc_custom_heading heading_semantic=&raquo;h1&#8243; text_size=&raquo;h1&#8243; uncode_shortcode_id=&raquo;716333&#8243;]Forbruksvarer[\/vc_custom_heading][\/vc_column][\/vc_row][vc_row][vc_column width=&raquo;1\/2&#8243;][vc_gallery el_id=&raquo;gallery-103867-put&raquo; type=&raquo;carousel&raquo; medias=&raquo;1328,1331,1334,1337,270&#8243; carousel_lg=&raquo;1&#8243; carousel_md=&raquo;1&#8243; carousel_sm=&raquo;1&#8243; thumb_size=&raquo;four-three&raquo; gutter_size=&raquo;3&#8243; carousel_interval=&raquo;3000&#8243; carousel_navspeed=&raquo;400&#8243; carousel_loop=&raquo;yes&raquo; carousel_dots=&raquo;yes&raquo; stage_padding=&raquo;0&#8243; single_overlay_opacity=&raquo;50&#8243; [&hellip;]<\/p>\n","protected":false},"author":2,"featured_media":0,"parent":0,"menu_order":0,"comment_status":"closed","ping_status":"closed","template":"","meta":{"_acf_changed":false,"footnotes":""},"class_list":["post-1327","page","type-page","status-publish","hentry"],"acf":[],"_links":{"self":[{"href":"https:\/\/mustadautoline.com\/no\/wp-json\/wp\/v2\/pages\/1327","targetHints":{"allow":["GET"]}}],"collection":[{"href":"https:\/\/mustadautoline.com\/no\/wp-json\/wp\/v2\/pages"}],"about":[{"href":"https:\/\/mustadautoline.com\/no\/wp-json\/wp\/v2\/types\/page"}],"author":[{"embeddable":true,"href":"https:\/\/mustadautoline.com\/no\/wp-json\/wp\/v2\/users\/2"}],"replies":[{"embeddable":true,"href":"https:\/\/mustadautoline.com\/no\/wp-json\/wp\/v2\/comments?post=1327"}],"version-history":[{"count":0,"href":"https:\/\/mustadautoline.com\/no\/wp-json\/wp\/v2\/pages\/1327\/revisions"}],"wp:attachment":[{"href":"https:\/\/mustadautoline.com\/no\/wp-json\/wp\/v2\/media?parent=1327"}],"curies":[{"name":"wp","href":"https:\/\/api.w.org\/{rel}","templated":true}]}}