{"id":1374,"date":"2025-02-07T12:59:03","date_gmt":"2025-02-07T11:59:03","guid":{"rendered":"https:\/\/mustadautoline.com\/?page_id=1374"},"modified":"2025-10-20T08:46:10","modified_gmt":"2025-10-20T06:46:10","slug":"historie-2","status":"publish","type":"page","link":"https:\/\/mustadautoline.com\/no\/historie-2\/","title":{"rendered":"\u00c5te og agnprosessen"},"content":{"rendered":"<div class=\"wpb-content-wrapper\"><p>[vc_row row_height_percent=&raquo;0&#8243; overlay_color=&raquo;color-gyho&raquo; overlay_alpha=&raquo;50&#8243; gutter_size=&raquo;1&#8243; column_width_use_pixel=&raquo;yes&raquo; shift_y=&raquo;0&#8243; z_index=&raquo;0&#8243; content_parallax=&raquo;0&#8243; uncode_shortcode_id=&raquo;187483&#8243; column_width_pixel=&raquo;900&#8243; overlay_color_type=&raquo;uncode-palette&raquo;][vc_column width=&raquo;1\/1&#8243;][vc_gallery el_id=&raquo;gallery-109904&#8243; gutter_size=&raquo;3&#8243; screen_lg=&raquo;1800&#8243; screen_md=&raquo;600&#8243; screen_sm=&raquo;480&#8243; single_width=&raquo;12&#8243; single_overlay_opacity=&raquo;50&#8243; single_padding=&raquo;2&#8243; uncode_shortcode_id=&raquo;717689&#8243;][vc_custom_heading text_size=&raquo;h1&#8243; uncode_shortcode_id=&raquo;478532&#8243;]\u00c5te og agnprosessen[\/vc_custom_heading][vc_column_text text_lead=&raquo;yes&raquo; uncode_shortcode_id=&raquo;160391&#8243;]<\/p>\n<h4>Agn brukes til \u00e5 lokke til seg fisk ved \u00e5 avgi duftstoffer i vannet, noe som trekker fisken mot kroken. Jo sterkere duft, desto mer effektivt er agnet, og derfor foretrekkes ofte fett agn fremfor magert agn. <\/h4>\n<p>[\/vc_column_text][\/vc_column][\/vc_row][vc_row row_height_percent=&raquo;0&#8243; override_padding=&raquo;yes&raquo; h_padding=&raquo;2&#8243; top_padding=&raquo;2&#8243; bottom_padding=&raquo;3&#8243; overlay_alpha=&raquo;50&#8243; gutter_size=&raquo;3&#8243; column_width_use_pixel=&raquo;yes&raquo; shift_y=&raquo;0&#8243; z_index=&raquo;0&#8243; content_parallax=&raquo;0&#8243; uncode_shortcode_id=&raquo;146842&#8243; column_width_pixel=&raquo;900&#8243;][vc_column column_width_percent=&raquo;100&#8243; gutter_size=&raquo;2&#8243; overlay_alpha=&raquo;50&#8243; shift_x=&raquo;0&#8243; shift_y=&raquo;0&#8243; shift_y_down=&raquo;0&#8243; z_index=&raquo;0&#8243; medium_width=&raquo;0&#8243; mobile_width=&raquo;0&#8243; width=&raquo;1\/3&#8243; uncode_shortcode_id=&raquo;136482&#8243;][vc_single_image media=&raquo;2061&#8243; media_width_percent=&raquo;100&#8243; uncode_shortcode_id=&raquo;175070&#8243;][vc_row_inner][vc_column_inner column_width_percent=&raquo;100&#8243; gutter_size=&raquo;1&#8243; overlay_alpha=&raquo;50&#8243; shift_x=&raquo;0&#8243; shift_y=&raquo;0&#8243; shift_y_down=&raquo;0&#8243; z_index=&raquo;0&#8243; medium_width=&raquo;0&#8243; mobile_width=&raquo;0&#8243; width=&raquo;1\/1&#8243; uncode_shortcode_id=&raquo;154041&#8243; css=&raquo;.vc_custom_1712687718413{padding-right: 5px !important;padding-left: 5px !important;}&raquo;][vc_custom_heading text_size=&raquo;h6&#8243; uncode_shortcode_id=&raquo;107792&#8243;]<strong>AutoBaiting  <\/strong>[\/vc_custom_heading][vc_column_text uncode_shortcode_id=&raquo;213795&#8243;]<\/p>\n<p class=\"Grunnleggendeavsnitt\" style=\"margin-bottom: 12.0pt; text-align: justify; line-height: normal;\">Kroker og line hentes automatisk fra magasiner og mates inn i en agnemaskin f\u00f8r de settes ut over hekken.<\/p>\n<p>[\/vc_column_text][vc_button button_color=&raquo;accent&raquo; size=&raquo;link&raquo; link=&raquo;url:https%3A%2F%2Fmustadautoline.com%2Fno%2Fmiljo-3%2F|title:AutoBaiting|&raquo; button_color_type=&raquo;uncode-palette&raquo; uncode_shortcode_id=&raquo;198136&#8243;]Les mer om dette[\/vc_button][\/vc_column_inner][\/vc_row_inner][\/vc_column][vc_column column_width_percent=&raquo;100&#8243; gutter_size=&raquo;2&#8243; overlay_alpha=&raquo;50&#8243; shift_x=&raquo;0&#8243; shift_y=&raquo;0&#8243; shift_y_down=&raquo;0&#8243; z_index=&raquo;0&#8243; medium_width=&raquo;0&#8243; mobile_width=&raquo;0&#8243; width=&raquo;1\/3&#8243; uncode_shortcode_id=&raquo;197093&#8243;][vc_single_image media=&raquo;2058&#8243; media_width_percent=&raquo;100&#8243; uncode_shortcode_id=&raquo;363756&#8243;][vc_row_inner row_inner_height_percent=&raquo;0&#8243; overlay_alpha=&raquo;50&#8243; gutter_size=&raquo;3&#8243; shift_y=&raquo;0&#8243; z_index=&raquo;0&#8243; uncode_shortcode_id=&raquo;154978&#8243;][vc_column_inner column_width_percent=&raquo;100&#8243; gutter_size=&raquo;1&#8243; overlay_alpha=&raquo;50&#8243; shift_x=&raquo;0&#8243; shift_y=&raquo;0&#8243; shift_y_down=&raquo;0&#8243; z_index=&raquo;0&#8243; medium_width=&raquo;0&#8243; mobile_width=&raquo;0&#8243; width=&raquo;1\/1&#8243; uncode_shortcode_id=&raquo;154041&#8243; css=&raquo;.vc_custom_1712687718413{padding-right: 5px !important;padding-left: 5px !important;}&raquo;][vc_custom_heading text_size=&raquo;h6&#8243; uncode_shortcode_id=&raquo;614921&#8243;]<strong>Agnfisk  <\/strong>[\/vc_custom_heading][vc_column_text uncode_shortcode_id=&raquo;169053&#8243;]I fisket i Nord-Atlanteren er blekksprut av h\u00f8y kvalitet, seury, makrell og sild det mest brukte agnet for autolinefiske.[\/vc_column_text][vc_button button_color=&raquo;accent&raquo; size=&raquo;link&raquo; link=&raquo;url:https%3A%2F%2Fmustadautoline.com%2Fno%2Fate-og-agnprosessen%2F|title:Agn|&raquo; button_color_type=&raquo;uncode-palette&raquo; uncode_shortcode_id=&raquo;133812&#8243;]Les mer om dette[\/vc_button][\/vc_column_inner][\/vc_row_inner][\/vc_column][vc_column column_width_percent=&raquo;100&#8243; gutter_size=&raquo;2&#8243; overlay_alpha=&raquo;50&#8243; shift_x=&raquo;0&#8243; shift_y=&raquo;0&#8243; shift_y_down=&raquo;0&#8243; z_index=&raquo;0&#8243; medium_width=&raquo;0&#8243; mobile_width=&raquo;0&#8243; width=&raquo;1\/3&#8243; uncode_shortcode_id=&raquo;146206&#8243;][vc_single_image media=&raquo;2055&#8243; media_width_percent=&raquo;100&#8243; uncode_shortcode_id=&raquo;162169&#8243;][vc_row_inner][vc_column_inner column_width_percent=&raquo;100&#8243; gutter_size=&raquo;1&#8243; overlay_alpha=&raquo;50&#8243; shift_x=&raquo;0&#8243; shift_y=&raquo;0&#8243; shift_y_down=&raquo;0&#8243; z_index=&raquo;0&#8243; medium_width=&raquo;0&#8243; mobile_width=&raquo;0&#8243; width=&raquo;1\/1&#8243; uncode_shortcode_id=&raquo;154041&#8243; css=&raquo;.vc_custom_1712687718413{padding-right: 5px !important;padding-left: 5px !important;}&raquo;][vc_custom_heading text_size=&raquo;h6&#8243; uncode_shortcode_id=&raquo;634013&#8243;]Lagring, tining og klargj\u00f8ring av \u00e5te[\/vc_custom_heading][vc_column_text uncode_shortcode_id=&raquo;186669&#8243;]Riktig oppbevaring, tining og klargj\u00f8ring er avgj\u00f8rende for effektiv utlegging av \u00e5te. Denne veiledningen beskriver beste praksis for \u00e5 opprettholde kvaliteten p\u00e5 \u00e5tet og sikre optimal ytelse.[\/vc_column_text][vc_button button_color=&raquo;accent&raquo; size=&raquo;link&raquo; link=&raquo;url:https%3A%2F%2Fmustadautoline.com%2Fno%2Fate-og-agnprosessen-2%2F|title:Lagring%2C%20tining%20og%20klargj%C3%B8ring%20av%20%C3%A5te|&raquo; button_color_type=&raquo;uncode-palette&raquo; uncode_shortcode_id=&raquo;558199&#8243;]Les mer om dette[\/vc_button][\/vc_column_inner][\/vc_row_inner][\/vc_column][\/vc_row][vc_row row_height_percent=&raquo;0&#8243; overlay_alpha=&raquo;50&#8243; gutter_size=&raquo;3&#8243; column_width_use_pixel=&raquo;yes&raquo; shift_y=&raquo;0&#8243; z_index=&raquo;0&#8243; uncode_shortcode_id=&raquo;872228&#8243; column_width_pixel=&raquo;900&#8243;][vc_column column_width_percent=&raquo;100&#8243; gutter_size=&raquo;1&#8243; overlay_alpha=&raquo;50&#8243; shift_x=&raquo;0&#8243; shift_y=&raquo;0&#8243; shift_y_down=&raquo;0&#8243; z_index=&raquo;0&#8243; medium_width=&raquo;0&#8243; mobile_width=&raquo;0&#8243; width=&raquo;1\/1&#8243; uncode_shortcode_id=&raquo;167503&#8243;][\/vc_column][\/vc_row][vc_row row_height_percent=&raquo;0&#8243; back_color=&raquo;color-lxmt&raquo; overlay_alpha=&raquo;50&#8243; gutter_size=&raquo;3&#8243; column_width_use_pixel=&raquo;yes&raquo; shift_y=&raquo;0&#8243; z_index=&raquo;0&#8243; uncode_shortcode_id=&raquo;115612&#8243; back_color_type=&raquo;uncode-palette&raquo; column_width_pixel=&raquo;900&#8243;][vc_column column_width_percent=&raquo;100&#8243; position_vertical=&raquo;middle&raquo; gutter_size=&raquo;2&#8243; overlay_alpha=&raquo;50&#8243; shift_x=&raquo;0&#8243; shift_y=&raquo;0&#8243; shift_y_down=&raquo;0&#8243; z_index=&raquo;0&#8243; medium_width=&raquo;0&#8243; mobile_width=&raquo;0&#8243; width=&raquo;2\/3&#8243; uncode_shortcode_id=&raquo;124099&#8243;][vc_column_text text_lead=&raquo;yes&raquo; uncode_shortcode_id=&raquo;712587&#8243;]<\/p>\n<h4>Dobbel kroking av agn<\/h4>\n<p>De fleste fiskene har beinete munner med lite kj\u00f8tt som kroken kan hekte seg fast i, og mange tester agnet f\u00f8r de svelger det. For eksempel har man sett at atlanterhavstorsk gjentatte ganger smaker p\u00e5 agnet og spytter det ut f\u00f8r de til slutt bestemmer seg for \u00e5 spise det. Hvis agnet ikke sitter ordentlig fast, kan sm\u00e5fisk lett plukke det av, slik at det ikke blir noe igjen p\u00e5 kroken.  <\/p>\n<p>For \u00e5 holde agnet godt p\u00e5 plass p\u00e5 kroken bruker mange fiskere en teknikk som kalles &laquo;dobbelkroking&raquo;. Det betyr at kroken tres gjennom den ene siden av agnhuden og ut igjen p\u00e5 den andre siden, noe som gj\u00f8r det vanskeligere for fisken \u00e5 stjele agnet uten \u00e5 bli kroket.[\/vc_column_text][\/vc_column][vc_column column_width_percent=&raquo;100&#8243; position_vertical=&raquo;middle&raquo; gutter_size=&raquo;3&#8243; overlay_alpha=&raquo;50&#8243; shift_x=&raquo;0&#8243; shift_y=&raquo;0&#8243; shift_y_down=&raquo;0&#8243; z_index=&raquo;0&#8243; medium_width=&raquo;0&#8243; mobile_width=&raquo;0&#8243; width=&raquo;1\/3&#8243; uncode_shortcode_id=&raquo;185618&#8243;][vc_single_image media=&raquo;1475&#8243; media_width_percent=&raquo;100&#8243; uncode_shortcode_id=&raquo;197058&#8243;][\/vc_column][\/vc_row][vc_row unlock_row_content=&raquo;yes&raquo; row_height_percent=&raquo;0&#8243; override_padding=&raquo;yes&raquo; h_padding=&raquo;1&#8243; top_padding=&raquo;0&#8243; bottom_padding=&raquo;1&#8243; back_color=&raquo;color-lxmt&raquo; overlay_alpha=&raquo;50&#8243; gutter_size=&raquo;3&#8243; column_width_percent=&raquo;100&#8243; shift_y=&raquo;0&#8243; z_index=&raquo;0&#8243; desktop_visibility=&raquo;yes&raquo; medium_visibility=&raquo;yes&raquo; uncode_shortcode_id=&raquo;164756&#8243; back_color_type=&raquo;uncode-palette&raquo;][vc_column column_width_percent=&raquo;100&#8243; position_vertical=&raquo;middle&raquo; align_horizontal=&raquo;align_right&raquo; gutter_size=&raquo;3&#8243; override_padding=&raquo;yes&raquo; column_padding=&raquo;1&#8243; overlay_alpha=&raquo;50&#8243; shift_x=&raquo;0&#8243; shift_y=&raquo;0&#8243; shift_y_down=&raquo;0&#8243; z_index=&raquo;0&#8243; medium_width=&raquo;0&#8243; mobile_width=&raquo;0&#8243; width=&raquo;1\/1&#8243; uncode_shortcode_id=&raquo;123457&#8243; css=&raquo;.vc_custom_1709632516034{padding-top: 10px !important;padding-right: 30px !important;padding-bottom: 10px !important;padding-left: 30px !important;}&raquo;][vc_wp_custommenu nav_menu=&raquo;10&#8243; nav_menu_horizontal=&raquo;1&#8243; el_class=&raquo;aboutmenu&raquo;][\/vc_column][\/vc_row]<\/p>\n<\/div>","protected":false},"excerpt":{"rendered":"<p>[vc_row row_height_percent=&raquo;0&#8243; overlay_color=&raquo;color-gyho&raquo; overlay_alpha=&raquo;50&#8243; gutter_size=&raquo;1&#8243; column_width_use_pixel=&raquo;yes&raquo; shift_y=&raquo;0&#8243; z_index=&raquo;0&#8243; content_parallax=&raquo;0&#8243; uncode_shortcode_id=&raquo;187483&#8243; column_width_pixel=&raquo;900&#8243; overlay_color_type=&raquo;uncode-palette&raquo;][vc_column width=&raquo;1\/1&#8243;][vc_gallery el_id=&raquo;gallery-109904&#8243; gutter_size=&raquo;3&#8243; screen_lg=&raquo;1800&#8243; screen_md=&raquo;600&#8243; screen_sm=&raquo;480&#8243; single_width=&raquo;12&#8243; single_overlay_opacity=&raquo;50&#8243; [&hellip;]<\/p>\n","protected":false},"author":2,"featured_media":0,"parent":0,"menu_order":0,"comment_status":"closed","ping_status":"closed","template":"","meta":{"_acf_changed":false,"footnotes":""},"class_list":["post-1374","page","type-page","status-publish","hentry"],"acf":[],"_links":{"self":[{"href":"https:\/\/mustadautoline.com\/no\/wp-json\/wp\/v2\/pages\/1374","targetHints":{"allow":["GET"]}}],"collection":[{"href":"https:\/\/mustadautoline.com\/no\/wp-json\/wp\/v2\/pages"}],"about":[{"href":"https:\/\/mustadautoline.com\/no\/wp-json\/wp\/v2\/types\/page"}],"author":[{"embeddable":true,"href":"https:\/\/mustadautoline.com\/no\/wp-json\/wp\/v2\/users\/2"}],"replies":[{"embeddable":true,"href":"https:\/\/mustadautoline.com\/no\/wp-json\/wp\/v2\/comments?post=1374"}],"version-history":[{"count":0,"href":"https:\/\/mustadautoline.com\/no\/wp-json\/wp\/v2\/pages\/1374\/revisions"}],"wp:attachment":[{"href":"https:\/\/mustadautoline.com\/no\/wp-json\/wp\/v2\/media?parent=1374"}],"curies":[{"name":"wp","href":"https:\/\/api.w.org\/{rel}","templated":true}]}}