{"id":1396,"date":"2025-02-07T13:31:28","date_gmt":"2025-02-07T12:31:28","guid":{"rendered":"https:\/\/mustadautoline.com\/?page_id=1396"},"modified":"2025-02-07T13:31:29","modified_gmt":"2025-02-07T12:31:29","slug":"pacific-saury","status":"publish","type":"page","link":"https:\/\/mustadautoline.com\/no\/pacific-saury\/","title":{"rendered":"Pacific Saury"},"content":{"rendered":"<div class=\"wpb-content-wrapper\"><p>[vc_row row_height_percent=&raquo;0&#8243; back_color=&raquo;color-lxmt&raquo; overlay_alpha=&raquo;50&#8243; gutter_size=&raquo;3&#8243; column_width_use_pixel=&raquo;yes&raquo; shift_y=&raquo;0&#8243; z_index=&raquo;0&#8243; uncode_shortcode_id=&raquo;115612&#8243; back_color_type=&raquo;uncode-palette&raquo; column_width_pixel=&raquo;900&#8243;][vc_column column_width_percent=&raquo;100&#8243; position_vertical=&raquo;middle&raquo; gutter_size=&raquo;2&#8243; overlay_alpha=&raquo;50&#8243; shift_x=&raquo;0&#8243; shift_y=&raquo;0&#8243; shift_y_down=&raquo;0&#8243; z_index=&raquo;0&#8243; medium_width=&raquo;0&#8243; mobile_width=&raquo;0&#8243; width=&raquo;1\/1&#8243; uncode_shortcode_id=&raquo;124099&#8243;][vc_custom_heading text_size=&raquo;h3&#8243; uncode_shortcode_id=&raquo;138922&#8243;]<strong>Stillehavssauer (Colobis saira)  <\/strong>[\/vc_custom_heading][vc_single_image media=&raquo;1366&#8243; media_width_percent=&raquo;100&#8243; uncode_shortcode_id=&raquo;166323&#8243;][vc_column_text text_lead=&raquo;yes&raquo; uncode_shortcode_id=&raquo;427332&#8243;]<\/p>\n<p class=\"Grunnleggendeavsnitt\" style=\"margin-bottom: 12.0pt; text-align: justify; line-height: normal;\"><span lang=\"EN-GB\" style=\"font-size: 11.0pt; font-family: 'Calibri Light',sans-serif; color: #002060; letter-spacing: -.1pt;\">Denne arten har vunnet terreng i Autoline-fiskeriene de siste \u00e5rene. Fangsteffektiviteten anses \u00e5 v\u00e6re som makrell, men kroppsformen er optimal for flere like store agn per kilo enn den ellipseformede makrellen.   <\/span><\/p>\n<p class=\"Grunnleggendeavsnitt\" style=\"margin-bottom: 12.0pt; text-align: justify; line-height: normal;\"><span lang=\"EN-GB\" style=\"font-size: 11.0pt; font-family: 'Calibri Light',sans-serif; color: #002060; letter-spacing: -.1pt;\">Stillehavssaurien har en kroppslengde p\u00e5 25-28 cm og h\u00f8stes i store deler av Stillehavet. H\u00f8stingen anses som b\u00e6rekraftig if\u00f8lge IUCN. <\/span><\/p>\n<p class=\"Grunnleggendeavsnitt\" style=\"margin-bottom: 12.0pt; text-align: justify; line-height: normal;\"><span lang=\"EN-GB\" style=\"font-size: 11.0pt; font-family: 'Calibri Light',sans-serif; color: #002060; letter-spacing: -.1pt;\">Alle tilgjengelige st\u00f8rrelser av denne arten er kompatible med Mustad Autoline-agnemaskiner.<\/span><\/p>\n<p>[\/vc_column_text][\/vc_column][\/vc_row]<\/p>\n<\/div>","protected":false},"excerpt":{"rendered":"<p>[vc_row row_height_percent=&raquo;0&#8243; back_color=&raquo;color-lxmt&raquo; overlay_alpha=&raquo;50&#8243; gutter_size=&raquo;3&#8243; column_width_use_pixel=&raquo;yes&raquo; shift_y=&raquo;0&#8243; z_index=&raquo;0&#8243; uncode_shortcode_id=&raquo;115612&#8243; back_color_type=&raquo;uncode-palette&raquo; column_width_pixel=&raquo;900&#8243;][vc_column column_width_percent=&raquo;100&#8243; position_vertical=&raquo;middle&raquo; gutter_size=&raquo;2&#8243; overlay_alpha=&raquo;50&#8243; shift_x=&raquo;0&#8243; shift_y=&raquo;0&#8243; shift_y_down=&raquo;0&#8243; z_index=&raquo;0&#8243; medium_width=&raquo;0&#8243; [&hellip;]<\/p>\n","protected":false},"author":2,"featured_media":0,"parent":0,"menu_order":0,"comment_status":"closed","ping_status":"closed","template":"","meta":{"_acf_changed":false,"footnotes":""},"class_list":["post-1396","page","type-page","status-publish","hentry"],"acf":[],"_links":{"self":[{"href":"https:\/\/mustadautoline.com\/no\/wp-json\/wp\/v2\/pages\/1396","targetHints":{"allow":["GET"]}}],"collection":[{"href":"https:\/\/mustadautoline.com\/no\/wp-json\/wp\/v2\/pages"}],"about":[{"href":"https:\/\/mustadautoline.com\/no\/wp-json\/wp\/v2\/types\/page"}],"author":[{"embeddable":true,"href":"https:\/\/mustadautoline.com\/no\/wp-json\/wp\/v2\/users\/2"}],"replies":[{"embeddable":true,"href":"https:\/\/mustadautoline.com\/no\/wp-json\/wp\/v2\/comments?post=1396"}],"version-history":[{"count":0,"href":"https:\/\/mustadautoline.com\/no\/wp-json\/wp\/v2\/pages\/1396\/revisions"}],"wp:attachment":[{"href":"https:\/\/mustadautoline.com\/no\/wp-json\/wp\/v2\/media?parent=1396"}],"curies":[{"name":"wp","href":"https:\/\/api.w.org\/{rel}","templated":true}]}}