{"id":1399,"date":"2025-02-07T13:34:33","date_gmt":"2025-02-07T12:34:33","guid":{"rendered":"https:\/\/mustadautoline.com\/?page_id=1399"},"modified":"2025-02-07T13:34:40","modified_gmt":"2025-02-07T12:34:40","slug":"pacific-saury-2","status":"publish","type":"page","link":"https:\/\/mustadautoline.com\/no\/pacific-saury-2\/","title":{"rendered":"Atlanterhavssild"},"content":{"rendered":"<div class=\"wpb-content-wrapper\"><p>[vc_row row_height_percent=&raquo;0&#8243; back_color=&raquo;color-lxmt&raquo; overlay_alpha=&raquo;50&#8243; gutter_size=&raquo;3&#8243; column_width_use_pixel=&raquo;yes&raquo; shift_y=&raquo;0&#8243; z_index=&raquo;0&#8243; uncode_shortcode_id=&raquo;115612&#8243; back_color_type=&raquo;uncode-palette&raquo; column_width_pixel=&raquo;900&#8243;][vc_column column_width_percent=&raquo;100&#8243; position_vertical=&raquo;middle&raquo; gutter_size=&raquo;2&#8243; overlay_alpha=&raquo;50&#8243; shift_x=&raquo;0&#8243; shift_y=&raquo;0&#8243; shift_y_down=&raquo;0&#8243; z_index=&raquo;0&#8243; medium_width=&raquo;0&#8243; mobile_width=&raquo;0&#8243; width=&raquo;1\/1&#8243; uncode_shortcode_id=&raquo;124099&#8243;][vc_custom_heading text_size=&raquo;h3&#8243; uncode_shortcode_id=&raquo;186185&#8243;]<strong>Atlantisk sild (Clupea harengus)  <\/strong>[\/vc_custom_heading][vc_single_image media=&raquo;1360&#8243; media_width_percent=&raquo;100&#8243; uncode_shortcode_id=&raquo;142210&#8243;][vc_column_text text_lead=&raquo;yes&raquo; uncode_shortcode_id=&raquo;819405&#8243;]<\/p>\n<p class=\"Grunnleggendeavsnitt\" style=\"margin-bottom: 12.0pt; text-align: justify; line-height: normal;\"><span lang=\"EN-GB\" style=\"font-size: 11.0pt; font-family: 'Calibri Light',sans-serif; color: #002060; letter-spacing: -.1pt;\">P\u00e5 samme m\u00e5te som for makrell er silda en yndet agnfisk for h\u00e5ndagn for linefiskere, og den g\u00e5r langt tilbake i tid som agnfisk. I Norge har bruken av sild i den havg\u00e5ende Autolinefl\u00e5ten g\u00e5tt ned de senere \u00e5rene. <\/span><\/p>\n<p class=\"Grunnleggendeavsnitt\" style=\"margin-bottom: 12.0pt; text-align: justify; line-height: normal;\"><span lang=\"EN-GB\" style=\"font-size: 11.0pt; font-family: 'Calibri Light',sans-serif; color: #002060; letter-spacing: -.1pt;\">Silda er vanligvis 20-25 cm lang n\u00e5r den h\u00f8stes, men kan bli opptil 40 cm lang. Denne arten er utbredt i det \u00f8stlige Atlanterhavet (nord i Biscayabukta nordover til Island og S\u00f8r-Gr\u00f8nland, \u00f8stover til Spitsbergen og Novaja Semlja, ogs\u00e5 i \u00d8stersj\u00f8en; i det vestlige Atlanterhavet (s\u00f8rvestlige Gr\u00f8nland, Labrador, s\u00f8r til S\u00f8r-Carolina). Fisket etter atlanterhavssild er regulert og b\u00e6rekraftig, og er klassifisert som &laquo;minst truet&raquo; av IUCN.    <\/span><\/p>\n<p class=\"Grunnleggendeavsnitt\" style=\"margin-bottom: 12.0pt; text-align: justify; line-height: normal;\"><span lang=\"EN-GB\" style=\"font-size: 11.0pt; font-family: 'Calibri Light',sans-serif; color: #002060; letter-spacing: -.1pt;\">P\u00e5 samme m\u00e5te som for makrell, foretrekker noen h\u00e5ndagnere stor sild som agn. For optimal ytelse med et Mustad Autoline-system anbefaler vi \u00e5 bruke hel fisk p\u00e5 mellom 200 og 250 gram for best mulig agneffektivitet. <\/span><span lang=\"EN-GB\" style=\"font-size: 11.0pt; font-family: 'Calibri Light',sans-serif; letter-spacing: -.1pt;\">.<\/span><\/p>\n<p>[\/vc_column_text][\/vc_column][\/vc_row]<\/p>\n<\/div>","protected":false},"excerpt":{"rendered":"<p>[vc_row row_height_percent=&raquo;0&#8243; back_color=&raquo;color-lxmt&raquo; overlay_alpha=&raquo;50&#8243; gutter_size=&raquo;3&#8243; column_width_use_pixel=&raquo;yes&raquo; shift_y=&raquo;0&#8243; z_index=&raquo;0&#8243; uncode_shortcode_id=&raquo;115612&#8243; back_color_type=&raquo;uncode-palette&raquo; column_width_pixel=&raquo;900&#8243;][vc_column column_width_percent=&raquo;100&#8243; position_vertical=&raquo;middle&raquo; gutter_size=&raquo;2&#8243; overlay_alpha=&raquo;50&#8243; shift_x=&raquo;0&#8243; shift_y=&raquo;0&#8243; shift_y_down=&raquo;0&#8243; z_index=&raquo;0&#8243; medium_width=&raquo;0&#8243; [&hellip;]<\/p>\n","protected":false},"author":2,"featured_media":0,"parent":0,"menu_order":0,"comment_status":"closed","ping_status":"closed","template":"","meta":{"_acf_changed":false,"footnotes":""},"class_list":["post-1399","page","type-page","status-publish","hentry"],"acf":[],"_links":{"self":[{"href":"https:\/\/mustadautoline.com\/no\/wp-json\/wp\/v2\/pages\/1399","targetHints":{"allow":["GET"]}}],"collection":[{"href":"https:\/\/mustadautoline.com\/no\/wp-json\/wp\/v2\/pages"}],"about":[{"href":"https:\/\/mustadautoline.com\/no\/wp-json\/wp\/v2\/types\/page"}],"author":[{"embeddable":true,"href":"https:\/\/mustadautoline.com\/no\/wp-json\/wp\/v2\/users\/2"}],"replies":[{"embeddable":true,"href":"https:\/\/mustadautoline.com\/no\/wp-json\/wp\/v2\/comments?post=1399"}],"version-history":[{"count":0,"href":"https:\/\/mustadautoline.com\/no\/wp-json\/wp\/v2\/pages\/1399\/revisions"}],"wp:attachment":[{"href":"https:\/\/mustadautoline.com\/no\/wp-json\/wp\/v2\/media?parent=1399"}],"curies":[{"name":"wp","href":"https:\/\/api.w.org\/{rel}","templated":true}]}}