{"id":1460,"date":"2025-09-30T09:36:52","date_gmt":"2025-09-30T07:36:52","guid":{"rendered":"https:\/\/mustadautoline.com\/?page_id=1460"},"modified":"2025-11-03T11:33:39","modified_gmt":"2025-11-03T10:33:39","slug":"miljo-2","status":"publish","type":"page","link":"https:\/\/mustadautoline.com\/no\/miljo-2\/","title":{"rendered":"Linjene"},"content":{"rendered":"<div class=\"wpb-content-wrapper\"><p>[vc_row row_height_percent=&raquo;0&#8243; back_color=&raquo;color-uydo&raquo; overlay_alpha=&raquo;50&#8243; gutter_size=&raquo;3&#8243; column_width_percent=&raquo;100&#8243; shift_y=&raquo;0&#8243; z_index=&raquo;0&#8243; content_parallax=&raquo;0&#8243; uncode_shortcode_id=&raquo;584295&#8243; back_color_type=&raquo;uncode-palette&raquo;][vc_column width=&raquo;1\/1&#8243;][vc_custom_heading text_color=&raquo;color-xsdn&raquo; heading_semantic=&raquo;h1&#8243; text_size=&raquo;bigtext&raquo; uncode_shortcode_id=&raquo;150567&#8243; text_color_type=&raquo;uncode-palette&raquo;]<\/p>\n<h1>Linjene i langlinefiske<\/h1>\n<p>[\/vc_custom_heading][vc_single_image media=&raquo;2082&#8243; media_width_percent=&raquo;100&#8243; alignment=&raquo;center&raquo; uncode_shortcode_id=&raquo;191324&#8243;][vc_column_text uncode_shortcode_id=&raquo;135203&#8243;]Langlinefiskeredskaper best\u00e5r av flere sammenkoblede liner som er utformet med tanke p\u00e5 effektivitet, holdbarhet og enkel h\u00e5ndtering. Til sammen utgj\u00f8r disse delene et robust system som gj\u00f8r det mulig for fiskere \u00e5 sette og hente inn langliner trygt og effektivt p\u00e5 ulike dybder og under ulike forhold.[\/vc_column_text][\/vc_column][\/vc_row][vc_row row_height_percent=&raquo;0&#8243; override_padding=&raquo;yes&raquo; h_padding=&raquo;2&#8243; top_padding=&raquo;2&#8243; bottom_padding=&raquo;2&#8243; overlay_alpha=&raquo;50&#8243; equal_height=&raquo;yes&raquo; gutter_size=&raquo;4&#8243; column_width_percent=&raquo;100&#8243; shift_y=&raquo;0&#8243; z_index=&raquo;0&#8243; content_parallax=&raquo;0&#8243; el_class=&raquo;inverted-device-order&raquo; uncode_shortcode_id=&raquo;151875&#8243;][vc_column column_width_percent=&raquo;100&#8243; position_vertical=&raquo;middle&raquo; gutter_size=&raquo;3&#8243; overlay_alpha=&raquo;50&#8243; shift_x=&raquo;0&#8243; shift_y=&raquo;0&#8243; shift_y_down=&raquo;0&#8243; z_index=&raquo;0&#8243; medium_width=&raquo;0&#8243; mobile_width=&raquo;0&#8243; width=&raquo;1\/3&#8243;][vc_custom_heading heading_semantic=&raquo;h3&#8243; text_size=&raquo;h1&#8243; subheading=&raquo;Bunnlinen er fundamentet i langlinefiskesystemet og forbinder flere kroker for \u00e5 maksimere fangsteffektiviteten. Utforming, lengde og materiale varierer etter forholdene for \u00e5 sikre styrke, holdbarhet og enkel h\u00e5ndtering. &raquo; uncode_shortcode_id=&raquo;216633&#8243;]<\/p>\n<h3>Grunnlinjen<\/h3>\n<p>[\/vc_custom_heading][vc_button button_color=&raquo;accent&raquo; border_width=&raquo;0&#8243; link=&raquo;url:https%3A%2F%2Fmustadautoline.com%2Fno%2Fgrunnlinjen%2F|title:Grunnlinjen|&raquo; button_color_type=&raquo;uncode-palette&raquo; uncode_shortcode_id=&raquo;103620&#8243;]Les mer om dette[\/vc_button][\/vc_column][vc_column width=&raquo;1\/3&#8243;][vc_custom_heading heading_semantic=&raquo;h3&#8243; text_size=&raquo;h1&#8243; subheading=&raquo;Sn\u00f8ret er en n\u00f8kkelkomponent i langlinefisket, og knytter hver krok til hovedlinen. Sn\u00f8rene er designet for styrke og fleksibilitet og er tilpasset ulike fiskeforhold og arter, slik at krokene festes sikkert og gir effektiv redskapsytelse. &raquo; uncode_shortcode_id=&raquo;173569&#8243;]<\/p>\n<h3>Snodden<\/h3>\n<p>[\/vc_custom_heading][vc_button button_color=&raquo;accent&raquo; border_width=&raquo;0&#8243; link=&raquo;url:https%3A%2F%2Fmustadautoline.com%2Fno%2Fsnodden%2F|title:Snodden|&raquo; button_color_type=&raquo;uncode-palette&raquo; uncode_shortcode_id=&raquo;152091&#8243;]Les mer om dette[\/vc_button][\/vc_column][vc_column width=&raquo;1\/3&#8243;][vc_custom_heading heading_semantic=&raquo;h3&#8243; text_size=&raquo;h1&#8243; subheading=&raquo;Svirvelliner forbedrer effektiviteten og holdbarheten til langlinefiskeutstyret. Ved \u00e5 tillate fri rotasjon og redusere sammenfiltring gj\u00f8r de h\u00e5ndteringen enklere og vedlikeholdet enklere. &raquo; uncode_shortcode_id=&raquo;167574&#8243;]<\/p>\n<h3>Svingbare linjer<\/h3>\n<p>[\/vc_custom_heading][vc_button button_color=&raquo;accent&raquo; border_width=&raquo;0&#8243; link=&raquo;url:https%3A%2F%2Fmustadautoline.com%2Fno%2Fsvingbare-linjer%2F|title:Svingbare%20linjer|&raquo; button_color_type=&raquo;uncode-palette&raquo; uncode_shortcode_id=&raquo;747033&#8243;]Les mer om dette[\/vc_button][\/vc_column][\/vc_row][vc_row row_height_percent=&raquo;0&#8243; override_padding=&raquo;yes&raquo; h_padding=&raquo;2&#8243; top_padding=&raquo;2&#8243; bottom_padding=&raquo;2&#8243; back_color=&raquo;color-lxmt&raquo; overlay_alpha=&raquo;50&#8243; equal_height=&raquo;yes&raquo; gutter_size=&raquo;4&#8243; column_width_percent=&raquo;100&#8243; shift_y=&raquo;0&#8243; z_index=&raquo;0&#8243; content_parallax=&raquo;0&#8243; el_class=&raquo;inverted-device-order&raquo; uncode_shortcode_id=&raquo;143316&#8243; back_color_type=&raquo;uncode-palette&raquo;][vc_column column_width_percent=&raquo;100&#8243; position_vertical=&raquo;middle&raquo; gutter_size=&raquo;3&#8243; overlay_alpha=&raquo;50&#8243; shift_x=&raquo;0&#8243; shift_y=&raquo;0&#8243; shift_y_down=&raquo;0&#8243; z_index=&raquo;0&#8243; medium_width=&raquo;0&#8243; mobile_width=&raquo;0&#8243; width=&raquo;1\/3&#8243;][vc_custom_heading heading_semantic=&raquo;h3&#8243; text_size=&raquo;h1&#8243; subheading=&raquo;B\u00f8yer og b\u00f8yeliner er avgj\u00f8rende for \u00e5 markere og opprettholde posisjonen til langlinefiskeutstyret. De bidrar til \u00e5 identifisere hvor redskapen er satt ut, holder den p\u00e5 riktig dybde og forhindrer avdrift, noe som bidrar til b\u00e5de sikkerhet og effektivitet under fiskeoperasjoner. &raquo; uncode_shortcode_id=&raquo;107239&#8243;]<\/p>\n<h3>B\u00f8yer og b\u00f8yelinjer<\/h3>\n<p>[\/vc_custom_heading][vc_button button_color=&raquo;accent&raquo; border_width=&raquo;0&#8243; link=&raquo;url:https%3A%2F%2Fmustadautoline.com%2Fno%2Fboyer-og-liner%2F|title:B%C3%B8yer%20og%20liner|&raquo; button_color_type=&raquo;uncode-palette&raquo; uncode_shortcode_id=&raquo;569991&#8243;]Les mer om dette[\/vc_button][\/vc_column][vc_column width=&raquo;1\/3&#8243;][vc_custom_heading heading_semantic=&raquo;h3&#8243; text_size=&raquo;h1&#8243; subheading=&raquo;Moderne innovasjoner som Rotoline- og Quick Snap-systemer har effektivisert langlinefisket ved \u00e5 forenkle riggingen og redusere det manuelle reparasjonsarbeidet. Disse designene bruker roterende beslag og snap-on snodd som forhindrer sammenfiltring, forbedrer effektiviteten og \u00f8ker fangsteffektiviteten, noe som gj\u00f8r redskapsh\u00e5ndteringen raskere, tryggere og mer p\u00e5litelig til sj\u00f8s. &raquo; uncode_shortcode_id=&raquo;505476&#8243;]<\/p>\n<h3>Rotoline- og Quick Snap-ledninger<\/h3>\n<p>[\/vc_custom_heading][vc_button button_color=&raquo;accent&raquo; border_width=&raquo;0&#8243; link=&raquo;url:https%3A%2F%2Fmustadautoline.com%2Fno%2Frotolines-og-quick-snap-lines%2F|title:Rotolines%20og%20Quick%20Snap%20Lines|&raquo; button_color_type=&raquo;uncode-palette&raquo; uncode_shortcode_id=&raquo;672046&#8243;]Les mer om dette[\/vc_button][\/vc_column][vc_column width=&raquo;1\/3&#8243;][vc_custom_heading heading_semantic=&raquo;h3&#8243; text_size=&raquo;h1&#8243; subheading=&raquo;Ankere er avgj\u00f8rende for \u00e5 holde langlineutstyret sikkert p\u00e5 plass under varierende sj\u00f8- og bunnforhold. St\u00f8rrelsen, vekten og oppsettet tilpasses etter dybde og str\u00f8mstyrke, noe som sikrer stabilitet og minimerer risikoen for at linen hekter seg fast eller brekker.   &raquo; uncode_shortcode_id=&raquo;409498&#8243;]<\/p>\n<h3>Ankere<\/h3>\n<p>[\/vc_custom_heading][vc_button button_color=&raquo;accent&raquo; border_width=&raquo;0&#8243; link=&raquo;url:https%3A%2F%2Fmustadautoline.com%2Fno%2Fankere%2F|title:Rotolines%20og%20Quick%20Snap%20Lines|&raquo; button_color_type=&raquo;uncode-palette&raquo; uncode_shortcode_id=&raquo;119550&#8243;]Les mer om dette[\/vc_button][\/vc_column][\/vc_row][vc_row row_height_percent=&raquo;0&#8243; override_padding=&raquo;yes&raquo; h_padding=&raquo;2&#8243; top_padding=&raquo;2&#8243; bottom_padding=&raquo;2&#8243; overlay_alpha=&raquo;50&#8243; equal_height=&raquo;yes&raquo; gutter_size=&raquo;4&#8243; column_width_percent=&raquo;100&#8243; shift_y=&raquo;0&#8243; z_index=&raquo;0&#8243; content_parallax=&raquo;0&#8243; el_class=&raquo;inverted-device-order&raquo; uncode_shortcode_id=&raquo;707753&#8243;][vc_column column_width_percent=&raquo;100&#8243; position_vertical=&raquo;middle&raquo; gutter_size=&raquo;3&#8243; overlay_alpha=&raquo;50&#8243; shift_x=&raquo;0&#8243; shift_y=&raquo;0&#8243; shift_y_down=&raquo;0&#8243; z_index=&raquo;0&#8243; medium_width=&raquo;0&#8243; mobile_width=&raquo;0&#8243; width=&raquo;1\/3&#8243;][vc_custom_heading heading_semantic=&raquo;h3&#8243; text_size=&raquo;h1&#8243; subheading=&raquo;Flyteliner og flott\u00f8rer spiller en viktig rolle n\u00e5r det gjelder \u00e5 holde langlineutstyret riktig plassert og synlig. Flytelinen forhindrer sammenfiltring med ankere og beskytter redskapene mot slitasje p\u00e5 havbunnen, mens flott\u00f8rene gir oppdrift og indikerer redskapets spenning og plassering, noe som sikrer effektiv drift selv i sterk str\u00f8m. &raquo; uncode_shortcode_id=&raquo;582869&#8243;]<\/p>\n<h3>Flott\u00f8rer og flyteliner<\/h3>\n<p>[\/vc_custom_heading][vc_button button_color=&raquo;accent&raquo; border_width=&raquo;0&#8243; link=&raquo;url:https%3A%2F%2Fmustadautoline.com%2Fno%2Fflottorer-og-flyteliner%2F|title:Flott%C3%B8rer%20og%20flyteliner|&raquo; button_color_type=&raquo;uncode-palette&raquo; uncode_shortcode_id=&raquo;524256&#8243;]Les mer om dette[\/vc_button][\/vc_column][vc_column width=&raquo;1\/3&#8243;][vc_custom_heading heading_semantic=&raquo;h3&#8243; text_size=&raquo;h1&#8243; subheading=&raquo;Grapelen og linen er viktige verkt\u00f8y for h\u00e5ndtering og henting av langlineutstyr. Gripen brukes til \u00e5 fange og hale b\u00f8yelinen om bord, mens linen kobler b\u00f8yer og flott\u00f8rer til hovedb\u00f8yelinen og s\u00f8rger for fleksibilitet og enkel henting, selv i sterk vind eller t\u00f8ffe forhold. Sammen bidrar de til sikker og effektiv redskapsh\u00e5ndtering under fiske.  &raquo; uncode_shortcode_id=&raquo;207874&#8243;]<\/p>\n<h3>Grapnel og leelines<\/h3>\n<p>[\/vc_custom_heading][vc_button button_color=&raquo;accent&raquo; border_width=&raquo;0&#8243; link=&raquo;url:https%3A%2F%2Fmustadautoline.com%2Fno%2Fgrapnel-og-leelines%2F|title:Grapnel%20og%20leelines|&raquo; button_color_type=&raquo;uncode-palette&raquo; uncode_shortcode_id=&raquo;118975&#8243;]Les mer om dette[\/vc_button][\/vc_column][vc_column width=&raquo;1\/3&#8243;][vc_custom_heading heading_semantic=&raquo;h3&#8243; text_size=&raquo;h1&#8243; subheading=&raquo;Skj\u00f8ting er en viktig ferdighet i langlinefiske, og brukes til \u00e5 skj\u00f8te eller reparere tau p\u00e5 en sikker m\u00e5te. Ved \u00e5 l\u00e6re seg grunnleggende teknikker som kortskj\u00f8ting og \u00f8yeskj\u00f8ting kan fiskerne opprettholde sterke og holdbare forbindelser i utstyret sitt, noe som sikrer p\u00e5litelighet og sikkerhet under operasjoner p\u00e5 havet. &raquo; uncode_shortcode_id=&raquo;136838&#8243;]<\/p>\n<h3>Skj\u00f8ting<\/h3>\n<p>[\/vc_custom_heading][vc_button button_color=&raquo;accent&raquo; border_width=&raquo;0&#8243; link=&raquo;url:https%3A%2F%2Fmustadautoline.com%2Fno%2Fskjoting%2F|title:Skj%C3%B8ting|&raquo; button_color_type=&raquo;uncode-palette&raquo; uncode_shortcode_id=&raquo;184868&#8243;]Les mer om dette[\/vc_button][\/vc_column][\/vc_row]<\/p>\n<\/div>","protected":false},"excerpt":{"rendered":"<p>[vc_row row_height_percent=&raquo;0&#8243; back_color=&raquo;color-uydo&raquo; overlay_alpha=&raquo;50&#8243; gutter_size=&raquo;3&#8243; column_width_percent=&raquo;100&#8243; shift_y=&raquo;0&#8243; z_index=&raquo;0&#8243; content_parallax=&raquo;0&#8243; uncode_shortcode_id=&raquo;584295&#8243; back_color_type=&raquo;uncode-palette&raquo;][vc_column width=&raquo;1\/1&#8243;][vc_custom_heading text_color=&raquo;color-xsdn&raquo; heading_semantic=&raquo;h1&#8243; text_size=&raquo;bigtext&raquo; uncode_shortcode_id=&raquo;150567&#8243; text_color_type=&raquo;uncode-palette&raquo;] Linjene i langlinefiske [&hellip;]<\/p>\n","protected":false},"author":2,"featured_media":0,"parent":0,"menu_order":0,"comment_status":"closed","ping_status":"closed","template":"","meta":{"_acf_changed":false,"footnotes":""},"class_list":["post-1460","page","type-page","status-publish","hentry"],"acf":[],"_links":{"self":[{"href":"https:\/\/mustadautoline.com\/no\/wp-json\/wp\/v2\/pages\/1460","targetHints":{"allow":["GET"]}}],"collection":[{"href":"https:\/\/mustadautoline.com\/no\/wp-json\/wp\/v2\/pages"}],"about":[{"href":"https:\/\/mustadautoline.com\/no\/wp-json\/wp\/v2\/types\/page"}],"author":[{"embeddable":true,"href":"https:\/\/mustadautoline.com\/no\/wp-json\/wp\/v2\/users\/2"}],"replies":[{"embeddable":true,"href":"https:\/\/mustadautoline.com\/no\/wp-json\/wp\/v2\/comments?post=1460"}],"version-history":[{"count":0,"href":"https:\/\/mustadautoline.com\/no\/wp-json\/wp\/v2\/pages\/1460\/revisions"}],"wp:attachment":[{"href":"https:\/\/mustadautoline.com\/no\/wp-json\/wp\/v2\/media?parent=1460"}],"curies":[{"name":"wp","href":"https:\/\/api.w.org\/{rel}","templated":true}]}}