{"id":1472,"date":"2025-03-03T18:21:50","date_gmt":"2025-03-03T17:21:50","guid":{"rendered":"https:\/\/mustadautoline.com\/?page_id=1472"},"modified":"2025-10-20T08:45:14","modified_gmt":"2025-10-20T06:45:14","slug":"miljo-3","status":"publish","type":"page","link":"https:\/\/mustadautoline.com\/no\/miljo-3\/","title":{"rendered":"AutoBaiting"},"content":{"rendered":"<div class=\"wpb-content-wrapper\"><p>[vc_row row_height_percent=&raquo;0&#8243; override_padding=&raquo;yes&raquo; h_padding=&raquo;2&#8243; top_padding=&raquo;5&#8243; bottom_padding=&raquo;0&#8243; overlay_color=&raquo;color-gyho&raquo; overlay_alpha=&raquo;50&#8243; equal_height=&raquo;yes&raquo; gutter_size=&raquo;4&#8243; column_width_percent=&raquo;100&#8243; shift_y=&raquo;0&#8243; z_index=&raquo;0&#8243; content_parallax=&raquo;0&#8243; el_class=&raquo;inverted-device-order&raquo; uncode_shortcode_id=&raquo;817552&#8243; overlay_color_type=&raquo;uncode-palette&raquo;][vc_column width=&raquo;1\/2&#8243;][vc_empty_space][vc_single_image media=&raquo;1811&#8243; caption=&raquo;yes&raquo; media_lightbox=&raquo;yes&raquo; media_poster=&raquo;yes&raquo; media_width_percent=&raquo;100&#8243; lbox_caption=&raquo;yes&raquo; uncode_shortcode_id=&raquo;187678&#8243; media_link=&raquo;title:MA%20BM%203400%20E-LINE%20Baiting%20Machine%20%E2%80%93%20AutoBaiter&raquo;][vc_column_text uncode_shortcode_id=&raquo;171292&#8243;]Agn med Mustad Autoline AutoBaiter[\/vc_column_text][\/vc_column][vc_column column_width_percent=&raquo;100&#8243; gutter_size=&raquo;3&#8243; overlay_alpha=&raquo;50&#8243; shift_x=&raquo;0&#8243; shift_y=&raquo;0&#8243; shift_y_down=&raquo;0&#8243; z_index=&raquo;0&#8243; medium_width=&raquo;0&#8243; mobile_width=&raquo;0&#8243; width=&raquo;1\/2&#8243; uncode_shortcode_id=&raquo;262831&#8243;][vc_custom_heading text_color=&raquo;accent&raquo; heading_semantic=&raquo;h6&#8243; text_size=&raquo;h6&#8243; text_transform=&raquo;uppercase&raquo; uncode_shortcode_id=&raquo;179575&#8243; text_color_type=&raquo;uncode-palette&raquo;]<\/p>\n<h1>AutoBaiting<\/h1>\n<p>[\/vc_custom_heading][vc_column_text uncode_shortcode_id=&raquo;131931&#8243;]<\/p>\n<div class=\"uncode_text_column text-lead\">\n<p>Mustad Autoline AutoBaiter er en maskin som automatiserer agnprosessen, noe som gj\u00f8r langlinefisket raskere og mer effektivt. Kroker og line hentes fra magasiner og mates gjennom agnemaskinen f\u00f8r de settes ut over hekken. <\/p>\n<p data-start=\"284\" data-end=\"533\">Agnet plasseres p\u00e5 et transportb\u00e5nd med pigger og mates inn i maskinen, der krokene utl\u00f8ser en kniv som kutter agnet i forh\u00e5ndsinnstilte st\u00f8rrelser. AutoBaiter s\u00f8rger for n\u00f8yaktig agnlegging, og hvert agnstykke blir &laquo;dobbeltkroket&raquo; for \u00e5 holde det sikkert p\u00e5 plass. <\/p>\n<\/div>\n<p>[\/vc_column_text][\/vc_column][\/vc_row][vc_row row_height_percent=&raquo;0&#8243; override_padding=&raquo;yes&raquo; h_padding=&raquo;2&#8243; top_padding=&raquo;2&#8243; bottom_padding=&raquo;5&#8243; overlay_alpha=&raquo;50&#8243; equal_height=&raquo;yes&raquo; gutter_size=&raquo;4&#8243; column_width_percent=&raquo;100&#8243; shift_y=&raquo;0&#8243; z_index=&raquo;0&#8243; content_parallax=&raquo;0&#8243; el_class=&raquo;inverted-device-order&raquo; uncode_shortcode_id=&raquo;183027&#8243;][vc_column column_width_percent=&raquo;100&#8243; gutter_size=&raquo;3&#8243; overlay_alpha=&raquo;50&#8243; shift_x=&raquo;0&#8243; shift_y=&raquo;0&#8243; shift_y_down=&raquo;0&#8243; z_index=&raquo;0&#8243; medium_width=&raquo;0&#8243; mobile_width=&raquo;0&#8243; width=&raquo;1\/4&#8243; uncode_shortcode_id=&raquo;262831&#8243;][vc_single_image media=&raquo;1440&#8243; caption=&raquo;yes&raquo; media_width_percent=&raquo;100&#8243; lbox_caption=&raquo;yes&raquo; uncode_shortcode_id=&raquo;663039&#8243; media_link=&raquo;url:https%3A%2F%2Fmustadautoline.com%2Fproducts%2Fma-bm-6000-superbaiter%2F|title:MA%20BM%203400%20E-LINE%20Baiting%20Machine%20%E2%80%93%20AutoBaiter&raquo;][vc_column_text uncode_shortcode_id=&raquo;171539&#8243;]MA BM 6000 E-Line[\/vc_column_text][vc_single_image media=&raquo;1478&#8243; caption=&raquo;yes&raquo; media_width_percent=&raquo;100&#8243; lbox_caption=&raquo;yes&raquo; uncode_shortcode_id=&raquo;103688&#8243; media_link=&raquo;url:https%3A%2F%2Fmustadautoline.com%2Fproducts%2Fma-bm-3400-e-line-autobaiter%2F|title:MA%20BM%203400%20E-LINE%20Baiting%20Machine%20%E2%80%93%20AutoBaiter&raquo;][vc_column_text uncode_shortcode_id=&raquo;446079&#8243;]MA BM 3400 E-Line[\/vc_column_text][\/vc_column][vc_column width=&raquo;1\/2&#8243;][vc_column_text uncode_shortcode_id=&raquo;182741&#8243;]<\/p>\n<div class=\"uncode_text_column text-lead\">\n<p data-start=\"535\" data-end=\"716\" data-is-last-node=\"\" data-is-only-node=\"\">Avanserte modeller kan agne opptil seks kroker i sekundet med en n\u00f8yaktighet p\u00e5 95-97 %. Systemet er enkelt \u00e5 betjene, og det kreves bare \u00e9n person for \u00e5 mate agnet inn p\u00e5 transportkjeden. <\/p>\n<p data-start=\"535\" data-end=\"716\" data-is-last-node=\"\" data-is-only-node=\"\">Kvaliteten og tining av agnfisk er avgj\u00f8rende. Riktig tining sikrer at agnet har den rette konsistensen, noe som gj\u00f8r det lettere for \u00e5temaskinen \u00e5 arbeide effektivt. Det brukes ulike typer agnfisk over hele verden, og noen arter egner seg bedre for denne metoden enn andre.  <\/p>\n<\/div>\n<div class=\"uncode_text_column text-lead\">\n<p>Legg makrell, sauri og sild p\u00e5 transportb\u00e5ndet p\u00e5 agnmaskinen med ryggen ned og hodet vendt mot kniven. Press fisken godt ned p\u00e5 piggene til du kjenner at de trenger gjennom skinnet p\u00e5 fisken. Hold fisken der til den g\u00e5r under den f\u00f8rste trykkplaten. Det kan hende du m\u00e5 rette fisken ut slik at den kommer i kontakt med piggene. Det er viktig \u00e5 la fiskene overlappe hverandre, ellers f\u00e5r du d\u00e5rlig agn mellom hver agnfisk.    <\/p>\n<p>Makrellfiletene skal plasseres med skinnsiden mot piggene p\u00e5 transportkjeden.<\/p>\n<p>Blekkspruten m\u00e5 v\u00e6re godt utrettet og presset fast p\u00e5 piggene med halen vendt mot kniven. Hakk av tentaklene p\u00e5 stor blekksprut. De er i veien og vil uansett ikke bli hektet. Sv\u00e6rt store blekkspruter m\u00e5 kuttes i to.   <\/p>\n<\/div>\n<p><strong>En blanding av agn<\/strong><\/p>\n<p>Noen ganger er det en fordel \u00e5 kle sn\u00f8ret med en blanding av agn &#8211; for eksempel en blanding av makrell og blekksprut. Makrell sprer sannsynligvis mer duft, mens blekksprut sitter lenger p\u00e5 kroken. Dressing brukes mye n\u00e5r man fisker etter torsk, men sjekk ut dette lokalt og finn ut hva du skal bruke.[\/vc_column_text][\/vc_column][vc_column width=&raquo;1\/4&#8243;][vc_single_image media=&raquo;1475&#8243; media_width_percent=&raquo;74&#8243; uncode_shortcode_id=&raquo;653387&#8243;][vc_column_text uncode_shortcode_id=&raquo;206375&#8243;]Illustrasjon av et agn med &laquo;dobbel krok&raquo; for \u00e5 holde agnet godt p\u00e5 plass p\u00e5 kroken.[\/vc_column_text][\/vc_column][\/vc_row]<\/p>\n<\/div>","protected":false},"excerpt":{"rendered":"<p>[vc_row row_height_percent=&raquo;0&#8243; override_padding=&raquo;yes&raquo; h_padding=&raquo;2&#8243; top_padding=&raquo;5&#8243; bottom_padding=&raquo;0&#8243; overlay_color=&raquo;color-gyho&raquo; overlay_alpha=&raquo;50&#8243; equal_height=&raquo;yes&raquo; gutter_size=&raquo;4&#8243; column_width_percent=&raquo;100&#8243; shift_y=&raquo;0&#8243; z_index=&raquo;0&#8243; content_parallax=&raquo;0&#8243; el_class=&raquo;inverted-device-order&raquo; uncode_shortcode_id=&raquo;817552&#8243; overlay_color_type=&raquo;uncode-palette&raquo;][vc_column width=&raquo;1\/2&#8243;][vc_empty_space][vc_single_image media=&raquo;1811&#8243; caption=&raquo;yes&raquo; [&hellip;]<\/p>\n","protected":false},"author":5,"featured_media":0,"parent":0,"menu_order":0,"comment_status":"closed","ping_status":"closed","template":"","meta":{"_acf_changed":false,"footnotes":""},"class_list":["post-1472","page","type-page","status-publish","hentry"],"acf":[],"_links":{"self":[{"href":"https:\/\/mustadautoline.com\/no\/wp-json\/wp\/v2\/pages\/1472","targetHints":{"allow":["GET"]}}],"collection":[{"href":"https:\/\/mustadautoline.com\/no\/wp-json\/wp\/v2\/pages"}],"about":[{"href":"https:\/\/mustadautoline.com\/no\/wp-json\/wp\/v2\/types\/page"}],"author":[{"embeddable":true,"href":"https:\/\/mustadautoline.com\/no\/wp-json\/wp\/v2\/users\/5"}],"replies":[{"embeddable":true,"href":"https:\/\/mustadautoline.com\/no\/wp-json\/wp\/v2\/comments?post=1472"}],"version-history":[{"count":0,"href":"https:\/\/mustadautoline.com\/no\/wp-json\/wp\/v2\/pages\/1472\/revisions"}],"wp:attachment":[{"href":"https:\/\/mustadautoline.com\/no\/wp-json\/wp\/v2\/media?parent=1472"}],"curies":[{"name":"wp","href":"https:\/\/api.w.org\/{rel}","templated":true}]}}