{"id":1555,"date":"2025-04-03T13:34:11","date_gmt":"2025-04-03T11:34:11","guid":{"rendered":"https:\/\/mustadautoline.com\/?page_id=1555"},"modified":"2025-04-29T10:37:18","modified_gmt":"2025-04-29T08:37:18","slug":"pot-haulers-3","status":"publish","type":"page","link":"https:\/\/mustadautoline.com\/no\/pot-haulers-3\/","title":{"rendered":"Pot Haulers"},"content":{"rendered":"<div class=\"wpb-content-wrapper\"><p>[vc_row][vc_column width=&raquo;1\/1&#8243;][vc_custom_heading heading_semantic=&raquo;h1&#8243; text_size=&raquo;h1&#8243; uncode_shortcode_id=&raquo;918397&#8243;]Pot Haulers[\/vc_custom_heading][\/vc_column][\/vc_row][vc_row][vc_column width=&raquo;1\/2&#8243;][vc_gallery el_id=&raquo;gallery-103867-put&raquo; type=&raquo;carousel&raquo; medias=&raquo;388,387,386&#8243; carousel_lg=&raquo;1&#8243; carousel_md=&raquo;1&#8243; carousel_sm=&raquo;1&#8243; thumb_size=&raquo;four-three&raquo; gutter_size=&raquo;3&#8243; carousel_interval=&raquo;3000&#8243; carousel_navspeed=&raquo;400&#8243; carousel_loop=&raquo;yes&raquo; carousel_dots=&raquo;yes&raquo; stage_padding=&raquo;0&#8243; single_overlay_opacity=&raquo;50&#8243; single_padding=&raquo;2&#8243; uncode_shortcode_id=&raquo;973585&#8243;][\/vc_column][vc_column width=&raquo;1\/2&#8243;][vc_custom_heading text_size=&raquo;h4&#8243; uncode_shortcode_id=&raquo;132397&#8243;]V\u00e5r kraftige teinehenger er konstruert for tungt teinefiske i ekstreme farvann[\/vc_custom_heading][vc_button button_color=&raquo;color-882395&#8243; border_width=&raquo;0&#8243; link=&raquo;url:https%3A%2F%2Fmustadautoline.com%2Fno%2Fhandy-mag-systems%2F%23products|&raquo; button_color_type=&raquo;uncode-palette&raquo; uncode_shortcode_id=&raquo;328114&#8243;]V\u00e5re produkter[\/vc_button][vc_column_text uncode_shortcode_id=&raquo;870070&#8243;]MA PH &#8211; Pot Hauler er utstyrt med en kraftig hydraulisk 800cc radialstempelmotor som er spesialdesignet for bruk av marine vinsjer med direkte drift. Det er en kompakt og stilleg\u00e5ende l\u00f8sning som er ideell for h\u00f8yt dreiemoment og fleksibel hastighet.<\/p>\n<p>Taljene er laget av st\u00f8pejern for maksimalt grep og holdbarhet. Resten av konstruksjonen er laget av kraftig rustfritt st\u00e5l for \u00e5 t\u00e5le de ekstreme forholdene til sj\u00f8s.<\/p>\n<p>En velpr\u00f8vd trykkhjull\u00f8sning hindrer tauet i \u00e5 gli ut av hylsene og bidrar til \u00e5 \u00f8ke levetiden til b\u00e5de hylsene og tauet.<\/p>\n<p>Pot Hauler MA PH er utviklet og produsert av Mustad Autoline i Norge.<\/p>\n<p>.[\/vc_column_text][\/vc_column][\/vc_row][vc_row row_height_percent=&raquo;0&#8243; overlay_alpha=&raquo;50&#8243; gutter_size=&raquo;3&#8243; column_width_percent=&raquo;100&#8243; shift_y=&raquo;0&#8243; z_index=&raquo;0&#8243; uncode_shortcode_id=&raquo;147959&#8243; row_name=&raquo;products&raquo;][vc_column column_width_percent=&raquo;100&#8243; gutter_size=&raquo;2&#8243; overlay_alpha=&raquo;50&#8243; shift_x=&raquo;0&#8243; shift_y=&raquo;0&#8243; shift_y_down=&raquo;0&#8243; z_index=&raquo;0&#8243; medium_width=&raquo;0&#8243; mobile_width=&raquo;0&#8243; width=&raquo;1\/1&#8243; uncode_shortcode_id=&raquo;736215&#8243;][vc_custom_heading uncode_shortcode_id=&raquo;137797&#8243;]Produkter[\/vc_custom_heading][uncode_index el_id=&raquo;index-361297-put&raquo; loop=&raquo;size:10|order_by:date|post_type:products|tax_query:33|taxonomy_count:10&#8243; screen_lg=&raquo;1000&#8243; screen_md=&raquo;600&#8243; screen_sm=&raquo;480&#8243; gutter_size=&raquo;3&#8243; products_items=&raquo;media|featured|onpost|original,title,text|excerpt|60&#8243; single_back_color=&raquo;color-lxmt&raquo; single_overlay_opacity=&raquo;50&#8243; single_padding=&raquo;2&#8243; single_title_family=&raquo;font-125558&#8243; single_title_dimension=&raquo;h4&#8243; uncode_shortcode_id=&raquo;442730&#8243;][\/vc_column][\/vc_row]<\/p>\n<\/div>","protected":false},"excerpt":{"rendered":"<p>[vc_row][vc_column width=&raquo;1\/1&#8243;][vc_custom_heading heading_semantic=&raquo;h1&#8243; text_size=&raquo;h1&#8243; uncode_shortcode_id=&raquo;918397&#8243;]Pot Haulers[\/vc_custom_heading][\/vc_column][\/vc_row][vc_row][vc_column width=&raquo;1\/2&#8243;][vc_gallery el_id=&raquo;gallery-103867-put&raquo; type=&raquo;carousel&raquo; medias=&raquo;388,387,386&#8243; carousel_lg=&raquo;1&#8243; carousel_md=&raquo;1&#8243; carousel_sm=&raquo;1&#8243; thumb_size=&raquo;four-three&raquo; gutter_size=&raquo;3&#8243; carousel_interval=&raquo;3000&#8243; carousel_navspeed=&raquo;400&#8243; carousel_loop=&raquo;yes&raquo; carousel_dots=&raquo;yes&raquo; stage_padding=&raquo;0&#8243; [&hellip;]<\/p>\n","protected":false},"author":2,"featured_media":1561,"parent":0,"menu_order":0,"comment_status":"closed","ping_status":"closed","template":"","meta":{"_acf_changed":false,"footnotes":""},"class_list":["post-1555","page","type-page","status-publish","has-post-thumbnail","hentry"],"acf":[],"_links":{"self":[{"href":"https:\/\/mustadautoline.com\/no\/wp-json\/wp\/v2\/pages\/1555","targetHints":{"allow":["GET"]}}],"collection":[{"href":"https:\/\/mustadautoline.com\/no\/wp-json\/wp\/v2\/pages"}],"about":[{"href":"https:\/\/mustadautoline.com\/no\/wp-json\/wp\/v2\/types\/page"}],"author":[{"embeddable":true,"href":"https:\/\/mustadautoline.com\/no\/wp-json\/wp\/v2\/users\/2"}],"replies":[{"embeddable":true,"href":"https:\/\/mustadautoline.com\/no\/wp-json\/wp\/v2\/comments?post=1555"}],"version-history":[{"count":0,"href":"https:\/\/mustadautoline.com\/no\/wp-json\/wp\/v2\/pages\/1555\/revisions"}],"wp:featuredmedia":[{"embeddable":true,"href":"https:\/\/mustadautoline.com\/no\/wp-json\/wp\/v2\/media\/1561"}],"wp:attachment":[{"href":"https:\/\/mustadautoline.com\/no\/wp-json\/wp\/v2\/media?parent=1555"}],"curies":[{"name":"wp","href":"https:\/\/api.w.org\/{rel}","templated":true}]}}