{"id":2000,"date":"2025-10-15T19:02:33","date_gmt":"2025-10-15T17:02:33","guid":{"rendered":"https:\/\/mustadautoline.com\/skyting\/"},"modified":"2025-10-15T19:02:33","modified_gmt":"2025-10-15T17:02:33","slug":"skyting","status":"publish","type":"page","link":"https:\/\/mustadautoline.com\/no\/skyting\/","title":{"rendered":"Skyting"},"content":{"rendered":"<p>\u00c5 skyte ut redskapen i langlinefiske inneb\u00e6rer flere n\u00f8ye koordinerte trinn for \u00e5 sikre at linen blir satt ut p\u00e5 riktig m\u00e5te. Her f\u00f8lger en oversikt over de viktigste trinnene n\u00e5r du skyter ut redskapen. <\/p>\n<p>Utsetting av utstyret starter med 1) \u00e5 kaste ankeret over bord, som festes til enden av bunnlinen og s\u00f8rger for at bunnlinen blir liggende p\u00e5 plass p\u00e5 havbunnen eller p\u00e5 \u00f8nsket dybde. Etter at ankeret er satt ut, kastes 2) den f\u00f8rste b\u00f8yen, som festes til buoylinen. Noen ganger etterf\u00f8lges denne av flaggstangen eller mark\u00f8rstangen. Denne b\u00f8yen markerer ankerets posisjon og bidrar til \u00e5 opprettholde dybden p\u00e5 grunnlinjen. Etter at b\u00f8yen er satt ut, klargj\u00f8res grunnlinen med snodd for utsetting ved \u00e5 agne krokene. 3) Krokene agnes automatisk i en agnemaskin &#8211; med mindre du bruker ferdig agnede kroker. 4) Grunnlinen og sn\u00f8rene slippes gradvis ved hjelp av hydrauliske, mekaniske eller elektriske systemer. N\u00e5r alle linene er satt, 5) settes endeankeret etterfulgt av endeb\u00f8yen.          <\/p>\n<p>Sn\u00f8ret f\u00e5r ligge i bl\u00f8t, slik at den agnede kroken kan tiltrekke seg fisk. Bl\u00f8tleggingstiden varierer avhengig av m\u00e5lart og fiskeforhold. <\/p>\n","protected":false},"excerpt":{"rendered":"<p>\u00c5 skyte ut redskapen i langlinefiske inneb\u00e6rer flere n\u00f8ye koordinerte trinn for \u00e5 sikre at linen blir satt ut p\u00e5 [&hellip;]<\/p>\n","protected":false},"author":5,"featured_media":0,"parent":0,"menu_order":0,"comment_status":"closed","ping_status":"closed","template":"","meta":{"_acf_changed":false,"footnotes":""},"class_list":["post-2000","page","type-page","status-publish","hentry"],"acf":[],"_links":{"self":[{"href":"https:\/\/mustadautoline.com\/no\/wp-json\/wp\/v2\/pages\/2000","targetHints":{"allow":["GET"]}}],"collection":[{"href":"https:\/\/mustadautoline.com\/no\/wp-json\/wp\/v2\/pages"}],"about":[{"href":"https:\/\/mustadautoline.com\/no\/wp-json\/wp\/v2\/types\/page"}],"author":[{"embeddable":true,"href":"https:\/\/mustadautoline.com\/no\/wp-json\/wp\/v2\/users\/5"}],"replies":[{"embeddable":true,"href":"https:\/\/mustadautoline.com\/no\/wp-json\/wp\/v2\/comments?post=2000"}],"version-history":[{"count":0,"href":"https:\/\/mustadautoline.com\/no\/wp-json\/wp\/v2\/pages\/2000\/revisions"}],"wp:attachment":[{"href":"https:\/\/mustadautoline.com\/no\/wp-json\/wp\/v2\/media?parent=2000"}],"curies":[{"name":"wp","href":"https:\/\/api.w.org\/{rel}","templated":true}]}}