{"id":2002,"date":"2025-10-15T20:11:44","date_gmt":"2025-10-15T18:11:44","guid":{"rendered":"https:\/\/mustadautoline.com\/handtering-og-oppbevaring-av-kroker\/"},"modified":"2025-10-17T10:07:20","modified_gmt":"2025-10-17T08:07:20","slug":"handtering-og-oppbevaring-av-kroker","status":"publish","type":"page","link":"https:\/\/mustadautoline.com\/no\/handtering-og-oppbevaring-av-kroker\/","title":{"rendered":"H\u00e5ndtering og oppbevaring av kroker"},"content":{"rendered":"<div class=\"wpb-content-wrapper\"><p>[vc_row][vc_column][vc_column_text uncode_shortcode_id=&raquo;110061&#8243;]Klipp av snodder som enten er skadet eller har uopprettelige kroker. Du m\u00e5 ogs\u00e5 knytte inn nye snodder. (Detaljerte instruksjoner for denne prosessen finner du i kapittelet om snodder).  <\/p>\n<p>Klipp snodden mellom knuten og linen: Klipp rett gjennom l\u00f8kken, slik at det blir to ender igjen (figur 10). Da er det lett \u00e5 vite hvor den nye snodden skal settes inn. Unng\u00e5 at arbeidet hoper seg opp foran deg. Hvis arbeidsmengden \u00f8ker, kan du sende noen oppgaver videre til nestemann i k\u00f8en.<\/p>\n<p>[\/vc_column_text][\/vc_column][\/vc_row][vc_row][vc_column width=&raquo;1\/1&#8243;][vc_single_image media=&raquo;1900&#8243; media_width_percent=&raquo;29&#8243; uncode_shortcode_id=&raquo;905864&#8243;][\/vc_column][\/vc_row][vc_row][vc_column width=&raquo;1\/1&#8243;][vc_column_text uncode_shortcode_id=&raquo;210759&#8243;]S\u00f8rg for at det er god plass mellom deg og krokseparatoren p\u00e5 lagringsskinnen. Hvis du er for fokusert p\u00e5 \u00e5 klippe av snoddene, kan du glemme \u00e5 skyve p\u00e5 l\u00f8kkene, noe som f\u00f8rer til trengsel i n\u00e6rheten av krokseparatoren, noe som vanskeliggj\u00f8r arbeidet deres og \u00f8ker den totale arbeidsmengden lenger ned i linjen. <\/p>\n<p>Hvis en fisk har v\u00e6rt p\u00e5 krok, blir sn\u00f8ret ofte vridd rundt linen. For \u00e5 rette opp dette kan du bruke en stor svirvel som er festet til kanten av hyllen foran deg. Hekt fiskekroken i svivelen, og trekk i sn\u00f8ret til det meste av vridningen er fjernet.  <\/p>\n<p>Hvor mange personer som trengs langs lagringsskinnene, avhenger av hvilken type fisk som skal fanges. Vanligvis trengs det \u00e9n person til denne oppgaven. Denne personen b\u00f8yer ogs\u00e5 kroker tilbake i form, fjerner kroker med d\u00e5rlige spisser, spleiser line fra sorterte floker og hjelper til med \u00e5 flytte lagringsskinnene.[\/vc_column_text][\/vc_column][\/vc_row]<\/p>\n<\/div>","protected":false},"excerpt":{"rendered":"<p>[vc_row][vc_column][vc_column_text uncode_shortcode_id=&raquo;110061&#8243;]Klipp av snodder som enten er skadet eller har uopprettelige kroker. Du m\u00e5 ogs\u00e5 knytte inn nye snodder. (Detaljerte [&hellip;]<\/p>\n","protected":false},"author":5,"featured_media":0,"parent":0,"menu_order":0,"comment_status":"closed","ping_status":"closed","template":"","meta":{"_acf_changed":false,"footnotes":""},"class_list":["post-2002","page","type-page","status-publish","hentry"],"acf":[],"_links":{"self":[{"href":"https:\/\/mustadautoline.com\/no\/wp-json\/wp\/v2\/pages\/2002","targetHints":{"allow":["GET"]}}],"collection":[{"href":"https:\/\/mustadautoline.com\/no\/wp-json\/wp\/v2\/pages"}],"about":[{"href":"https:\/\/mustadautoline.com\/no\/wp-json\/wp\/v2\/types\/page"}],"author":[{"embeddable":true,"href":"https:\/\/mustadautoline.com\/no\/wp-json\/wp\/v2\/users\/5"}],"replies":[{"embeddable":true,"href":"https:\/\/mustadautoline.com\/no\/wp-json\/wp\/v2\/comments?post=2002"}],"version-history":[{"count":0,"href":"https:\/\/mustadautoline.com\/no\/wp-json\/wp\/v2\/pages\/2002\/revisions"}],"wp:attachment":[{"href":"https:\/\/mustadautoline.com\/no\/wp-json\/wp\/v2\/media?parent=2002"}],"curies":[{"name":"wp","href":"https:\/\/api.w.org\/{rel}","templated":true}]}}