{"id":2003,"date":"2025-10-15T20:15:54","date_gmt":"2025-10-15T18:15:54","guid":{"rendered":"https:\/\/mustadautoline.com\/oppbevaring-av-kroker-og-liner-magpacker\/"},"modified":"2025-10-17T10:07:20","modified_gmt":"2025-10-17T08:07:20","slug":"oppbevaring-av-kroker-og-liner-magpacker","status":"publish","type":"page","link":"https:\/\/mustadautoline.com\/no\/oppbevaring-av-kroker-og-liner-magpacker\/","title":{"rendered":"Oppbevaring av kroker og liner (MagPacker)"},"content":{"rendered":"<div class=\"wpb-content-wrapper\"><p>[vc_row][vc_column][vc_column_text]MagPacker er et hydraulisk eller elektrisk system for automatisk h\u00e5ndtering og lagring av kroker og line. Det gir plassbesparende lagring av magasiner med kroker og line, og reduserer sammenfiltring under utsetting ettersom linekveilene ikke hekter seg fast i andre kveiler og snur seg rundt n\u00e5r linen flyttes mot agnemaskinen. Dette resulterer i mindre manuell h\u00e5ndtering av utstyret under utsetting og innhaling, noe som \u00f8ker sikkerheten om bord.  <\/p>\n<p>N\u00e5r du rigger grunnliner og henger dem p\u00e5 lagringsskinner, m\u00e5 du s\u00f8rge for at de skj\u00f8tes sammen i like lange lengder, slik at det er plass til to eller tre lengder per skinne. (Fremdeles relevant?) <\/p>\n<p>Det er viktig \u00e5 fjerne avkortede linelengder fra normal lagring inntil den manglende delen kan skj\u00f8tes inn igjen eller ny line kan legges til for \u00e5 gjenopprette riktig totallengde. Jo lengre de skj\u00f8tede delene er, desto mer utfordrende blir det \u00e5 erstatte de manglende delene. Det beste er \u00e5 oppbevare avkortede lengder p\u00e5 en kort skinne eller linekrage, som kan legges til side inntil den manglende delen kan skj\u00f8tes inn. (Fremdeles relevant?)   <\/p>\n<p>Spleis sammen sammenfiltrede deler av linen igjen s\u00e5 snart de er l\u00f8st opp. Trim hver ende slik at l\u00f8kkene f\u00e5r riktig lengde n\u00e5r de er spleiset. Unng\u00e5 \u00e5 la floker ligge i en haug, da det \u00f8ker sannsynligheten for at du glemmer den opprinnelige posisjonen.  <\/p>\n<p>Hvis du har mistet noe line, spleiser du inn nye seksjoner til du n\u00e5r \u00f8nsket lengde.<\/p>\n<p>(Vanskelig \u00e5 forst\u00e5 denne delen &#8211; kan vi bruke bilder eller video?).[\/vc_column_text][\/vc_column][\/vc_row][vc_row][vc_column width=&raquo;1\/1&#8243;][vc_single_image media=&raquo;1908&#8243; media_width_percent=&raquo;50&#8243; uncode_shortcode_id=&raquo;817141&#8243;][\/vc_column][\/vc_row][vc_row][vc_column width=&raquo;1\/1&#8243;][vc_column_text uncode_shortcode_id=&raquo;621909&#8243;]Linjer lagret i MagPacker[\/vc_column_text][\/vc_column][\/vc_row]<\/p>\n<\/div>","protected":false},"excerpt":{"rendered":"<p>[vc_row][vc_column][vc_column_text]MagPacker er et hydraulisk eller elektrisk system for automatisk h\u00e5ndtering og lagring av kroker og line. Det gir plassbesparende lagring [&hellip;]<\/p>\n","protected":false},"author":5,"featured_media":0,"parent":0,"menu_order":0,"comment_status":"closed","ping_status":"closed","template":"","meta":{"_acf_changed":false,"footnotes":""},"class_list":["post-2003","page","type-page","status-publish","hentry"],"acf":[],"_links":{"self":[{"href":"https:\/\/mustadautoline.com\/no\/wp-json\/wp\/v2\/pages\/2003","targetHints":{"allow":["GET"]}}],"collection":[{"href":"https:\/\/mustadautoline.com\/no\/wp-json\/wp\/v2\/pages"}],"about":[{"href":"https:\/\/mustadautoline.com\/no\/wp-json\/wp\/v2\/types\/page"}],"author":[{"embeddable":true,"href":"https:\/\/mustadautoline.com\/no\/wp-json\/wp\/v2\/users\/5"}],"replies":[{"embeddable":true,"href":"https:\/\/mustadautoline.com\/no\/wp-json\/wp\/v2\/comments?post=2003"}],"version-history":[{"count":0,"href":"https:\/\/mustadautoline.com\/no\/wp-json\/wp\/v2\/pages\/2003\/revisions"}],"wp:attachment":[{"href":"https:\/\/mustadautoline.com\/no\/wp-json\/wp\/v2\/media?parent=2003"}],"curies":[{"name":"wp","href":"https:\/\/api.w.org\/{rel}","templated":true}]}}